{"id":2968,"date":"2025-07-28T17:02:15","date_gmt":"2025-07-28T09:02:15","guid":{"rendered":"https:\/\/www.cocoamachinery.com\/?post_type=product&#038;p=2968"},"modified":"2025-07-28T17:21:51","modified_gmt":"2025-07-28T09:21:51","slug":"cocoa-butter-deodorization-machine","status":"publish","type":"product","link":"https:\/\/www.cocoamachinery.com\/es\/product\/cocoa-butter-deodorization-machine\/","title":{"rendered":"M\u00e1quina industrial de desodorizaci\u00f3n de manteca de cacao Sistema completo"},"content":{"rendered":"<p>En<strong> m\u00e1quina desodorizadora de manteca de cacao<\/strong>\u00a0es un completo sistema de desodorizaci\u00f3n dise\u00f1ado para resolver los dos principales problemas de la industria: el exceso de \u00e1cidos grasos libres en la manteca de cacao (que causa ranciedad) y la saponificaci\u00f3n residual (que causa amargor). Mediante una precisa tecnolog\u00eda de desodorizaci\u00f3n, la grasa inferior se convierte en manteca de cacao de alta calidad con sabor puro y color dorado, ayud\u00e1ndole a mejorar la calidad de la manteca de cacao y a aumentar los beneficios.<\/p>\n<p>La capacidad de producci\u00f3n de este sistema de desodorizaci\u00f3n de manteca de cacao abarca de 200 kg a 50 toneladas\/d\u00eda, con m\u00faltiples modelos entre los que elegir. Es adecuado para todos los escenarios, desde peque\u00f1as y medianas f\u00e1bricas de cacao hasta gigantes industriales.<\/p>\n<h3>Ventajas tecnol\u00f3gicas de la m\u00e1quina desodorizadora industrial de manteca de cacao<\/h3>\n<p><strong>1. Desacidificaci\u00f3n molecular precisa<\/strong><br \/>\nEl desodorizador adopta la tecnolog\u00eda de destilaci\u00f3n por vapor a baja presi\u00f3n y alta temperatura para centrarse en la separaci\u00f3n de las mol\u00e9culas de \u00e1cidos grasos libres, y la eficacia de desacidificaci\u00f3n es superior a 98%. Elimina por completo los peligros ocultos de la oxidaci\u00f3n y el enranciamiento del aceite, sentando las bases de un sabor puro.<\/p>\n<p><strong>2. Desaireaci\u00f3n profunda y eliminaci\u00f3n de impurezas<\/strong><br \/>\nEl sistema de desodorizaci\u00f3n innova un sistema de filtraci\u00f3n de adsorci\u00f3n multietapa, combinando la centrifugaci\u00f3n f\u00edsica con el refinado de arcilla blanca activada, e intercepta eficazmente la saponificaci\u00f3n residual y las impurezas coloidales. El contenido de jab\u00f3n se reduce por debajo de 10ppm, haciendo que la manteca de cacao tenga un sabor sedoso y astringente.<\/p>\n<p><strong>3. Tecnolog\u00eda de bloqueo del sabor<\/strong><br \/>\nEl proceso de protecci\u00f3n con nitr\u00f3geno totalmente cerrado a\u00edsla el contacto con el ox\u00edgeno durante todo el proceso, conserva al m\u00e1ximo el aroma natural de la manteca de cacao y el color es amarillo puro y brillante. La calidad de la manteca de cacao puede cumplir los est\u00e1ndares internacionales de materias primas de chocolate de alta gama.<\/p>\n<h3>Beneficios de la m\u00e1quina de desodorizaci\u00f3n de manteca de cacao para usted:<\/h3>\n<ul>\n<li>La manteca de cacao desodorizada tiene un sabor suave y un color brillante, y cumple las estrictas normas de adquisici\u00f3n de los fabricantes de chocolate\/caramelos de gama alta. El precio unitario del producto es significativamente superior al de los productos ordinarios del mercado, y el espacio premium puede incrementarse generalmente en 30%.<\/li>\n<li>El suministro estable de manteca de cacao de alta calidad ayuda a los clientes intermedios a crear productos diferenciados y a aumentar la fidelidad de sus clientes.<\/li>\n<li>Supervisi\u00f3n en tiempo real de 12 par\u00e1metros de calidad, como el \u00edndice de acidez, el \u00edndice de per\u00f3xido y el contenido de saponificaci\u00f3n, y generaci\u00f3n autom\u00e1tica de informes de producci\u00f3n que cumplen la certificaci\u00f3n FDA\/ISO.<\/li>\n<\/ul>\n<p>Disponemos de peque\u00f1os desodorizadores desde 200kg\/d\u00eda hasta 50t\/d\u00eda de sistemas integrados de desodorizaci\u00f3n continua, que se adaptan a los diferentes requisitos de capacidad de producci\u00f3n. Este sistema es tambi\u00e9n el equipo central en la <a href=\"https:\/\/www.cocoamachinery.com\/es\/cocoa-powder-production-line\/\">l\u00ednea de producci\u00f3n de cacao en polvo<\/a>.<\/p>\n<p>Bienvenida sea su consulta:<\/p>\n<p><strong>El correo electr\u00f3nico es <a href=\"mailto:serena@machinehall.com\">serena@machinehall.com<\/a>WhatsApp <a href=\"https:\/\/wa.me\/8615515597212\">+8615515597212<\/a><\/strong><\/p>\n<div style='text-align:left' class='yasr-auto-insert-visitor'><\/div>","protected":false},"excerpt":{"rendered":"<p><strong>Funci\u00f3n<\/strong>: Elimina los \u00e1cidos grasos libres y la saponificaci\u00f3n residual de la manteca de cacao.<br \/>\n<strong>Capacidad<\/strong>de 200 kg a 50 toneladas al d\u00eda<\/p>","protected":false},"featured_media":2969,"comment_status":"open","ping_status":"closed","template":"","meta":{"yasr_overall_rating":5,"yasr_post_is_review":"","yasr_auto_insert_disabled":"","yasr_review_type":""},"product_cat":[51],"product_tag":[],"class_list":["post-2968","product","type-product","status-publish","has-post-thumbnail","hentry","product_cat-cocoa-machines"],"yoast_head":"<!-- This site is optimized with the Yoast SEO plugin v20.9 - https:\/\/yoast.com\/wordpress\/plugins\/seo\/ -->\n<title>Industrial Cocoa Butter Deodorization Machine Complete System<\/title>\n<meta name=\"description\" content=\"This cocoa butter deodorization machine can remove free fatty acids and residual saponification, and improve the quality of cocoa butter.\" \/>\n<meta name=\"robots\" content=\"index, follow, max-snippet:-1, max-image-preview:large, max-video-preview:-1\" \/>\n<link rel=\"canonical\" href=\"https:\/\/www.cocoamachinery.com\/es\/product\/cocoa-butter-deodorization-machine\/\" \/>\n<meta property=\"og:locale\" content=\"es_ES\" \/>\n<meta property=\"og:type\" content=\"article\" \/>\n<meta property=\"og:title\" content=\"Industrial Cocoa Butter Deodorization Machine Complete System\" \/>\n<meta property=\"og:description\" content=\"This cocoa butter deodorization machine can remove free fatty acids and residual saponification, and improve the quality of cocoa butter.\" \/>\n<meta property=\"og:url\" content=\"https:\/\/www.cocoamachinery.com\/es\/product\/cocoa-butter-deodorization-machine\/\" \/>\n<meta property=\"og:site_name\" content=\"Cocoa Machinery\" \/>\n<meta property=\"article:publisher\" content=\"https:\/\/www.facebook.com\/longernutsmachinery\/\" \/>\n<meta property=\"article:modified_time\" content=\"2025-07-28T09:21:51+00:00\" \/>\n<meta property=\"og:image\" content=\"https:\/\/www.cocoamachinery.com\/wp-content\/uploads\/2025\/07\/1.jpg\" \/>\n\t<meta property=\"og:image:width\" content=\"600\" \/>\n\t<meta property=\"og:image:height\" content=\"600\" \/>\n\t<meta property=\"og:image:type\" content=\"image\/jpeg\" \/>\n<meta name=\"twitter:card\" content=\"summary_large_image\" \/>\n<meta name=\"twitter:site\" content=\"@nutsmachinery\" \/>\n<meta name=\"twitter:label1\" content=\"Tiempo de lectura\" \/>\n\t<meta name=\"twitter:data1\" content=\"2 minutos\" \/>\n<script type=\"application\/ld+json\" class=\"yoast-schema-graph\">{\"@context\":\"https:\/\/schema.org\",\"@graph\":[{\"@type\":\"WebPage\",\"@id\":\"https:\/\/www.cocoamachinery.com\/product\/cocoa-butter-deodorization-machine\/\",\"url\":\"https:\/\/www.cocoamachinery.com\/product\/cocoa-butter-deodorization-machine\/\",\"name\":\"Industrial Cocoa Butter Deodorization Machine Complete System\",\"isPartOf\":{\"@id\":\"https:\/\/www.cocoamachinery.com\/#website\"},\"datePublished\":\"2025-07-28T09:02:15+00:00\",\"dateModified\":\"2025-07-28T09:21:51+00:00\",\"description\":\"This cocoa butter deodorization machine can remove free fatty acids and residual saponification, and improve the quality of cocoa butter.\",\"breadcrumb\":{\"@id\":\"https:\/\/www.cocoamachinery.com\/product\/cocoa-butter-deodorization-machine\/#breadcrumb\"},\"inLanguage\":\"es\",\"potentialAction\":[{\"@type\":\"ReadAction\",\"target\":[\"https:\/\/www.cocoamachinery.com\/product\/cocoa-butter-deodorization-machine\/\"]}]},{\"@type\":\"BreadcrumbList\",\"@id\":\"https:\/\/www.cocoamachinery.com\/product\/cocoa-butter-deodorization-machine\/#breadcrumb\",\"itemListElement\":[{\"@type\":\"ListItem\",\"position\":1,\"name\":\"Home\",\"item\":\"https:\/\/www.cocoamachinery.com\/\"},{\"@type\":\"ListItem\",\"position\":2,\"name\":\"Product\",\"item\":\"https:\/\/www.cocoamachinery.com\/product\/\"},{\"@type\":\"ListItem\",\"position\":3,\"name\":\"Industrial Cocoa Butter Deodorization Machine Complete System\"}]},{\"@type\":\"WebSite\",\"@id\":\"https:\/\/www.cocoamachinery.com\/#website\",\"url\":\"https:\/\/www.cocoamachinery.com\/\",\"name\":\"Cocoa Machinery\",\"description\":\"Cocoa Processing Solution Provider\",\"publisher\":{\"@id\":\"https:\/\/www.cocoamachinery.com\/#organization\"},\"potentialAction\":[{\"@type\":\"SearchAction\",\"target\":{\"@type\":\"EntryPoint\",\"urlTemplate\":\"https:\/\/www.cocoamachinery.com\/?s={search_term_string}\"},\"query-input\":\"required name=search_term_string\"}],\"inLanguage\":\"es\"},{\"@type\":\"Organization\",\"@id\":\"https:\/\/www.cocoamachinery.com\/#organization\",\"name\":\"Longer Food Machinery\",\"url\":\"https:\/\/www.cocoamachinery.com\/\",\"logo\":{\"@type\":\"ImageObject\",\"inLanguage\":\"es\",\"@id\":\"https:\/\/www.cocoamachinery.com\/#\/schema\/logo\/image\/\",\"url\":\"https:\/\/www.cocoamachinery.com\/wp-content\/uploads\/2024\/08\/Icon-512_512.png\",\"contentUrl\":\"https:\/\/www.cocoamachinery.com\/wp-content\/uploads\/2024\/08\/Icon-512_512.png\",\"width\":512,\"height\":512,\"caption\":\"Longer Food Machinery\"},\"image\":{\"@id\":\"https:\/\/www.cocoamachinery.com\/#\/schema\/logo\/image\/\"},\"sameAs\":[\"https:\/\/www.facebook.com\/longernutsmachinery\/\",\"https:\/\/twitter.com\/nutsmachinery\",\"https:\/\/www.pinterest.com\/nutsmachinery\/\",\"https:\/\/www.linkedin.com\/company\/longer-nuts-machinery\/\",\"https:\/\/www.youtube.com\/c\/NutsMachinery\"]},false]}<\/script>\n<!-- \/ Yoast SEO plugin. -->","yoast_head_json":{"title":"Industrial Cocoa Butter Deodorization Machine Complete System","description":"This cocoa butter deodorization machine can remove free fatty acids and residual saponification, and improve the quality of cocoa butter.","robots":{"index":"index","follow":"follow","max-snippet":"max-snippet:-1","max-image-preview":"max-image-preview:large","max-video-preview":"max-video-preview:-1"},"canonical":"https:\/\/www.cocoamachinery.com\/es\/product\/cocoa-butter-deodorization-machine\/","og_locale":"es_ES","og_type":"article","og_title":"Industrial Cocoa Butter Deodorization Machine Complete System","og_description":"This cocoa butter deodorization machine can remove free fatty acids and residual saponification, and improve the quality of cocoa butter.","og_url":"https:\/\/www.cocoamachinery.com\/es\/product\/cocoa-butter-deodorization-machine\/","og_site_name":"Cocoa Machinery","article_publisher":"https:\/\/www.facebook.com\/longernutsmachinery\/","article_modified_time":"2025-07-28T09:21:51+00:00","og_image":[{"width":600,"height":600,"url":"https:\/\/www.cocoamachinery.com\/wp-content\/uploads\/2025\/07\/1.jpg","type":"image\/jpeg"}],"twitter_card":"summary_large_image","twitter_site":"@nutsmachinery","twitter_misc":{"Tiempo de lectura":"2 minutos"},"schema":{"@context":"https:\/\/schema.org","@graph":[{"@type":"WebPage","@id":"https:\/\/www.cocoamachinery.com\/product\/cocoa-butter-deodorization-machine\/","url":"https:\/\/www.cocoamachinery.com\/product\/cocoa-butter-deodorization-machine\/","name":"Industrial Cocoa Butter Deodorization Machine Complete System","isPartOf":{"@id":"https:\/\/www.cocoamachinery.com\/#website"},"datePublished":"2025-07-28T09:02:15+00:00","dateModified":"2025-07-28T09:21:51+00:00","description":"This cocoa butter deodorization machine can remove free fatty acids and residual saponification, and improve the quality of cocoa butter.","breadcrumb":{"@id":"https:\/\/www.cocoamachinery.com\/product\/cocoa-butter-deodorization-machine\/#breadcrumb"},"inLanguage":"es","potentialAction":[{"@type":"ReadAction","target":["https:\/\/www.cocoamachinery.com\/product\/cocoa-butter-deodorization-machine\/"]}]},{"@type":"BreadcrumbList","@id":"https:\/\/www.cocoamachinery.com\/product\/cocoa-butter-deodorization-machine\/#breadcrumb","itemListElement":[{"@type":"ListItem","position":1,"name":"Home","item":"https:\/\/www.cocoamachinery.com\/"},{"@type":"ListItem","position":2,"name":"Product","item":"https:\/\/www.cocoamachinery.com\/product\/"},{"@type":"ListItem","position":3,"name":"Industrial Cocoa Butter Deodorization Machine Complete System"}]},{"@type":"WebSite","@id":"https:\/\/www.cocoamachinery.com\/#website","url":"https:\/\/www.cocoamachinery.com\/","name":"Cocoa Machinery","description":"Cocoa Processing Solution Provider","publisher":{"@id":"https:\/\/www.cocoamachinery.com\/#organization"},"potentialAction":[{"@type":"SearchAction","target":{"@type":"EntryPoint","urlTemplate":"https:\/\/www.cocoamachinery.com\/?s={search_term_string}"},"query-input":"required name=search_term_string"}],"inLanguage":"es"},{"@type":"Organization","@id":"https:\/\/www.cocoamachinery.com\/#organization","name":"Longer Food Machinery","url":"https:\/\/www.cocoamachinery.com\/","logo":{"@type":"ImageObject","inLanguage":"es","@id":"https:\/\/www.cocoamachinery.com\/#\/schema\/logo\/image\/","url":"https:\/\/www.cocoamachinery.com\/wp-content\/uploads\/2024\/08\/Icon-512_512.png","contentUrl":"https:\/\/www.cocoamachinery.com\/wp-content\/uploads\/2024\/08\/Icon-512_512.png","width":512,"height":512,"caption":"Longer Food Machinery"},"image":{"@id":"https:\/\/www.cocoamachinery.com\/#\/schema\/logo\/image\/"},"sameAs":["https:\/\/www.facebook.com\/longernutsmachinery\/","https:\/\/twitter.com\/nutsmachinery","https:\/\/www.pinterest.com\/nutsmachinery\/","https:\/\/www.linkedin.com\/company\/longer-nuts-machinery\/","https:\/\/www.youtube.com\/c\/NutsMachinery"]},false]}},"yasr_visitor_votes":{"stars_attributes":{"read_only":false,"span_bottom":false},"number_of_votes":2,"sum_votes":10},"_links":{"self":[{"href":"https:\/\/www.cocoamachinery.com\/es\/wp-json\/wp\/v2\/product\/2968","targetHints":{"allow":["GET"]}}],"collection":[{"href":"https:\/\/www.cocoamachinery.com\/es\/wp-json\/wp\/v2\/product"}],"about":[{"href":"https:\/\/www.cocoamachinery.com\/es\/wp-json\/wp\/v2\/types\/product"}],"replies":[{"embeddable":true,"href":"https:\/\/www.cocoamachinery.com\/es\/wp-json\/wp\/v2\/comments?post=2968"}],"version-history":[{"count":6,"href":"https:\/\/www.cocoamachinery.com\/es\/wp-json\/wp\/v2\/product\/2968\/revisions"}],"predecessor-version":[{"id":2978,"href":"https:\/\/www.cocoamachinery.com\/es\/wp-json\/wp\/v2\/product\/2968\/revisions\/2978"}],"wp:featuredmedia":[{"embeddable":true,"href":"https:\/\/www.cocoamachinery.com\/es\/wp-json\/wp\/v2\/media\/2969"}],"wp:attachment":[{"href":"https:\/\/www.cocoamachinery.com\/es\/wp-json\/wp\/v2\/media?parent=2968"}],"wp:term":[{"taxonomy":"product_cat","embeddable":true,"href":"https:\/\/www.cocoamachinery.com\/es\/wp-json\/wp\/v2\/product_cat?post=2968"},{"taxonomy":"product_tag","embeddable":true,"href":"https:\/\/www.cocoamachinery.com\/es\/wp-json\/wp\/v2\/product_tag?post=2968"}],"curies":[{"name":"wp","href":"https:\/\/api.w.org\/{rel}","templated":true}]}}