{"id":2756,"date":"2025-05-07T15:00:35","date_gmt":"2025-05-07T07:00:35","guid":{"rendered":"https:\/\/www.cocoamachinery.com\/?post_type=product&#038;p=2756"},"modified":"2026-02-13T15:39:44","modified_gmt":"2026-02-13T07:39:44","slug":"cocoa-winnowing-machine","status":"publish","type":"product","link":"https:\/\/www.cocoamachinery.com\/es\/product\/cocoa-winnowing-machine\/","title":{"rendered":"M\u00e1quina descascaradora autom\u00e1tica de cacao 1000 kg\/h"},"content":{"rendered":"<p>Este <strong>m\u00e1quina descascarilladora de cacao<\/strong> consta de un elevador de alimentaci\u00f3n, un elevador de retorno, una trituradora, una criba vibratoria y un sistema de aspiraci\u00f3n de pieles. Adopta un dise\u00f1o modular y dispone de dos modelos de 500 kg\/h y 1000 kg\/h para que usted elija. Todo el sistema est\u00e1 totalmente automatizado para lograr un aventado eficaz, garantizando as\u00ed la continuidad y estabilidad del proceso de elaboraci\u00f3n del cacao en grano.<\/p>\n<h3>Principio de funcionamiento de la m\u00e1quina descascarilladora de cacao:<\/h3>\n<p>Los granos de cacao se transportan a la trituradora y, tras la trituraci\u00f3n, entran en el equipo de cribado. La mezcla de migas de cacao y pieles de cacao de cada capa se separa mediante aventado; a continuaci\u00f3n, las pieles de cacao se recogen mediante el dispositivo de recogida, y las migas de cacao se juntan. Adem\u00e1s, los granos de cacao sin pelar se vuelven a alimentar autom\u00e1ticamente y se trituran de nuevo. Esto mejora en gran medida la tasa de trituraci\u00f3n de los granos de cacao.<\/p>\n<figure id=\"attachment_2947\" aria-describedby=\"caption-attachment-2947\" style=\"width: 600px\" class=\"wp-caption alignnone\"><img fetchpriority=\"high\" decoding=\"async\" class=\"wp-image-2947 size-full\" src=\"https:\/\/www.cocoamachinery.com\/wp-content\/uploads\/2025\/05\/5.jpg\" alt=\"M\u00e1quina descascaradora autom\u00e1tica de cacao\" width=\"600\" height=\"600\" srcset=\"https:\/\/www.cocoamachinery.com\/wp-content\/uploads\/2025\/05\/5.jpg 600w, https:\/\/www.cocoamachinery.com\/wp-content\/uploads\/2025\/05\/5-300x300.jpg 300w, https:\/\/www.cocoamachinery.com\/wp-content\/uploads\/2025\/05\/5-150x150.jpg 150w, https:\/\/www.cocoamachinery.com\/wp-content\/uploads\/2025\/05\/5-12x12.jpg 12w, https:\/\/www.cocoamachinery.com\/wp-content\/uploads\/2025\/05\/5-100x100.jpg 100w\" sizes=\"(max-width: 600px) 100vw, 600px\" \/><figcaption id=\"caption-attachment-2947\" class=\"wp-caption-text\">M\u00e1quina descascaradora autom\u00e1tica de cacao<\/figcaption><\/figure>\n<h3>Principales ventajas del descascarilladora de cacao:<\/h3>\n<ul>\n<li><strong>Eficaz rendimiento de aventado<\/strong>: Adopta la tecnolog\u00eda combinada de separaci\u00f3n por aire multietapa + tamizado por vibraci\u00f3n, con una tasa de pelado de \u226598%, que supera con creces el est\u00e1ndar de la industria.<\/li>\n<li><strong>Dise\u00f1o industrial de gran capacidad<\/strong>: El sistema tiene una capacidad m\u00e1xima de procesamiento de 1.000 kg\/h, admite un funcionamiento continuo de 24 horas y es adecuado para empresas medianas y grandes. <a href=\"https:\/\/www.cocoamachinery.com\/es\/product\/cocoa-powder-production-line\/\">grandes l\u00edneas de producci\u00f3n de cacao<\/a>.<\/li>\n<li><strong>Totalmente automatizado<\/strong>: Todo el proceso, desde la trituraci\u00f3n hasta el aventado, est\u00e1 automatizado, lo que reduce los costes de mano de obra y mejora la uniformidad.<\/li>\n<li><strong>Excelente calidad de los nibs de cacao<\/strong>: Los nibs de cacao clasificados tienen part\u00edculas uniformes y muy pocas impurezas, lo que los convierte en una opci\u00f3n ideal para la elaboraci\u00f3n posterior de cacao en polvo o productos de chocolate.<\/li>\n<\/ul>\n<h3>Par\u00e1metros<\/h3>\n<table>\n<tbody>\n<tr>\n<td>Capacidad<\/td>\n<td>Potencia (kW)<\/td>\n<td>Material<\/td>\n<td>Dimensiones (mm)<\/td>\n<\/tr>\n<tr>\n<td>500 kg\/h<\/td>\n<td>7.5<\/td>\n<td>Acero al carbono<\/td>\n<td>7500*2800*3500<\/td>\n<\/tr>\n<tr>\n<td>1000 kg\/h<\/td>\n<td>9.5<\/td>\n<td>Acero al carbono<\/td>\n<td>8500*3400*4000<\/td>\n<\/tr>\n<\/tbody>\n<\/table>\n<h3>Valor de aplicaci\u00f3n de la m\u00e1quina descascarilladora de cacao<\/h3>\n<p>El sistema es especialmente adecuado para plantas de procesamiento de cacao, fabricantes de chocolate y empresas de materias primas de cacao. Al optimizar el proceso de trituraci\u00f3n-clasificaci\u00f3n en los procesos tradicionales, puede mejorar significativamente la eficiencia de la producci\u00f3n y el valor a\u00f1adido del producto. Su estructura modular tambi\u00e9n puede personalizarse en funci\u00f3n de sus necesidades, para lograr un procesamiento refinado de distintas variedades de cacao en grano (como Criollo y Forastero).<\/p>\n<p><iframe title=\"Sistema de trituraci\u00f3n y aventado de cacao para planta de procesamiento de cacao\" width=\"800\" height=\"450\" src=\"https:\/\/www.youtube.com\/embed\/Kgaikb0dX-8?feature=oembed\" frameborder=\"0\" allow=\"accelerometer; autoplay; clipboard-write; encrypted-media; gyroscope; picture-in-picture; web-share\" referrerpolicy=\"strict-origin-when-cross-origin\" allowfullscreen><\/iframe><\/p>\n<div role=\"form\" class=\"wpcf7\" id=\"wpcf7-f1985-o1\" lang=\"en-US\" dir=\"ltr\">\n<div class=\"screen-reader-response\"><p role=\"status\" aria-live=\"polite\" aria-atomic=\"true\"><\/p> <ul><\/ul><\/div>\n<form action=\"\/es\/wp-json\/wp\/v2\/product\/2756#wpcf7-f1985-o1\" method=\"post\" class=\"wpcf7-form init\" novalidate=\"novalidate\" data-status=\"init\" data-trp-original-action=\"\/es\/wp-json\/wp\/v2\/product\/2756#wpcf7-f1985-o1\">\n<div style=\"display: none;\">\n<input type=\"hidden\" name=\"_wpcf7\" value=\"1985\" \/>\n<input type=\"hidden\" name=\"_wpcf7_version\" value=\"5.4.1\" \/>\n<input type=\"hidden\" name=\"_wpcf7_locale\" value=\"en_US\" \/>\n<input type=\"hidden\" name=\"_wpcf7_unit_tag\" value=\"wpcf7-f1985-o1\" \/>\n<input type=\"hidden\" name=\"_wpcf7_container_post\" value=\"0\" \/>\n<input type=\"hidden\" name=\"_wpcf7_posted_data_hash\" value=\"\" \/>\n<\/div>\n<div class='formdiv'>\n<span>SOLICITAR PRESUPUESTO<\/span><\/p>\n<p>Rellene este formulario para solicitar informaci\u00f3n. (campos obligatorios*)<\/p>\n<\/div>\n<div class='formdiv-left'><label> Su nombre*<br \/>\n    <span class=\"wpcf7-form-control-wrap your-name\"><input type=\"text\" name=\"your-name\" value=\"\" size=\"40\" class=\"wpcf7-form-control wpcf7-text wpcf7-validates-as-required\" aria-required=\"true\" aria-invalid=\"false\" \/><\/span> <\/label><\/p>\n<p><label> Su correo electr\u00f3nico*<br \/>\n    <span class=\"wpcf7-form-control-wrap your-email\"><input type=\"email\" name=\"your-email\" value=\"\" size=\"40\" class=\"wpcf7-form-control wpcf7-text wpcf7-email wpcf7-validates-as-required wpcf7-validates-as-email\" aria-required=\"true\" aria-invalid=\"false\" \/><\/span> <\/label><\/p>\n<p><label> Su pa\u00eds<br \/>\n    <span class=\"wpcf7-form-control-wrap your-country\"><input type=\"text\" name=\"your-country\" value=\"\" size=\"40\" class=\"wpcf7-form-control wpcf7-text\" aria-invalid=\"false\" \/><\/span> <\/label><\/p>\n<p><label> Tu tel\u00e9fono<br \/>\n    <span class=\"wpcf7-form-control-wrap tel-901\"><input type=\"tel\" name=\"tel-901\" value=\"\" size=\"40\" class=\"wpcf7-form-control wpcf7-text wpcf7-tel wpcf7-validates-as-tel\" aria-invalid=\"false\" \/><\/span> <\/label><\/p>\n<p><label> Nombre de su empresa \/ Sitio web<br \/>\n    <span class=\"wpcf7-form-control-wrap your-company\"><input type=\"text\" name=\"your-company\" value=\"\" size=\"40\" class=\"wpcf7-form-control wpcf7-text\" aria-invalid=\"false\" \/><\/span> <\/label>\n<\/div>\n<div class='formdiv-right'>\n<label> Su mensaje*<br \/>\n    <span class=\"wpcf7-form-control-wrap your-message\"><textarea name=\"your-message\" cols=\"40\" rows=\"10\" class=\"wpcf7-form-control wpcf7-textarea wpcf7-validates-as-required\" aria-required=\"true\" aria-invalid=\"false\"><\/textarea><\/span> <\/label><\/p>\n<p><input type=\"submit\" value=\"Enviar\" class=\"wpcf7-form-control wpcf7-submit\" \/>\n<\/p><\/div>\n<div style='clear:both'><\/div>\n<div class=\"wpcf7-response-output\" aria-hidden=\"true\"><\/div><input type=\"hidden\" name=\"trp-form-language\" value=\"es\"\/><\/form><\/div>\n<div style='text-align:left' class='yasr-auto-insert-visitor'><\/div>","protected":false},"excerpt":{"rendered":"<ul>\n<li>Producto final: Nibs de cacao<\/li>\n<li>Capacidad: 500 kg\/h y 1000 kg\/h<\/li>\n<li>Plumillas en Shell\uff1c2.0%<br \/>\nConcha en Nibs\uff1c2.0%<br \/>\nPlumines Tama\u00f1o 96% &gt;1,0 mm<\/li>\n<\/ul>","protected":false},"featured_media":2944,"comment_status":"open","ping_status":"closed","template":"","meta":{"yasr_overall_rating":0,"yasr_post_is_review":"","yasr_auto_insert_disabled":"","yasr_review_type":""},"product_cat":[51],"product_tag":[],"class_list":["post-2756","product","type-product","status-publish","has-post-thumbnail","hentry","product_cat-cocoa-machines"],"yoast_head":"<!-- This site is optimized with the Yoast SEO plugin v20.9 - https:\/\/yoast.com\/wordpress\/plugins\/seo\/ -->\n<title>Automatic Cocoa Winnowing Machine System 1000 kg\/h<\/title>\n<meta name=\"description\" content=\"This cocoa winnowing machine is fully automated, with large production capacity, and the finished cocoa nibs are of excellent quality.\" \/>\n<meta name=\"robots\" content=\"index, follow, max-snippet:-1, max-image-preview:large, max-video-preview:-1\" \/>\n<link rel=\"canonical\" href=\"https:\/\/www.cocoamachinery.com\/es\/product\/cocoa-winnowing-machine\/\" \/>\n<meta property=\"og:locale\" content=\"es_ES\" \/>\n<meta property=\"og:type\" content=\"article\" \/>\n<meta property=\"og:title\" content=\"Automatic Cocoa Winnowing Machine System 1000 kg\/h\" \/>\n<meta property=\"og:description\" content=\"This cocoa winnowing machine is fully automated, with large production capacity, and the finished cocoa nibs are of excellent quality.\" \/>\n<meta property=\"og:url\" content=\"https:\/\/www.cocoamachinery.com\/es\/product\/cocoa-winnowing-machine\/\" \/>\n<meta property=\"og:site_name\" content=\"Cocoa Machinery\" \/>\n<meta property=\"article:publisher\" content=\"https:\/\/www.facebook.com\/longernutsmachinery\/\" \/>\n<meta property=\"article:modified_time\" content=\"2026-02-13T07:39:44+00:00\" \/>\n<meta property=\"og:image\" content=\"https:\/\/www.cocoamachinery.com\/wp-content\/uploads\/2025\/05\/4.jpg\" \/>\n\t<meta property=\"og:image:width\" content=\"600\" \/>\n\t<meta property=\"og:image:height\" content=\"600\" \/>\n\t<meta property=\"og:image:type\" content=\"image\/jpeg\" \/>\n<meta name=\"twitter:card\" content=\"summary_large_image\" \/>\n<meta name=\"twitter:site\" content=\"@nutsmachinery\" \/>\n<meta name=\"twitter:label1\" content=\"Tiempo de lectura\" \/>\n\t<meta name=\"twitter:data1\" content=\"2 minutos\" \/>\n<script type=\"application\/ld+json\" class=\"yoast-schema-graph\">{\"@context\":\"https:\/\/schema.org\",\"@graph\":[{\"@type\":\"WebPage\",\"@id\":\"https:\/\/www.cocoamachinery.com\/product\/cocoa-winnowing-machine\/\",\"url\":\"https:\/\/www.cocoamachinery.com\/product\/cocoa-winnowing-machine\/\",\"name\":\"Automatic Cocoa Winnowing Machine System 1000 kg\/h\",\"isPartOf\":{\"@id\":\"https:\/\/www.cocoamachinery.com\/#website\"},\"datePublished\":\"2025-05-07T07:00:35+00:00\",\"dateModified\":\"2026-02-13T07:39:44+00:00\",\"description\":\"This cocoa winnowing machine is fully automated, with large production capacity, and the finished cocoa nibs are of excellent quality.\",\"breadcrumb\":{\"@id\":\"https:\/\/www.cocoamachinery.com\/product\/cocoa-winnowing-machine\/#breadcrumb\"},\"inLanguage\":\"es\",\"potentialAction\":[{\"@type\":\"ReadAction\",\"target\":[\"https:\/\/www.cocoamachinery.com\/product\/cocoa-winnowing-machine\/\"]}]},{\"@type\":\"BreadcrumbList\",\"@id\":\"https:\/\/www.cocoamachinery.com\/product\/cocoa-winnowing-machine\/#breadcrumb\",\"itemListElement\":[{\"@type\":\"ListItem\",\"position\":1,\"name\":\"Home\",\"item\":\"https:\/\/www.cocoamachinery.com\/\"},{\"@type\":\"ListItem\",\"position\":2,\"name\":\"Product\",\"item\":\"https:\/\/www.cocoamachinery.com\/product\/\"},{\"@type\":\"ListItem\",\"position\":3,\"name\":\"Automatic Cocoa Winnowing Machine System 1000 kg\/h\"}]},{\"@type\":\"WebSite\",\"@id\":\"https:\/\/www.cocoamachinery.com\/#website\",\"url\":\"https:\/\/www.cocoamachinery.com\/\",\"name\":\"Cocoa Machinery\",\"description\":\"Cocoa Processing Solution Provider\",\"publisher\":{\"@id\":\"https:\/\/www.cocoamachinery.com\/#organization\"},\"potentialAction\":[{\"@type\":\"SearchAction\",\"target\":{\"@type\":\"EntryPoint\",\"urlTemplate\":\"https:\/\/www.cocoamachinery.com\/?s={search_term_string}\"},\"query-input\":\"required name=search_term_string\"}],\"inLanguage\":\"es\"},{\"@type\":\"Organization\",\"@id\":\"https:\/\/www.cocoamachinery.com\/#organization\",\"name\":\"Longer Food Machinery\",\"url\":\"https:\/\/www.cocoamachinery.com\/\",\"logo\":{\"@type\":\"ImageObject\",\"inLanguage\":\"es\",\"@id\":\"https:\/\/www.cocoamachinery.com\/#\/schema\/logo\/image\/\",\"url\":\"https:\/\/www.cocoamachinery.com\/wp-content\/uploads\/2024\/08\/Icon-512_512.png\",\"contentUrl\":\"https:\/\/www.cocoamachinery.com\/wp-content\/uploads\/2024\/08\/Icon-512_512.png\",\"width\":512,\"height\":512,\"caption\":\"Longer Food Machinery\"},\"image\":{\"@id\":\"https:\/\/www.cocoamachinery.com\/#\/schema\/logo\/image\/\"},\"sameAs\":[\"https:\/\/www.facebook.com\/longernutsmachinery\/\",\"https:\/\/twitter.com\/nutsmachinery\",\"https:\/\/www.pinterest.com\/nutsmachinery\/\",\"https:\/\/www.linkedin.com\/company\/longer-nuts-machinery\/\",\"https:\/\/www.youtube.com\/c\/NutsMachinery\"]},false]}<\/script>\n<!-- \/ Yoast SEO plugin. -->","yoast_head_json":{"title":"Automatic Cocoa Winnowing Machine System 1000 kg\/h","description":"This cocoa winnowing machine is fully automated, with large production capacity, and the finished cocoa nibs are of excellent quality.","robots":{"index":"index","follow":"follow","max-snippet":"max-snippet:-1","max-image-preview":"max-image-preview:large","max-video-preview":"max-video-preview:-1"},"canonical":"https:\/\/www.cocoamachinery.com\/es\/product\/cocoa-winnowing-machine\/","og_locale":"es_ES","og_type":"article","og_title":"Automatic Cocoa Winnowing Machine System 1000 kg\/h","og_description":"This cocoa winnowing machine is fully automated, with large production capacity, and the finished cocoa nibs are of excellent quality.","og_url":"https:\/\/www.cocoamachinery.com\/es\/product\/cocoa-winnowing-machine\/","og_site_name":"Cocoa Machinery","article_publisher":"https:\/\/www.facebook.com\/longernutsmachinery\/","article_modified_time":"2026-02-13T07:39:44+00:00","og_image":[{"width":600,"height":600,"url":"https:\/\/www.cocoamachinery.com\/wp-content\/uploads\/2025\/05\/4.jpg","type":"image\/jpeg"}],"twitter_card":"summary_large_image","twitter_site":"@nutsmachinery","twitter_misc":{"Tiempo de lectura":"2 minutos"},"schema":{"@context":"https:\/\/schema.org","@graph":[{"@type":"WebPage","@id":"https:\/\/www.cocoamachinery.com\/product\/cocoa-winnowing-machine\/","url":"https:\/\/www.cocoamachinery.com\/product\/cocoa-winnowing-machine\/","name":"Automatic Cocoa Winnowing Machine System 1000 kg\/h","isPartOf":{"@id":"https:\/\/www.cocoamachinery.com\/#website"},"datePublished":"2025-05-07T07:00:35+00:00","dateModified":"2026-02-13T07:39:44+00:00","description":"This cocoa winnowing machine is fully automated, with large production capacity, and the finished cocoa nibs are of excellent quality.","breadcrumb":{"@id":"https:\/\/www.cocoamachinery.com\/product\/cocoa-winnowing-machine\/#breadcrumb"},"inLanguage":"es","potentialAction":[{"@type":"ReadAction","target":["https:\/\/www.cocoamachinery.com\/product\/cocoa-winnowing-machine\/"]}]},{"@type":"BreadcrumbList","@id":"https:\/\/www.cocoamachinery.com\/product\/cocoa-winnowing-machine\/#breadcrumb","itemListElement":[{"@type":"ListItem","position":1,"name":"Home","item":"https:\/\/www.cocoamachinery.com\/"},{"@type":"ListItem","position":2,"name":"Product","item":"https:\/\/www.cocoamachinery.com\/product\/"},{"@type":"ListItem","position":3,"name":"Automatic Cocoa Winnowing Machine System 1000 kg\/h"}]},{"@type":"WebSite","@id":"https:\/\/www.cocoamachinery.com\/#website","url":"https:\/\/www.cocoamachinery.com\/","name":"Cocoa Machinery","description":"Cocoa Processing Solution Provider","publisher":{"@id":"https:\/\/www.cocoamachinery.com\/#organization"},"potentialAction":[{"@type":"SearchAction","target":{"@type":"EntryPoint","urlTemplate":"https:\/\/www.cocoamachinery.com\/?s={search_term_string}"},"query-input":"required name=search_term_string"}],"inLanguage":"es"},{"@type":"Organization","@id":"https:\/\/www.cocoamachinery.com\/#organization","name":"Longer Food Machinery","url":"https:\/\/www.cocoamachinery.com\/","logo":{"@type":"ImageObject","inLanguage":"es","@id":"https:\/\/www.cocoamachinery.com\/#\/schema\/logo\/image\/","url":"https:\/\/www.cocoamachinery.com\/wp-content\/uploads\/2024\/08\/Icon-512_512.png","contentUrl":"https:\/\/www.cocoamachinery.com\/wp-content\/uploads\/2024\/08\/Icon-512_512.png","width":512,"height":512,"caption":"Longer Food Machinery"},"image":{"@id":"https:\/\/www.cocoamachinery.com\/#\/schema\/logo\/image\/"},"sameAs":["https:\/\/www.facebook.com\/longernutsmachinery\/","https:\/\/twitter.com\/nutsmachinery","https:\/\/www.pinterest.com\/nutsmachinery\/","https:\/\/www.linkedin.com\/company\/longer-nuts-machinery\/","https:\/\/www.youtube.com\/c\/NutsMachinery"]},false]}},"yasr_visitor_votes":{"stars_attributes":{"read_only":false,"span_bottom":false},"number_of_votes":1,"sum_votes":5},"_links":{"self":[{"href":"https:\/\/www.cocoamachinery.com\/es\/wp-json\/wp\/v2\/product\/2756","targetHints":{"allow":["GET"]}}],"collection":[{"href":"https:\/\/www.cocoamachinery.com\/es\/wp-json\/wp\/v2\/product"}],"about":[{"href":"https:\/\/www.cocoamachinery.com\/es\/wp-json\/wp\/v2\/types\/product"}],"replies":[{"embeddable":true,"href":"https:\/\/www.cocoamachinery.com\/es\/wp-json\/wp\/v2\/comments?post=2756"}],"version-history":[{"count":5,"href":"https:\/\/www.cocoamachinery.com\/es\/wp-json\/wp\/v2\/product\/2756\/revisions"}],"predecessor-version":[{"id":2948,"href":"https:\/\/www.cocoamachinery.com\/es\/wp-json\/wp\/v2\/product\/2756\/revisions\/2948"}],"wp:featuredmedia":[{"embeddable":true,"href":"https:\/\/www.cocoamachinery.com\/es\/wp-json\/wp\/v2\/media\/2944"}],"wp:attachment":[{"href":"https:\/\/www.cocoamachinery.com\/es\/wp-json\/wp\/v2\/media?parent=2756"}],"wp:term":[{"taxonomy":"product_cat","embeddable":true,"href":"https:\/\/www.cocoamachinery.com\/es\/wp-json\/wp\/v2\/product_cat?post=2756"},{"taxonomy":"product_tag","embeddable":true,"href":"https:\/\/www.cocoamachinery.com\/es\/wp-json\/wp\/v2\/product_tag?post=2756"}],"curies":[{"name":"wp","href":"https:\/\/api.w.org\/{rel}","templated":true}]}}