{"id":2646,"date":"2024-08-20T17:26:07","date_gmt":"2024-08-20T09:26:07","guid":{"rendered":"https:\/\/www.cocoamachinery.com\/?post_type=product&#038;p=2646"},"modified":"2024-08-20T17:26:07","modified_gmt":"2024-08-20T09:26:07","slug":"cocoa-powder-making-machine","status":"publish","type":"product","link":"https:\/\/www.cocoamachinery.com\/es\/product\/cocoa-powder-making-machine\/","title":{"rendered":"120 malla de cacao en polvo que hace el costo de la m\u00e1quina"},"content":{"rendered":"<p>En<strong> m\u00e1quina para hacer cacao en polvo<\/strong>El molino de cacao en polvo es un excelente equipo dise\u00f1ado para el procesamiento fino. La finura del cacao en polvo terminado puede alcanzar los 120 mesh. Con su potente capacidad de trituraci\u00f3n y excelente flexibilidad, esta trituradora puede producir productos de cacao en polvo de alta calidad para usted y es una herramienta de procesamiento indispensable en su planta de procesamiento de cacao.<\/p>\n<h3><strong>Principio de funcionamiento de la m\u00e1quina para fabricar polvo de cacao de malla 120<\/strong><\/h3>\n<p>El n\u00facleo de la trituradora de cacao reside en su c\u00e1mara de trituraci\u00f3n de dise\u00f1o preciso y en su eficiente sistema de alimentaci\u00f3n. Durante el funcionamiento, las tortas de cacao trituradas se introducen uniformemente en la c\u00e1mara de molienda y, a continuaci\u00f3n, se someten a la acci\u00f3n de fuerte impacto, cizallamiento y molienda de las cuchillas de molienda giratorias de alta velocidad. El afilado y la disposici\u00f3n de las cuchillas se han calculado cuidadosamente, y los materiales pueden triturarse hasta un estado fino en poco tiempo, convirti\u00e9ndose en fino polvo de cacao.<\/p>\n<figure id=\"attachment_2649\" aria-describedby=\"caption-attachment-2649\" style=\"width: 600px\" class=\"wp-caption alignnone\"><img fetchpriority=\"high\" decoding=\"async\" class=\"size-full wp-image-2649\" src=\"https:\/\/www.cocoamachinery.com\/wp-content\/uploads\/2024\/08\/2.jpg\" alt=\"La mejor m\u00e1quina para hacer cacao en polvo\" width=\"600\" height=\"600\" srcset=\"https:\/\/www.cocoamachinery.com\/wp-content\/uploads\/2024\/08\/2.jpg 600w, https:\/\/www.cocoamachinery.com\/wp-content\/uploads\/2024\/08\/2-300x300.jpg 300w, https:\/\/www.cocoamachinery.com\/wp-content\/uploads\/2024\/08\/2-150x150.jpg 150w, https:\/\/www.cocoamachinery.com\/wp-content\/uploads\/2024\/08\/2-100x100.jpg 100w\" sizes=\"(max-width: 600px) 100vw, 600px\" \/><figcaption id=\"caption-attachment-2649\" class=\"wp-caption-text\">La mejor m\u00e1quina para hacer cacao en polvo<\/figcaption><\/figure>\n<h3><strong>Ventajas de la m\u00e1quina industrial para hacer cacao en polvo<\/strong><\/h3>\n<ul>\n<li><strong>Ajuste de la finura del cacao en polvo<\/strong>: La finura del cacao en polvo acabado puede ajustarse a trav\u00e9s del tamiz en funci\u00f3n de los requisitos del producto final para conseguir un efecto de trituraci\u00f3n personalizado.<\/li>\n<li><strong>Trituraci\u00f3n cerrada<\/strong>: El dise\u00f1o totalmente cerrado de la c\u00e1mara de trituraci\u00f3n reduce eficazmente el desbordamiento de polvo, mejora el entorno de trabajo y cumple las normas de seguridad de producci\u00f3n y protecci\u00f3n medioambiental.<\/li>\n<li><strong>Alimentaci\u00f3n autom\u00e1tica<\/strong>: El sistema autom\u00e1tico de alimentaci\u00f3n continua puede configurarse para garantizar un proceso de trituraci\u00f3n continuo y estable, mejorar la eficiencia de la producci\u00f3n y reducir la intervenci\u00f3n manual.<\/li>\n<li><strong>Funcionamiento silencioso<\/strong>: Las medidas optimizadas de absorci\u00f3n de impactos y aislamiento ac\u00fastico permiten que el equipo mantenga un bajo nivel de ruido en funcionamiento de alta eficiencia, creando un mejor entorno de trabajo.<\/li>\n<li><strong>F\u00e1cil mantenimiento<\/strong>: El dise\u00f1o f\u00e1cil de desmontar facilita la limpieza y el mantenimiento diarios, reduce los costes de mantenimiento y prolonga la vida \u00fatil del equipo.<\/li>\n<\/ul>\n<div class=\"mceTemp\"><\/div>\n<h3><strong>Par\u00e1metros del coste de la m\u00e1quina para hacer cacao en polvo<\/strong><\/h3>\n<table>\n<tbody>\n<tr>\n<td width=\"177\">Modelo<\/td>\n<td width=\"118\">WF-20B<\/td>\n<td width=\"118\">WF-40B<\/td>\n<\/tr>\n<tr>\n<td width=\"177\">Finura del polvo triturado (malla)<\/td>\n<td width=\"118\">20-120<\/td>\n<td width=\"118\">20-120<\/td>\n<\/tr>\n<tr>\n<td width=\"177\">Capacidad (kg\/h)<\/td>\n<td width=\"118\">60-150<\/td>\n<td width=\"118\">200-600<\/td>\n<\/tr>\n<tr>\n<td width=\"177\">Tama\u00f1o de alimentaci\u00f3n (mm)<\/td>\n<td width=\"118\">\u226410<\/td>\n<td width=\"118\">\u226415<\/td>\n<\/tr>\n<tr>\n<td width=\"177\">Revoluciones del husillo(r\/min)<\/td>\n<td width=\"118\">4500<\/td>\n<td width=\"118\">3400<\/td>\n<\/tr>\n<tr>\n<td width=\"177\">Potencia del motor (kw)<\/td>\n<td width=\"118\">4<\/td>\n<td width=\"118\">11<\/td>\n<\/tr>\n<tr>\n<td width=\"177\">Potencia del motor de limpieza (kw)<\/td>\n<td width=\"118\">0.75<\/td>\n<td width=\"118\">1.1<\/td>\n<\/tr>\n<\/tbody>\n<\/table>\n<figure id=\"attachment_2650\" aria-describedby=\"caption-attachment-2650\" style=\"width: 600px\" class=\"wp-caption alignnone\"><img decoding=\"async\" class=\"size-full wp-image-2650\" src=\"https:\/\/www.cocoamachinery.com\/wp-content\/uploads\/2024\/08\/3.jpg\" alt=\"Cacao en polvo que hace la m\u00e1quina para la planta de procesamiento\" width=\"600\" height=\"600\" srcset=\"https:\/\/www.cocoamachinery.com\/wp-content\/uploads\/2024\/08\/3.jpg 600w, https:\/\/www.cocoamachinery.com\/wp-content\/uploads\/2024\/08\/3-300x300.jpg 300w, https:\/\/www.cocoamachinery.com\/wp-content\/uploads\/2024\/08\/3-150x150.jpg 150w, https:\/\/www.cocoamachinery.com\/wp-content\/uploads\/2024\/08\/3-100x100.jpg 100w\" sizes=\"(max-width: 600px) 100vw, 600px\" \/><figcaption id=\"caption-attachment-2650\" class=\"wp-caption-text\">Cacao en polvo que hace la m\u00e1quina para la planta de procesamiento<\/figcaption><\/figure>\n<h3><strong>\u00c1mbito de aplicaci\u00f3n<\/strong><\/h3>\n<ul>\n<li><strong>Industria alimentaria<\/strong>: En las l\u00edneas de producci\u00f3n de chocolate, caramelos, productos de panader\u00eda, etc., se utiliza para la trituraci\u00f3n fina de granos de cacao y otros granos para mejorar el sabor y el valor nutritivo del producto.<\/li>\n<li><strong>Sector farmac\u00e9utico<\/strong>: Triturar con precisi\u00f3n los materiales medicinales chinos y las materias primas de la medicina occidental para cumplir con los requisitos de finura en la preparaci\u00f3n de medicamentos y garantizar la actividad del f\u00e1rmaco y la mezcla uniforme.<\/li>\n<li><strong>Materiales qu\u00edmicos<\/strong>El proceso de trituraci\u00f3n: se utiliza para el procesamiento preliminar de diversas materias primas qu\u00edmicas, como la trituraci\u00f3n de tintes, pigmentos, resinas, etc., para mejorar la eficacia de la reacci\u00f3n posterior y la calidad del producto.<\/li>\n<\/ul>\n<div role=\"form\" class=\"wpcf7\" id=\"wpcf7-f1985-o1\" lang=\"en-US\" dir=\"ltr\">\n<div class=\"screen-reader-response\"><p role=\"status\" aria-live=\"polite\" aria-atomic=\"true\"><\/p> <ul><\/ul><\/div>\n<form action=\"\/es\/wp-json\/wp\/v2\/product\/2646#wpcf7-f1985-o1\" method=\"post\" class=\"wpcf7-form init\" novalidate=\"novalidate\" data-status=\"init\" data-trp-original-action=\"\/es\/wp-json\/wp\/v2\/product\/2646#wpcf7-f1985-o1\">\n<div style=\"display: none;\">\n<input type=\"hidden\" name=\"_wpcf7\" value=\"1985\" \/>\n<input type=\"hidden\" name=\"_wpcf7_version\" value=\"5.4.1\" \/>\n<input type=\"hidden\" name=\"_wpcf7_locale\" value=\"en_US\" \/>\n<input type=\"hidden\" name=\"_wpcf7_unit_tag\" value=\"wpcf7-f1985-o1\" \/>\n<input type=\"hidden\" name=\"_wpcf7_container_post\" value=\"0\" \/>\n<input type=\"hidden\" name=\"_wpcf7_posted_data_hash\" value=\"\" \/>\n<\/div>\n<div class='formdiv'>\n<span>SOLICITAR PRESUPUESTO<\/span><\/p>\n<p>Rellene este formulario para solicitar informaci\u00f3n. (campos obligatorios*)<\/p>\n<\/div>\n<div class='formdiv-left'><label> Su nombre*<br \/>\n    <span class=\"wpcf7-form-control-wrap your-name\"><input type=\"text\" name=\"your-name\" value=\"\" size=\"40\" class=\"wpcf7-form-control wpcf7-text wpcf7-validates-as-required\" aria-required=\"true\" aria-invalid=\"false\" \/><\/span> <\/label><\/p>\n<p><label> Su correo electr\u00f3nico*<br \/>\n    <span class=\"wpcf7-form-control-wrap your-email\"><input type=\"email\" name=\"your-email\" value=\"\" size=\"40\" class=\"wpcf7-form-control wpcf7-text wpcf7-email wpcf7-validates-as-required wpcf7-validates-as-email\" aria-required=\"true\" aria-invalid=\"false\" \/><\/span> <\/label><\/p>\n<p><label> Su pa\u00eds<br \/>\n    <span class=\"wpcf7-form-control-wrap your-country\"><input type=\"text\" name=\"your-country\" value=\"\" size=\"40\" class=\"wpcf7-form-control wpcf7-text\" aria-invalid=\"false\" \/><\/span> <\/label><\/p>\n<p><label> Tu tel\u00e9fono<br \/>\n    <span class=\"wpcf7-form-control-wrap tel-901\"><input type=\"tel\" name=\"tel-901\" value=\"\" size=\"40\" class=\"wpcf7-form-control wpcf7-text wpcf7-tel wpcf7-validates-as-tel\" aria-invalid=\"false\" \/><\/span> <\/label><\/p>\n<p><label> Nombre de su empresa \/ Sitio web<br \/>\n    <span class=\"wpcf7-form-control-wrap your-company\"><input type=\"text\" name=\"your-company\" value=\"\" size=\"40\" class=\"wpcf7-form-control wpcf7-text\" aria-invalid=\"false\" \/><\/span> <\/label>\n<\/div>\n<div class='formdiv-right'>\n<label> Su mensaje*<br \/>\n    <span class=\"wpcf7-form-control-wrap your-message\"><textarea name=\"your-message\" cols=\"40\" rows=\"10\" class=\"wpcf7-form-control wpcf7-textarea wpcf7-validates-as-required\" aria-required=\"true\" aria-invalid=\"false\"><\/textarea><\/span> <\/label><\/p>\n<p><input type=\"submit\" value=\"Enviar\" class=\"wpcf7-form-control wpcf7-submit\" \/>\n<\/p><\/div>\n<div style='clear:both'><\/div>\n<div class=\"wpcf7-response-output\" aria-hidden=\"true\"><\/div><input type=\"hidden\" name=\"trp-form-language\" value=\"es\"\/><\/form><\/div>\n<div style='text-align:left' class='yasr-auto-insert-visitor'><\/div>","protected":false},"excerpt":{"rendered":"<p>La m\u00e1quina para hacer cacao en polvo, tambi\u00e9n conocida como trituradora de cacao en polvo, es un excelente equipo dise\u00f1ado para el procesamiento fino. La finura del cacao en polvo terminado puede alcanzar los 120 mesh. ...<\/p>","protected":false},"featured_media":2648,"comment_status":"open","ping_status":"closed","template":"","meta":{"yasr_overall_rating":0,"yasr_post_is_review":"","yasr_auto_insert_disabled":"","yasr_review_type":""},"product_cat":[51],"product_tag":[],"class_list":["post-2646","product","type-product","status-publish","has-post-thumbnail","hentry","product_cat-cocoa-machines"],"yoast_head":"<!-- This site is optimized with the Yoast SEO plugin v20.9 - https:\/\/yoast.com\/wordpress\/plugins\/seo\/ -->\n<title>120 Mesh Cocoa Powder Making Machine Cost - Cocoa Machinery<\/title>\n<meta name=\"description\" content=\"This cocoa powder making machine is a grinding equipment for fine processing of cocoa powder, with a fineness of up to 120 mesh.\" \/>\n<meta name=\"robots\" content=\"index, follow, max-snippet:-1, max-image-preview:large, max-video-preview:-1\" \/>\n<link rel=\"canonical\" href=\"https:\/\/www.cocoamachinery.com\/es\/product\/cocoa-powder-making-machine\/\" \/>\n<meta property=\"og:locale\" content=\"es_ES\" \/>\n<meta property=\"og:type\" content=\"article\" \/>\n<meta property=\"og:title\" content=\"120 Mesh Cocoa Powder Making Machine Cost - Cocoa Machinery\" \/>\n<meta property=\"og:description\" content=\"This cocoa powder making machine is a grinding equipment for fine processing of cocoa powder, with a fineness of up to 120 mesh.\" \/>\n<meta property=\"og:url\" content=\"https:\/\/www.cocoamachinery.com\/es\/product\/cocoa-powder-making-machine\/\" \/>\n<meta property=\"og:site_name\" content=\"Cocoa Machinery\" \/>\n<meta property=\"article:publisher\" content=\"https:\/\/www.facebook.com\/longernutsmachinery\/\" \/>\n<meta property=\"og:image\" content=\"https:\/\/www.cocoamachinery.com\/wp-content\/uploads\/2024\/08\/1.jpg\" \/>\n\t<meta property=\"og:image:width\" content=\"600\" \/>\n\t<meta property=\"og:image:height\" content=\"600\" \/>\n\t<meta property=\"og:image:type\" content=\"image\/jpeg\" \/>\n<meta name=\"twitter:card\" content=\"summary_large_image\" \/>\n<meta name=\"twitter:site\" content=\"@nutsmachinery\" \/>\n<meta name=\"twitter:label1\" content=\"Tiempo de lectura\" \/>\n\t<meta name=\"twitter:data1\" content=\"3 minutos\" \/>\n<script type=\"application\/ld+json\" class=\"yoast-schema-graph\">{\"@context\":\"https:\/\/schema.org\",\"@graph\":[{\"@type\":\"WebPage\",\"@id\":\"https:\/\/www.cocoamachinery.com\/product\/cocoa-powder-making-machine\/\",\"url\":\"https:\/\/www.cocoamachinery.com\/product\/cocoa-powder-making-machine\/\",\"name\":\"120 Mesh Cocoa Powder Making Machine Cost - Cocoa Machinery\",\"isPartOf\":{\"@id\":\"https:\/\/www.cocoamachinery.com\/#website\"},\"datePublished\":\"2024-08-20T09:26:07+00:00\",\"dateModified\":\"2024-08-20T09:26:07+00:00\",\"description\":\"This cocoa powder making machine is a grinding equipment for fine processing of cocoa powder, with a fineness of up to 120 mesh.\",\"breadcrumb\":{\"@id\":\"https:\/\/www.cocoamachinery.com\/product\/cocoa-powder-making-machine\/#breadcrumb\"},\"inLanguage\":\"es\",\"potentialAction\":[{\"@type\":\"ReadAction\",\"target\":[\"https:\/\/www.cocoamachinery.com\/product\/cocoa-powder-making-machine\/\"]}]},{\"@type\":\"BreadcrumbList\",\"@id\":\"https:\/\/www.cocoamachinery.com\/product\/cocoa-powder-making-machine\/#breadcrumb\",\"itemListElement\":[{\"@type\":\"ListItem\",\"position\":1,\"name\":\"Home\",\"item\":\"https:\/\/www.cocoamachinery.com\/\"},{\"@type\":\"ListItem\",\"position\":2,\"name\":\"Product\",\"item\":\"https:\/\/www.cocoamachinery.com\/product\/\"},{\"@type\":\"ListItem\",\"position\":3,\"name\":\"120 Mesh Cocoa Powder Making Machine Cost\"}]},{\"@type\":\"WebSite\",\"@id\":\"https:\/\/www.cocoamachinery.com\/#website\",\"url\":\"https:\/\/www.cocoamachinery.com\/\",\"name\":\"Cocoa Machinery\",\"description\":\"Cocoa Processing Solution Provider\",\"publisher\":{\"@id\":\"https:\/\/www.cocoamachinery.com\/#organization\"},\"potentialAction\":[{\"@type\":\"SearchAction\",\"target\":{\"@type\":\"EntryPoint\",\"urlTemplate\":\"https:\/\/www.cocoamachinery.com\/?s={search_term_string}\"},\"query-input\":\"required name=search_term_string\"}],\"inLanguage\":\"es\"},{\"@type\":\"Organization\",\"@id\":\"https:\/\/www.cocoamachinery.com\/#organization\",\"name\":\"Longer Food Machinery\",\"url\":\"https:\/\/www.cocoamachinery.com\/\",\"logo\":{\"@type\":\"ImageObject\",\"inLanguage\":\"es\",\"@id\":\"https:\/\/www.cocoamachinery.com\/#\/schema\/logo\/image\/\",\"url\":\"https:\/\/www.cocoamachinery.com\/wp-content\/uploads\/2024\/08\/Icon-512_512.png\",\"contentUrl\":\"https:\/\/www.cocoamachinery.com\/wp-content\/uploads\/2024\/08\/Icon-512_512.png\",\"width\":512,\"height\":512,\"caption\":\"Longer Food Machinery\"},\"image\":{\"@id\":\"https:\/\/www.cocoamachinery.com\/#\/schema\/logo\/image\/\"},\"sameAs\":[\"https:\/\/www.facebook.com\/longernutsmachinery\/\",\"https:\/\/twitter.com\/nutsmachinery\",\"https:\/\/www.pinterest.com\/nutsmachinery\/\",\"https:\/\/www.linkedin.com\/company\/longer-nuts-machinery\/\",\"https:\/\/www.youtube.com\/c\/NutsMachinery\"]},false]}<\/script>\n<!-- \/ Yoast SEO plugin. -->","yoast_head_json":{"title":"120 Mesh Cocoa Powder Making Machine Cost - Cocoa Machinery","description":"This cocoa powder making machine is a grinding equipment for fine processing of cocoa powder, with a fineness of up to 120 mesh.","robots":{"index":"index","follow":"follow","max-snippet":"max-snippet:-1","max-image-preview":"max-image-preview:large","max-video-preview":"max-video-preview:-1"},"canonical":"https:\/\/www.cocoamachinery.com\/es\/product\/cocoa-powder-making-machine\/","og_locale":"es_ES","og_type":"article","og_title":"120 Mesh Cocoa Powder Making Machine Cost - Cocoa Machinery","og_description":"This cocoa powder making machine is a grinding equipment for fine processing of cocoa powder, with a fineness of up to 120 mesh.","og_url":"https:\/\/www.cocoamachinery.com\/es\/product\/cocoa-powder-making-machine\/","og_site_name":"Cocoa Machinery","article_publisher":"https:\/\/www.facebook.com\/longernutsmachinery\/","og_image":[{"width":600,"height":600,"url":"https:\/\/www.cocoamachinery.com\/wp-content\/uploads\/2024\/08\/1.jpg","type":"image\/jpeg"}],"twitter_card":"summary_large_image","twitter_site":"@nutsmachinery","twitter_misc":{"Tiempo de lectura":"3 minutos"},"schema":{"@context":"https:\/\/schema.org","@graph":[{"@type":"WebPage","@id":"https:\/\/www.cocoamachinery.com\/product\/cocoa-powder-making-machine\/","url":"https:\/\/www.cocoamachinery.com\/product\/cocoa-powder-making-machine\/","name":"120 Mesh Cocoa Powder Making Machine Cost - Cocoa Machinery","isPartOf":{"@id":"https:\/\/www.cocoamachinery.com\/#website"},"datePublished":"2024-08-20T09:26:07+00:00","dateModified":"2024-08-20T09:26:07+00:00","description":"This cocoa powder making machine is a grinding equipment for fine processing of cocoa powder, with a fineness of up to 120 mesh.","breadcrumb":{"@id":"https:\/\/www.cocoamachinery.com\/product\/cocoa-powder-making-machine\/#breadcrumb"},"inLanguage":"es","potentialAction":[{"@type":"ReadAction","target":["https:\/\/www.cocoamachinery.com\/product\/cocoa-powder-making-machine\/"]}]},{"@type":"BreadcrumbList","@id":"https:\/\/www.cocoamachinery.com\/product\/cocoa-powder-making-machine\/#breadcrumb","itemListElement":[{"@type":"ListItem","position":1,"name":"Home","item":"https:\/\/www.cocoamachinery.com\/"},{"@type":"ListItem","position":2,"name":"Product","item":"https:\/\/www.cocoamachinery.com\/product\/"},{"@type":"ListItem","position":3,"name":"120 Mesh Cocoa Powder Making Machine Cost"}]},{"@type":"WebSite","@id":"https:\/\/www.cocoamachinery.com\/#website","url":"https:\/\/www.cocoamachinery.com\/","name":"Cocoa Machinery","description":"Cocoa Processing Solution Provider","publisher":{"@id":"https:\/\/www.cocoamachinery.com\/#organization"},"potentialAction":[{"@type":"SearchAction","target":{"@type":"EntryPoint","urlTemplate":"https:\/\/www.cocoamachinery.com\/?s={search_term_string}"},"query-input":"required name=search_term_string"}],"inLanguage":"es"},{"@type":"Organization","@id":"https:\/\/www.cocoamachinery.com\/#organization","name":"Longer Food Machinery","url":"https:\/\/www.cocoamachinery.com\/","logo":{"@type":"ImageObject","inLanguage":"es","@id":"https:\/\/www.cocoamachinery.com\/#\/schema\/logo\/image\/","url":"https:\/\/www.cocoamachinery.com\/wp-content\/uploads\/2024\/08\/Icon-512_512.png","contentUrl":"https:\/\/www.cocoamachinery.com\/wp-content\/uploads\/2024\/08\/Icon-512_512.png","width":512,"height":512,"caption":"Longer Food Machinery"},"image":{"@id":"https:\/\/www.cocoamachinery.com\/#\/schema\/logo\/image\/"},"sameAs":["https:\/\/www.facebook.com\/longernutsmachinery\/","https:\/\/twitter.com\/nutsmachinery","https:\/\/www.pinterest.com\/nutsmachinery\/","https:\/\/www.linkedin.com\/company\/longer-nuts-machinery\/","https:\/\/www.youtube.com\/c\/NutsMachinery"]},false]}},"yasr_visitor_votes":{"stars_attributes":{"read_only":false,"span_bottom":false},"number_of_votes":1,"sum_votes":5},"_links":{"self":[{"href":"https:\/\/www.cocoamachinery.com\/es\/wp-json\/wp\/v2\/product\/2646","targetHints":{"allow":["GET"]}}],"collection":[{"href":"https:\/\/www.cocoamachinery.com\/es\/wp-json\/wp\/v2\/product"}],"about":[{"href":"https:\/\/www.cocoamachinery.com\/es\/wp-json\/wp\/v2\/types\/product"}],"replies":[{"embeddable":true,"href":"https:\/\/www.cocoamachinery.com\/es\/wp-json\/wp\/v2\/comments?post=2646"}],"version-history":[{"count":4,"href":"https:\/\/www.cocoamachinery.com\/es\/wp-json\/wp\/v2\/product\/2646\/revisions"}],"predecessor-version":[{"id":2654,"href":"https:\/\/www.cocoamachinery.com\/es\/wp-json\/wp\/v2\/product\/2646\/revisions\/2654"}],"wp:featuredmedia":[{"embeddable":true,"href":"https:\/\/www.cocoamachinery.com\/es\/wp-json\/wp\/v2\/media\/2648"}],"wp:attachment":[{"href":"https:\/\/www.cocoamachinery.com\/es\/wp-json\/wp\/v2\/media?parent=2646"}],"wp:term":[{"taxonomy":"product_cat","embeddable":true,"href":"https:\/\/www.cocoamachinery.com\/es\/wp-json\/wp\/v2\/product_cat?post=2646"},{"taxonomy":"product_tag","embeddable":true,"href":"https:\/\/www.cocoamachinery.com\/es\/wp-json\/wp\/v2\/product_tag?post=2646"}],"curies":[{"name":"wp","href":"https:\/\/api.w.org\/{rel}","templated":true}]}}