{"id":2485,"date":"2023-03-09T17:51:35","date_gmt":"2023-03-09T09:51:35","guid":{"rendered":"https:\/\/www.cocoamachinery.com\/?post_type=product&#038;p=2485"},"modified":"2025-10-17T09:53:39","modified_gmt":"2025-10-17T01:53:39","slug":"cocoa-powder-processing-plant","status":"publish","type":"product","link":"https:\/\/www.cocoamachinery.com\/es\/product\/cocoa-powder-processing-plant\/","title":{"rendered":"\u00daltima planta de procesamiento de manteca de cacao y cacao en polvo"},"content":{"rendered":"<p>Nuestra <strong>\u00daltima planta de procesamiento de cacao en polvo<\/strong> est\u00e1 dise\u00f1ado para proporcionar una forma fiable y eficaz de procesar los granos de cacao y convertirlos en manteca de cacao y cacao en polvo de alta calidad. Los principales equipos incluidos son: tostadora, peladora, trituradora de salsas, prensa de aceite, trituradora de cacao en polvo, etc.<br \/>\nNuestros equipos y t\u00e9cnicas de procesamiento de \u00faltima generaci\u00f3n garantizan que el producto final de cacao tenga un sabor, aroma y textura excepcionales. Por lo tanto, esta soluci\u00f3n de planta de procesamiento de cacao es ideal para una amplia gama de aplicaciones en la industria alimentaria y de bebidas.<\/p>\n<figure id=\"attachment_2489\" aria-describedby=\"caption-attachment-2489\" style=\"width: 600px\" class=\"wp-caption alignnone\"><img fetchpriority=\"high\" decoding=\"async\" class=\"size-full wp-image-2489\" src=\"https:\/\/www.cocoamachinery.com\/wp-content\/uploads\/2023\/03\/3.jpg\" alt=\"\u00daltima planta de procesamiento de manteca de cacao y cacao en polvo\" width=\"600\" height=\"600\" srcset=\"https:\/\/www.cocoamachinery.com\/wp-content\/uploads\/2023\/03\/3.jpg 600w, https:\/\/www.cocoamachinery.com\/wp-content\/uploads\/2023\/03\/3-300x300.jpg 300w, https:\/\/www.cocoamachinery.com\/wp-content\/uploads\/2023\/03\/3-150x150.jpg 150w, https:\/\/www.cocoamachinery.com\/wp-content\/uploads\/2023\/03\/3-100x100.jpg 100w\" sizes=\"(max-width: 600px) 100vw, 600px\" \/><figcaption id=\"caption-attachment-2489\" class=\"wp-caption-text\">\u00daltima planta de procesamiento de manteca de cacao y cacao en polvo<\/figcaption><\/figure>\n<h3><strong>Flujo de procesamiento de la manteca de cacao y el cacao en polvo<\/strong><\/h3>\n<p>Nuestra planta de procesamiento de manteca de cacao y cacao en polvo sigue un flujo de proceso racionalizado que garantiza la separaci\u00f3n eficaz de los s\u00f3lidos de cacao del grano de cacao. El proceso comienza con la limpieza y clasificaci\u00f3n de los granos de cacao, seguida del tostado, aventado, molido y prensado. A continuaci\u00f3n, los s\u00f3lidos y la manteca de cacao se separan mediante una prensa hidr\u00e1ulica, y la manteca de cacao se recoge para su posterior procesamiento.<\/p>\n<p>A continuaci\u00f3n, los s\u00f3lidos de cacao se muelen para obtener cacao en polvo, que se tamiza y envasa para su almacenamiento y distribuci\u00f3n. Todo el proceso se controla minuciosamente para garantizar que la calidad del producto final cumpla los m\u00e1s altos est\u00e1ndares de excelencia.<\/p>\n<figure id=\"attachment_2488\" aria-describedby=\"caption-attachment-2488\" style=\"width: 600px\" class=\"wp-caption alignnone\"><img decoding=\"async\" class=\"size-full wp-image-2488\" src=\"https:\/\/www.cocoamachinery.com\/wp-content\/uploads\/2023\/03\/2.jpg\" alt=\"Mejor equipo de planta de procesamiento de cacao en polvo\" width=\"600\" height=\"600\" srcset=\"https:\/\/www.cocoamachinery.com\/wp-content\/uploads\/2023\/03\/2.jpg 600w, https:\/\/www.cocoamachinery.com\/wp-content\/uploads\/2023\/03\/2-300x300.jpg 300w, https:\/\/www.cocoamachinery.com\/wp-content\/uploads\/2023\/03\/2-150x150.jpg 150w, https:\/\/www.cocoamachinery.com\/wp-content\/uploads\/2023\/03\/2-100x100.jpg 100w\" sizes=\"(max-width: 600px) 100vw, 600px\" \/><figcaption id=\"caption-attachment-2488\" class=\"wp-caption-text\">Mejor equipo de planta de procesamiento de cacao en polvo<\/figcaption><\/figure>\n<h3><strong>Introducci\u00f3n del equipo de la planta de procesamiento de manteca de cacao \/ cacao en polvo<\/strong><\/h3>\n<p>Esta l\u00ednea de producci\u00f3n est\u00e1 equipada con una serie de equipos avanzados dise\u00f1ados para proporcionar un procesado eficaz y fiable del cacao en grano. Algunas de las piezas clave del equipo utilizado en nuestra l\u00ednea de procesamiento incluyen:<\/p>\n<ol>\n<li><strong>Limpiador de granos de cacao<\/strong>: Este equipo se utiliza para eliminar la suciedad, piedras u otras impurezas de los granos de cacao antes de su procesamiento.<\/li>\n<li><a href=\"https:\/\/www.cocoamachinery.com\/es\/product\/cocoa-bean-roasting-machine\/\"><strong>M\u00e1quina tostadora de granos de cacao<\/strong><\/a>: Nuestra m\u00e1quina tostadora utiliza aire caliente para tostar los granos de cacao a la perfecci\u00f3n, garantizando que tengan el sabor y el aroma adecuados.<\/li>\n<li><strong>Descabezadora<\/strong>: Este equipo separa las pepitas de cacao de las c\u00e1scaras y otros restos, lo que facilita la molienda de los granos.<\/li>\n<li><strong>Amoladora<\/strong>: Nuestro molinillo utiliza cuchillas de alta velocidad para moler los nibs de cacao y convertirlos en una pasta fina, que luego se prensa para extraer la manteca de cacao y los s\u00f3lidos.<\/li>\n<li><strong>Prensa hidr\u00e1ulica<\/strong>: Este equipo aplica presi\u00f3n a la pasta de cacao para extraer la manteca de cacao, que posteriormente se procesa para crear manteca de cacao de alta calidad. Disponemos de <a href=\"https:\/\/www.cocoamachinery.com\/es\/product\/cocoa-butter-press-machine\/\">prensa de cacao discontinua<\/a> y totalmente <a href=\"https:\/\/www.cocoamachinery.com\/es\/product\/automatic-cocoa-butter-extraction-machine\/\">m\u00e1quina autom\u00e1tica de extracci\u00f3n de manteca de cacao<\/a> para que elija.<\/li>\n<li><strong>M\u00e1quina trituradora de cacao en polvo<\/strong>: Nuestra fresadora se utiliza para moler los s\u00f3lidos de cacao y convertirlos en cacao en polvo, que luego se tamiza y envasa para su distribuci\u00f3n.<\/li>\n<\/ol>\n<p><iframe title=\"Planta de procesamiento continuo de cacao \/ L\u00ednea de m\u00e1quinas de procesamiento de cacao en polvo\" width=\"800\" height=\"450\" src=\"https:\/\/www.youtube.com\/embed\/OTi-Vux55Cw?feature=oembed\" frameborder=\"0\" allow=\"accelerometer; autoplay; clipboard-write; encrypted-media; gyroscope; picture-in-picture; web-share\" referrerpolicy=\"strict-origin-when-cross-origin\" allowfullscreen><\/iframe><\/p>\n<p>Nuestra l\u00ednea de procesamiento de manteca de cacao y cacao en polvo es una soluci\u00f3n completa llave en mano que proporciona una forma eficaz y fiable de procesar el cacao en grano para obtener manteca de cacao y cacao en polvo de alta calidad. P\u00f3ngase en contacto con nosotros hoy mismo para obtener m\u00e1s informaci\u00f3n sobre c\u00f3mo nuestra l\u00ednea de procesamiento puede beneficiar a su negocio.<\/p>\n<div role=\"form\" class=\"wpcf7\" id=\"wpcf7-f1985-o1\" lang=\"en-US\" dir=\"ltr\">\n<div class=\"screen-reader-response\"><p role=\"status\" aria-live=\"polite\" aria-atomic=\"true\"><\/p> <ul><\/ul><\/div>\n<form action=\"\/es\/wp-json\/wp\/v2\/product\/2485#wpcf7-f1985-o1\" method=\"post\" class=\"wpcf7-form init\" novalidate=\"novalidate\" data-status=\"init\" data-trp-original-action=\"\/es\/wp-json\/wp\/v2\/product\/2485#wpcf7-f1985-o1\">\n<div style=\"display: none;\">\n<input type=\"hidden\" name=\"_wpcf7\" value=\"1985\" \/>\n<input type=\"hidden\" name=\"_wpcf7_version\" value=\"5.4.1\" \/>\n<input type=\"hidden\" name=\"_wpcf7_locale\" value=\"en_US\" \/>\n<input type=\"hidden\" name=\"_wpcf7_unit_tag\" value=\"wpcf7-f1985-o1\" \/>\n<input type=\"hidden\" name=\"_wpcf7_container_post\" value=\"0\" \/>\n<input type=\"hidden\" name=\"_wpcf7_posted_data_hash\" value=\"\" \/>\n<\/div>\n<div class='formdiv'>\n<span>SOLICITAR PRESUPUESTO<\/span><\/p>\n<p>Rellene este formulario para solicitar informaci\u00f3n. (campos obligatorios*)<\/p>\n<\/div>\n<div class='formdiv-left'><label> Su nombre*<br \/>\n    <span class=\"wpcf7-form-control-wrap your-name\"><input type=\"text\" name=\"your-name\" value=\"\" size=\"40\" class=\"wpcf7-form-control wpcf7-text wpcf7-validates-as-required\" aria-required=\"true\" aria-invalid=\"false\" \/><\/span> <\/label><\/p>\n<p><label> Su correo electr\u00f3nico*<br \/>\n    <span class=\"wpcf7-form-control-wrap your-email\"><input type=\"email\" name=\"your-email\" value=\"\" size=\"40\" class=\"wpcf7-form-control wpcf7-text wpcf7-email wpcf7-validates-as-required wpcf7-validates-as-email\" aria-required=\"true\" aria-invalid=\"false\" \/><\/span> <\/label><\/p>\n<p><label> Su pa\u00eds<br \/>\n    <span class=\"wpcf7-form-control-wrap your-country\"><input type=\"text\" name=\"your-country\" value=\"\" size=\"40\" class=\"wpcf7-form-control wpcf7-text\" aria-invalid=\"false\" \/><\/span> <\/label><\/p>\n<p><label> Tu tel\u00e9fono<br \/>\n    <span class=\"wpcf7-form-control-wrap tel-901\"><input type=\"tel\" name=\"tel-901\" value=\"\" size=\"40\" class=\"wpcf7-form-control wpcf7-text wpcf7-tel wpcf7-validates-as-tel\" aria-invalid=\"false\" \/><\/span> <\/label><\/p>\n<p><label> Nombre de su empresa \/ Sitio web<br \/>\n    <span class=\"wpcf7-form-control-wrap your-company\"><input type=\"text\" name=\"your-company\" value=\"\" size=\"40\" class=\"wpcf7-form-control wpcf7-text\" aria-invalid=\"false\" \/><\/span> <\/label>\n<\/div>\n<div class='formdiv-right'>\n<label> Su mensaje*<br \/>\n    <span class=\"wpcf7-form-control-wrap your-message\"><textarea name=\"your-message\" cols=\"40\" rows=\"10\" class=\"wpcf7-form-control wpcf7-textarea wpcf7-validates-as-required\" aria-required=\"true\" aria-invalid=\"false\"><\/textarea><\/span> <\/label><\/p>\n<p><input type=\"submit\" value=\"Enviar\" class=\"wpcf7-form-control wpcf7-submit\" \/>\n<\/p><\/div>\n<div style='clear:both'><\/div>\n<div class=\"wpcf7-response-output\" aria-hidden=\"true\"><\/div><input type=\"hidden\" name=\"trp-form-language\" value=\"es\"\/><\/form><\/div>\n<div style='text-align:left' class='yasr-auto-insert-visitor'><\/div>","protected":false},"excerpt":{"rendered":"<p>La soluci\u00f3n perfecta para transformar el cacao en grano en manteca de cacao y cacao en polvo de alta calidad.<\/p>\n<ul>\n<li>Capacidad opcional: 100-1000 kg\/h.<\/li>\n<li>Ventajas: equipos eficaces y tecnolog\u00eda fiable.<\/li>\n<\/ul>","protected":false},"featured_media":2486,"comment_status":"open","ping_status":"closed","template":"","meta":{"yasr_overall_rating":0,"yasr_post_is_review":"","yasr_auto_insert_disabled":"","yasr_review_type":""},"product_cat":[30],"product_tag":[],"class_list":["post-2485","product","type-product","status-publish","has-post-thumbnail","hentry","product_cat-cocoa-solutions"],"yoast_head":"<!-- This site is optimized with the Yoast SEO plugin v20.9 - https:\/\/yoast.com\/wordpress\/plugins\/seo\/ -->\n<title>Latest Cocoa Butter and Cocoa Powder Processing Plant<\/title>\n<meta name=\"description\" content=\"This cocoa powder processing plant can process cocoa beans into high-quality cocoa butter and cocoa powder. Efficient and reliable.\" \/>\n<meta name=\"robots\" content=\"index, follow, max-snippet:-1, max-image-preview:large, max-video-preview:-1\" \/>\n<link rel=\"canonical\" href=\"https:\/\/www.cocoamachinery.com\/es\/product\/cocoa-powder-processing-plant\/\" \/>\n<meta property=\"og:locale\" content=\"es_ES\" \/>\n<meta property=\"og:type\" content=\"article\" \/>\n<meta property=\"og:title\" content=\"Latest Cocoa Butter and Cocoa Powder Processing Plant\" \/>\n<meta property=\"og:description\" content=\"This cocoa powder processing plant can process cocoa beans into high-quality cocoa butter and cocoa powder. Efficient and reliable.\" \/>\n<meta property=\"og:url\" content=\"https:\/\/www.cocoamachinery.com\/es\/product\/cocoa-powder-processing-plant\/\" \/>\n<meta property=\"og:site_name\" content=\"Cocoa Machinery\" \/>\n<meta property=\"article:publisher\" content=\"https:\/\/www.facebook.com\/longernutsmachinery\/\" \/>\n<meta property=\"article:modified_time\" content=\"2025-10-17T01:53:39+00:00\" \/>\n<meta property=\"og:image\" content=\"https:\/\/www.cocoamachinery.com\/wp-content\/uploads\/2023\/03\/1.jpg\" \/>\n\t<meta property=\"og:image:width\" content=\"600\" \/>\n\t<meta property=\"og:image:height\" content=\"600\" \/>\n\t<meta property=\"og:image:type\" content=\"image\/jpeg\" \/>\n<meta name=\"twitter:card\" content=\"summary_large_image\" \/>\n<meta name=\"twitter:site\" content=\"@nutsmachinery\" \/>\n<meta name=\"twitter:label1\" content=\"Tiempo de lectura\" \/>\n\t<meta name=\"twitter:data1\" content=\"3 minutos\" \/>\n<script type=\"application\/ld+json\" class=\"yoast-schema-graph\">{\"@context\":\"https:\/\/schema.org\",\"@graph\":[{\"@type\":\"WebPage\",\"@id\":\"https:\/\/www.cocoamachinery.com\/product\/cocoa-powder-processing-plant\/\",\"url\":\"https:\/\/www.cocoamachinery.com\/product\/cocoa-powder-processing-plant\/\",\"name\":\"Latest Cocoa Butter and Cocoa Powder Processing Plant\",\"isPartOf\":{\"@id\":\"https:\/\/www.cocoamachinery.com\/#website\"},\"datePublished\":\"2023-03-09T09:51:35+00:00\",\"dateModified\":\"2025-10-17T01:53:39+00:00\",\"description\":\"This cocoa powder processing plant can process cocoa beans into high-quality cocoa butter and cocoa powder. Efficient and reliable.\",\"breadcrumb\":{\"@id\":\"https:\/\/www.cocoamachinery.com\/product\/cocoa-powder-processing-plant\/#breadcrumb\"},\"inLanguage\":\"es\",\"potentialAction\":[{\"@type\":\"ReadAction\",\"target\":[\"https:\/\/www.cocoamachinery.com\/product\/cocoa-powder-processing-plant\/\"]}]},{\"@type\":\"BreadcrumbList\",\"@id\":\"https:\/\/www.cocoamachinery.com\/product\/cocoa-powder-processing-plant\/#breadcrumb\",\"itemListElement\":[{\"@type\":\"ListItem\",\"position\":1,\"name\":\"Home\",\"item\":\"https:\/\/www.cocoamachinery.com\/\"},{\"@type\":\"ListItem\",\"position\":2,\"name\":\"Product\",\"item\":\"https:\/\/www.cocoamachinery.com\/product\/\"},{\"@type\":\"ListItem\",\"position\":3,\"name\":\"Latest Cocoa Butter and Cocoa Powder Processing Plant\"}]},{\"@type\":\"WebSite\",\"@id\":\"https:\/\/www.cocoamachinery.com\/#website\",\"url\":\"https:\/\/www.cocoamachinery.com\/\",\"name\":\"Cocoa Machinery\",\"description\":\"Cocoa Processing Solution Provider\",\"publisher\":{\"@id\":\"https:\/\/www.cocoamachinery.com\/#organization\"},\"potentialAction\":[{\"@type\":\"SearchAction\",\"target\":{\"@type\":\"EntryPoint\",\"urlTemplate\":\"https:\/\/www.cocoamachinery.com\/?s={search_term_string}\"},\"query-input\":\"required name=search_term_string\"}],\"inLanguage\":\"es\"},{\"@type\":\"Organization\",\"@id\":\"https:\/\/www.cocoamachinery.com\/#organization\",\"name\":\"Longer Food Machinery\",\"url\":\"https:\/\/www.cocoamachinery.com\/\",\"logo\":{\"@type\":\"ImageObject\",\"inLanguage\":\"es\",\"@id\":\"https:\/\/www.cocoamachinery.com\/#\/schema\/logo\/image\/\",\"url\":\"https:\/\/www.cocoamachinery.com\/wp-content\/uploads\/2024\/08\/Icon-512_512.png\",\"contentUrl\":\"https:\/\/www.cocoamachinery.com\/wp-content\/uploads\/2024\/08\/Icon-512_512.png\",\"width\":512,\"height\":512,\"caption\":\"Longer Food Machinery\"},\"image\":{\"@id\":\"https:\/\/www.cocoamachinery.com\/#\/schema\/logo\/image\/\"},\"sameAs\":[\"https:\/\/www.facebook.com\/longernutsmachinery\/\",\"https:\/\/twitter.com\/nutsmachinery\",\"https:\/\/www.pinterest.com\/nutsmachinery\/\",\"https:\/\/www.linkedin.com\/company\/longer-nuts-machinery\/\",\"https:\/\/www.youtube.com\/c\/NutsMachinery\"]},false]}<\/script>\n<!-- \/ Yoast SEO plugin. -->","yoast_head_json":{"title":"Latest Cocoa Butter and Cocoa Powder Processing Plant","description":"This cocoa powder processing plant can process cocoa beans into high-quality cocoa butter and cocoa powder. Efficient and reliable.","robots":{"index":"index","follow":"follow","max-snippet":"max-snippet:-1","max-image-preview":"max-image-preview:large","max-video-preview":"max-video-preview:-1"},"canonical":"https:\/\/www.cocoamachinery.com\/es\/product\/cocoa-powder-processing-plant\/","og_locale":"es_ES","og_type":"article","og_title":"Latest Cocoa Butter and Cocoa Powder Processing Plant","og_description":"This cocoa powder processing plant can process cocoa beans into high-quality cocoa butter and cocoa powder. Efficient and reliable.","og_url":"https:\/\/www.cocoamachinery.com\/es\/product\/cocoa-powder-processing-plant\/","og_site_name":"Cocoa Machinery","article_publisher":"https:\/\/www.facebook.com\/longernutsmachinery\/","article_modified_time":"2025-10-17T01:53:39+00:00","og_image":[{"width":600,"height":600,"url":"https:\/\/www.cocoamachinery.com\/wp-content\/uploads\/2023\/03\/1.jpg","type":"image\/jpeg"}],"twitter_card":"summary_large_image","twitter_site":"@nutsmachinery","twitter_misc":{"Tiempo de lectura":"3 minutos"},"schema":{"@context":"https:\/\/schema.org","@graph":[{"@type":"WebPage","@id":"https:\/\/www.cocoamachinery.com\/product\/cocoa-powder-processing-plant\/","url":"https:\/\/www.cocoamachinery.com\/product\/cocoa-powder-processing-plant\/","name":"Latest Cocoa Butter and Cocoa Powder Processing Plant","isPartOf":{"@id":"https:\/\/www.cocoamachinery.com\/#website"},"datePublished":"2023-03-09T09:51:35+00:00","dateModified":"2025-10-17T01:53:39+00:00","description":"This cocoa powder processing plant can process cocoa beans into high-quality cocoa butter and cocoa powder. Efficient and reliable.","breadcrumb":{"@id":"https:\/\/www.cocoamachinery.com\/product\/cocoa-powder-processing-plant\/#breadcrumb"},"inLanguage":"es","potentialAction":[{"@type":"ReadAction","target":["https:\/\/www.cocoamachinery.com\/product\/cocoa-powder-processing-plant\/"]}]},{"@type":"BreadcrumbList","@id":"https:\/\/www.cocoamachinery.com\/product\/cocoa-powder-processing-plant\/#breadcrumb","itemListElement":[{"@type":"ListItem","position":1,"name":"Home","item":"https:\/\/www.cocoamachinery.com\/"},{"@type":"ListItem","position":2,"name":"Product","item":"https:\/\/www.cocoamachinery.com\/product\/"},{"@type":"ListItem","position":3,"name":"Latest Cocoa Butter and Cocoa Powder Processing Plant"}]},{"@type":"WebSite","@id":"https:\/\/www.cocoamachinery.com\/#website","url":"https:\/\/www.cocoamachinery.com\/","name":"Cocoa Machinery","description":"Cocoa Processing Solution Provider","publisher":{"@id":"https:\/\/www.cocoamachinery.com\/#organization"},"potentialAction":[{"@type":"SearchAction","target":{"@type":"EntryPoint","urlTemplate":"https:\/\/www.cocoamachinery.com\/?s={search_term_string}"},"query-input":"required name=search_term_string"}],"inLanguage":"es"},{"@type":"Organization","@id":"https:\/\/www.cocoamachinery.com\/#organization","name":"Longer Food Machinery","url":"https:\/\/www.cocoamachinery.com\/","logo":{"@type":"ImageObject","inLanguage":"es","@id":"https:\/\/www.cocoamachinery.com\/#\/schema\/logo\/image\/","url":"https:\/\/www.cocoamachinery.com\/wp-content\/uploads\/2024\/08\/Icon-512_512.png","contentUrl":"https:\/\/www.cocoamachinery.com\/wp-content\/uploads\/2024\/08\/Icon-512_512.png","width":512,"height":512,"caption":"Longer Food Machinery"},"image":{"@id":"https:\/\/www.cocoamachinery.com\/#\/schema\/logo\/image\/"},"sameAs":["https:\/\/www.facebook.com\/longernutsmachinery\/","https:\/\/twitter.com\/nutsmachinery","https:\/\/www.pinterest.com\/nutsmachinery\/","https:\/\/www.linkedin.com\/company\/longer-nuts-machinery\/","https:\/\/www.youtube.com\/c\/NutsMachinery"]},false]}},"yasr_visitor_votes":{"stars_attributes":{"read_only":false,"span_bottom":false},"number_of_votes":3,"sum_votes":15},"_links":{"self":[{"href":"https:\/\/www.cocoamachinery.com\/es\/wp-json\/wp\/v2\/product\/2485","targetHints":{"allow":["GET"]}}],"collection":[{"href":"https:\/\/www.cocoamachinery.com\/es\/wp-json\/wp\/v2\/product"}],"about":[{"href":"https:\/\/www.cocoamachinery.com\/es\/wp-json\/wp\/v2\/types\/product"}],"replies":[{"embeddable":true,"href":"https:\/\/www.cocoamachinery.com\/es\/wp-json\/wp\/v2\/comments?post=2485"}],"version-history":[{"count":7,"href":"https:\/\/www.cocoamachinery.com\/es\/wp-json\/wp\/v2\/product\/2485\/revisions"}],"predecessor-version":[{"id":2493,"href":"https:\/\/www.cocoamachinery.com\/es\/wp-json\/wp\/v2\/product\/2485\/revisions\/2493"}],"wp:featuredmedia":[{"embeddable":true,"href":"https:\/\/www.cocoamachinery.com\/es\/wp-json\/wp\/v2\/media\/2486"}],"wp:attachment":[{"href":"https:\/\/www.cocoamachinery.com\/es\/wp-json\/wp\/v2\/media?parent=2485"}],"wp:term":[{"taxonomy":"product_cat","embeddable":true,"href":"https:\/\/www.cocoamachinery.com\/es\/wp-json\/wp\/v2\/product_cat?post=2485"},{"taxonomy":"product_tag","embeddable":true,"href":"https:\/\/www.cocoamachinery.com\/es\/wp-json\/wp\/v2\/product_tag?post=2485"}],"curies":[{"name":"wp","href":"https:\/\/api.w.org\/{rel}","templated":true}]}}