{"id":2416,"date":"2022-09-16T12:21:09","date_gmt":"2022-09-16T04:21:09","guid":{"rendered":"https:\/\/www.cocoamachinery.com\/?post_type=product&#038;p=2416"},"modified":"2025-10-17T09:53:42","modified_gmt":"2025-10-17T01:53:42","slug":"cocoa-powder-processing-machine","status":"publish","type":"product","link":"https:\/\/www.cocoamachinery.com\/es\/product\/cocoa-powder-processing-machine\/","title":{"rendered":"Juego completo de m\u00e1quina de procesamiento de cacao en polvo 300 kg\/h"},"content":{"rendered":"<p>Ofrecemos\u00a0<strong>equipo completo de elaboraci\u00f3n de cacao en polvo\u00a0<\/strong>incluyendo limpiadora, m\u00e1quina tostadora de granos de cacao, m\u00e1quina peladora de granos de cacao, m\u00e1quina trituradora de nibs de cacao, m\u00e1quina prensadora de manteca de cacao y m\u00e1quina trituradora de cacao en polvo. Los granos de cacao crudo se pueden procesar en manteca de cacao y cacao en polvo para hacer chocolate.<\/p>\n<h3><strong>L\u00ednea de producci\u00f3n de cacao en polvo<\/strong><\/h3>\n<p>Limpiar -- Tostar -- Enfriar -- Pelar -- Moler -- Prensar -- Moler<br \/>\nCacao en grano -- Cacao en grano -- Cacao en pasta -- Manteca de cacao y torta de cacao -- Cacao en polvo<\/p>\n<figure id=\"attachment_2418\" aria-describedby=\"caption-attachment-2418\" style=\"width: 600px\" class=\"wp-caption alignnone\"><img fetchpriority=\"high\" decoding=\"async\" class=\"size-full wp-image-2418\" src=\"https:\/\/www.cocoamachinery.com\/wp-content\/uploads\/2022\/09\/2.jpg\" alt=\"Precio de la m\u00e1quina de procesamiento de cacao en polvo de 300 kg\/h\" width=\"600\" height=\"600\" srcset=\"https:\/\/www.cocoamachinery.com\/wp-content\/uploads\/2022\/09\/2.jpg 600w, https:\/\/www.cocoamachinery.com\/wp-content\/uploads\/2022\/09\/2-300x300.jpg 300w, https:\/\/www.cocoamachinery.com\/wp-content\/uploads\/2022\/09\/2-150x150.jpg 150w, https:\/\/www.cocoamachinery.com\/wp-content\/uploads\/2022\/09\/2-100x100.jpg 100w\" sizes=\"(max-width: 600px) 100vw, 600px\" \/><figcaption id=\"caption-attachment-2418\" class=\"wp-caption-text\">Precio de la m\u00e1quina de procesamiento de cacao en polvo de 300 kg\/h<\/figcaption><\/figure>\n<h3><strong>M\u00e1quina procesadora de cacao en polvo<\/strong><\/h3>\n<p>Podemos personalizar el conjunto completo de m\u00e1quinas de procesamiento de cacao para los clientes de acuerdo a diferentes necesidades, y el precio var\u00eda seg\u00fan las especificaciones de la m\u00e1quina.<\/p>\n<p><strong>1. Limpiador de granos de cacao<\/strong><\/p>\n<p>Solemos utilizar dos tipos de m\u00e1quinas para limpiar las habas de cacao: la eliminadora de piedras y la separadora de metales. El removedor de piedras se utiliza para eliminar impurezas grandes en diversos materiales granulares como s\u00e9samo, soja, cacahuete, semillas de girasol y granos de cacao. El separador de metales se utiliza para eliminar las impurezas met\u00e1licas en los materiales, y tiene las caracter\u00edsticas de operaci\u00f3n simple, mantenimiento conveniente, alta eficiencia y trabajo estable.<\/p>\n<p><strong>2. <a href=\"https:\/\/www.cocoamachinery.com\/es\/product\/cocoa-bean-roasting-machine\/\">Tostadora de granos de cacao<\/a><\/strong><\/p>\n<p>Nuestra empresa ha desarrollado tres tipos de m\u00e1quinas de tostado: m\u00e1quina de tostado de tambor, m\u00e1quina de tostado de cinta y m\u00e1quina integrada de tostado y enfriamiento.<\/p>\n<p>Este art\u00edculo muestra una m\u00e1quina de tostado de cinta de malla, que se compone de un bastidor, una cinta de malla transportadora, un dispositivo de calentamiento y un dispositivo de ciclo t\u00e9rmico. La parte inferior de la cinta de malla de aire caliente de circulaci\u00f3n uniforme en el horno penetra en el material hacia arriba, y luego complementa la energ\u00eda t\u00e9rmica a trav\u00e9s del elemento calefactor. Control autom\u00e1tico de la temperatura, tostado uniforme.<\/p>\n<p><strong>3. M\u00e1quina peladora de granos de cacao<\/strong><\/p>\n<p>Tras tostarse y enfriarse, la piel exterior de los granos de cacao se vuelve quebradiza y, bajo la acci\u00f3n de un pelador, puede pelarse f\u00e1cilmente y romperse en trozos llamados nibs de cacao.<\/p>\n<p>La peladora puede utilizarse para pelar cacao, cacahuetes, etc. La capacidad de producci\u00f3n de la m\u00e1quina puede alcanzar 500kg\/h, y la tasa de pelado puede alcanzar 99%; tiene las ventajas de operaci\u00f3n simple y f\u00e1cil limpieza; baja potencia, ahorro de energ\u00eda y protecci\u00f3n del medio ambiente; resistencia a la corrosi\u00f3n del material, larga vida \u00fatil, etc.<\/p>\n<p><strong>4. M\u00e1quina trituradora de pepitas de cacao<\/strong><\/p>\n<p>Esta m\u00e1quina es adecuada para la molienda de materiales de mayor viscosidad y materiales de part\u00edculas m\u00e1s grandes. Tiene las ventajas de alta eficiencia, capacidad de producci\u00f3n de hasta 8t\/h; alta calidad de los productos acabados, finura de hasta 100mesh; dise\u00f1o simple; alto grado de automatizaci\u00f3n. El licor de cacao resultante es delicado y suave.<\/p>\n<figure id=\"attachment_2419\" aria-describedby=\"caption-attachment-2419\" style=\"width: 600px\" class=\"wp-caption alignnone\"><img decoding=\"async\" class=\"size-full wp-image-2419\" src=\"https:\/\/www.cocoamachinery.com\/wp-content\/uploads\/2022\/09\/3.jpg\" alt=\"Elaboraci\u00f3n de manteca de cacao y cacao en polvo\" width=\"600\" height=\"600\" srcset=\"https:\/\/www.cocoamachinery.com\/wp-content\/uploads\/2022\/09\/3.jpg 600w, https:\/\/www.cocoamachinery.com\/wp-content\/uploads\/2022\/09\/3-300x300.jpg 300w, https:\/\/www.cocoamachinery.com\/wp-content\/uploads\/2022\/09\/3-150x150.jpg 150w, https:\/\/www.cocoamachinery.com\/wp-content\/uploads\/2022\/09\/3-100x100.jpg 100w\" sizes=\"(max-width: 600px) 100vw, 600px\" \/><figcaption id=\"caption-attachment-2419\" class=\"wp-caption-text\">Elaboraci\u00f3n de manteca de cacao y cacao en polvo<\/figcaption><\/figure>\n<p><strong>5. <a href=\"https:\/\/www.cocoamachinery.com\/es\/product\/cocoa-butter-press-machine\/\">M\u00e1quina de prensado de manteca de cacao<\/a><\/strong><\/p>\n<p>La m\u00e1quina utiliza extracci\u00f3n hidr\u00e1ulica de aceite, la temperatura no subir\u00e1 durante el proceso de prensado, y los nutrientes no se destruir\u00e1n. Los productos acabados tras el prensado son manteca de cacao y torta de cacao.<\/p>\n<p><strong>6. M\u00e1quina trituradora de cacao en polvo<\/strong><\/p>\n<p>La torta de cacao producida por la extracci\u00f3n de aceite es muy dura, por lo que es necesario pre-pulverizarla con una trituradora gruesa, y luego ponerla en una m\u00e1quina trituradora ultrafina para la molienda fina. La finura de descarga del polvo de cacao es de 80-120mesh; el dise\u00f1o del equipo es simple, el espacio de suelo es peque\u00f1o; se adopta el colector de polvo de pulso de alta eficiencia, que tiene bajo nivel de ruido y baja tasa de p\u00e9rdida de material; la finura de salida se puede ajustar.<\/p>\n<p><iframe title=\"M\u00e1quina de procesamiento de cacao en polvo - F\u00e1brica de procesamiento de cacao\" width=\"800\" height=\"450\" src=\"https:\/\/www.youtube.com\/embed\/tb5nm_3t1lk?feature=oembed\" frameborder=\"0\" allow=\"accelerometer; autoplay; clipboard-write; encrypted-media; gyroscope; picture-in-picture\" allowfullscreen><\/iframe><\/p>\n<p><strong>\u00a1LONGER se centra en la fabricaci\u00f3n de m\u00e1quinas de procesamiento de alimentos, y puede proporcionar un conjunto completo de cacao en polvo m\u00e1quina de procesamiento y orientaci\u00f3n t\u00e9cnica, p\u00f3ngase en contacto conmigo para preguntar el precio!<\/strong><\/p>\n<p>Correo electr\u00f3nico: serena@machinehall.com<br \/>\nWhatsApp\/M\u00f3vil: +8615515597212<\/p>\n<div role=\"form\" class=\"wpcf7\" id=\"wpcf7-f1985-o1\" lang=\"en-US\" dir=\"ltr\">\n<div class=\"screen-reader-response\"><p role=\"status\" aria-live=\"polite\" aria-atomic=\"true\"><\/p> <ul><\/ul><\/div>\n<form action=\"\/es\/wp-json\/wp\/v2\/product\/2416#wpcf7-f1985-o1\" method=\"post\" class=\"wpcf7-form init\" novalidate=\"novalidate\" data-status=\"init\" data-trp-original-action=\"\/es\/wp-json\/wp\/v2\/product\/2416#wpcf7-f1985-o1\">\n<div style=\"display: none;\">\n<input type=\"hidden\" name=\"_wpcf7\" value=\"1985\" \/>\n<input type=\"hidden\" name=\"_wpcf7_version\" value=\"5.4.1\" \/>\n<input type=\"hidden\" name=\"_wpcf7_locale\" value=\"en_US\" \/>\n<input type=\"hidden\" name=\"_wpcf7_unit_tag\" value=\"wpcf7-f1985-o1\" \/>\n<input type=\"hidden\" name=\"_wpcf7_container_post\" value=\"0\" \/>\n<input type=\"hidden\" name=\"_wpcf7_posted_data_hash\" value=\"\" \/>\n<\/div>\n<div class='formdiv'>\n<span>SOLICITAR PRESUPUESTO<\/span><\/p>\n<p>Rellene este formulario para solicitar informaci\u00f3n. (campos obligatorios*)<\/p>\n<\/div>\n<div class='formdiv-left'><label> Su nombre*<br \/>\n    <span class=\"wpcf7-form-control-wrap your-name\"><input type=\"text\" name=\"your-name\" value=\"\" size=\"40\" class=\"wpcf7-form-control wpcf7-text wpcf7-validates-as-required\" aria-required=\"true\" aria-invalid=\"false\" \/><\/span> <\/label><\/p>\n<p><label> Su correo electr\u00f3nico*<br \/>\n    <span class=\"wpcf7-form-control-wrap your-email\"><input type=\"email\" name=\"your-email\" value=\"\" size=\"40\" class=\"wpcf7-form-control wpcf7-text wpcf7-email wpcf7-validates-as-required wpcf7-validates-as-email\" aria-required=\"true\" aria-invalid=\"false\" \/><\/span> <\/label><\/p>\n<p><label> Su pa\u00eds<br \/>\n    <span class=\"wpcf7-form-control-wrap your-country\"><input type=\"text\" name=\"your-country\" value=\"\" size=\"40\" class=\"wpcf7-form-control wpcf7-text\" aria-invalid=\"false\" \/><\/span> <\/label><\/p>\n<p><label> Tu tel\u00e9fono<br \/>\n    <span class=\"wpcf7-form-control-wrap tel-901\"><input type=\"tel\" name=\"tel-901\" value=\"\" size=\"40\" class=\"wpcf7-form-control wpcf7-text wpcf7-tel wpcf7-validates-as-tel\" aria-invalid=\"false\" \/><\/span> <\/label><\/p>\n<p><label> Nombre de su empresa \/ Sitio web<br \/>\n    <span class=\"wpcf7-form-control-wrap your-company\"><input type=\"text\" name=\"your-company\" value=\"\" size=\"40\" class=\"wpcf7-form-control wpcf7-text\" aria-invalid=\"false\" \/><\/span> <\/label>\n<\/div>\n<div class='formdiv-right'>\n<label> Su mensaje*<br \/>\n    <span class=\"wpcf7-form-control-wrap your-message\"><textarea name=\"your-message\" cols=\"40\" rows=\"10\" class=\"wpcf7-form-control wpcf7-textarea wpcf7-validates-as-required\" aria-required=\"true\" aria-invalid=\"false\"><\/textarea><\/span> <\/label><\/p>\n<p><input type=\"submit\" value=\"Enviar\" class=\"wpcf7-form-control wpcf7-submit\" \/>\n<\/p><\/div>\n<div style='clear:both'><\/div>\n<div class=\"wpcf7-response-output\" aria-hidden=\"true\"><\/div><input type=\"hidden\" name=\"trp-form-language\" value=\"es\"\/><\/form><\/div>\n<p>&nbsp;<\/p>\n<div style='text-align:left' class='yasr-auto-insert-visitor'><\/div>","protected":false},"excerpt":{"rendered":"<p>El juego completo de m\u00e1quina de procesamiento de cacao en polvo incluye un limpiador, un tostador de granos de cacao, una peladora, una trituradora, una prensa de manteca de cacao y un molinillo de cacao en polvo.<\/p>\n<ul>\n<li>Producci\u00f3n continua y automatizada.<\/li>\n<li>Capacidad: 300 kg\/h<\/li>\n<\/ul>","protected":false},"featured_media":2417,"comment_status":"open","ping_status":"closed","template":"","meta":{"yasr_overall_rating":0,"yasr_post_is_review":"","yasr_auto_insert_disabled":"","yasr_review_type":""},"product_cat":[30],"product_tag":[],"class_list":["post-2416","product","type-product","status-publish","has-post-thumbnail","hentry","product_cat-cocoa-solutions"],"yoast_head":"<!-- This site is optimized with the Yoast SEO plugin v20.9 - https:\/\/yoast.com\/wordpress\/plugins\/seo\/ -->\n<title>Full Set Cocoa Powder Processing Machine 300 kg\/h<\/title>\n<meta name=\"description\" content=\"This is a full set of cocoa powder processing machines, including roasting, peeling, grinding, cocoa butter press and powder making machine, etc.\" \/>\n<meta name=\"robots\" content=\"index, follow, max-snippet:-1, max-image-preview:large, max-video-preview:-1\" \/>\n<link rel=\"canonical\" href=\"https:\/\/www.cocoamachinery.com\/es\/product\/cocoa-powder-processing-machine\/\" \/>\n<meta property=\"og:locale\" content=\"es_ES\" \/>\n<meta property=\"og:type\" content=\"article\" \/>\n<meta property=\"og:title\" content=\"Full Set Cocoa Powder Processing Machine 300 kg\/h\" \/>\n<meta property=\"og:description\" content=\"This is a full set of cocoa powder processing machines, including roasting, peeling, grinding, cocoa butter press and powder making machine, etc.\" \/>\n<meta property=\"og:url\" content=\"https:\/\/www.cocoamachinery.com\/es\/product\/cocoa-powder-processing-machine\/\" \/>\n<meta property=\"og:site_name\" content=\"Cocoa Machinery\" \/>\n<meta property=\"article:publisher\" content=\"https:\/\/www.facebook.com\/longernutsmachinery\/\" \/>\n<meta property=\"article:modified_time\" content=\"2025-10-17T01:53:42+00:00\" \/>\n<meta property=\"og:image\" content=\"https:\/\/www.cocoamachinery.com\/wp-content\/uploads\/2022\/09\/1.jpg\" \/>\n\t<meta property=\"og:image:width\" content=\"600\" \/>\n\t<meta property=\"og:image:height\" content=\"600\" \/>\n\t<meta property=\"og:image:type\" content=\"image\/jpeg\" \/>\n<meta name=\"twitter:card\" content=\"summary_large_image\" \/>\n<meta name=\"twitter:site\" content=\"@nutsmachinery\" \/>\n<meta name=\"twitter:label1\" content=\"Tiempo de lectura\" \/>\n\t<meta name=\"twitter:data1\" content=\"3 minutos\" \/>\n<script type=\"application\/ld+json\" class=\"yoast-schema-graph\">{\"@context\":\"https:\/\/schema.org\",\"@graph\":[{\"@type\":\"WebPage\",\"@id\":\"https:\/\/www.cocoamachinery.com\/product\/cocoa-powder-processing-machine\/\",\"url\":\"https:\/\/www.cocoamachinery.com\/product\/cocoa-powder-processing-machine\/\",\"name\":\"Full Set Cocoa Powder Processing Machine 300 kg\/h\",\"isPartOf\":{\"@id\":\"https:\/\/www.cocoamachinery.com\/#website\"},\"datePublished\":\"2022-09-16T04:21:09+00:00\",\"dateModified\":\"2025-10-17T01:53:42+00:00\",\"description\":\"This is a full set of cocoa powder processing machines, including roasting, peeling, grinding, cocoa butter press and powder making machine, etc.\",\"breadcrumb\":{\"@id\":\"https:\/\/www.cocoamachinery.com\/product\/cocoa-powder-processing-machine\/#breadcrumb\"},\"inLanguage\":\"es\",\"potentialAction\":[{\"@type\":\"ReadAction\",\"target\":[\"https:\/\/www.cocoamachinery.com\/product\/cocoa-powder-processing-machine\/\"]}]},{\"@type\":\"BreadcrumbList\",\"@id\":\"https:\/\/www.cocoamachinery.com\/product\/cocoa-powder-processing-machine\/#breadcrumb\",\"itemListElement\":[{\"@type\":\"ListItem\",\"position\":1,\"name\":\"Home\",\"item\":\"https:\/\/www.cocoamachinery.com\/\"},{\"@type\":\"ListItem\",\"position\":2,\"name\":\"Product\",\"item\":\"https:\/\/www.cocoamachinery.com\/product\/\"},{\"@type\":\"ListItem\",\"position\":3,\"name\":\"Full Set Cocoa Powder Processing Machine 300 kg\/h\"}]},{\"@type\":\"WebSite\",\"@id\":\"https:\/\/www.cocoamachinery.com\/#website\",\"url\":\"https:\/\/www.cocoamachinery.com\/\",\"name\":\"Cocoa Machinery\",\"description\":\"Cocoa Processing Solution Provider\",\"publisher\":{\"@id\":\"https:\/\/www.cocoamachinery.com\/#organization\"},\"potentialAction\":[{\"@type\":\"SearchAction\",\"target\":{\"@type\":\"EntryPoint\",\"urlTemplate\":\"https:\/\/www.cocoamachinery.com\/?s={search_term_string}\"},\"query-input\":\"required name=search_term_string\"}],\"inLanguage\":\"es\"},{\"@type\":\"Organization\",\"@id\":\"https:\/\/www.cocoamachinery.com\/#organization\",\"name\":\"Longer Food Machinery\",\"url\":\"https:\/\/www.cocoamachinery.com\/\",\"logo\":{\"@type\":\"ImageObject\",\"inLanguage\":\"es\",\"@id\":\"https:\/\/www.cocoamachinery.com\/#\/schema\/logo\/image\/\",\"url\":\"https:\/\/www.cocoamachinery.com\/wp-content\/uploads\/2024\/08\/Icon-512_512.png\",\"contentUrl\":\"https:\/\/www.cocoamachinery.com\/wp-content\/uploads\/2024\/08\/Icon-512_512.png\",\"width\":512,\"height\":512,\"caption\":\"Longer Food Machinery\"},\"image\":{\"@id\":\"https:\/\/www.cocoamachinery.com\/#\/schema\/logo\/image\/\"},\"sameAs\":[\"https:\/\/www.facebook.com\/longernutsmachinery\/\",\"https:\/\/twitter.com\/nutsmachinery\",\"https:\/\/www.pinterest.com\/nutsmachinery\/\",\"https:\/\/www.linkedin.com\/company\/longer-nuts-machinery\/\",\"https:\/\/www.youtube.com\/c\/NutsMachinery\"]},false]}<\/script>\n<!-- \/ Yoast SEO plugin. -->","yoast_head_json":{"title":"Full Set Cocoa Powder Processing Machine 300 kg\/h","description":"This is a full set of cocoa powder processing machines, including roasting, peeling, grinding, cocoa butter press and powder making machine, etc.","robots":{"index":"index","follow":"follow","max-snippet":"max-snippet:-1","max-image-preview":"max-image-preview:large","max-video-preview":"max-video-preview:-1"},"canonical":"https:\/\/www.cocoamachinery.com\/es\/product\/cocoa-powder-processing-machine\/","og_locale":"es_ES","og_type":"article","og_title":"Full Set Cocoa Powder Processing Machine 300 kg\/h","og_description":"This is a full set of cocoa powder processing machines, including roasting, peeling, grinding, cocoa butter press and powder making machine, etc.","og_url":"https:\/\/www.cocoamachinery.com\/es\/product\/cocoa-powder-processing-machine\/","og_site_name":"Cocoa Machinery","article_publisher":"https:\/\/www.facebook.com\/longernutsmachinery\/","article_modified_time":"2025-10-17T01:53:42+00:00","og_image":[{"width":600,"height":600,"url":"https:\/\/www.cocoamachinery.com\/wp-content\/uploads\/2022\/09\/1.jpg","type":"image\/jpeg"}],"twitter_card":"summary_large_image","twitter_site":"@nutsmachinery","twitter_misc":{"Tiempo de lectura":"3 minutos"},"schema":{"@context":"https:\/\/schema.org","@graph":[{"@type":"WebPage","@id":"https:\/\/www.cocoamachinery.com\/product\/cocoa-powder-processing-machine\/","url":"https:\/\/www.cocoamachinery.com\/product\/cocoa-powder-processing-machine\/","name":"Full Set Cocoa Powder Processing Machine 300 kg\/h","isPartOf":{"@id":"https:\/\/www.cocoamachinery.com\/#website"},"datePublished":"2022-09-16T04:21:09+00:00","dateModified":"2025-10-17T01:53:42+00:00","description":"This is a full set of cocoa powder processing machines, including roasting, peeling, grinding, cocoa butter press and powder making machine, etc.","breadcrumb":{"@id":"https:\/\/www.cocoamachinery.com\/product\/cocoa-powder-processing-machine\/#breadcrumb"},"inLanguage":"es","potentialAction":[{"@type":"ReadAction","target":["https:\/\/www.cocoamachinery.com\/product\/cocoa-powder-processing-machine\/"]}]},{"@type":"BreadcrumbList","@id":"https:\/\/www.cocoamachinery.com\/product\/cocoa-powder-processing-machine\/#breadcrumb","itemListElement":[{"@type":"ListItem","position":1,"name":"Home","item":"https:\/\/www.cocoamachinery.com\/"},{"@type":"ListItem","position":2,"name":"Product","item":"https:\/\/www.cocoamachinery.com\/product\/"},{"@type":"ListItem","position":3,"name":"Full Set Cocoa Powder Processing Machine 300 kg\/h"}]},{"@type":"WebSite","@id":"https:\/\/www.cocoamachinery.com\/#website","url":"https:\/\/www.cocoamachinery.com\/","name":"Cocoa Machinery","description":"Cocoa Processing Solution Provider","publisher":{"@id":"https:\/\/www.cocoamachinery.com\/#organization"},"potentialAction":[{"@type":"SearchAction","target":{"@type":"EntryPoint","urlTemplate":"https:\/\/www.cocoamachinery.com\/?s={search_term_string}"},"query-input":"required name=search_term_string"}],"inLanguage":"es"},{"@type":"Organization","@id":"https:\/\/www.cocoamachinery.com\/#organization","name":"Longer Food Machinery","url":"https:\/\/www.cocoamachinery.com\/","logo":{"@type":"ImageObject","inLanguage":"es","@id":"https:\/\/www.cocoamachinery.com\/#\/schema\/logo\/image\/","url":"https:\/\/www.cocoamachinery.com\/wp-content\/uploads\/2024\/08\/Icon-512_512.png","contentUrl":"https:\/\/www.cocoamachinery.com\/wp-content\/uploads\/2024\/08\/Icon-512_512.png","width":512,"height":512,"caption":"Longer Food Machinery"},"image":{"@id":"https:\/\/www.cocoamachinery.com\/#\/schema\/logo\/image\/"},"sameAs":["https:\/\/www.facebook.com\/longernutsmachinery\/","https:\/\/twitter.com\/nutsmachinery","https:\/\/www.pinterest.com\/nutsmachinery\/","https:\/\/www.linkedin.com\/company\/longer-nuts-machinery\/","https:\/\/www.youtube.com\/c\/NutsMachinery"]},false]}},"yasr_visitor_votes":{"stars_attributes":{"read_only":false,"span_bottom":false},"number_of_votes":2,"sum_votes":10},"_links":{"self":[{"href":"https:\/\/www.cocoamachinery.com\/es\/wp-json\/wp\/v2\/product\/2416","targetHints":{"allow":["GET"]}}],"collection":[{"href":"https:\/\/www.cocoamachinery.com\/es\/wp-json\/wp\/v2\/product"}],"about":[{"href":"https:\/\/www.cocoamachinery.com\/es\/wp-json\/wp\/v2\/types\/product"}],"replies":[{"embeddable":true,"href":"https:\/\/www.cocoamachinery.com\/es\/wp-json\/wp\/v2\/comments?post=2416"}],"version-history":[{"count":5,"href":"https:\/\/www.cocoamachinery.com\/es\/wp-json\/wp\/v2\/product\/2416\/revisions"}],"predecessor-version":[{"id":2424,"href":"https:\/\/www.cocoamachinery.com\/es\/wp-json\/wp\/v2\/product\/2416\/revisions\/2424"}],"wp:featuredmedia":[{"embeddable":true,"href":"https:\/\/www.cocoamachinery.com\/es\/wp-json\/wp\/v2\/media\/2417"}],"wp:attachment":[{"href":"https:\/\/www.cocoamachinery.com\/es\/wp-json\/wp\/v2\/media?parent=2416"}],"wp:term":[{"taxonomy":"product_cat","embeddable":true,"href":"https:\/\/www.cocoamachinery.com\/es\/wp-json\/wp\/v2\/product_cat?post=2416"},{"taxonomy":"product_tag","embeddable":true,"href":"https:\/\/www.cocoamachinery.com\/es\/wp-json\/wp\/v2\/product_tag?post=2416"}],"curies":[{"name":"wp","href":"https:\/\/api.w.org\/{rel}","templated":true}]}}