{"id":2407,"date":"2025-05-02T13:48:09","date_gmt":"2025-05-02T05:48:09","guid":{"rendered":"https:\/\/www.cocoamachinery.com\/?post_type=product&#038;p=2407"},"modified":"2025-10-04T17:00:06","modified_gmt":"2025-10-04T09:00:06","slug":"automatic-cocoa-butter-extraction-machine","status":"publish","type":"product","link":"https:\/\/www.cocoamachinery.com\/es\/product\/automatic-cocoa-butter-extraction-machine\/","title":{"rendered":"M\u00e1quina autom\u00e1tica de extracci\u00f3n de manteca de cacao con control PLC"},"content":{"rendered":"<p>Este<strong> m\u00e1quina autom\u00e1tica de extracci\u00f3n de manteca de cacao<\/strong> es una prensa hidr\u00e1ulica de caja para prensar hidr\u00e1ulicamente pasta de cacao en manteca de cacao y tortas de cacao con diferentes contenidos residuales de manteca de cacao. A continuaci\u00f3n, la torta de cacao se transforma en cacao en polvo. La prensa de aceite de cacao es un equipo importante para la producci\u00f3n de cacao en polvo bajo en grasa. El sistema de control electr\u00f3nico de todo el sistema de prensado adopta un control PLC inteligente y un funcionamiento totalmente autom\u00e1tico.<\/p>\n<h3><strong>Proceso de extracci\u00f3n de la manteca de cacao:<\/strong><\/h3>\n<p>Tostado del grano de cacao - Pelado - Molido - Homogeneizaci\u00f3n del licor de cacao - Alimentaci\u00f3n del licor de cacao por bomba - Prensado en caliente del licor de cacao - Manteca de cacao - Trituraci\u00f3n de la torta de cacao - Cacao en polvo<\/p>\n<figure id=\"attachment_2993\" aria-describedby=\"caption-attachment-2993\" style=\"width: 600px\" class=\"wp-caption alignnone\"><img fetchpriority=\"high\" decoding=\"async\" class=\"wp-image-2993 size-full\" src=\"https:\/\/www.cocoamachinery.com\/wp-content\/uploads\/2025\/05\/5-1.jpg\" alt=\"M\u00e1quina de extracci\u00f3n de manteca de cacao totalmente autom\u00e1tica\" width=\"600\" height=\"600\" srcset=\"https:\/\/www.cocoamachinery.com\/wp-content\/uploads\/2025\/05\/5-1.jpg 600w, https:\/\/www.cocoamachinery.com\/wp-content\/uploads\/2025\/05\/5-1-300x300.jpg 300w, https:\/\/www.cocoamachinery.com\/wp-content\/uploads\/2025\/05\/5-1-150x150.jpg 150w, https:\/\/www.cocoamachinery.com\/wp-content\/uploads\/2025\/05\/5-1-12x12.jpg 12w, https:\/\/www.cocoamachinery.com\/wp-content\/uploads\/2025\/05\/5-1-100x100.jpg 100w\" sizes=\"(max-width: 600px) 100vw, 600px\" \/><figcaption id=\"caption-attachment-2993\" class=\"wp-caption-text\">M\u00e1quina de extracci\u00f3n de manteca de cacao totalmente autom\u00e1tica<\/figcaption><\/figure>\n<h3><strong>Caracter\u00edsticas estructurales de la m\u00e1quina de extracci\u00f3n de manteca de cacao:<\/strong><\/h3>\n<ul>\n<li>El sistema de carga y el sistema de prensado de la prensa hidr\u00e1ulica utilizan cajas de prensado separadas e independientes.<\/li>\n<li>La caja de prensado adopta un m\u00e9todo combinado, y el n\u00famero de cajas de prensado puede seleccionarse libremente de 4 cilindros a 12 cilindros seg\u00fan las necesidades de producci\u00f3n.<\/li>\n<li>La caja de compresi\u00f3n adopta una estructura de filtrado \u00fanica, que puede realizar el filtrado autom\u00e1tico sin utilizar tela filtrante.<\/li>\n<li>El sistema de v\u00e1lvula de la bomba hidr\u00e1ulica utilizada en el sistema hidr\u00e1ulico, la presi\u00f3n de trabajo ultra-alta y el m\u00e9todo \u00fanico de \"aceite de cara final\", la separaci\u00f3n s\u00f3lido-l\u00edquido de los materiales es m\u00e1s completa.<\/li>\n<li>El sistema de control electr\u00f3nico adopta un sistema de control PLC inteligente.<\/li>\n<\/ul>\n<figure id=\"attachment_2992\" aria-describedby=\"caption-attachment-2992\" style=\"width: 600px\" class=\"wp-caption alignnone\"><img decoding=\"async\" class=\"wp-image-2992 size-full\" src=\"https:\/\/www.cocoamachinery.com\/wp-content\/uploads\/2025\/05\/4-1.jpg\" alt=\"M\u00e1quina extractora autom\u00e1tica de manteca de cacao\" width=\"600\" height=\"600\" srcset=\"https:\/\/www.cocoamachinery.com\/wp-content\/uploads\/2025\/05\/4-1.jpg 600w, https:\/\/www.cocoamachinery.com\/wp-content\/uploads\/2025\/05\/4-1-300x300.jpg 300w, https:\/\/www.cocoamachinery.com\/wp-content\/uploads\/2025\/05\/4-1-150x150.jpg 150w, https:\/\/www.cocoamachinery.com\/wp-content\/uploads\/2025\/05\/4-1-12x12.jpg 12w, https:\/\/www.cocoamachinery.com\/wp-content\/uploads\/2025\/05\/4-1-100x100.jpg 100w\" sizes=\"(max-width: 600px) 100vw, 600px\" \/><figcaption id=\"caption-attachment-2992\" class=\"wp-caption-text\">M\u00e1quina extractora autom\u00e1tica de manteca de cacao<\/figcaption><\/figure>\n<h3><strong>Ventajas del extractor autom\u00e1tico de manteca de cacao:<\/strong><\/h3>\n<ul>\n<li>El m\u00e9todo de salida de aceite se ha mejorado a \"salida de aceite por el extremo\", el recorrido de salida de aceite es m\u00e1s corto y la eficiencia de salida de aceite es mayor.<\/li>\n<li>Ultra-alta presi\u00f3n de trabajo: la presi\u00f3n del sistema puede alcanzar hasta 55MPa, y la presi\u00f3n del material puede alcanzar hasta 90MPa, lo que puede realizar la producci\u00f3n de cacao en polvo bajo en grasa.<\/li>\n<li>Filtraci\u00f3n autom\u00e1tica, sin necesidad de utilizar manualmente la tela filtrante y producir manualmente la torta.<\/li>\n<li>El extremo posterior de la m\u00e1quina de extracci\u00f3n de manteca de cacao est\u00e1 equipado con un dispositivo de transporte de torta de descarga, que realiza las funciones de alimentaci\u00f3n, extracci\u00f3n y descarga.<\/li>\n<li>Sistema de control PLC, funcionamiento inteligente y totalmente autom\u00e1tico desde la alimentaci\u00f3n, extracci\u00f3n, descarga y transporte.<\/li>\n<li>Control de prensado programable: Las condiciones de prensado variables se adaptan a tortas de cacao (cacao en polvo) con diferentes contenidos de grasa.<\/li>\n<li>Bomba de pistones radiales de alto rendimiento con proceso de extracci\u00f3n estable.<\/li>\n<li>Ahorro de mano de obra: una sola persona puede manejar varias m\u00e1quinas.<\/li>\n<\/ul>\n<p><iframe title=\"M\u00e1quina de prensado continuo de manteca de cacao M\u00e1quina de fabricaci\u00f3n de manteca de cacao\" width=\"800\" height=\"450\" src=\"https:\/\/www.youtube.com\/embed\/LtJ6r2EMmfo?feature=oembed\" frameborder=\"0\" allow=\"accelerometer; autoplay; clipboard-write; encrypted-media; gyroscope; picture-in-picture; web-share\" referrerpolicy=\"strict-origin-when-cross-origin\" allowfullscreen><\/iframe><\/p>\n<h3><strong>Par\u00e1metros de la m\u00e1quina autom\u00e1tica de extracci\u00f3n de manteca de cacao<\/strong><\/h3>\n<table style=\"height: 197px;\" width=\"1321\">\n<tbody>\n<tr>\n<td width=\"95\">Modelo<\/td>\n<td width=\"54\">CANT. de cilindros (uds.)<\/td>\n<td width=\"80\">Frecuencia de producci\u00f3n (veces\/h)<\/td>\n<td width=\"48\">Capacidad\/d\u00eda<\/p>\n<p>(kg\/24h)<\/td>\n<td width=\"66\">Presi\u00f3n del sistema<\/p>\n<p>(MPa)<\/td>\n<td width=\"82\">Presi\u00f3n sobre el material<\/p>\n<p>(MPa)<\/td>\n<td width=\"86\">Dimensiones<\/p>\n<p>(mm)<\/td>\n<td width=\"53\">Peso (kg)<\/td>\n<\/tr>\n<tr>\n<td width=\"95\">LG-YZYW42-6<\/td>\n<td width=\"54\">6<\/td>\n<td width=\"80\">2-3<\/td>\n<td width=\"48\">5616<\/td>\n<td width=\"66\">55<\/td>\n<td width=\"82\">90<\/td>\n<td width=\"86\">4150*1685*2250<\/td>\n<td width=\"53\">21000<\/td>\n<\/tr>\n<tr>\n<td width=\"95\">LG-YZYW42-8<\/td>\n<td width=\"54\">8<\/td>\n<td width=\"80\">2-3<\/td>\n<td width=\"48\">7488<\/td>\n<td width=\"66\">55<\/td>\n<td width=\"82\">90<\/td>\n<td width=\"86\">5450*1685*2250<\/td>\n<td width=\"53\">25000<\/td>\n<\/tr>\n<tr>\n<td width=\"95\">LG-YZYW42-10<\/td>\n<td width=\"54\">10<\/td>\n<td width=\"80\">2-3<\/td>\n<td width=\"48\">9360<\/td>\n<td width=\"66\">55<\/td>\n<td width=\"82\">90<\/td>\n<td width=\"86\">6350*1685*2250<\/td>\n<td width=\"53\">28000<\/td>\n<\/tr>\n<tr>\n<td width=\"95\">LG-YZYW42-12<\/td>\n<td width=\"54\">12<\/td>\n<td width=\"80\">2-3<\/td>\n<td width=\"48\">11232<\/td>\n<td width=\"66\">55<\/td>\n<td width=\"82\">90<\/td>\n<td width=\"86\">7250*1685*2250<\/td>\n<td width=\"53\">31000<\/td>\n<\/tr>\n<\/tbody>\n<\/table>\n<p>&nbsp;<\/p>\n<div role=\"form\" class=\"wpcf7\" id=\"wpcf7-f1985-o1\" lang=\"en-US\" dir=\"ltr\">\n<div class=\"screen-reader-response\"><p role=\"status\" aria-live=\"polite\" aria-atomic=\"true\"><\/p> <ul><\/ul><\/div>\n<form action=\"\/es\/wp-json\/wp\/v2\/product\/2407#wpcf7-f1985-o1\" method=\"post\" class=\"wpcf7-form init\" novalidate=\"novalidate\" data-status=\"init\" data-trp-original-action=\"\/es\/wp-json\/wp\/v2\/product\/2407#wpcf7-f1985-o1\">\n<div style=\"display: none;\">\n<input type=\"hidden\" name=\"_wpcf7\" value=\"1985\" \/>\n<input type=\"hidden\" name=\"_wpcf7_version\" value=\"5.4.1\" \/>\n<input type=\"hidden\" name=\"_wpcf7_locale\" value=\"en_US\" \/>\n<input type=\"hidden\" name=\"_wpcf7_unit_tag\" value=\"wpcf7-f1985-o1\" \/>\n<input type=\"hidden\" name=\"_wpcf7_container_post\" value=\"0\" \/>\n<input type=\"hidden\" name=\"_wpcf7_posted_data_hash\" value=\"\" \/>\n<\/div>\n<div class='formdiv'>\n<span>SOLICITAR PRESUPUESTO<\/span><\/p>\n<p>Rellene este formulario para solicitar informaci\u00f3n. (campos obligatorios*)<\/p>\n<\/div>\n<div class='formdiv-left'><label> Su nombre*<br \/>\n    <span class=\"wpcf7-form-control-wrap your-name\"><input type=\"text\" name=\"your-name\" value=\"\" size=\"40\" class=\"wpcf7-form-control wpcf7-text wpcf7-validates-as-required\" aria-required=\"true\" aria-invalid=\"false\" \/><\/span> <\/label><\/p>\n<p><label> Su correo electr\u00f3nico*<br \/>\n    <span class=\"wpcf7-form-control-wrap your-email\"><input type=\"email\" name=\"your-email\" value=\"\" size=\"40\" class=\"wpcf7-form-control wpcf7-text wpcf7-email wpcf7-validates-as-required wpcf7-validates-as-email\" aria-required=\"true\" aria-invalid=\"false\" \/><\/span> <\/label><\/p>\n<p><label> Su pa\u00eds<br \/>\n    <span class=\"wpcf7-form-control-wrap your-country\"><input type=\"text\" name=\"your-country\" value=\"\" size=\"40\" class=\"wpcf7-form-control wpcf7-text\" aria-invalid=\"false\" \/><\/span> <\/label><\/p>\n<p><label> Tu tel\u00e9fono<br \/>\n    <span class=\"wpcf7-form-control-wrap tel-901\"><input type=\"tel\" name=\"tel-901\" value=\"\" size=\"40\" class=\"wpcf7-form-control wpcf7-text wpcf7-tel wpcf7-validates-as-tel\" aria-invalid=\"false\" \/><\/span> <\/label><\/p>\n<p><label> Nombre de su empresa \/ Sitio web<br \/>\n    <span class=\"wpcf7-form-control-wrap your-company\"><input type=\"text\" name=\"your-company\" value=\"\" size=\"40\" class=\"wpcf7-form-control wpcf7-text\" aria-invalid=\"false\" \/><\/span> <\/label>\n<\/div>\n<div class='formdiv-right'>\n<label> Su mensaje*<br \/>\n    <span class=\"wpcf7-form-control-wrap your-message\"><textarea name=\"your-message\" cols=\"40\" rows=\"10\" class=\"wpcf7-form-control wpcf7-textarea wpcf7-validates-as-required\" aria-required=\"true\" aria-invalid=\"false\"><\/textarea><\/span> <\/label><\/p>\n<p><input type=\"submit\" value=\"Enviar\" class=\"wpcf7-form-control wpcf7-submit\" \/>\n<\/p><\/div>\n<div style='clear:both'><\/div>\n<div class=\"wpcf7-response-output\" aria-hidden=\"true\"><\/div><input type=\"hidden\" name=\"trp-form-language\" value=\"es\"\/><\/form><\/div>\n<div style='text-align:left' class='yasr-auto-insert-visitor'><\/div>","protected":false},"excerpt":{"rendered":"<p>La m\u00e1quina de extracci\u00f3n de manteca de cacao es una prensa hidr\u00e1ulica de producci\u00f3n totalmente autom\u00e1tica. La prensa de aceite de cacao es un equipo importante para producir cacao en polvo bajo en grasa.<\/p>","protected":false},"featured_media":2410,"comment_status":"open","ping_status":"closed","template":"","meta":{"yasr_overall_rating":4.9000000000000003552713678800500929355621337890625,"yasr_post_is_review":"","yasr_auto_insert_disabled":"","yasr_review_type":""},"product_cat":[51],"product_tag":[],"class_list":["post-2407","product","type-product","status-publish","has-post-thumbnail","hentry","product_cat-cocoa-machines"],"yoast_head":"<!-- This site is optimized with the Yoast SEO plugin v20.9 - https:\/\/yoast.com\/wordpress\/plugins\/seo\/ -->\n<title>Automatic Cocoa Butter Extraction Machine PLC Control<\/title>\n<meta name=\"description\" content=\"This automatic cocoa butter extraction machine is used for hydraulically pressing cocoa paste into cocoa butter and cocoa cakes.\" \/>\n<meta name=\"robots\" content=\"index, follow, max-snippet:-1, max-image-preview:large, max-video-preview:-1\" \/>\n<link rel=\"canonical\" href=\"https:\/\/www.cocoamachinery.com\/es\/product\/automatic-cocoa-butter-extraction-machine\/\" \/>\n<meta property=\"og:locale\" content=\"es_ES\" \/>\n<meta property=\"og:type\" content=\"article\" \/>\n<meta property=\"og:title\" content=\"Automatic Cocoa Butter Extraction Machine PLC Control\" \/>\n<meta property=\"og:description\" content=\"This automatic cocoa butter extraction machine is used for hydraulically pressing cocoa paste into cocoa butter and cocoa cakes.\" \/>\n<meta property=\"og:url\" content=\"https:\/\/www.cocoamachinery.com\/es\/product\/automatic-cocoa-butter-extraction-machine\/\" \/>\n<meta property=\"og:site_name\" content=\"Cocoa Machinery\" \/>\n<meta property=\"article:publisher\" content=\"https:\/\/www.facebook.com\/longernutsmachinery\/\" \/>\n<meta property=\"article:modified_time\" content=\"2025-10-04T09:00:06+00:00\" \/>\n<meta property=\"og:image\" content=\"https:\/\/www.cocoamachinery.com\/wp-content\/uploads\/2022\/08\/1.jpg\" \/>\n\t<meta property=\"og:image:width\" content=\"600\" \/>\n\t<meta property=\"og:image:height\" content=\"600\" \/>\n\t<meta property=\"og:image:type\" content=\"image\/jpeg\" \/>\n<meta name=\"twitter:card\" content=\"summary_large_image\" \/>\n<meta name=\"twitter:site\" content=\"@nutsmachinery\" \/>\n<meta name=\"twitter:label1\" content=\"Tiempo de lectura\" \/>\n\t<meta name=\"twitter:data1\" content=\"3 minutos\" \/>\n<script type=\"application\/ld+json\" class=\"yoast-schema-graph\">{\"@context\":\"https:\/\/schema.org\",\"@graph\":[{\"@type\":\"WebPage\",\"@id\":\"https:\/\/www.cocoamachinery.com\/product\/automatic-cocoa-butter-extraction-machine\/\",\"url\":\"https:\/\/www.cocoamachinery.com\/product\/automatic-cocoa-butter-extraction-machine\/\",\"name\":\"Automatic Cocoa Butter Extraction Machine PLC Control\",\"isPartOf\":{\"@id\":\"https:\/\/www.cocoamachinery.com\/#website\"},\"datePublished\":\"2025-05-02T05:48:09+00:00\",\"dateModified\":\"2025-10-04T09:00:06+00:00\",\"description\":\"This automatic cocoa butter extraction machine is used for hydraulically pressing cocoa paste into cocoa butter and cocoa cakes.\",\"breadcrumb\":{\"@id\":\"https:\/\/www.cocoamachinery.com\/product\/automatic-cocoa-butter-extraction-machine\/#breadcrumb\"},\"inLanguage\":\"es\",\"potentialAction\":[{\"@type\":\"ReadAction\",\"target\":[\"https:\/\/www.cocoamachinery.com\/product\/automatic-cocoa-butter-extraction-machine\/\"]}]},{\"@type\":\"BreadcrumbList\",\"@id\":\"https:\/\/www.cocoamachinery.com\/product\/automatic-cocoa-butter-extraction-machine\/#breadcrumb\",\"itemListElement\":[{\"@type\":\"ListItem\",\"position\":1,\"name\":\"Home\",\"item\":\"https:\/\/www.cocoamachinery.com\/\"},{\"@type\":\"ListItem\",\"position\":2,\"name\":\"Product\",\"item\":\"https:\/\/www.cocoamachinery.com\/product\/\"},{\"@type\":\"ListItem\",\"position\":3,\"name\":\"Automatic Cocoa Butter Extraction Machine PLC Control\"}]},{\"@type\":\"WebSite\",\"@id\":\"https:\/\/www.cocoamachinery.com\/#website\",\"url\":\"https:\/\/www.cocoamachinery.com\/\",\"name\":\"Cocoa Machinery\",\"description\":\"Cocoa Processing Solution Provider\",\"publisher\":{\"@id\":\"https:\/\/www.cocoamachinery.com\/#organization\"},\"potentialAction\":[{\"@type\":\"SearchAction\",\"target\":{\"@type\":\"EntryPoint\",\"urlTemplate\":\"https:\/\/www.cocoamachinery.com\/?s={search_term_string}\"},\"query-input\":\"required name=search_term_string\"}],\"inLanguage\":\"es\"},{\"@type\":\"Organization\",\"@id\":\"https:\/\/www.cocoamachinery.com\/#organization\",\"name\":\"Longer Food Machinery\",\"url\":\"https:\/\/www.cocoamachinery.com\/\",\"logo\":{\"@type\":\"ImageObject\",\"inLanguage\":\"es\",\"@id\":\"https:\/\/www.cocoamachinery.com\/#\/schema\/logo\/image\/\",\"url\":\"https:\/\/www.cocoamachinery.com\/wp-content\/uploads\/2024\/08\/Icon-512_512.png\",\"contentUrl\":\"https:\/\/www.cocoamachinery.com\/wp-content\/uploads\/2024\/08\/Icon-512_512.png\",\"width\":512,\"height\":512,\"caption\":\"Longer Food Machinery\"},\"image\":{\"@id\":\"https:\/\/www.cocoamachinery.com\/#\/schema\/logo\/image\/\"},\"sameAs\":[\"https:\/\/www.facebook.com\/longernutsmachinery\/\",\"https:\/\/twitter.com\/nutsmachinery\",\"https:\/\/www.pinterest.com\/nutsmachinery\/\",\"https:\/\/www.linkedin.com\/company\/longer-nuts-machinery\/\",\"https:\/\/www.youtube.com\/c\/NutsMachinery\"]},false]}<\/script>\n<!-- \/ Yoast SEO plugin. -->","yoast_head_json":{"title":"Automatic Cocoa Butter Extraction Machine PLC Control","description":"This automatic cocoa butter extraction machine is used for hydraulically pressing cocoa paste into cocoa butter and cocoa cakes.","robots":{"index":"index","follow":"follow","max-snippet":"max-snippet:-1","max-image-preview":"max-image-preview:large","max-video-preview":"max-video-preview:-1"},"canonical":"https:\/\/www.cocoamachinery.com\/es\/product\/automatic-cocoa-butter-extraction-machine\/","og_locale":"es_ES","og_type":"article","og_title":"Automatic Cocoa Butter Extraction Machine PLC Control","og_description":"This automatic cocoa butter extraction machine is used for hydraulically pressing cocoa paste into cocoa butter and cocoa cakes.","og_url":"https:\/\/www.cocoamachinery.com\/es\/product\/automatic-cocoa-butter-extraction-machine\/","og_site_name":"Cocoa Machinery","article_publisher":"https:\/\/www.facebook.com\/longernutsmachinery\/","article_modified_time":"2025-10-04T09:00:06+00:00","og_image":[{"width":600,"height":600,"url":"https:\/\/www.cocoamachinery.com\/wp-content\/uploads\/2022\/08\/1.jpg","type":"image\/jpeg"}],"twitter_card":"summary_large_image","twitter_site":"@nutsmachinery","twitter_misc":{"Tiempo de lectura":"3 minutos"},"schema":{"@context":"https:\/\/schema.org","@graph":[{"@type":"WebPage","@id":"https:\/\/www.cocoamachinery.com\/product\/automatic-cocoa-butter-extraction-machine\/","url":"https:\/\/www.cocoamachinery.com\/product\/automatic-cocoa-butter-extraction-machine\/","name":"Automatic Cocoa Butter Extraction Machine PLC Control","isPartOf":{"@id":"https:\/\/www.cocoamachinery.com\/#website"},"datePublished":"2025-05-02T05:48:09+00:00","dateModified":"2025-10-04T09:00:06+00:00","description":"This automatic cocoa butter extraction machine is used for hydraulically pressing cocoa paste into cocoa butter and cocoa cakes.","breadcrumb":{"@id":"https:\/\/www.cocoamachinery.com\/product\/automatic-cocoa-butter-extraction-machine\/#breadcrumb"},"inLanguage":"es","potentialAction":[{"@type":"ReadAction","target":["https:\/\/www.cocoamachinery.com\/product\/automatic-cocoa-butter-extraction-machine\/"]}]},{"@type":"BreadcrumbList","@id":"https:\/\/www.cocoamachinery.com\/product\/automatic-cocoa-butter-extraction-machine\/#breadcrumb","itemListElement":[{"@type":"ListItem","position":1,"name":"Home","item":"https:\/\/www.cocoamachinery.com\/"},{"@type":"ListItem","position":2,"name":"Product","item":"https:\/\/www.cocoamachinery.com\/product\/"},{"@type":"ListItem","position":3,"name":"Automatic Cocoa Butter Extraction Machine PLC Control"}]},{"@type":"WebSite","@id":"https:\/\/www.cocoamachinery.com\/#website","url":"https:\/\/www.cocoamachinery.com\/","name":"Cocoa Machinery","description":"Cocoa Processing Solution Provider","publisher":{"@id":"https:\/\/www.cocoamachinery.com\/#organization"},"potentialAction":[{"@type":"SearchAction","target":{"@type":"EntryPoint","urlTemplate":"https:\/\/www.cocoamachinery.com\/?s={search_term_string}"},"query-input":"required name=search_term_string"}],"inLanguage":"es"},{"@type":"Organization","@id":"https:\/\/www.cocoamachinery.com\/#organization","name":"Longer Food Machinery","url":"https:\/\/www.cocoamachinery.com\/","logo":{"@type":"ImageObject","inLanguage":"es","@id":"https:\/\/www.cocoamachinery.com\/#\/schema\/logo\/image\/","url":"https:\/\/www.cocoamachinery.com\/wp-content\/uploads\/2024\/08\/Icon-512_512.png","contentUrl":"https:\/\/www.cocoamachinery.com\/wp-content\/uploads\/2024\/08\/Icon-512_512.png","width":512,"height":512,"caption":"Longer Food Machinery"},"image":{"@id":"https:\/\/www.cocoamachinery.com\/#\/schema\/logo\/image\/"},"sameAs":["https:\/\/www.facebook.com\/longernutsmachinery\/","https:\/\/twitter.com\/nutsmachinery","https:\/\/www.pinterest.com\/nutsmachinery\/","https:\/\/www.linkedin.com\/company\/longer-nuts-machinery\/","https:\/\/www.youtube.com\/c\/NutsMachinery"]},false]}},"yasr_visitor_votes":{"stars_attributes":{"read_only":false,"span_bottom":false},"number_of_votes":2,"sum_votes":10},"_links":{"self":[{"href":"https:\/\/www.cocoamachinery.com\/es\/wp-json\/wp\/v2\/product\/2407","targetHints":{"allow":["GET"]}}],"collection":[{"href":"https:\/\/www.cocoamachinery.com\/es\/wp-json\/wp\/v2\/product"}],"about":[{"href":"https:\/\/www.cocoamachinery.com\/es\/wp-json\/wp\/v2\/types\/product"}],"replies":[{"embeddable":true,"href":"https:\/\/www.cocoamachinery.com\/es\/wp-json\/wp\/v2\/comments?post=2407"}],"version-history":[{"count":6,"href":"https:\/\/www.cocoamachinery.com\/es\/wp-json\/wp\/v2\/product\/2407\/revisions"}],"predecessor-version":[{"id":2994,"href":"https:\/\/www.cocoamachinery.com\/es\/wp-json\/wp\/v2\/product\/2407\/revisions\/2994"}],"wp:featuredmedia":[{"embeddable":true,"href":"https:\/\/www.cocoamachinery.com\/es\/wp-json\/wp\/v2\/media\/2410"}],"wp:attachment":[{"href":"https:\/\/www.cocoamachinery.com\/es\/wp-json\/wp\/v2\/media?parent=2407"}],"wp:term":[{"taxonomy":"product_cat","embeddable":true,"href":"https:\/\/www.cocoamachinery.com\/es\/wp-json\/wp\/v2\/product_cat?post=2407"},{"taxonomy":"product_tag","embeddable":true,"href":"https:\/\/www.cocoamachinery.com\/es\/wp-json\/wp\/v2\/product_tag?post=2407"}],"curies":[{"name":"wp","href":"https:\/\/api.w.org\/{rel}","templated":true}]}}