{"id":2111,"date":"2022-04-13T07:17:05","date_gmt":"2022-04-13T07:17:05","guid":{"rendered":"https:\/\/www.cocoamachinery.com\/?post_type=product&#038;p=2111"},"modified":"2025-10-17T09:53:44","modified_gmt":"2025-10-17T01:53:44","slug":"cocoa-powder-production-line","status":"publish","type":"product","link":"https:\/\/www.cocoamachinery.com\/es\/product\/cocoa-powder-production-line\/","title":{"rendered":"L\u00ednea de producci\u00f3n de cacao en polvo de la A a la Z"},"content":{"rendered":"<p>Este <strong>l\u00ednea de producci\u00f3n de cacao en polvo<\/strong> puede completar el procesamiento de los granos de cacao de la A a la Z, produciendo nibs de cacao natural, manteca de cacao, cacao en polvo y mucho m\u00e1s. La tecnolog\u00eda es madura, el equipo funciona de forma estable y fiable.<\/p>\n<p>Le ofrecemos l\u00edneas de procesamiento de cacao personalizadas seg\u00fan sus necesidades.<\/p>\n<p><strong><b>Proceso de producci\u00f3n del cacao en polvo: <\/b><\/strong>cacao en grano - deshuesado - tostado - pelado (pepitas de cacao) - recolecci\u00f3n - molienda (licor de cacao) - prensado de aceite (manteca de cacao) - trituraci\u00f3n (cacao en polvo) - envasado<\/p>\n<figure id=\"attachment_2116\" aria-describedby=\"caption-attachment-2116\" style=\"width: 600px\" class=\"wp-caption alignnone\"><img fetchpriority=\"high\" decoding=\"async\" class=\"wp-image-2116 size-full\" src=\"https:\/\/www.cocoamachinery.com\/wp-content\/uploads\/2022\/04\/3.jpg\" alt=\"L\u00ednea de producci\u00f3n de cacao en polvo de la A a la Z\" width=\"600\" height=\"600\" srcset=\"https:\/\/www.cocoamachinery.com\/wp-content\/uploads\/2022\/04\/3.jpg 600w, https:\/\/www.cocoamachinery.com\/wp-content\/uploads\/2022\/04\/3-300x300.jpg 300w, https:\/\/www.cocoamachinery.com\/wp-content\/uploads\/2022\/04\/3-150x150.jpg 150w, https:\/\/www.cocoamachinery.com\/wp-content\/uploads\/2022\/04\/3-100x100.jpg 100w\" sizes=\"(max-width: 600px) 100vw, 600px\" \/><figcaption id=\"caption-attachment-2116\" class=\"wp-caption-text\">L\u00ednea de producci\u00f3n de cacao en polvo de la A a la Z<\/figcaption><\/figure>\n<h3><strong>Introducci\u00f3n de la l\u00ednea de procesamiento de cacao en polvo:<\/strong><\/h3>\n<ol>\n<li><strong>M\u00e1quina limpiadora de granos de cacao<\/strong><\/li>\n<\/ol>\n<p>Se trata de una deshuesadora de gravedad espec\u00edfica de tipo succi\u00f3n, que puede eliminar algunas impurezas pesadas como arena, grava y sedimentos mezclados en el proceso de recolecci\u00f3n y secado de los granos de cacao.<\/p>\n<ol start=\"2\">\n<li><strong>M\u00e1quina tostadora y enfriadora de cacao<\/strong><\/li>\n<\/ol>\n<p>Despu\u00e9s de tostar las habas de cacao a una temperatura de unos 120 \u00b0C, el \u00e1cido libre natural y los az\u00facares reductores del componente del cacao pueden sufrir una reacci\u00f3n de Maillard para formar un aroma encantador.<\/p>\n<p>El equipo de tostado tiene funciones de tostado y enfriamiento. La parte de tostado intercambia energ\u00eda t\u00e9rmica con el material a trav\u00e9s del aire caliente que pasa por la capa de material para lograr un tostado de alta calidad; la parte de enfriamiento consigue un enfriamiento r\u00e1pido de los granos de cacao.<\/p>\n<ol start=\"3\">\n<li><strong>Rompedora y aventadora de granos de cacao<\/strong><\/li>\n<\/ol>\n<p>La piel de los granos de cacao tostados se vuelve dura y crujiente y es f\u00e1cil de quitar. Con este equipo dedicado al pelado de granos de cacao, la tasa de pelado es superior a 95%. Despu\u00e9s de quitar las c\u00e1scaras de los granos de cacao, se obtienen los nibs de cacao.<\/p>\n<ol start=\"4\">\n<li><strong>M\u00e1quina trituradora de pepitas de cacao<\/strong><\/li>\n<\/ol>\n<p>Utilizamos este molino coloidal para moler pepitas de cacao. En el proceso de molienda de salsa, las grandes part\u00edculas de migas de cacao se convertir\u00e1n en part\u00edculas de s\u00f3lo unos 0,15 mm bajo el cizallamiento de alta velocidad y la fricci\u00f3n del rotor de molienda coloidal, que es m\u00e1s propicio para la extracci\u00f3n de manteca de cacao.<\/p>\n<ol start=\"5\">\n<li><strong>M\u00e1quina de prensado de manteca de cacao<\/strong><\/li>\n<\/ol>\n<p>El uso de materiales especiales para equipos de alta tensi\u00f3n, es durable. La presi\u00f3n de la prensa de aceite adopta el control autom\u00e1tico para realizar el prensado autom\u00e1tico por lotes, y la presi\u00f3n se puede ajustar de acuerdo a las necesidades.<\/p>\n<ol start=\"6\">\n<li><strong>M\u00e1quina trituradora de cacao en polvo<\/strong><\/li>\n<\/ol>\n<p>La m\u00e1quina funciona suavemente y tiene un buen efecto de trituraci\u00f3n, y el cacao en polvo puede descargarse directamente de la c\u00e1mara de molienda de la m\u00e1quina principal. La finura del cacao en polvo se obtiene sustituyendo los tamices de malla con diferentes aberturas, y la m\u00e1quina es toda de acero inoxidable.<\/p>\n<figure id=\"attachment_2117\" aria-describedby=\"caption-attachment-2117\" style=\"width: 600px\" class=\"wp-caption alignnone\"><img decoding=\"async\" class=\"wp-image-2117 size-full\" src=\"https:\/\/www.cocoamachinery.com\/wp-content\/uploads\/2022\/04\/2.jpg\" alt=\"F\u00e1brica de l\u00ednea de producci\u00f3n de cacao en polvo\" width=\"600\" height=\"600\" srcset=\"https:\/\/www.cocoamachinery.com\/wp-content\/uploads\/2022\/04\/2.jpg 600w, https:\/\/www.cocoamachinery.com\/wp-content\/uploads\/2022\/04\/2-300x300.jpg 300w, https:\/\/www.cocoamachinery.com\/wp-content\/uploads\/2022\/04\/2-150x150.jpg 150w, https:\/\/www.cocoamachinery.com\/wp-content\/uploads\/2022\/04\/2-100x100.jpg 100w\" sizes=\"(max-width: 600px) 100vw, 600px\" \/><figcaption id=\"caption-attachment-2117\" class=\"wp-caption-text\">F\u00e1brica de l\u00ednea de producci\u00f3n de cacao en polvo<\/figcaption><\/figure>\n<h3><strong><b>Ventajas de la l\u00ednea de producci\u00f3n autom\u00e1tica de cacao en polvo<\/b><\/strong><\/h3>\n<ul>\n<li>Producci\u00f3n altamente automatizada, que reduce los costes de mano de obra y mejora la eficacia de la producci\u00f3n.<\/li>\n<li>El tostado a temperatura constante garantiza el mejor sabor del cacao: el equipo de tostado adopta un control de temperatura inteligente y preciso con termostato y sensor de temperatura, y la temperatura de control se mantiene siempre dentro de un rango estable.<\/li>\n<li>Todas las piezas en contacto con alimentos para cacao son de acero inoxidable, que cumple las normas de producci\u00f3n de alimentos. Acero inoxidable 304 y 201 disponible.<\/li>\n<li>La capacidad de producci\u00f3n es diversa, desde 200 kg\/h hasta 2000 kg\/h, y los usuarios pueden elegir libremente la escala de producci\u00f3n.<\/li>\n<\/ul>\n<p><iframe title=\"Reproductor de v\u00eddeo YouTube\" src=\"https:\/\/www.youtube.com\/embed\/vxPMIJagTaU\" width=\"560\" height=\"315\" frameborder=\"0\" allowfullscreen=\"allowfullscreen\"><\/iframe><\/p>\n<div role=\"form\" class=\"wpcf7\" id=\"wpcf7-f1985-o1\" lang=\"en-US\" dir=\"ltr\">\n<div class=\"screen-reader-response\"><p role=\"status\" aria-live=\"polite\" aria-atomic=\"true\"><\/p> <ul><\/ul><\/div>\n<form action=\"\/es\/wp-json\/wp\/v2\/product\/2111#wpcf7-f1985-o1\" method=\"post\" class=\"wpcf7-form init\" novalidate=\"novalidate\" data-status=\"init\" data-trp-original-action=\"\/es\/wp-json\/wp\/v2\/product\/2111#wpcf7-f1985-o1\">\n<div style=\"display: none;\">\n<input type=\"hidden\" name=\"_wpcf7\" value=\"1985\" \/>\n<input type=\"hidden\" name=\"_wpcf7_version\" value=\"5.4.1\" \/>\n<input type=\"hidden\" name=\"_wpcf7_locale\" value=\"en_US\" \/>\n<input type=\"hidden\" name=\"_wpcf7_unit_tag\" value=\"wpcf7-f1985-o1\" \/>\n<input type=\"hidden\" name=\"_wpcf7_container_post\" value=\"0\" \/>\n<input type=\"hidden\" name=\"_wpcf7_posted_data_hash\" value=\"\" \/>\n<\/div>\n<div class='formdiv'>\n<span>SOLICITAR PRESUPUESTO<\/span><\/p>\n<p>Rellene este formulario para solicitar informaci\u00f3n. (campos obligatorios*)<\/p>\n<\/div>\n<div class='formdiv-left'><label> Su nombre*<br \/>\n    <span class=\"wpcf7-form-control-wrap your-name\"><input type=\"text\" name=\"your-name\" value=\"\" size=\"40\" class=\"wpcf7-form-control wpcf7-text wpcf7-validates-as-required\" aria-required=\"true\" aria-invalid=\"false\" \/><\/span> <\/label><\/p>\n<p><label> Su correo electr\u00f3nico*<br \/>\n    <span class=\"wpcf7-form-control-wrap your-email\"><input type=\"email\" name=\"your-email\" value=\"\" size=\"40\" class=\"wpcf7-form-control wpcf7-text wpcf7-email wpcf7-validates-as-required wpcf7-validates-as-email\" aria-required=\"true\" aria-invalid=\"false\" \/><\/span> <\/label><\/p>\n<p><label> Su pa\u00eds<br \/>\n    <span class=\"wpcf7-form-control-wrap your-country\"><input type=\"text\" name=\"your-country\" value=\"\" size=\"40\" class=\"wpcf7-form-control wpcf7-text\" aria-invalid=\"false\" \/><\/span> <\/label><\/p>\n<p><label> Tu tel\u00e9fono<br \/>\n    <span class=\"wpcf7-form-control-wrap tel-901\"><input type=\"tel\" name=\"tel-901\" value=\"\" size=\"40\" class=\"wpcf7-form-control wpcf7-text wpcf7-tel wpcf7-validates-as-tel\" aria-invalid=\"false\" \/><\/span> <\/label><\/p>\n<p><label> Nombre de su empresa \/ Sitio web<br \/>\n    <span class=\"wpcf7-form-control-wrap your-company\"><input type=\"text\" name=\"your-company\" value=\"\" size=\"40\" class=\"wpcf7-form-control wpcf7-text\" aria-invalid=\"false\" \/><\/span> <\/label>\n<\/div>\n<div class='formdiv-right'>\n<label> Su mensaje*<br \/>\n    <span class=\"wpcf7-form-control-wrap your-message\"><textarea name=\"your-message\" cols=\"40\" rows=\"10\" class=\"wpcf7-form-control wpcf7-textarea wpcf7-validates-as-required\" aria-required=\"true\" aria-invalid=\"false\"><\/textarea><\/span> <\/label><\/p>\n<p><input type=\"submit\" value=\"Enviar\" class=\"wpcf7-form-control wpcf7-submit\" \/>\n<\/p><\/div>\n<div style='clear:both'><\/div>\n<div class=\"wpcf7-response-output\" aria-hidden=\"true\"><\/div><input type=\"hidden\" name=\"trp-form-language\" value=\"es\"\/><\/form><\/div>\n<div style='text-align:left' class='yasr-auto-insert-visitor'><\/div>","protected":false},"excerpt":{"rendered":"<p>Esta l\u00ednea de producci\u00f3n de cacao en polvo completa el proceso de limpieza, tostado, pelado, molido de salsa, prensado de aceite y fabricaci\u00f3n de cacao en polvo.<\/p>\n<ul>\n<li>Productos del cacao: nibs de cacao, licor de cacao, manteca de cacao, cacao en polvo<\/li>\n<li>Capacidad: 200-2000 kg\/h<\/li>\n<li>Personalizaci\u00f3n: s\u00ed<\/li>\n<\/ul>","protected":false},"featured_media":2113,"comment_status":"open","ping_status":"closed","template":"","meta":{"yasr_overall_rating":0,"yasr_post_is_review":"","yasr_auto_insert_disabled":"","yasr_review_type":""},"product_cat":[30],"product_tag":[],"class_list":["post-2111","product","type-product","status-publish","has-post-thumbnail","hentry","product_cat-cocoa-solutions"],"yoast_head":"<!-- This site is optimized with the Yoast SEO plugin v20.9 - https:\/\/yoast.com\/wordpress\/plugins\/seo\/ -->\n<title>Cocoa Powder Production Line from A to Z - Cocoa Machinery<\/title>\n<meta name=\"description\" content=\"This cocoa powder production line is used to produce cocoa nibs, cocoa butter, cocoa liquor and more. Mature technology, can be customized.\" \/>\n<meta name=\"robots\" content=\"index, follow, max-snippet:-1, max-image-preview:large, max-video-preview:-1\" \/>\n<link rel=\"canonical\" href=\"https:\/\/www.cocoamachinery.com\/es\/product\/cocoa-powder-production-line\/\" \/>\n<meta property=\"og:locale\" content=\"es_ES\" \/>\n<meta property=\"og:type\" content=\"article\" \/>\n<meta property=\"og:title\" content=\"Cocoa Powder Production Line from A to Z - Cocoa Machinery\" \/>\n<meta property=\"og:description\" content=\"This cocoa powder production line is used to produce cocoa nibs, cocoa butter, cocoa liquor and more. Mature technology, can be customized.\" \/>\n<meta property=\"og:url\" content=\"https:\/\/www.cocoamachinery.com\/es\/product\/cocoa-powder-production-line\/\" \/>\n<meta property=\"og:site_name\" content=\"Cocoa Machinery\" \/>\n<meta property=\"article:publisher\" content=\"https:\/\/www.facebook.com\/longernutsmachinery\/\" \/>\n<meta property=\"article:modified_time\" content=\"2025-10-17T01:53:44+00:00\" \/>\n<meta property=\"og:image\" content=\"https:\/\/www.cocoamachinery.com\/wp-content\/uploads\/2022\/04\/1.jpg\" \/>\n\t<meta property=\"og:image:width\" content=\"600\" \/>\n\t<meta property=\"og:image:height\" content=\"600\" \/>\n\t<meta property=\"og:image:type\" content=\"image\/jpeg\" \/>\n<meta name=\"twitter:card\" content=\"summary_large_image\" \/>\n<meta name=\"twitter:site\" content=\"@nutsmachinery\" \/>\n<meta name=\"twitter:label1\" content=\"Tiempo de lectura\" \/>\n\t<meta name=\"twitter:data1\" content=\"3 minutos\" \/>\n<script type=\"application\/ld+json\" class=\"yoast-schema-graph\">{\"@context\":\"https:\/\/schema.org\",\"@graph\":[{\"@type\":\"WebPage\",\"@id\":\"https:\/\/www.cocoamachinery.com\/product\/cocoa-powder-production-line\/\",\"url\":\"https:\/\/www.cocoamachinery.com\/product\/cocoa-powder-production-line\/\",\"name\":\"Cocoa Powder Production Line from A to Z - Cocoa Machinery\",\"isPartOf\":{\"@id\":\"https:\/\/www.cocoamachinery.com\/#website\"},\"datePublished\":\"2022-04-13T07:17:05+00:00\",\"dateModified\":\"2025-10-17T01:53:44+00:00\",\"description\":\"This cocoa powder production line is used to produce cocoa nibs, cocoa butter, cocoa liquor and more. Mature technology, can be customized.\",\"breadcrumb\":{\"@id\":\"https:\/\/www.cocoamachinery.com\/product\/cocoa-powder-production-line\/#breadcrumb\"},\"inLanguage\":\"es\",\"potentialAction\":[{\"@type\":\"ReadAction\",\"target\":[\"https:\/\/www.cocoamachinery.com\/product\/cocoa-powder-production-line\/\"]}]},{\"@type\":\"BreadcrumbList\",\"@id\":\"https:\/\/www.cocoamachinery.com\/product\/cocoa-powder-production-line\/#breadcrumb\",\"itemListElement\":[{\"@type\":\"ListItem\",\"position\":1,\"name\":\"Home\",\"item\":\"https:\/\/www.cocoamachinery.com\/\"},{\"@type\":\"ListItem\",\"position\":2,\"name\":\"Product\",\"item\":\"https:\/\/www.cocoamachinery.com\/product\/\"},{\"@type\":\"ListItem\",\"position\":3,\"name\":\"Cocoa Powder Production Line from A to Z\"}]},{\"@type\":\"WebSite\",\"@id\":\"https:\/\/www.cocoamachinery.com\/#website\",\"url\":\"https:\/\/www.cocoamachinery.com\/\",\"name\":\"Cocoa Machinery\",\"description\":\"Cocoa Processing Solution Provider\",\"publisher\":{\"@id\":\"https:\/\/www.cocoamachinery.com\/#organization\"},\"potentialAction\":[{\"@type\":\"SearchAction\",\"target\":{\"@type\":\"EntryPoint\",\"urlTemplate\":\"https:\/\/www.cocoamachinery.com\/?s={search_term_string}\"},\"query-input\":\"required name=search_term_string\"}],\"inLanguage\":\"es\"},{\"@type\":\"Organization\",\"@id\":\"https:\/\/www.cocoamachinery.com\/#organization\",\"name\":\"Longer Food Machinery\",\"url\":\"https:\/\/www.cocoamachinery.com\/\",\"logo\":{\"@type\":\"ImageObject\",\"inLanguage\":\"es\",\"@id\":\"https:\/\/www.cocoamachinery.com\/#\/schema\/logo\/image\/\",\"url\":\"https:\/\/www.cocoamachinery.com\/wp-content\/uploads\/2024\/08\/Icon-512_512.png\",\"contentUrl\":\"https:\/\/www.cocoamachinery.com\/wp-content\/uploads\/2024\/08\/Icon-512_512.png\",\"width\":512,\"height\":512,\"caption\":\"Longer Food Machinery\"},\"image\":{\"@id\":\"https:\/\/www.cocoamachinery.com\/#\/schema\/logo\/image\/\"},\"sameAs\":[\"https:\/\/www.facebook.com\/longernutsmachinery\/\",\"https:\/\/twitter.com\/nutsmachinery\",\"https:\/\/www.pinterest.com\/nutsmachinery\/\",\"https:\/\/www.linkedin.com\/company\/longer-nuts-machinery\/\",\"https:\/\/www.youtube.com\/c\/NutsMachinery\"]},false]}<\/script>\n<!-- \/ Yoast SEO plugin. -->","yoast_head_json":{"title":"Cocoa Powder Production Line from A to Z - Cocoa Machinery","description":"This cocoa powder production line is used to produce cocoa nibs, cocoa butter, cocoa liquor and more. Mature technology, can be customized.","robots":{"index":"index","follow":"follow","max-snippet":"max-snippet:-1","max-image-preview":"max-image-preview:large","max-video-preview":"max-video-preview:-1"},"canonical":"https:\/\/www.cocoamachinery.com\/es\/product\/cocoa-powder-production-line\/","og_locale":"es_ES","og_type":"article","og_title":"Cocoa Powder Production Line from A to Z - Cocoa Machinery","og_description":"This cocoa powder production line is used to produce cocoa nibs, cocoa butter, cocoa liquor and more. Mature technology, can be customized.","og_url":"https:\/\/www.cocoamachinery.com\/es\/product\/cocoa-powder-production-line\/","og_site_name":"Cocoa Machinery","article_publisher":"https:\/\/www.facebook.com\/longernutsmachinery\/","article_modified_time":"2025-10-17T01:53:44+00:00","og_image":[{"width":600,"height":600,"url":"https:\/\/www.cocoamachinery.com\/wp-content\/uploads\/2022\/04\/1.jpg","type":"image\/jpeg"}],"twitter_card":"summary_large_image","twitter_site":"@nutsmachinery","twitter_misc":{"Tiempo de lectura":"3 minutos"},"schema":{"@context":"https:\/\/schema.org","@graph":[{"@type":"WebPage","@id":"https:\/\/www.cocoamachinery.com\/product\/cocoa-powder-production-line\/","url":"https:\/\/www.cocoamachinery.com\/product\/cocoa-powder-production-line\/","name":"Cocoa Powder Production Line from A to Z - Cocoa Machinery","isPartOf":{"@id":"https:\/\/www.cocoamachinery.com\/#website"},"datePublished":"2022-04-13T07:17:05+00:00","dateModified":"2025-10-17T01:53:44+00:00","description":"This cocoa powder production line is used to produce cocoa nibs, cocoa butter, cocoa liquor and more. Mature technology, can be customized.","breadcrumb":{"@id":"https:\/\/www.cocoamachinery.com\/product\/cocoa-powder-production-line\/#breadcrumb"},"inLanguage":"es","potentialAction":[{"@type":"ReadAction","target":["https:\/\/www.cocoamachinery.com\/product\/cocoa-powder-production-line\/"]}]},{"@type":"BreadcrumbList","@id":"https:\/\/www.cocoamachinery.com\/product\/cocoa-powder-production-line\/#breadcrumb","itemListElement":[{"@type":"ListItem","position":1,"name":"Home","item":"https:\/\/www.cocoamachinery.com\/"},{"@type":"ListItem","position":2,"name":"Product","item":"https:\/\/www.cocoamachinery.com\/product\/"},{"@type":"ListItem","position":3,"name":"Cocoa Powder Production Line from A to Z"}]},{"@type":"WebSite","@id":"https:\/\/www.cocoamachinery.com\/#website","url":"https:\/\/www.cocoamachinery.com\/","name":"Cocoa Machinery","description":"Cocoa Processing Solution Provider","publisher":{"@id":"https:\/\/www.cocoamachinery.com\/#organization"},"potentialAction":[{"@type":"SearchAction","target":{"@type":"EntryPoint","urlTemplate":"https:\/\/www.cocoamachinery.com\/?s={search_term_string}"},"query-input":"required name=search_term_string"}],"inLanguage":"es"},{"@type":"Organization","@id":"https:\/\/www.cocoamachinery.com\/#organization","name":"Longer Food Machinery","url":"https:\/\/www.cocoamachinery.com\/","logo":{"@type":"ImageObject","inLanguage":"es","@id":"https:\/\/www.cocoamachinery.com\/#\/schema\/logo\/image\/","url":"https:\/\/www.cocoamachinery.com\/wp-content\/uploads\/2024\/08\/Icon-512_512.png","contentUrl":"https:\/\/www.cocoamachinery.com\/wp-content\/uploads\/2024\/08\/Icon-512_512.png","width":512,"height":512,"caption":"Longer Food Machinery"},"image":{"@id":"https:\/\/www.cocoamachinery.com\/#\/schema\/logo\/image\/"},"sameAs":["https:\/\/www.facebook.com\/longernutsmachinery\/","https:\/\/twitter.com\/nutsmachinery","https:\/\/www.pinterest.com\/nutsmachinery\/","https:\/\/www.linkedin.com\/company\/longer-nuts-machinery\/","https:\/\/www.youtube.com\/c\/NutsMachinery"]},false]}},"yasr_visitor_votes":{"stars_attributes":{"read_only":false,"span_bottom":false},"number_of_votes":3,"sum_votes":14},"_links":{"self":[{"href":"https:\/\/www.cocoamachinery.com\/es\/wp-json\/wp\/v2\/product\/2111","targetHints":{"allow":["GET"]}}],"collection":[{"href":"https:\/\/www.cocoamachinery.com\/es\/wp-json\/wp\/v2\/product"}],"about":[{"href":"https:\/\/www.cocoamachinery.com\/es\/wp-json\/wp\/v2\/types\/product"}],"replies":[{"embeddable":true,"href":"https:\/\/www.cocoamachinery.com\/es\/wp-json\/wp\/v2\/comments?post=2111"}],"version-history":[{"count":5,"href":"https:\/\/www.cocoamachinery.com\/es\/wp-json\/wp\/v2\/product\/2111\/revisions"}],"predecessor-version":[{"id":2120,"href":"https:\/\/www.cocoamachinery.com\/es\/wp-json\/wp\/v2\/product\/2111\/revisions\/2120"}],"wp:featuredmedia":[{"embeddable":true,"href":"https:\/\/www.cocoamachinery.com\/es\/wp-json\/wp\/v2\/media\/2113"}],"wp:attachment":[{"href":"https:\/\/www.cocoamachinery.com\/es\/wp-json\/wp\/v2\/media?parent=2111"}],"wp:term":[{"taxonomy":"product_cat","embeddable":true,"href":"https:\/\/www.cocoamachinery.com\/es\/wp-json\/wp\/v2\/product_cat?post=2111"},{"taxonomy":"product_tag","embeddable":true,"href":"https:\/\/www.cocoamachinery.com\/es\/wp-json\/wp\/v2\/product_tag?post=2111"}],"curies":[{"name":"wp","href":"https:\/\/api.w.org\/{rel}","templated":true}]}}