{"id":1741,"date":"2022-03-16T09:27:05","date_gmt":"2022-03-16T09:27:05","guid":{"rendered":"https:\/\/www.cocoamachinery.com\/?post_type=product&#038;p=1741"},"modified":"2026-03-07T23:03:16","modified_gmt":"2026-03-07T15:03:16","slug":"cocoa-powder-filling-sealing-machine","status":"publish","type":"product","link":"https:\/\/www.cocoamachinery.com\/es\/product\/cocoa-powder-filling-sealing-machine\/","title":{"rendered":"M\u00e1quina llenadora y selladora de bolsas de cacao en polvo 10-50KG"},"content":{"rendered":"<p>Este <strong>m\u00e1quina llenadora de cacao en polvo<\/strong> es una envasadora autom\u00e1tica inteligente que envasa cacao en polvo en bolsas grandes. Adopta el principio de pesaje electr\u00f3nico para pesar y envasar, y tambi\u00e9n est\u00e1 equipada con dispositivos de transporte y sellado. Pesaje preciso y envasado r\u00e1pido.<\/p>\n<h3><strong>Estructura de la m\u00e1quina llenadora y selladora de bolsas de cacao en polvo :<\/strong><\/h3>\n<p>Es una m\u00e1quina autom\u00e1tica de llenado cuantitativo de tipo pesaje, con pesaje simple, doble y cu\u00e1druple, controlada por microordenador. Se compone principalmente de cuatro partes: m\u00e1quina autom\u00e1tica de pesaje y envasado, dispositivo de transporte, dispositivo de sellado y m\u00e1quina de alimentaci\u00f3n. Tiene las caracter\u00edsticas de estructura razonable, aspecto hermoso, operaci\u00f3n conveniente y pesaje exacto.<\/p>\n<p><img fetchpriority=\"high\" decoding=\"async\" width=\"600\" height=\"600\" class=\"size-full wp-image-1743\" src=\"https:\/\/www.cocoamachinery.com\/wp-content\/uploads\/2022\/03\/2-8.jpg\" alt=\"&quot;&lt;yoastmark\" srcset=\"https:\/\/www.cocoamachinery.com\/wp-content\/uploads\/2022\/03\/2-8.jpg 600w, https:\/\/www.cocoamachinery.com\/wp-content\/uploads\/2022\/03\/2-8-300x300.jpg 300w, https:\/\/www.cocoamachinery.com\/wp-content\/uploads\/2022\/03\/2-8-150x150.jpg 150w, https:\/\/www.cocoamachinery.com\/wp-content\/uploads\/2022\/03\/2-8-100x100.jpg 100w\" sizes=\"(max-width: 600px) 100vw, 600px\" \/><\/p>\n<h3><strong>Caracter\u00edsticas de la m\u00e1quina llenadora de cacao en polvo 10-50KG:<\/strong><\/h3>\n<ul>\n<li>Varias b\u00e1sculas pueden trabajar alternativamente, y la velocidad de empaquetado es r\u00e1pida.<\/li>\n<li>Sensor digital de alta precisi\u00f3n para una medici\u00f3n exacta.<\/li>\n<li>Alimentaci\u00f3n por vibraci\u00f3n de tres etapas para lograr un envasado de alta precisi\u00f3n.<\/li>\n<li>Tecnolog\u00eda de control PLC, funcionamiento sencillo y tecnolog\u00eda avanzada.<\/li>\n<li>La producci\u00f3n por turno, la producci\u00f3n diaria y la producci\u00f3n acumulada se almacenan autom\u00e1ticamente.<\/li>\n<li>El sistema de control de pesaje est\u00e1 dise\u00f1ado de acuerdo con los requisitos de IP54 (a prueba de polvo y agua).<\/li>\n<li>Las piezas en contacto con el material son de acero inoxidable de alta calidad, anticorrosi\u00f3n, a prueba de polvo y f\u00e1ciles de limpiar.<\/li>\n<li>Gran compatibilidad, f\u00e1cil de usar con otros equipos de envasado.<\/li>\n<\/ul>\n<p>La m\u00e1quina de llenado y sellado de cacao en polvo es adecuada para el envasado cuantitativo de materiales granulados y en polvo. Como pesticidas, fertilizantes, medicamentos veterinarios, premezclas, aditivos, detergente en polvo, sal, glutamato monos\u00f3dico, esencia de pollo, az\u00facar, semillas, arroz, aperitivos, etc.<\/p>\n<p><img decoding=\"async\" width=\"600\" height=\"600\" class=\"size-full wp-image-1744\" src=\"https:\/\/www.cocoamachinery.com\/wp-content\/uploads\/2022\/03\/3-4.jpg\" alt=\"&quot;&lt;yoastmark\" srcset=\"https:\/\/www.cocoamachinery.com\/wp-content\/uploads\/2022\/03\/3-4.jpg 600w, https:\/\/www.cocoamachinery.com\/wp-content\/uploads\/2022\/03\/3-4-300x300.jpg 300w, https:\/\/www.cocoamachinery.com\/wp-content\/uploads\/2022\/03\/3-4-150x150.jpg 150w, https:\/\/www.cocoamachinery.com\/wp-content\/uploads\/2022\/03\/3-4-100x100.jpg 100w\" sizes=\"(max-width: 600px) 100vw, 600px\" \/><\/p>\n<h3><strong>Par\u00e1metros de la m\u00e1quina llenadora de bolsas de cacao en polvo<\/strong><\/h3>\n<table>\n<tbody>\n<tr>\n<td width=\"284\">Capacidad de envasado<\/td>\n<td width=\"284\">3 ~ 6 bolsas \/ min<\/td>\n<\/tr>\n<tr>\n<td width=\"284\">Gama de envases<\/td>\n<td width=\"284\">10-50kg \/ bolsa<\/td>\n<\/tr>\n<tr>\n<td width=\"284\">Error de embalaje<\/td>\n<td width=\"284\">\u00b10,3%<\/td>\n<\/tr>\n<tr>\n<td width=\"284\">Potencia<\/td>\n<td width=\"284\">1,1 kw<\/td>\n<\/tr>\n<tr>\n<td width=\"284\">Dimensi\u00f3n<\/td>\n<td width=\"284\">2.2 * 1.1 * 3.0m<\/td>\n<\/tr>\n<\/tbody>\n<\/table>\n<div role=\"form\" class=\"wpcf7\" id=\"wpcf7-f1985-o1\" lang=\"en-US\" dir=\"ltr\">\n<div class=\"screen-reader-response\"><p role=\"status\" aria-live=\"polite\" aria-atomic=\"true\"><\/p> <ul><\/ul><\/div>\n<form action=\"\/es\/wp-json\/wp\/v2\/product\/1741#wpcf7-f1985-o1\" method=\"post\" class=\"wpcf7-form init\" novalidate=\"novalidate\" data-status=\"init\" data-trp-original-action=\"\/es\/wp-json\/wp\/v2\/product\/1741#wpcf7-f1985-o1\">\n<div style=\"display: none;\">\n<input type=\"hidden\" name=\"_wpcf7\" value=\"1985\" \/>\n<input type=\"hidden\" name=\"_wpcf7_version\" value=\"5.4.1\" \/>\n<input type=\"hidden\" name=\"_wpcf7_locale\" value=\"en_US\" \/>\n<input type=\"hidden\" name=\"_wpcf7_unit_tag\" value=\"wpcf7-f1985-o1\" \/>\n<input type=\"hidden\" name=\"_wpcf7_container_post\" value=\"0\" \/>\n<input type=\"hidden\" name=\"_wpcf7_posted_data_hash\" value=\"\" \/>\n<\/div>\n<div class='formdiv'>\n<span>SOLICITAR PRESUPUESTO<\/span><\/p>\n<p>Rellene este formulario para solicitar informaci\u00f3n. (campos obligatorios*)<\/p>\n<\/div>\n<div class='formdiv-left'><label> Su nombre*<br \/>\n    <span class=\"wpcf7-form-control-wrap your-name\"><input type=\"text\" name=\"your-name\" value=\"\" size=\"40\" class=\"wpcf7-form-control wpcf7-text wpcf7-validates-as-required\" aria-required=\"true\" aria-invalid=\"false\" \/><\/span> <\/label><\/p>\n<p><label> Su correo electr\u00f3nico*<br \/>\n    <span class=\"wpcf7-form-control-wrap your-email\"><input type=\"email\" name=\"your-email\" value=\"\" size=\"40\" class=\"wpcf7-form-control wpcf7-text wpcf7-email wpcf7-validates-as-required wpcf7-validates-as-email\" aria-required=\"true\" aria-invalid=\"false\" \/><\/span> <\/label><\/p>\n<p><label> Su pa\u00eds<br \/>\n    <span class=\"wpcf7-form-control-wrap your-country\"><input type=\"text\" name=\"your-country\" value=\"\" size=\"40\" class=\"wpcf7-form-control wpcf7-text\" aria-invalid=\"false\" \/><\/span> <\/label><\/p>\n<p><label> Tu tel\u00e9fono<br \/>\n    <span class=\"wpcf7-form-control-wrap tel-901\"><input type=\"tel\" name=\"tel-901\" value=\"\" size=\"40\" class=\"wpcf7-form-control wpcf7-text wpcf7-tel wpcf7-validates-as-tel\" aria-invalid=\"false\" \/><\/span> <\/label><\/p>\n<p><label> Nombre de su empresa \/ Sitio web<br \/>\n    <span class=\"wpcf7-form-control-wrap your-company\"><input type=\"text\" name=\"your-company\" value=\"\" size=\"40\" class=\"wpcf7-form-control wpcf7-text\" aria-invalid=\"false\" \/><\/span> <\/label>\n<\/div>\n<div class='formdiv-right'>\n<label> Su mensaje*<br \/>\n    <span class=\"wpcf7-form-control-wrap your-message\"><textarea name=\"your-message\" cols=\"40\" rows=\"10\" class=\"wpcf7-form-control wpcf7-textarea wpcf7-validates-as-required\" aria-required=\"true\" aria-invalid=\"false\"><\/textarea><\/span> <\/label><\/p>\n<p><input type=\"submit\" value=\"Enviar\" class=\"wpcf7-form-control wpcf7-submit\" \/>\n<\/p><\/div>\n<div style='clear:both'><\/div>\n<div class=\"wpcf7-response-output\" aria-hidden=\"true\"><\/div><input type=\"hidden\" name=\"trp-form-language\" value=\"es\"\/><\/form><\/div>\n<div style='text-align:left' class='yasr-auto-insert-visitor'><\/div>","protected":false},"excerpt":{"rendered":"<p>Esta m\u00e1quina de llenado de cacao en polvo es una m\u00e1quina autom\u00e1tica de envasado cuantitativo que incluye funciones de elevaci\u00f3n, pesaje electr\u00f3nico, transporte y sellado de bolsas. Alta precisi\u00f3n de envasado, velocidad r\u00e1pida y sin contaminaci\u00f3n por polvo.<\/p>","protected":false},"featured_media":1742,"comment_status":"open","ping_status":"closed","template":"","meta":{"yasr_overall_rating":0,"yasr_post_is_review":"","yasr_auto_insert_disabled":"","yasr_review_type":""},"product_cat":[51],"product_tag":[],"class_list":["post-1741","product","type-product","status-publish","has-post-thumbnail","hentry","product_cat-cocoa-machines"],"yoast_head":"<!-- This site is optimized with the Yoast SEO plugin v20.9 - https:\/\/yoast.com\/wordpress\/plugins\/seo\/ -->\n<title>Cocoa Powder Bag Filling and Sealing Machine 10-50KG<\/title>\n<meta name=\"description\" content=\"This cocoa powder filling machine has the functions of weighing, packing and bag sealing. Automation, high packaging precision.\" \/>\n<meta name=\"robots\" content=\"index, follow, max-snippet:-1, max-image-preview:large, max-video-preview:-1\" \/>\n<link rel=\"canonical\" href=\"https:\/\/www.cocoamachinery.com\/es\/product\/cocoa-powder-filling-sealing-machine\/\" \/>\n<meta property=\"og:locale\" content=\"es_ES\" \/>\n<meta property=\"og:type\" content=\"article\" \/>\n<meta property=\"og:title\" content=\"Cocoa Powder Bag Filling and Sealing Machine 10-50KG\" \/>\n<meta property=\"og:description\" content=\"This cocoa powder filling machine has the functions of weighing, packing and bag sealing. Automation, high packaging precision.\" \/>\n<meta property=\"og:url\" content=\"https:\/\/www.cocoamachinery.com\/es\/product\/cocoa-powder-filling-sealing-machine\/\" \/>\n<meta property=\"og:site_name\" content=\"Cocoa Machinery\" \/>\n<meta property=\"article:publisher\" content=\"https:\/\/www.facebook.com\/longernutsmachinery\/\" \/>\n<meta property=\"article:modified_time\" content=\"2026-03-07T15:03:16+00:00\" \/>\n<meta property=\"og:image\" content=\"https:\/\/www.cocoamachinery.com\/wp-content\/uploads\/2022\/03\/1-8.jpg\" \/>\n\t<meta property=\"og:image:width\" content=\"600\" \/>\n\t<meta property=\"og:image:height\" content=\"600\" \/>\n\t<meta property=\"og:image:type\" content=\"image\/jpeg\" \/>\n<meta name=\"twitter:card\" content=\"summary_large_image\" \/>\n<meta name=\"twitter:site\" content=\"@nutsmachinery\" \/>\n<meta name=\"twitter:label1\" content=\"Tiempo de lectura\" \/>\n\t<meta name=\"twitter:data1\" content=\"2 minutos\" \/>\n<script type=\"application\/ld+json\" class=\"yoast-schema-graph\">{\"@context\":\"https:\/\/schema.org\",\"@graph\":[{\"@type\":\"WebPage\",\"@id\":\"https:\/\/www.cocoamachinery.com\/product\/cocoa-powder-filling-sealing-machine\/\",\"url\":\"https:\/\/www.cocoamachinery.com\/product\/cocoa-powder-filling-sealing-machine\/\",\"name\":\"Cocoa Powder Bag Filling and Sealing Machine 10-50KG\",\"isPartOf\":{\"@id\":\"https:\/\/www.cocoamachinery.com\/#website\"},\"datePublished\":\"2022-03-16T09:27:05+00:00\",\"dateModified\":\"2026-03-07T15:03:16+00:00\",\"description\":\"This cocoa powder filling machine has the functions of weighing, packing and bag sealing. Automation, high packaging precision.\",\"breadcrumb\":{\"@id\":\"https:\/\/www.cocoamachinery.com\/product\/cocoa-powder-filling-sealing-machine\/#breadcrumb\"},\"inLanguage\":\"es\",\"potentialAction\":[{\"@type\":\"ReadAction\",\"target\":[\"https:\/\/www.cocoamachinery.com\/product\/cocoa-powder-filling-sealing-machine\/\"]}]},{\"@type\":\"BreadcrumbList\",\"@id\":\"https:\/\/www.cocoamachinery.com\/product\/cocoa-powder-filling-sealing-machine\/#breadcrumb\",\"itemListElement\":[{\"@type\":\"ListItem\",\"position\":1,\"name\":\"Home\",\"item\":\"https:\/\/www.cocoamachinery.com\/\"},{\"@type\":\"ListItem\",\"position\":2,\"name\":\"Product\",\"item\":\"https:\/\/www.cocoamachinery.com\/product\/\"},{\"@type\":\"ListItem\",\"position\":3,\"name\":\"Cocoa Powder Bag Filling and Sealing Machine 10-50KG\"}]},{\"@type\":\"WebSite\",\"@id\":\"https:\/\/www.cocoamachinery.com\/#website\",\"url\":\"https:\/\/www.cocoamachinery.com\/\",\"name\":\"Cocoa Machinery\",\"description\":\"Cocoa Processing Solution Provider\",\"publisher\":{\"@id\":\"https:\/\/www.cocoamachinery.com\/#organization\"},\"potentialAction\":[{\"@type\":\"SearchAction\",\"target\":{\"@type\":\"EntryPoint\",\"urlTemplate\":\"https:\/\/www.cocoamachinery.com\/?s={search_term_string}\"},\"query-input\":\"required name=search_term_string\"}],\"inLanguage\":\"es\"},{\"@type\":\"Organization\",\"@id\":\"https:\/\/www.cocoamachinery.com\/#organization\",\"name\":\"Longer Food Machinery\",\"url\":\"https:\/\/www.cocoamachinery.com\/\",\"logo\":{\"@type\":\"ImageObject\",\"inLanguage\":\"es\",\"@id\":\"https:\/\/www.cocoamachinery.com\/#\/schema\/logo\/image\/\",\"url\":\"https:\/\/www.cocoamachinery.com\/wp-content\/uploads\/2024\/08\/Icon-512_512.png\",\"contentUrl\":\"https:\/\/www.cocoamachinery.com\/wp-content\/uploads\/2024\/08\/Icon-512_512.png\",\"width\":512,\"height\":512,\"caption\":\"Longer Food Machinery\"},\"image\":{\"@id\":\"https:\/\/www.cocoamachinery.com\/#\/schema\/logo\/image\/\"},\"sameAs\":[\"https:\/\/www.facebook.com\/longernutsmachinery\/\",\"https:\/\/twitter.com\/nutsmachinery\",\"https:\/\/www.pinterest.com\/nutsmachinery\/\",\"https:\/\/www.linkedin.com\/company\/longer-nuts-machinery\/\",\"https:\/\/www.youtube.com\/c\/NutsMachinery\"]},false]}<\/script>\n<!-- \/ Yoast SEO plugin. -->","yoast_head_json":{"title":"Cocoa Powder Bag Filling and Sealing Machine 10-50KG","description":"This cocoa powder filling machine has the functions of weighing, packing and bag sealing. Automation, high packaging precision.","robots":{"index":"index","follow":"follow","max-snippet":"max-snippet:-1","max-image-preview":"max-image-preview:large","max-video-preview":"max-video-preview:-1"},"canonical":"https:\/\/www.cocoamachinery.com\/es\/product\/cocoa-powder-filling-sealing-machine\/","og_locale":"es_ES","og_type":"article","og_title":"Cocoa Powder Bag Filling and Sealing Machine 10-50KG","og_description":"This cocoa powder filling machine has the functions of weighing, packing and bag sealing. Automation, high packaging precision.","og_url":"https:\/\/www.cocoamachinery.com\/es\/product\/cocoa-powder-filling-sealing-machine\/","og_site_name":"Cocoa Machinery","article_publisher":"https:\/\/www.facebook.com\/longernutsmachinery\/","article_modified_time":"2026-03-07T15:03:16+00:00","og_image":[{"width":600,"height":600,"url":"https:\/\/www.cocoamachinery.com\/wp-content\/uploads\/2022\/03\/1-8.jpg","type":"image\/jpeg"}],"twitter_card":"summary_large_image","twitter_site":"@nutsmachinery","twitter_misc":{"Tiempo de lectura":"2 minutos"},"schema":{"@context":"https:\/\/schema.org","@graph":[{"@type":"WebPage","@id":"https:\/\/www.cocoamachinery.com\/product\/cocoa-powder-filling-sealing-machine\/","url":"https:\/\/www.cocoamachinery.com\/product\/cocoa-powder-filling-sealing-machine\/","name":"Cocoa Powder Bag Filling and Sealing Machine 10-50KG","isPartOf":{"@id":"https:\/\/www.cocoamachinery.com\/#website"},"datePublished":"2022-03-16T09:27:05+00:00","dateModified":"2026-03-07T15:03:16+00:00","description":"This cocoa powder filling machine has the functions of weighing, packing and bag sealing. Automation, high packaging precision.","breadcrumb":{"@id":"https:\/\/www.cocoamachinery.com\/product\/cocoa-powder-filling-sealing-machine\/#breadcrumb"},"inLanguage":"es","potentialAction":[{"@type":"ReadAction","target":["https:\/\/www.cocoamachinery.com\/product\/cocoa-powder-filling-sealing-machine\/"]}]},{"@type":"BreadcrumbList","@id":"https:\/\/www.cocoamachinery.com\/product\/cocoa-powder-filling-sealing-machine\/#breadcrumb","itemListElement":[{"@type":"ListItem","position":1,"name":"Home","item":"https:\/\/www.cocoamachinery.com\/"},{"@type":"ListItem","position":2,"name":"Product","item":"https:\/\/www.cocoamachinery.com\/product\/"},{"@type":"ListItem","position":3,"name":"Cocoa Powder Bag Filling and Sealing Machine 10-50KG"}]},{"@type":"WebSite","@id":"https:\/\/www.cocoamachinery.com\/#website","url":"https:\/\/www.cocoamachinery.com\/","name":"Cocoa Machinery","description":"Cocoa Processing Solution Provider","publisher":{"@id":"https:\/\/www.cocoamachinery.com\/#organization"},"potentialAction":[{"@type":"SearchAction","target":{"@type":"EntryPoint","urlTemplate":"https:\/\/www.cocoamachinery.com\/?s={search_term_string}"},"query-input":"required name=search_term_string"}],"inLanguage":"es"},{"@type":"Organization","@id":"https:\/\/www.cocoamachinery.com\/#organization","name":"Longer Food Machinery","url":"https:\/\/www.cocoamachinery.com\/","logo":{"@type":"ImageObject","inLanguage":"es","@id":"https:\/\/www.cocoamachinery.com\/#\/schema\/logo\/image\/","url":"https:\/\/www.cocoamachinery.com\/wp-content\/uploads\/2024\/08\/Icon-512_512.png","contentUrl":"https:\/\/www.cocoamachinery.com\/wp-content\/uploads\/2024\/08\/Icon-512_512.png","width":512,"height":512,"caption":"Longer Food Machinery"},"image":{"@id":"https:\/\/www.cocoamachinery.com\/#\/schema\/logo\/image\/"},"sameAs":["https:\/\/www.facebook.com\/longernutsmachinery\/","https:\/\/twitter.com\/nutsmachinery","https:\/\/www.pinterest.com\/nutsmachinery\/","https:\/\/www.linkedin.com\/company\/longer-nuts-machinery\/","https:\/\/www.youtube.com\/c\/NutsMachinery"]},false]}},"yasr_visitor_votes":{"stars_attributes":{"read_only":false,"span_bottom":false},"number_of_votes":1,"sum_votes":5},"_links":{"self":[{"href":"https:\/\/www.cocoamachinery.com\/es\/wp-json\/wp\/v2\/product\/1741","targetHints":{"allow":["GET"]}}],"collection":[{"href":"https:\/\/www.cocoamachinery.com\/es\/wp-json\/wp\/v2\/product"}],"about":[{"href":"https:\/\/www.cocoamachinery.com\/es\/wp-json\/wp\/v2\/types\/product"}],"replies":[{"embeddable":true,"href":"https:\/\/www.cocoamachinery.com\/es\/wp-json\/wp\/v2\/comments?post=1741"}],"version-history":[{"count":3,"href":"https:\/\/www.cocoamachinery.com\/es\/wp-json\/wp\/v2\/product\/1741\/revisions"}],"predecessor-version":[{"id":2075,"href":"https:\/\/www.cocoamachinery.com\/es\/wp-json\/wp\/v2\/product\/1741\/revisions\/2075"}],"wp:featuredmedia":[{"embeddable":true,"href":"https:\/\/www.cocoamachinery.com\/es\/wp-json\/wp\/v2\/media\/1742"}],"wp:attachment":[{"href":"https:\/\/www.cocoamachinery.com\/es\/wp-json\/wp\/v2\/media?parent=1741"}],"wp:term":[{"taxonomy":"product_cat","embeddable":true,"href":"https:\/\/www.cocoamachinery.com\/es\/wp-json\/wp\/v2\/product_cat?post=1741"},{"taxonomy":"product_tag","embeddable":true,"href":"https:\/\/www.cocoamachinery.com\/es\/wp-json\/wp\/v2\/product_tag?post=1741"}],"curies":[{"name":"wp","href":"https:\/\/api.w.org\/{rel}","templated":true}]}}