{"id":1737,"date":"2022-03-10T13:43:56","date_gmt":"2022-03-10T13:43:56","guid":{"rendered":"https:\/\/www.cocoamachinery.com\/?post_type=product&#038;p=1737"},"modified":"2022-03-30T14:17:41","modified_gmt":"2022-03-30T14:17:41","slug":"cocoa-liquor-butter-filling-machine","status":"publish","type":"product","link":"https:\/\/www.cocoamachinery.com\/es\/product\/cocoa-liquor-butter-filling-machine\/","title":{"rendered":"M\u00e1quina llenadora autom\u00e1tica de mantequilla de licor de cacao para cart\u00f3n"},"content":{"rendered":"<p>Este <strong>m\u00e1quina llenadora de manteca de cacao<\/strong> es una m\u00e1quina llenadora de pesaje totalmente autom\u00e1tica, que puede llenar licor de cacao fluido y manteca de cacao en cartones para la l\u00ednea de producci\u00f3n de cacao en polvo. Pantalla de pesaje, alta precisi\u00f3n de llenado.<\/p>\n<ul>\n<li>Precisi\u00f3n de la pantalla de medici\u00f3n: 0,2% FS\u00b11 palabra o 0,5% FS\u00b11 palabra<\/li>\n<li>Modo de control cuantitativo: flujo de rel\u00e9 cuantitativo para controlar<\/li>\n<li>Precisi\u00f3n de la alarma: \u00b11 palabra<\/li>\n<li>Entorno de funcionamiento Temperatura ambiente: 0\uff5e50\u00b0C<\/li>\n<li>Humedad relativa: \u226485RH<\/li>\n<li>Tensi\u00f3n de alimentaci\u00f3n: AC 380V +10-15%, 50Hz\u00b12Hz<\/li>\n<\/ul>\n<h3><strong>Principio de funcionamiento de la m\u00e1quina llenadora autom\u00e1tica de licor de cacao<\/strong><\/h3>\n<p>La m\u00e1quina de llenado por pesaje utiliza la combinaci\u00f3n org\u00e1nica de equipos el\u00e9ctricos y neum\u00e1ticos para lograr un volumen de llenado preciso mediante el control de diversas funciones de los componentes el\u00e9ctricos.<\/p>\n<p>La m\u00e1quina de llenado de licor de cacao se ve afectada por los siguientes factores durante el llenado:<\/p>\n<ol>\n<li>La precisi\u00f3n de llenado de la m\u00e1quina llenadora: se ve afectada por la estabilidad de la presi\u00f3n del aire, la fluidez del material y la velocidad de llenado;<\/li>\n<li>La velocidad de llenado de la m\u00e1quina llenadora se ve afectada por la viscosidad del material, el tama\u00f1o de la cantidad de llenado y el tama\u00f1o de la boquilla de llenado.<\/li>\n<\/ol>\n<figure id=\"attachment_1739\" aria-describedby=\"caption-attachment-1739\" style=\"width: 600px\" class=\"wp-caption alignnone\"><img fetchpriority=\"high\" decoding=\"async\" class=\"size-full wp-image-1739\" src=\"https:\/\/www.cocoamachinery.com\/wp-content\/uploads\/2022\/03\/2-7.jpg\" alt=\"M\u00e1quina llenadora de licor de cacao para cart\u00f3n\" width=\"600\" height=\"600\" srcset=\"https:\/\/www.cocoamachinery.com\/wp-content\/uploads\/2022\/03\/2-7.jpg 600w, https:\/\/www.cocoamachinery.com\/wp-content\/uploads\/2022\/03\/2-7-300x300.jpg 300w, https:\/\/www.cocoamachinery.com\/wp-content\/uploads\/2022\/03\/2-7-150x150.jpg 150w, https:\/\/www.cocoamachinery.com\/wp-content\/uploads\/2022\/03\/2-7-100x100.jpg 100w\" sizes=\"(max-width: 600px) 100vw, 600px\" \/><figcaption id=\"caption-attachment-1739\" class=\"wp-caption-text\">M\u00e1quina llenadora de licor de cacao para cart\u00f3n<\/figcaption><\/figure>\n<h3><strong>Caracter\u00edsticas de la m\u00e1quina llenadora de manteca de cacao<\/strong><\/h3>\n<ul>\n<li>M\u00e1quina de llenado por pesaje, pantalla de pesaje, alt\u00edsima precisi\u00f3n de llenado.<\/li>\n<li>Bajo precio, econ\u00f3mico y pr\u00e1ctico.<\/li>\n<li>A prueba de goteo mec\u00e1nico.<\/li>\n<li>Ajuste de la instalaci\u00f3n, limpieza f\u00e1cil, mantenimiento sencillo.<\/li>\n<li>Aplicaci\u00f3n: esta m\u00e1quina llenadora de manteca de cacao es adecuada para llenar grandes dosis de l\u00edquidos. Se utiliza ampliamente en la qu\u00edmica diaria, alimentos, medicina, industria qu\u00edmica y otras industrias. El dise\u00f1o es compacto, la disposici\u00f3n es razonable, y el movimiento es conveniente y ligero.<\/li>\n<\/ul>\n<h3><strong>Par\u00e1metros de la m\u00e1quina llenadora de licor de cacao<\/strong><\/h3>\n<table>\n<tbody>\n<tr>\n<td width=\"140\">Tensi\u00f3n<\/td>\n<td width=\"140\">220 V, 50 Hz<\/td>\n<\/tr>\n<tr>\n<td width=\"140\">Potencia<\/td>\n<td width=\"140\">2,2 kW<\/td>\n<\/tr>\n<tr>\n<td width=\"140\">Presi\u00f3n del aire<\/td>\n<td width=\"140\">0,4-1,0MPa<\/td>\n<\/tr>\n<tr>\n<td width=\"140\">Gama de llenado<\/td>\n<td width=\"140\">10-350Kg<\/td>\n<\/tr>\n<tr>\n<td width=\"140\">Altura m\u00e1xima<\/td>\n<td width=\"140\">\u22641050mm<\/td>\n<\/tr>\n<\/tbody>\n<\/table>\n<div role=\"form\" class=\"wpcf7\" id=\"wpcf7-f1985-o1\" lang=\"en-US\" dir=\"ltr\">\n<div class=\"screen-reader-response\"><p role=\"status\" aria-live=\"polite\" aria-atomic=\"true\"><\/p> <ul><\/ul><\/div>\n<form action=\"\/es\/wp-json\/wp\/v2\/product\/1737#wpcf7-f1985-o1\" method=\"post\" class=\"wpcf7-form init\" novalidate=\"novalidate\" data-status=\"init\" data-trp-original-action=\"\/es\/wp-json\/wp\/v2\/product\/1737#wpcf7-f1985-o1\">\n<div style=\"display: none;\">\n<input type=\"hidden\" name=\"_wpcf7\" value=\"1985\" \/>\n<input type=\"hidden\" name=\"_wpcf7_version\" value=\"5.4.1\" \/>\n<input type=\"hidden\" name=\"_wpcf7_locale\" value=\"en_US\" \/>\n<input type=\"hidden\" name=\"_wpcf7_unit_tag\" value=\"wpcf7-f1985-o1\" \/>\n<input type=\"hidden\" name=\"_wpcf7_container_post\" value=\"0\" \/>\n<input type=\"hidden\" name=\"_wpcf7_posted_data_hash\" value=\"\" \/>\n<\/div>\n<div class='formdiv'>\n<span>SOLICITAR PRESUPUESTO<\/span><\/p>\n<p>Rellene este formulario para solicitar informaci\u00f3n. (campos obligatorios*)<\/p>\n<\/div>\n<div class='formdiv-left'><label> Su nombre*<br \/>\n    <span class=\"wpcf7-form-control-wrap your-name\"><input type=\"text\" name=\"your-name\" value=\"\" size=\"40\" class=\"wpcf7-form-control wpcf7-text wpcf7-validates-as-required\" aria-required=\"true\" aria-invalid=\"false\" \/><\/span> <\/label><\/p>\n<p><label> Su correo electr\u00f3nico*<br \/>\n    <span class=\"wpcf7-form-control-wrap your-email\"><input type=\"email\" name=\"your-email\" value=\"\" size=\"40\" class=\"wpcf7-form-control wpcf7-text wpcf7-email wpcf7-validates-as-required wpcf7-validates-as-email\" aria-required=\"true\" aria-invalid=\"false\" \/><\/span> <\/label><\/p>\n<p><label> Su pa\u00eds<br \/>\n    <span class=\"wpcf7-form-control-wrap your-country\"><input type=\"text\" name=\"your-country\" value=\"\" size=\"40\" class=\"wpcf7-form-control wpcf7-text\" aria-invalid=\"false\" \/><\/span> <\/label><\/p>\n<p><label> Tu tel\u00e9fono<br \/>\n    <span class=\"wpcf7-form-control-wrap tel-901\"><input type=\"tel\" name=\"tel-901\" value=\"\" size=\"40\" class=\"wpcf7-form-control wpcf7-text wpcf7-tel wpcf7-validates-as-tel\" aria-invalid=\"false\" \/><\/span> <\/label><\/p>\n<p><label> Nombre de su empresa \/ Sitio web<br \/>\n    <span class=\"wpcf7-form-control-wrap your-company\"><input type=\"text\" name=\"your-company\" value=\"\" size=\"40\" class=\"wpcf7-form-control wpcf7-text\" aria-invalid=\"false\" \/><\/span> <\/label>\n<\/div>\n<div class='formdiv-right'>\n<label> Su mensaje*<br \/>\n    <span class=\"wpcf7-form-control-wrap your-message\"><textarea name=\"your-message\" cols=\"40\" rows=\"10\" class=\"wpcf7-form-control wpcf7-textarea wpcf7-validates-as-required\" aria-required=\"true\" aria-invalid=\"false\"><\/textarea><\/span> <\/label><\/p>\n<p><input type=\"submit\" value=\"Enviar\" class=\"wpcf7-form-control wpcf7-submit\" \/>\n<\/p><\/div>\n<div style='clear:both'><\/div>\n<div class=\"wpcf7-response-output\" aria-hidden=\"true\"><\/div><input type=\"hidden\" name=\"trp-form-language\" value=\"es\"\/><\/form><\/div>\n<div style='text-align:left' class='yasr-auto-insert-visitor'><\/div>","protected":false},"excerpt":{"rendered":"<p>Esta m\u00e1quina llenadora de licor de cacao y manteca de cacao puede llenar grandes dosis de l\u00edquido en cajas de cart\u00f3n. Llenado de pesaje autom\u00e1tico de alta precisi\u00f3n.<\/p>","protected":false},"featured_media":1738,"comment_status":"open","ping_status":"closed","template":"","meta":{"yasr_overall_rating":0,"yasr_post_is_review":"","yasr_auto_insert_disabled":"","yasr_review_type":""},"product_cat":[51],"product_tag":[],"class_list":["post-1737","product","type-product","status-publish","has-post-thumbnail","hentry","product_cat-cocoa-machines"],"yoast_head":"<!-- This site is optimized with the Yoast SEO plugin v20.9 - https:\/\/yoast.com\/wordpress\/plugins\/seo\/ -->\n<title>Automatic Cocoa Liquor Butter Filling Machine for Carton<\/title>\n<meta name=\"description\" content=\"The cocoa butter filling machine can also fill cocoa liquor in cartons. Automatic weighing filling with high precision.\" \/>\n<meta name=\"robots\" content=\"index, follow, max-snippet:-1, max-image-preview:large, max-video-preview:-1\" \/>\n<link rel=\"canonical\" href=\"https:\/\/www.cocoamachinery.com\/es\/product\/cocoa-liquor-butter-filling-machine\/\" \/>\n<meta property=\"og:locale\" content=\"es_ES\" \/>\n<meta property=\"og:type\" content=\"article\" \/>\n<meta property=\"og:title\" content=\"Automatic Cocoa Liquor Butter Filling Machine for Carton\" \/>\n<meta property=\"og:description\" content=\"The cocoa butter filling machine can also fill cocoa liquor in cartons. Automatic weighing filling with high precision.\" \/>\n<meta property=\"og:url\" content=\"https:\/\/www.cocoamachinery.com\/es\/product\/cocoa-liquor-butter-filling-machine\/\" \/>\n<meta property=\"og:site_name\" content=\"Cocoa Machinery\" \/>\n<meta property=\"article:publisher\" content=\"https:\/\/www.facebook.com\/longernutsmachinery\/\" \/>\n<meta property=\"article:modified_time\" content=\"2022-03-30T14:17:41+00:00\" \/>\n<meta property=\"og:image\" content=\"https:\/\/www.cocoamachinery.com\/wp-content\/uploads\/2022\/03\/1-7.jpg\" \/>\n\t<meta property=\"og:image:width\" content=\"600\" \/>\n\t<meta property=\"og:image:height\" content=\"600\" \/>\n\t<meta property=\"og:image:type\" content=\"image\/jpeg\" \/>\n<meta name=\"twitter:card\" content=\"summary_large_image\" \/>\n<meta name=\"twitter:site\" content=\"@nutsmachinery\" \/>\n<meta name=\"twitter:label1\" content=\"Tiempo de lectura\" \/>\n\t<meta name=\"twitter:data1\" content=\"2 minutos\" \/>\n<script type=\"application\/ld+json\" class=\"yoast-schema-graph\">{\"@context\":\"https:\/\/schema.org\",\"@graph\":[{\"@type\":\"WebPage\",\"@id\":\"https:\/\/www.cocoamachinery.com\/product\/cocoa-liquor-butter-filling-machine\/\",\"url\":\"https:\/\/www.cocoamachinery.com\/product\/cocoa-liquor-butter-filling-machine\/\",\"name\":\"Automatic Cocoa Liquor Butter Filling Machine for Carton\",\"isPartOf\":{\"@id\":\"https:\/\/www.cocoamachinery.com\/#website\"},\"datePublished\":\"2022-03-10T13:43:56+00:00\",\"dateModified\":\"2022-03-30T14:17:41+00:00\",\"description\":\"The cocoa butter filling machine can also fill cocoa liquor in cartons. Automatic weighing filling with high precision.\",\"breadcrumb\":{\"@id\":\"https:\/\/www.cocoamachinery.com\/product\/cocoa-liquor-butter-filling-machine\/#breadcrumb\"},\"inLanguage\":\"es\",\"potentialAction\":[{\"@type\":\"ReadAction\",\"target\":[\"https:\/\/www.cocoamachinery.com\/product\/cocoa-liquor-butter-filling-machine\/\"]}]},{\"@type\":\"BreadcrumbList\",\"@id\":\"https:\/\/www.cocoamachinery.com\/product\/cocoa-liquor-butter-filling-machine\/#breadcrumb\",\"itemListElement\":[{\"@type\":\"ListItem\",\"position\":1,\"name\":\"Home\",\"item\":\"https:\/\/www.cocoamachinery.com\/\"},{\"@type\":\"ListItem\",\"position\":2,\"name\":\"Product\",\"item\":\"https:\/\/www.cocoamachinery.com\/product\/\"},{\"@type\":\"ListItem\",\"position\":3,\"name\":\"Automatic Cocoa Liquor Butter Filling Machine for Carton\"}]},{\"@type\":\"WebSite\",\"@id\":\"https:\/\/www.cocoamachinery.com\/#website\",\"url\":\"https:\/\/www.cocoamachinery.com\/\",\"name\":\"Cocoa Machinery\",\"description\":\"Cocoa Processing Solution Provider\",\"publisher\":{\"@id\":\"https:\/\/www.cocoamachinery.com\/#organization\"},\"potentialAction\":[{\"@type\":\"SearchAction\",\"target\":{\"@type\":\"EntryPoint\",\"urlTemplate\":\"https:\/\/www.cocoamachinery.com\/?s={search_term_string}\"},\"query-input\":\"required name=search_term_string\"}],\"inLanguage\":\"es\"},{\"@type\":\"Organization\",\"@id\":\"https:\/\/www.cocoamachinery.com\/#organization\",\"name\":\"Longer Food Machinery\",\"url\":\"https:\/\/www.cocoamachinery.com\/\",\"logo\":{\"@type\":\"ImageObject\",\"inLanguage\":\"es\",\"@id\":\"https:\/\/www.cocoamachinery.com\/#\/schema\/logo\/image\/\",\"url\":\"https:\/\/www.cocoamachinery.com\/wp-content\/uploads\/2024\/08\/Icon-512_512.png\",\"contentUrl\":\"https:\/\/www.cocoamachinery.com\/wp-content\/uploads\/2024\/08\/Icon-512_512.png\",\"width\":512,\"height\":512,\"caption\":\"Longer Food Machinery\"},\"image\":{\"@id\":\"https:\/\/www.cocoamachinery.com\/#\/schema\/logo\/image\/\"},\"sameAs\":[\"https:\/\/www.facebook.com\/longernutsmachinery\/\",\"https:\/\/twitter.com\/nutsmachinery\",\"https:\/\/www.pinterest.com\/nutsmachinery\/\",\"https:\/\/www.linkedin.com\/company\/longer-nuts-machinery\/\",\"https:\/\/www.youtube.com\/c\/NutsMachinery\"]},false]}<\/script>\n<!-- \/ Yoast SEO plugin. -->","yoast_head_json":{"title":"Automatic Cocoa Liquor Butter Filling Machine for Carton","description":"The cocoa butter filling machine can also fill cocoa liquor in cartons. Automatic weighing filling with high precision.","robots":{"index":"index","follow":"follow","max-snippet":"max-snippet:-1","max-image-preview":"max-image-preview:large","max-video-preview":"max-video-preview:-1"},"canonical":"https:\/\/www.cocoamachinery.com\/es\/product\/cocoa-liquor-butter-filling-machine\/","og_locale":"es_ES","og_type":"article","og_title":"Automatic Cocoa Liquor Butter Filling Machine for Carton","og_description":"The cocoa butter filling machine can also fill cocoa liquor in cartons. Automatic weighing filling with high precision.","og_url":"https:\/\/www.cocoamachinery.com\/es\/product\/cocoa-liquor-butter-filling-machine\/","og_site_name":"Cocoa Machinery","article_publisher":"https:\/\/www.facebook.com\/longernutsmachinery\/","article_modified_time":"2022-03-30T14:17:41+00:00","og_image":[{"width":600,"height":600,"url":"https:\/\/www.cocoamachinery.com\/wp-content\/uploads\/2022\/03\/1-7.jpg","type":"image\/jpeg"}],"twitter_card":"summary_large_image","twitter_site":"@nutsmachinery","twitter_misc":{"Tiempo de lectura":"2 minutos"},"schema":{"@context":"https:\/\/schema.org","@graph":[{"@type":"WebPage","@id":"https:\/\/www.cocoamachinery.com\/product\/cocoa-liquor-butter-filling-machine\/","url":"https:\/\/www.cocoamachinery.com\/product\/cocoa-liquor-butter-filling-machine\/","name":"Automatic Cocoa Liquor Butter Filling Machine for Carton","isPartOf":{"@id":"https:\/\/www.cocoamachinery.com\/#website"},"datePublished":"2022-03-10T13:43:56+00:00","dateModified":"2022-03-30T14:17:41+00:00","description":"The cocoa butter filling machine can also fill cocoa liquor in cartons. Automatic weighing filling with high precision.","breadcrumb":{"@id":"https:\/\/www.cocoamachinery.com\/product\/cocoa-liquor-butter-filling-machine\/#breadcrumb"},"inLanguage":"es","potentialAction":[{"@type":"ReadAction","target":["https:\/\/www.cocoamachinery.com\/product\/cocoa-liquor-butter-filling-machine\/"]}]},{"@type":"BreadcrumbList","@id":"https:\/\/www.cocoamachinery.com\/product\/cocoa-liquor-butter-filling-machine\/#breadcrumb","itemListElement":[{"@type":"ListItem","position":1,"name":"Home","item":"https:\/\/www.cocoamachinery.com\/"},{"@type":"ListItem","position":2,"name":"Product","item":"https:\/\/www.cocoamachinery.com\/product\/"},{"@type":"ListItem","position":3,"name":"Automatic Cocoa Liquor Butter Filling Machine for Carton"}]},{"@type":"WebSite","@id":"https:\/\/www.cocoamachinery.com\/#website","url":"https:\/\/www.cocoamachinery.com\/","name":"Cocoa Machinery","description":"Cocoa Processing Solution Provider","publisher":{"@id":"https:\/\/www.cocoamachinery.com\/#organization"},"potentialAction":[{"@type":"SearchAction","target":{"@type":"EntryPoint","urlTemplate":"https:\/\/www.cocoamachinery.com\/?s={search_term_string}"},"query-input":"required name=search_term_string"}],"inLanguage":"es"},{"@type":"Organization","@id":"https:\/\/www.cocoamachinery.com\/#organization","name":"Longer Food Machinery","url":"https:\/\/www.cocoamachinery.com\/","logo":{"@type":"ImageObject","inLanguage":"es","@id":"https:\/\/www.cocoamachinery.com\/#\/schema\/logo\/image\/","url":"https:\/\/www.cocoamachinery.com\/wp-content\/uploads\/2024\/08\/Icon-512_512.png","contentUrl":"https:\/\/www.cocoamachinery.com\/wp-content\/uploads\/2024\/08\/Icon-512_512.png","width":512,"height":512,"caption":"Longer Food Machinery"},"image":{"@id":"https:\/\/www.cocoamachinery.com\/#\/schema\/logo\/image\/"},"sameAs":["https:\/\/www.facebook.com\/longernutsmachinery\/","https:\/\/twitter.com\/nutsmachinery","https:\/\/www.pinterest.com\/nutsmachinery\/","https:\/\/www.linkedin.com\/company\/longer-nuts-machinery\/","https:\/\/www.youtube.com\/c\/NutsMachinery"]},false]}},"yasr_visitor_votes":{"stars_attributes":{"read_only":false,"span_bottom":false},"number_of_votes":1,"sum_votes":5},"_links":{"self":[{"href":"https:\/\/www.cocoamachinery.com\/es\/wp-json\/wp\/v2\/product\/1737","targetHints":{"allow":["GET"]}}],"collection":[{"href":"https:\/\/www.cocoamachinery.com\/es\/wp-json\/wp\/v2\/product"}],"about":[{"href":"https:\/\/www.cocoamachinery.com\/es\/wp-json\/wp\/v2\/types\/product"}],"replies":[{"embeddable":true,"href":"https:\/\/www.cocoamachinery.com\/es\/wp-json\/wp\/v2\/comments?post=1737"}],"version-history":[{"count":2,"href":"https:\/\/www.cocoamachinery.com\/es\/wp-json\/wp\/v2\/product\/1737\/revisions"}],"predecessor-version":[{"id":2074,"href":"https:\/\/www.cocoamachinery.com\/es\/wp-json\/wp\/v2\/product\/1737\/revisions\/2074"}],"wp:featuredmedia":[{"embeddable":true,"href":"https:\/\/www.cocoamachinery.com\/es\/wp-json\/wp\/v2\/media\/1738"}],"wp:attachment":[{"href":"https:\/\/www.cocoamachinery.com\/es\/wp-json\/wp\/v2\/media?parent=1737"}],"wp:term":[{"taxonomy":"product_cat","embeddable":true,"href":"https:\/\/www.cocoamachinery.com\/es\/wp-json\/wp\/v2\/product_cat?post=1737"},{"taxonomy":"product_tag","embeddable":true,"href":"https:\/\/www.cocoamachinery.com\/es\/wp-json\/wp\/v2\/product_tag?post=1737"}],"curies":[{"name":"wp","href":"https:\/\/api.w.org\/{rel}","templated":true}]}}