{"id":1727,"date":"2022-03-09T13:01:51","date_gmt":"2022-03-09T13:01:51","guid":{"rendered":"https:\/\/www.cocoamachinery.com\/?post_type=product&#038;p=1727"},"modified":"2025-05-24T20:02:33","modified_gmt":"2025-05-24T12:02:33","slug":"industrial-cocoa-cake-powder-pulverizer","status":"publish","type":"product","link":"https:\/\/www.cocoamachinery.com\/es\/product\/industrial-cocoa-cake-powder-pulverizer\/","title":{"rendered":"Pulverizador industrial de polvo de torta de cacao"},"content":{"rendered":"<p>Este <strong>pulverizador de torta de cacao<\/strong> es un proceso de trituraci\u00f3n gruesa de cacao en polvo, y luego se requiere una molienda fina para obtener cacao en polvo de la finura especificada. La m\u00e1quina tiene gran potencia, buen efecto de trituraci\u00f3n, y la granularidad del material descargado se puede ajustar.<\/p>\n<h3>Caracter\u00edsticas de la m\u00e1quina pulverizadora de cacao en polvo:<\/h3>\n<ul>\n<li>Fabricada \u00edntegramente en acero inoxidable, no contamina los materiales procesados y cumple plenamente las normas de higiene alimentaria.<\/li>\n<li>La herramienta est\u00e1 hecha de acero aleado de alta calidad con un tratamiento t\u00e9rmico especial, que tiene una fuerte resistencia al desgaste y una larga vida \u00fatil.<\/li>\n<li>La instalaci\u00f3n de la herramienta puede ajustarse telesc\u00f3picamente, y puede afilarse muchas veces despu\u00e9s de desafilarse, y puede utilizarse repetidamente.<\/li>\n<li>El tama\u00f1o de la malla de cribado especial se dise\u00f1a en funci\u00f3n de la situaci\u00f3n real del cliente para satisfacer los requisitos de diversas formas de material y tama\u00f1os de part\u00edculas.<\/li>\n<li>La parte inferior del pulverizador de cacao en polvo tiene un carro m\u00f3vil a prueba de polvo, que es conveniente para la transferencia de materiales.<\/li>\n<li>Funcionamiento sencillo, limpieza y mantenimiento c\u00f3modos, poco ruido.<\/li>\n<li>Tiene una amplia gama de usos y es adecuada para la trituraci\u00f3n de diversos materiales duros y materiales convencionales.<\/li>\n<\/ul>\n<figure id=\"attachment_2814\" aria-describedby=\"caption-attachment-2814\" style=\"width: 600px\" class=\"wp-caption alignnone\"><img fetchpriority=\"high\" decoding=\"async\" class=\"wp-image-2814 size-full\" src=\"https:\/\/www.cocoamachinery.com\/wp-content\/uploads\/2022\/03\/5.jpg\" alt=\"Venta de pulverizador de cacao en polvo\" width=\"600\" height=\"600\" srcset=\"https:\/\/www.cocoamachinery.com\/wp-content\/uploads\/2022\/03\/5.jpg 600w, https:\/\/www.cocoamachinery.com\/wp-content\/uploads\/2022\/03\/5-300x300.jpg 300w, https:\/\/www.cocoamachinery.com\/wp-content\/uploads\/2022\/03\/5-150x150.jpg 150w, https:\/\/www.cocoamachinery.com\/wp-content\/uploads\/2022\/03\/5-12x12.jpg 12w, https:\/\/www.cocoamachinery.com\/wp-content\/uploads\/2022\/03\/5-100x100.jpg 100w\" sizes=\"(max-width: 600px) 100vw, 600px\" \/><figcaption id=\"caption-attachment-2814\" class=\"wp-caption-text\">Venta de pulverizador de cacao en polvo<\/figcaption><\/figure>\n<h3>Principio de funcionamiento del pulverizador industrial de torta de cacao<\/h3>\n<p>Una vez terminado el prensado del cacao, se obtiene una torta de cacao gruesa y firme. Se pone la torta de cacao sacada en la tolva, y la tolva entra al rev\u00e9s en la c\u00e1mara de trituraci\u00f3n, y la cuchilla y la cuchilla fija se colocan para cortar y triturar al mismo tiempo, y el polvo de cacao fluye autom\u00e1ticamente a la salida. La granularidad del material descargado es ajustable, y hay un carro m\u00f3vil a prueba de polvo en la parte inferior, que es conveniente para la transferencia de cacao en polvo.<\/p>\n<h3>Finalidad principal del pulverizador industrial de cacao en polvo<\/h3>\n<p>La m\u00e1quina adopta un mecanismo de trituraci\u00f3n horizontal, que no est\u00e1 limitado por la viscosidad, dureza y suavidad del material, y puede desempe\u00f1ar un buen papel en la trituraci\u00f3n de cualquier material.<\/p>\n<p>Esta m\u00e1quina pulverizadora de cacao en polvo es adecuada para la industria farmac\u00e9utica, qu\u00edmica, metal\u00fargica, alimentaria, de la construcci\u00f3n y otras industrias. Puede procesar materiales duros y dif\u00edciles de triturar, incluyendo pl\u00e1stico, alambre de cobre, hierbas medicinales chinas, caucho, etc. La m\u00e1quina tambi\u00e9n puede ser utilizada como equipo auxiliar para la m\u00e1quina pulverizadora de cacao en polvo y pulverizador superfino.<\/p>\n<h3>Par\u00e1metros de la m\u00e1quina pulverizadora de torta de cacao<\/h3>\n<table>\n<tbody>\n<tr>\n<td width=\"75\">Modelo<\/td>\n<td width=\"84\">Capacidad (kg\/h)<\/td>\n<td width=\"98\">Smash calibre(mm)<\/td>\n<td width=\"78\">Potencia (kw)<\/td>\n<td width=\"129\">Dimensiones (mm)<\/td>\n<td width=\"81\">Peso (kg)<\/td>\n<\/tr>\n<tr>\n<td width=\"75\">LG-PG300<\/td>\n<td width=\"84\">80-200<\/td>\n<td width=\"98\">300*210<\/td>\n<td width=\"78\">5.5<\/td>\n<td width=\"129\">1000*700*1260<\/td>\n<td width=\"81\">290<\/td>\n<\/tr>\n<tr>\n<td width=\"75\">LG-PG400<\/td>\n<td width=\"84\">150-400<\/td>\n<td width=\"98\">380*250<\/td>\n<td width=\"78\">7.5<\/td>\n<td width=\"129\">1080*820*1330<\/td>\n<td width=\"81\">520<\/td>\n<\/tr>\n<tr>\n<td width=\"75\">LG-PG500<\/td>\n<td width=\"84\">200-600<\/td>\n<td width=\"98\">500*250<\/td>\n<td width=\"78\">11<\/td>\n<td width=\"129\">1700*1350*1760<\/td>\n<td width=\"81\">900<\/td>\n<\/tr>\n<\/tbody>\n<\/table>\n<figure id=\"attachment_2815\" aria-describedby=\"caption-attachment-2815\" style=\"width: 600px\" class=\"wp-caption alignnone\"><img decoding=\"async\" class=\"wp-image-2815 size-full\" src=\"https:\/\/www.cocoamachinery.com\/wp-content\/uploads\/2022\/03\/6.jpg\" alt=\"M\u00e1quina pulverizadora de torta de cacao en venta\" width=\"600\" height=\"600\" srcset=\"https:\/\/www.cocoamachinery.com\/wp-content\/uploads\/2022\/03\/6.jpg 600w, https:\/\/www.cocoamachinery.com\/wp-content\/uploads\/2022\/03\/6-300x300.jpg 300w, https:\/\/www.cocoamachinery.com\/wp-content\/uploads\/2022\/03\/6-150x150.jpg 150w, https:\/\/www.cocoamachinery.com\/wp-content\/uploads\/2022\/03\/6-12x12.jpg 12w, https:\/\/www.cocoamachinery.com\/wp-content\/uploads\/2022\/03\/6-100x100.jpg 100w\" sizes=\"(max-width: 600px) 100vw, 600px\" \/><figcaption id=\"caption-attachment-2815\" class=\"wp-caption-text\">M\u00e1quina pulverizadora de torta de cacao en venta<\/figcaption><\/figure>\n<div role=\"form\" class=\"wpcf7\" id=\"wpcf7-f1985-o1\" lang=\"en-US\" dir=\"ltr\">\n<div class=\"screen-reader-response\"><p role=\"status\" aria-live=\"polite\" aria-atomic=\"true\"><\/p> <ul><\/ul><\/div>\n<form action=\"\/es\/wp-json\/wp\/v2\/product\/1727#wpcf7-f1985-o1\" method=\"post\" class=\"wpcf7-form init\" novalidate=\"novalidate\" data-status=\"init\" data-trp-original-action=\"\/es\/wp-json\/wp\/v2\/product\/1727#wpcf7-f1985-o1\">\n<div style=\"display: none;\">\n<input type=\"hidden\" name=\"_wpcf7\" value=\"1985\" \/>\n<input type=\"hidden\" name=\"_wpcf7_version\" value=\"5.4.1\" \/>\n<input type=\"hidden\" name=\"_wpcf7_locale\" value=\"en_US\" \/>\n<input type=\"hidden\" name=\"_wpcf7_unit_tag\" value=\"wpcf7-f1985-o1\" \/>\n<input type=\"hidden\" name=\"_wpcf7_container_post\" value=\"0\" \/>\n<input type=\"hidden\" name=\"_wpcf7_posted_data_hash\" value=\"\" \/>\n<\/div>\n<div class='formdiv'>\n<span>SOLICITAR PRESUPUESTO<\/span><\/p>\n<p>Rellene este formulario para solicitar informaci\u00f3n. (campos obligatorios*)<\/p>\n<\/div>\n<div class='formdiv-left'><label> Su nombre*<br \/>\n    <span class=\"wpcf7-form-control-wrap your-name\"><input type=\"text\" name=\"your-name\" value=\"\" size=\"40\" class=\"wpcf7-form-control wpcf7-text wpcf7-validates-as-required\" aria-required=\"true\" aria-invalid=\"false\" \/><\/span> <\/label><\/p>\n<p><label> Su correo electr\u00f3nico*<br \/>\n    <span class=\"wpcf7-form-control-wrap your-email\"><input type=\"email\" name=\"your-email\" value=\"\" size=\"40\" class=\"wpcf7-form-control wpcf7-text wpcf7-email wpcf7-validates-as-required wpcf7-validates-as-email\" aria-required=\"true\" aria-invalid=\"false\" \/><\/span> <\/label><\/p>\n<p><label> Su pa\u00eds<br \/>\n    <span class=\"wpcf7-form-control-wrap your-country\"><input type=\"text\" name=\"your-country\" value=\"\" size=\"40\" class=\"wpcf7-form-control wpcf7-text\" aria-invalid=\"false\" \/><\/span> <\/label><\/p>\n<p><label> Tu tel\u00e9fono<br \/>\n    <span class=\"wpcf7-form-control-wrap tel-901\"><input type=\"tel\" name=\"tel-901\" value=\"\" size=\"40\" class=\"wpcf7-form-control wpcf7-text wpcf7-tel wpcf7-validates-as-tel\" aria-invalid=\"false\" \/><\/span> <\/label><\/p>\n<p><label> Nombre de su empresa \/ Sitio web<br \/>\n    <span class=\"wpcf7-form-control-wrap your-company\"><input type=\"text\" name=\"your-company\" value=\"\" size=\"40\" class=\"wpcf7-form-control wpcf7-text\" aria-invalid=\"false\" \/><\/span> <\/label>\n<\/div>\n<div class='formdiv-right'>\n<label> Su mensaje*<br \/>\n    <span class=\"wpcf7-form-control-wrap your-message\"><textarea name=\"your-message\" cols=\"40\" rows=\"10\" class=\"wpcf7-form-control wpcf7-textarea wpcf7-validates-as-required\" aria-required=\"true\" aria-invalid=\"false\"><\/textarea><\/span> <\/label><\/p>\n<p><input type=\"submit\" value=\"Enviar\" class=\"wpcf7-form-control wpcf7-submit\" \/>\n<\/p><\/div>\n<div style='clear:both'><\/div>\n<div class=\"wpcf7-response-output\" aria-hidden=\"true\"><\/div><input type=\"hidden\" name=\"trp-form-language\" value=\"es\"\/><\/form><\/div>\n<div style='text-align:left' class='yasr-auto-insert-visitor'><\/div>","protected":false},"excerpt":{"rendered":"<p>Este pulverizador de torta de cacao es el proceso de trituraci\u00f3n gruesa del cacao en polvo y de molienda fina del cacao en polvo. El efecto de trituraci\u00f3n es bueno, y el tama\u00f1o de part\u00edcula de descarga de cacao en polvo es ajustable.<\/p>","protected":false},"featured_media":2812,"comment_status":"open","ping_status":"closed","template":"","meta":{"yasr_overall_rating":0,"yasr_post_is_review":"","yasr_auto_insert_disabled":"","yasr_review_type":""},"product_cat":[51],"product_tag":[],"class_list":["post-1727","product","type-product","status-publish","has-post-thumbnail","hentry","product_cat-cocoa-machines"],"yoast_head":"<!-- This site is optimized with the Yoast SEO plugin v20.9 - https:\/\/yoast.com\/wordpress\/plugins\/seo\/ -->\n<title>Industrial Cocoa Cake Powder Pulverizer - Cocoa Machinery<\/title>\n<meta name=\"description\" content=\"This cocoa cake pulverizer is the process of coarsely crushing cocoa powder and then finely grinding the cocoa powder.\" \/>\n<meta name=\"robots\" content=\"index, follow, max-snippet:-1, max-image-preview:large, max-video-preview:-1\" \/>\n<link rel=\"canonical\" href=\"https:\/\/www.cocoamachinery.com\/es\/product\/industrial-cocoa-cake-powder-pulverizer\/\" \/>\n<meta property=\"og:locale\" content=\"es_ES\" \/>\n<meta property=\"og:type\" content=\"article\" \/>\n<meta property=\"og:title\" content=\"Industrial Cocoa Cake Powder Pulverizer - Cocoa Machinery\" \/>\n<meta property=\"og:description\" content=\"This cocoa cake pulverizer is the process of coarsely crushing cocoa powder and then finely grinding the cocoa powder.\" \/>\n<meta property=\"og:url\" content=\"https:\/\/www.cocoamachinery.com\/es\/product\/industrial-cocoa-cake-powder-pulverizer\/\" \/>\n<meta property=\"og:site_name\" content=\"Cocoa Machinery\" \/>\n<meta property=\"article:publisher\" content=\"https:\/\/www.facebook.com\/longernutsmachinery\/\" \/>\n<meta property=\"article:modified_time\" content=\"2025-05-24T12:02:33+00:00\" \/>\n<meta property=\"og:image\" content=\"https:\/\/www.cocoamachinery.com\/wp-content\/uploads\/2022\/03\/4-1.jpg\" \/>\n\t<meta property=\"og:image:width\" content=\"600\" \/>\n\t<meta property=\"og:image:height\" content=\"600\" \/>\n\t<meta property=\"og:image:type\" content=\"image\/jpeg\" \/>\n<meta name=\"twitter:card\" content=\"summary_large_image\" \/>\n<meta name=\"twitter:site\" content=\"@nutsmachinery\" \/>\n<meta name=\"twitter:label1\" content=\"Tiempo de lectura\" \/>\n\t<meta name=\"twitter:data1\" content=\"3 minutos\" \/>\n<script type=\"application\/ld+json\" class=\"yoast-schema-graph\">{\"@context\":\"https:\/\/schema.org\",\"@graph\":[{\"@type\":\"WebPage\",\"@id\":\"https:\/\/www.cocoamachinery.com\/product\/industrial-cocoa-cake-powder-pulverizer\/\",\"url\":\"https:\/\/www.cocoamachinery.com\/product\/industrial-cocoa-cake-powder-pulverizer\/\",\"name\":\"Industrial Cocoa Cake Powder Pulverizer - Cocoa Machinery\",\"isPartOf\":{\"@id\":\"https:\/\/www.cocoamachinery.com\/#website\"},\"datePublished\":\"2022-03-09T13:01:51+00:00\",\"dateModified\":\"2025-05-24T12:02:33+00:00\",\"description\":\"This cocoa cake pulverizer is the process of coarsely crushing cocoa powder and then finely grinding the cocoa powder.\",\"breadcrumb\":{\"@id\":\"https:\/\/www.cocoamachinery.com\/product\/industrial-cocoa-cake-powder-pulverizer\/#breadcrumb\"},\"inLanguage\":\"es\",\"potentialAction\":[{\"@type\":\"ReadAction\",\"target\":[\"https:\/\/www.cocoamachinery.com\/product\/industrial-cocoa-cake-powder-pulverizer\/\"]}]},{\"@type\":\"BreadcrumbList\",\"@id\":\"https:\/\/www.cocoamachinery.com\/product\/industrial-cocoa-cake-powder-pulverizer\/#breadcrumb\",\"itemListElement\":[{\"@type\":\"ListItem\",\"position\":1,\"name\":\"Home\",\"item\":\"https:\/\/www.cocoamachinery.com\/\"},{\"@type\":\"ListItem\",\"position\":2,\"name\":\"Product\",\"item\":\"https:\/\/www.cocoamachinery.com\/product\/\"},{\"@type\":\"ListItem\",\"position\":3,\"name\":\"Industrial Cocoa Cake Powder Pulverizer\"}]},{\"@type\":\"WebSite\",\"@id\":\"https:\/\/www.cocoamachinery.com\/#website\",\"url\":\"https:\/\/www.cocoamachinery.com\/\",\"name\":\"Cocoa Machinery\",\"description\":\"Cocoa Processing Solution Provider\",\"publisher\":{\"@id\":\"https:\/\/www.cocoamachinery.com\/#organization\"},\"potentialAction\":[{\"@type\":\"SearchAction\",\"target\":{\"@type\":\"EntryPoint\",\"urlTemplate\":\"https:\/\/www.cocoamachinery.com\/?s={search_term_string}\"},\"query-input\":\"required name=search_term_string\"}],\"inLanguage\":\"es\"},{\"@type\":\"Organization\",\"@id\":\"https:\/\/www.cocoamachinery.com\/#organization\",\"name\":\"Longer Food Machinery\",\"url\":\"https:\/\/www.cocoamachinery.com\/\",\"logo\":{\"@type\":\"ImageObject\",\"inLanguage\":\"es\",\"@id\":\"https:\/\/www.cocoamachinery.com\/#\/schema\/logo\/image\/\",\"url\":\"https:\/\/www.cocoamachinery.com\/wp-content\/uploads\/2024\/08\/Icon-512_512.png\",\"contentUrl\":\"https:\/\/www.cocoamachinery.com\/wp-content\/uploads\/2024\/08\/Icon-512_512.png\",\"width\":512,\"height\":512,\"caption\":\"Longer Food Machinery\"},\"image\":{\"@id\":\"https:\/\/www.cocoamachinery.com\/#\/schema\/logo\/image\/\"},\"sameAs\":[\"https:\/\/www.facebook.com\/longernutsmachinery\/\",\"https:\/\/twitter.com\/nutsmachinery\",\"https:\/\/www.pinterest.com\/nutsmachinery\/\",\"https:\/\/www.linkedin.com\/company\/longer-nuts-machinery\/\",\"https:\/\/www.youtube.com\/c\/NutsMachinery\"]},false]}<\/script>\n<!-- \/ Yoast SEO plugin. -->","yoast_head_json":{"title":"Industrial Cocoa Cake Powder Pulverizer - Cocoa Machinery","description":"This cocoa cake pulverizer is the process of coarsely crushing cocoa powder and then finely grinding the cocoa powder.","robots":{"index":"index","follow":"follow","max-snippet":"max-snippet:-1","max-image-preview":"max-image-preview:large","max-video-preview":"max-video-preview:-1"},"canonical":"https:\/\/www.cocoamachinery.com\/es\/product\/industrial-cocoa-cake-powder-pulverizer\/","og_locale":"es_ES","og_type":"article","og_title":"Industrial Cocoa Cake Powder Pulverizer - Cocoa Machinery","og_description":"This cocoa cake pulverizer is the process of coarsely crushing cocoa powder and then finely grinding the cocoa powder.","og_url":"https:\/\/www.cocoamachinery.com\/es\/product\/industrial-cocoa-cake-powder-pulverizer\/","og_site_name":"Cocoa Machinery","article_publisher":"https:\/\/www.facebook.com\/longernutsmachinery\/","article_modified_time":"2025-05-24T12:02:33+00:00","og_image":[{"width":600,"height":600,"url":"https:\/\/www.cocoamachinery.com\/wp-content\/uploads\/2022\/03\/4-1.jpg","type":"image\/jpeg"}],"twitter_card":"summary_large_image","twitter_site":"@nutsmachinery","twitter_misc":{"Tiempo de lectura":"3 minutos"},"schema":{"@context":"https:\/\/schema.org","@graph":[{"@type":"WebPage","@id":"https:\/\/www.cocoamachinery.com\/product\/industrial-cocoa-cake-powder-pulverizer\/","url":"https:\/\/www.cocoamachinery.com\/product\/industrial-cocoa-cake-powder-pulverizer\/","name":"Industrial Cocoa Cake Powder Pulverizer - Cocoa Machinery","isPartOf":{"@id":"https:\/\/www.cocoamachinery.com\/#website"},"datePublished":"2022-03-09T13:01:51+00:00","dateModified":"2025-05-24T12:02:33+00:00","description":"This cocoa cake pulverizer is the process of coarsely crushing cocoa powder and then finely grinding the cocoa powder.","breadcrumb":{"@id":"https:\/\/www.cocoamachinery.com\/product\/industrial-cocoa-cake-powder-pulverizer\/#breadcrumb"},"inLanguage":"es","potentialAction":[{"@type":"ReadAction","target":["https:\/\/www.cocoamachinery.com\/product\/industrial-cocoa-cake-powder-pulverizer\/"]}]},{"@type":"BreadcrumbList","@id":"https:\/\/www.cocoamachinery.com\/product\/industrial-cocoa-cake-powder-pulverizer\/#breadcrumb","itemListElement":[{"@type":"ListItem","position":1,"name":"Home","item":"https:\/\/www.cocoamachinery.com\/"},{"@type":"ListItem","position":2,"name":"Product","item":"https:\/\/www.cocoamachinery.com\/product\/"},{"@type":"ListItem","position":3,"name":"Industrial Cocoa Cake Powder Pulverizer"}]},{"@type":"WebSite","@id":"https:\/\/www.cocoamachinery.com\/#website","url":"https:\/\/www.cocoamachinery.com\/","name":"Cocoa Machinery","description":"Cocoa Processing Solution Provider","publisher":{"@id":"https:\/\/www.cocoamachinery.com\/#organization"},"potentialAction":[{"@type":"SearchAction","target":{"@type":"EntryPoint","urlTemplate":"https:\/\/www.cocoamachinery.com\/?s={search_term_string}"},"query-input":"required name=search_term_string"}],"inLanguage":"es"},{"@type":"Organization","@id":"https:\/\/www.cocoamachinery.com\/#organization","name":"Longer Food Machinery","url":"https:\/\/www.cocoamachinery.com\/","logo":{"@type":"ImageObject","inLanguage":"es","@id":"https:\/\/www.cocoamachinery.com\/#\/schema\/logo\/image\/","url":"https:\/\/www.cocoamachinery.com\/wp-content\/uploads\/2024\/08\/Icon-512_512.png","contentUrl":"https:\/\/www.cocoamachinery.com\/wp-content\/uploads\/2024\/08\/Icon-512_512.png","width":512,"height":512,"caption":"Longer Food Machinery"},"image":{"@id":"https:\/\/www.cocoamachinery.com\/#\/schema\/logo\/image\/"},"sameAs":["https:\/\/www.facebook.com\/longernutsmachinery\/","https:\/\/twitter.com\/nutsmachinery","https:\/\/www.pinterest.com\/nutsmachinery\/","https:\/\/www.linkedin.com\/company\/longer-nuts-machinery\/","https:\/\/www.youtube.com\/c\/NutsMachinery"]},false]}},"yasr_visitor_votes":{"stars_attributes":{"read_only":false,"span_bottom":false},"number_of_votes":2,"sum_votes":10},"_links":{"self":[{"href":"https:\/\/www.cocoamachinery.com\/es\/wp-json\/wp\/v2\/product\/1727","targetHints":{"allow":["GET"]}}],"collection":[{"href":"https:\/\/www.cocoamachinery.com\/es\/wp-json\/wp\/v2\/product"}],"about":[{"href":"https:\/\/www.cocoamachinery.com\/es\/wp-json\/wp\/v2\/types\/product"}],"replies":[{"embeddable":true,"href":"https:\/\/www.cocoamachinery.com\/es\/wp-json\/wp\/v2\/comments?post=1727"}],"version-history":[{"count":3,"href":"https:\/\/www.cocoamachinery.com\/es\/wp-json\/wp\/v2\/product\/1727\/revisions"}],"predecessor-version":[{"id":2816,"href":"https:\/\/www.cocoamachinery.com\/es\/wp-json\/wp\/v2\/product\/1727\/revisions\/2816"}],"wp:featuredmedia":[{"embeddable":true,"href":"https:\/\/www.cocoamachinery.com\/es\/wp-json\/wp\/v2\/media\/2812"}],"wp:attachment":[{"href":"https:\/\/www.cocoamachinery.com\/es\/wp-json\/wp\/v2\/media?parent=1727"}],"wp:term":[{"taxonomy":"product_cat","embeddable":true,"href":"https:\/\/www.cocoamachinery.com\/es\/wp-json\/wp\/v2\/product_cat?post=1727"},{"taxonomy":"product_tag","embeddable":true,"href":"https:\/\/www.cocoamachinery.com\/es\/wp-json\/wp\/v2\/product_tag?post=1727"}],"curies":[{"name":"wp","href":"https:\/\/api.w.org\/{rel}","templated":true}]}}