{"id":1715,"date":"2022-03-04T03:52:08","date_gmt":"2022-03-04T03:52:08","guid":{"rendered":"https:\/\/www.cocoamachinery.com\/?post_type=product&#038;p=1715"},"modified":"2025-11-21T12:21:37","modified_gmt":"2025-11-21T04:21:37","slug":"cocoa-bean-cracker-and-winnower","status":"publish","type":"product","link":"https:\/\/www.cocoamachinery.com\/es\/product\/cocoa-bean-cracker-and-winnower\/","title":{"rendered":"Venta de trituradora y aventadora de granos de caca"},"content":{"rendered":"<p>En <strong>trituradora de granos de cacao<\/strong>\u00a0es un equipo especial de pelado de granos de cacao, que tiene las caracter\u00edsticas de alto grado de automatizaci\u00f3n, alta tasa de rotura de la v\u00e1lvula, sin contaminaci\u00f3n, larga vida \u00fatil y as\u00ed sucesivamente.<\/p>\n<p>Este <strong>trituradora y aventadora de granos de cacao<\/strong> puede completar el prop\u00f3sito de trituraci\u00f3n y aventado de cacao a la vez, y obtener nibs de cacao ideales, por lo que esta m\u00e1quina es un equipo ideal para el procesamiento de granos de cacao.<\/p>\n<h3><strong>Estructura de la aventadora de granos de cacao en venta:<\/strong><\/h3>\n<p>Se compone principalmente de una tolva, una criba vibratoria de alimentaci\u00f3n, un mecanismo de rodillos de caucho, una estructura de cribado por vibraci\u00f3n y un mecanismo de separaci\u00f3n por gravedad espec\u00edfica.<\/p>\n<p>El mecanismo de rodillos de goma consta de tres rodillos de apriete escalonados y combinados para formar los conjuntos superior e inferior de huecos de rodillos. La estructura de cribado por vibraci\u00f3n puede separar eficazmente la piel pegada y la almendra. Durante el proceso de tamizado, el mecanismo de separaci\u00f3n por gravedad espec\u00edfica separa la piel y la almendra, y las pepitas de cacao peladas se descargan a trav\u00e9s del puerto de descarga.<\/p>\n<figure id=\"attachment_2951\" aria-describedby=\"caption-attachment-2951\" style=\"width: 600px\" class=\"wp-caption alignnone\"><img fetchpriority=\"high\" decoding=\"async\" class=\"wp-image-2951 size-full\" src=\"https:\/\/www.cocoamachinery.com\/wp-content\/uploads\/2022\/03\/5-1.jpg\" alt=\"Proveedor de craqueadoras y aventadoras de granos de cacao\" width=\"600\" height=\"600\" srcset=\"https:\/\/www.cocoamachinery.com\/wp-content\/uploads\/2022\/03\/5-1.jpg 600w, https:\/\/www.cocoamachinery.com\/wp-content\/uploads\/2022\/03\/5-1-300x300.jpg 300w, https:\/\/www.cocoamachinery.com\/wp-content\/uploads\/2022\/03\/5-1-150x150.jpg 150w, https:\/\/www.cocoamachinery.com\/wp-content\/uploads\/2022\/03\/5-1-12x12.jpg 12w, https:\/\/www.cocoamachinery.com\/wp-content\/uploads\/2022\/03\/5-1-100x100.jpg 100w\" sizes=\"(max-width: 600px) 100vw, 600px\" \/><figcaption id=\"caption-attachment-2951\" class=\"wp-caption-text\">Proveedor de craqueadoras y aventadoras de granos de cacao<\/figcaption><\/figure>\n<h3><strong>Principio de funcionamiento de la trituradora de granos de cacao :<\/strong><\/h3>\n<p>Las habas de cacao se tuestan y luego se enfr\u00edan.<\/p>\n<ol>\n<li>En condiciones naturales, la piel y la almendra de las habas de cacao est\u00e1n estrechamente combinadas, pero la piel del cacao tras el tostado es muy quebradiza, y la piel puede separarse f\u00e1cilmente con la trituraci\u00f3n de las habas de cacao en condiciones de extrusi\u00f3n con rodillo;<\/li>\n<li>Debido a los diferentes pesos de las pieles y los granos separados, las pieles y los granos de cacao pueden separarse mediante una cierta presi\u00f3n del viento, y finalmente pueden obtenerse los nibs de cacao ideales.<\/li>\n<\/ol>\n<h3><strong>Ventajas de la trituradora y aventadora de cacao :<\/strong><\/h3>\n<ul>\n<li>La m\u00e1quina tiene una estructura compacta, una gran eficacia de pelado y una gran capacidad de procesamiento, que alcanza los 500 kg\/h;<\/li>\n<li>Estructura de tres rodillos, el material puede ser triturado sin clasificaci\u00f3n, y la tasa de trituraci\u00f3n es alta;<\/li>\n<li>El rodillo de goma de los granos de cacao est\u00e1 hecho de material resistente a \u00e1cidos y \u00e1lcalis de alta dureza para prolongar su vida \u00fatil;<\/li>\n<li>La potencia de la m\u00e1quina aventadora de granos de cacao es peque\u00f1a, y un motor acciona m\u00faltiples mecanismos, ahorrando consumo de energ\u00eda;<\/li>\n<li>La criba vibratoria adopta una estructura de placa perforada integrada, que tiene una alta resistencia y una r\u00e1pida velocidad de descarga del material;<\/li>\n<li>La tasa de pelado de los granos de cacao puede alcanzar m\u00e1s de 85%.<\/li>\n<\/ul>\n<figure id=\"attachment_2952\" aria-describedby=\"caption-attachment-2952\" style=\"width: 600px\" class=\"wp-caption alignnone\"><img decoding=\"async\" class=\"wp-image-2952 size-full\" src=\"https:\/\/www.cocoamachinery.com\/wp-content\/uploads\/2022\/03\/6-1.jpg\" alt=\"Venta de m\u00e1quina descortezadora de granos de cacao\" width=\"600\" height=\"600\" srcset=\"https:\/\/www.cocoamachinery.com\/wp-content\/uploads\/2022\/03\/6-1.jpg 600w, https:\/\/www.cocoamachinery.com\/wp-content\/uploads\/2022\/03\/6-1-300x300.jpg 300w, https:\/\/www.cocoamachinery.com\/wp-content\/uploads\/2022\/03\/6-1-150x150.jpg 150w, https:\/\/www.cocoamachinery.com\/wp-content\/uploads\/2022\/03\/6-1-12x12.jpg 12w, https:\/\/www.cocoamachinery.com\/wp-content\/uploads\/2022\/03\/6-1-100x100.jpg 100w\" sizes=\"(max-width: 600px) 100vw, 600px\" \/><figcaption id=\"caption-attachment-2952\" class=\"wp-caption-text\">Venta de m\u00e1quina descortezadora de granos de cacao<\/figcaption><\/figure>\n<h3><strong>Par\u00e1metros de la m\u00e1quina aventadora de granos de cacao<\/strong><\/h3>\n<table>\n<tbody>\n<tr>\n<td width=\"284\">Modelo<\/td>\n<td width=\"284\">GG-BQ200A<\/td>\n<\/tr>\n<tr>\n<td width=\"284\">Capacidad<\/td>\n<td width=\"284\">500 kg\/h<\/td>\n<\/tr>\n<tr>\n<td width=\"284\">Dimensi\u00f3n<\/td>\n<td width=\"284\">1900*850*1350mm<\/td>\n<\/tr>\n<tr>\n<td width=\"284\">Peso<\/td>\n<td width=\"284\">1000kg<\/td>\n<\/tr>\n<\/tbody>\n<\/table>\n<div role=\"form\" class=\"wpcf7\" id=\"wpcf7-f1985-o1\" lang=\"en-US\" dir=\"ltr\">\n<div class=\"screen-reader-response\"><p role=\"status\" aria-live=\"polite\" aria-atomic=\"true\"><\/p> <ul><\/ul><\/div>\n<form action=\"\/es\/wp-json\/wp\/v2\/product\/1715#wpcf7-f1985-o1\" method=\"post\" class=\"wpcf7-form init\" novalidate=\"novalidate\" data-status=\"init\" data-trp-original-action=\"\/es\/wp-json\/wp\/v2\/product\/1715#wpcf7-f1985-o1\">\n<div style=\"display: none;\">\n<input type=\"hidden\" name=\"_wpcf7\" value=\"1985\" \/>\n<input type=\"hidden\" name=\"_wpcf7_version\" value=\"5.4.1\" \/>\n<input type=\"hidden\" name=\"_wpcf7_locale\" value=\"en_US\" \/>\n<input type=\"hidden\" name=\"_wpcf7_unit_tag\" value=\"wpcf7-f1985-o1\" \/>\n<input type=\"hidden\" name=\"_wpcf7_container_post\" value=\"0\" \/>\n<input type=\"hidden\" name=\"_wpcf7_posted_data_hash\" value=\"\" \/>\n<\/div>\n<div class='formdiv'>\n<span>SOLICITAR PRESUPUESTO<\/span><\/p>\n<p>Rellene este formulario para solicitar informaci\u00f3n. (campos obligatorios*)<\/p>\n<\/div>\n<div class='formdiv-left'><label> Su nombre*<br \/>\n    <span class=\"wpcf7-form-control-wrap your-name\"><input type=\"text\" name=\"your-name\" value=\"\" size=\"40\" class=\"wpcf7-form-control wpcf7-text wpcf7-validates-as-required\" aria-required=\"true\" aria-invalid=\"false\" \/><\/span> <\/label><\/p>\n<p><label> Su correo electr\u00f3nico*<br \/>\n    <span class=\"wpcf7-form-control-wrap your-email\"><input type=\"email\" name=\"your-email\" value=\"\" size=\"40\" class=\"wpcf7-form-control wpcf7-text wpcf7-email wpcf7-validates-as-required wpcf7-validates-as-email\" aria-required=\"true\" aria-invalid=\"false\" \/><\/span> <\/label><\/p>\n<p><label> Su pa\u00eds<br \/>\n    <span class=\"wpcf7-form-control-wrap your-country\"><input type=\"text\" name=\"your-country\" value=\"\" size=\"40\" class=\"wpcf7-form-control wpcf7-text\" aria-invalid=\"false\" \/><\/span> <\/label><\/p>\n<p><label> Tu tel\u00e9fono<br \/>\n    <span class=\"wpcf7-form-control-wrap tel-901\"><input type=\"tel\" name=\"tel-901\" value=\"\" size=\"40\" class=\"wpcf7-form-control wpcf7-text wpcf7-tel wpcf7-validates-as-tel\" aria-invalid=\"false\" \/><\/span> <\/label><\/p>\n<p><label> Nombre de su empresa \/ Sitio web<br \/>\n    <span class=\"wpcf7-form-control-wrap your-company\"><input type=\"text\" name=\"your-company\" value=\"\" size=\"40\" class=\"wpcf7-form-control wpcf7-text\" aria-invalid=\"false\" \/><\/span> <\/label>\n<\/div>\n<div class='formdiv-right'>\n<label> Su mensaje*<br \/>\n    <span class=\"wpcf7-form-control-wrap your-message\"><textarea name=\"your-message\" cols=\"40\" rows=\"10\" class=\"wpcf7-form-control wpcf7-textarea wpcf7-validates-as-required\" aria-required=\"true\" aria-invalid=\"false\"><\/textarea><\/span> <\/label><\/p>\n<p><input type=\"submit\" value=\"Enviar\" class=\"wpcf7-form-control wpcf7-submit\" \/>\n<\/p><\/div>\n<div style='clear:both'><\/div>\n<div class=\"wpcf7-response-output\" aria-hidden=\"true\"><\/div><input type=\"hidden\" name=\"trp-form-language\" value=\"es\"\/><\/form><\/div>\n<div style='text-align:left' class='yasr-auto-insert-visitor'><\/div>","protected":false},"excerpt":{"rendered":"<p>La trituradora de granos de cacao es un equipo especial de pelado y aventado de cacao para obtener nibs de cacao ideales. Totalmente autom\u00e1tico, alta tasa de pelado.<\/p>","protected":false},"featured_media":2949,"comment_status":"open","ping_status":"closed","template":"","meta":{"yasr_overall_rating":0,"yasr_post_is_review":"","yasr_auto_insert_disabled":"","yasr_review_type":""},"product_cat":[51],"product_tag":[],"class_list":["post-1715","product","type-product","status-publish","has-post-thumbnail","hentry","product_cat-cocoa-machines"],"yoast_head":"<!-- This site is optimized with the Yoast SEO plugin v20.9 - https:\/\/yoast.com\/wordpress\/plugins\/seo\/ -->\n<title>Cocoa Bean Cracker and Winnower Machine for Sale<\/title>\n<meta name=\"description\" content=\"This cocoa bean cracker machine is a special cocoa peeling equipment to get ideal cocoa nibs. Fully automatic, high peeling rate.\" \/>\n<meta name=\"robots\" content=\"index, follow, max-snippet:-1, max-image-preview:large, max-video-preview:-1\" \/>\n<link rel=\"canonical\" href=\"https:\/\/www.cocoamachinery.com\/es\/product\/cocoa-bean-cracker-and-winnower\/\" \/>\n<meta property=\"og:locale\" content=\"es_ES\" \/>\n<meta property=\"og:type\" content=\"article\" \/>\n<meta property=\"og:title\" content=\"Cocoa Bean Cracker and Winnower Machine for Sale\" \/>\n<meta property=\"og:description\" content=\"This cocoa bean cracker machine is a special cocoa peeling equipment to get ideal cocoa nibs. Fully automatic, high peeling rate.\" \/>\n<meta property=\"og:url\" content=\"https:\/\/www.cocoamachinery.com\/es\/product\/cocoa-bean-cracker-and-winnower\/\" \/>\n<meta property=\"og:site_name\" content=\"Cocoa Machinery\" \/>\n<meta property=\"article:publisher\" content=\"https:\/\/www.facebook.com\/longernutsmachinery\/\" \/>\n<meta property=\"article:modified_time\" content=\"2025-11-21T04:21:37+00:00\" \/>\n<meta property=\"og:image\" content=\"https:\/\/www.cocoamachinery.com\/wp-content\/uploads\/2022\/03\/4-3.jpg\" \/>\n\t<meta property=\"og:image:width\" content=\"600\" \/>\n\t<meta property=\"og:image:height\" content=\"600\" \/>\n\t<meta property=\"og:image:type\" content=\"image\/jpeg\" \/>\n<meta name=\"twitter:card\" content=\"summary_large_image\" \/>\n<meta name=\"twitter:site\" content=\"@nutsmachinery\" \/>\n<meta name=\"twitter:label1\" content=\"Tiempo de lectura\" \/>\n\t<meta name=\"twitter:data1\" content=\"3 minutos\" \/>\n<script type=\"application\/ld+json\" class=\"yoast-schema-graph\">{\"@context\":\"https:\/\/schema.org\",\"@graph\":[{\"@type\":\"WebPage\",\"@id\":\"https:\/\/www.cocoamachinery.com\/product\/cocoa-bean-cracker-and-winnower\/\",\"url\":\"https:\/\/www.cocoamachinery.com\/product\/cocoa-bean-cracker-and-winnower\/\",\"name\":\"Cocoa Bean Cracker and Winnower Machine for Sale\",\"isPartOf\":{\"@id\":\"https:\/\/www.cocoamachinery.com\/#website\"},\"datePublished\":\"2022-03-04T03:52:08+00:00\",\"dateModified\":\"2025-11-21T04:21:37+00:00\",\"description\":\"This cocoa bean cracker machine is a special cocoa peeling equipment to get ideal cocoa nibs. Fully automatic, high peeling rate.\",\"breadcrumb\":{\"@id\":\"https:\/\/www.cocoamachinery.com\/product\/cocoa-bean-cracker-and-winnower\/#breadcrumb\"},\"inLanguage\":\"es\",\"potentialAction\":[{\"@type\":\"ReadAction\",\"target\":[\"https:\/\/www.cocoamachinery.com\/product\/cocoa-bean-cracker-and-winnower\/\"]}]},{\"@type\":\"BreadcrumbList\",\"@id\":\"https:\/\/www.cocoamachinery.com\/product\/cocoa-bean-cracker-and-winnower\/#breadcrumb\",\"itemListElement\":[{\"@type\":\"ListItem\",\"position\":1,\"name\":\"Home\",\"item\":\"https:\/\/www.cocoamachinery.com\/\"},{\"@type\":\"ListItem\",\"position\":2,\"name\":\"Product\",\"item\":\"https:\/\/www.cocoamachinery.com\/product\/\"},{\"@type\":\"ListItem\",\"position\":3,\"name\":\"Cocoa Bean Cracker and Winnower Machine for Sale\"}]},{\"@type\":\"WebSite\",\"@id\":\"https:\/\/www.cocoamachinery.com\/#website\",\"url\":\"https:\/\/www.cocoamachinery.com\/\",\"name\":\"Cocoa Machinery\",\"description\":\"Cocoa Processing Solution Provider\",\"publisher\":{\"@id\":\"https:\/\/www.cocoamachinery.com\/#organization\"},\"potentialAction\":[{\"@type\":\"SearchAction\",\"target\":{\"@type\":\"EntryPoint\",\"urlTemplate\":\"https:\/\/www.cocoamachinery.com\/?s={search_term_string}\"},\"query-input\":\"required name=search_term_string\"}],\"inLanguage\":\"es\"},{\"@type\":\"Organization\",\"@id\":\"https:\/\/www.cocoamachinery.com\/#organization\",\"name\":\"Longer Food Machinery\",\"url\":\"https:\/\/www.cocoamachinery.com\/\",\"logo\":{\"@type\":\"ImageObject\",\"inLanguage\":\"es\",\"@id\":\"https:\/\/www.cocoamachinery.com\/#\/schema\/logo\/image\/\",\"url\":\"https:\/\/www.cocoamachinery.com\/wp-content\/uploads\/2024\/08\/Icon-512_512.png\",\"contentUrl\":\"https:\/\/www.cocoamachinery.com\/wp-content\/uploads\/2024\/08\/Icon-512_512.png\",\"width\":512,\"height\":512,\"caption\":\"Longer Food Machinery\"},\"image\":{\"@id\":\"https:\/\/www.cocoamachinery.com\/#\/schema\/logo\/image\/\"},\"sameAs\":[\"https:\/\/www.facebook.com\/longernutsmachinery\/\",\"https:\/\/twitter.com\/nutsmachinery\",\"https:\/\/www.pinterest.com\/nutsmachinery\/\",\"https:\/\/www.linkedin.com\/company\/longer-nuts-machinery\/\",\"https:\/\/www.youtube.com\/c\/NutsMachinery\"]},false]}<\/script>\n<!-- \/ Yoast SEO plugin. -->","yoast_head_json":{"title":"Cocoa Bean Cracker and Winnower Machine for Sale","description":"This cocoa bean cracker machine is a special cocoa peeling equipment to get ideal cocoa nibs. Fully automatic, high peeling rate.","robots":{"index":"index","follow":"follow","max-snippet":"max-snippet:-1","max-image-preview":"max-image-preview:large","max-video-preview":"max-video-preview:-1"},"canonical":"https:\/\/www.cocoamachinery.com\/es\/product\/cocoa-bean-cracker-and-winnower\/","og_locale":"es_ES","og_type":"article","og_title":"Cocoa Bean Cracker and Winnower Machine for Sale","og_description":"This cocoa bean cracker machine is a special cocoa peeling equipment to get ideal cocoa nibs. Fully automatic, high peeling rate.","og_url":"https:\/\/www.cocoamachinery.com\/es\/product\/cocoa-bean-cracker-and-winnower\/","og_site_name":"Cocoa Machinery","article_publisher":"https:\/\/www.facebook.com\/longernutsmachinery\/","article_modified_time":"2025-11-21T04:21:37+00:00","og_image":[{"width":600,"height":600,"url":"https:\/\/www.cocoamachinery.com\/wp-content\/uploads\/2022\/03\/4-3.jpg","type":"image\/jpeg"}],"twitter_card":"summary_large_image","twitter_site":"@nutsmachinery","twitter_misc":{"Tiempo de lectura":"3 minutos"},"schema":{"@context":"https:\/\/schema.org","@graph":[{"@type":"WebPage","@id":"https:\/\/www.cocoamachinery.com\/product\/cocoa-bean-cracker-and-winnower\/","url":"https:\/\/www.cocoamachinery.com\/product\/cocoa-bean-cracker-and-winnower\/","name":"Cocoa Bean Cracker and Winnower Machine for Sale","isPartOf":{"@id":"https:\/\/www.cocoamachinery.com\/#website"},"datePublished":"2022-03-04T03:52:08+00:00","dateModified":"2025-11-21T04:21:37+00:00","description":"This cocoa bean cracker machine is a special cocoa peeling equipment to get ideal cocoa nibs. Fully automatic, high peeling rate.","breadcrumb":{"@id":"https:\/\/www.cocoamachinery.com\/product\/cocoa-bean-cracker-and-winnower\/#breadcrumb"},"inLanguage":"es","potentialAction":[{"@type":"ReadAction","target":["https:\/\/www.cocoamachinery.com\/product\/cocoa-bean-cracker-and-winnower\/"]}]},{"@type":"BreadcrumbList","@id":"https:\/\/www.cocoamachinery.com\/product\/cocoa-bean-cracker-and-winnower\/#breadcrumb","itemListElement":[{"@type":"ListItem","position":1,"name":"Home","item":"https:\/\/www.cocoamachinery.com\/"},{"@type":"ListItem","position":2,"name":"Product","item":"https:\/\/www.cocoamachinery.com\/product\/"},{"@type":"ListItem","position":3,"name":"Cocoa Bean Cracker and Winnower Machine for Sale"}]},{"@type":"WebSite","@id":"https:\/\/www.cocoamachinery.com\/#website","url":"https:\/\/www.cocoamachinery.com\/","name":"Cocoa Machinery","description":"Cocoa Processing Solution Provider","publisher":{"@id":"https:\/\/www.cocoamachinery.com\/#organization"},"potentialAction":[{"@type":"SearchAction","target":{"@type":"EntryPoint","urlTemplate":"https:\/\/www.cocoamachinery.com\/?s={search_term_string}"},"query-input":"required name=search_term_string"}],"inLanguage":"es"},{"@type":"Organization","@id":"https:\/\/www.cocoamachinery.com\/#organization","name":"Longer Food Machinery","url":"https:\/\/www.cocoamachinery.com\/","logo":{"@type":"ImageObject","inLanguage":"es","@id":"https:\/\/www.cocoamachinery.com\/#\/schema\/logo\/image\/","url":"https:\/\/www.cocoamachinery.com\/wp-content\/uploads\/2024\/08\/Icon-512_512.png","contentUrl":"https:\/\/www.cocoamachinery.com\/wp-content\/uploads\/2024\/08\/Icon-512_512.png","width":512,"height":512,"caption":"Longer Food Machinery"},"image":{"@id":"https:\/\/www.cocoamachinery.com\/#\/schema\/logo\/image\/"},"sameAs":["https:\/\/www.facebook.com\/longernutsmachinery\/","https:\/\/twitter.com\/nutsmachinery","https:\/\/www.pinterest.com\/nutsmachinery\/","https:\/\/www.linkedin.com\/company\/longer-nuts-machinery\/","https:\/\/www.youtube.com\/c\/NutsMachinery"]},false]}},"yasr_visitor_votes":{"stars_attributes":{"read_only":false,"span_bottom":false},"number_of_votes":1,"sum_votes":5},"_links":{"self":[{"href":"https:\/\/www.cocoamachinery.com\/es\/wp-json\/wp\/v2\/product\/1715","targetHints":{"allow":["GET"]}}],"collection":[{"href":"https:\/\/www.cocoamachinery.com\/es\/wp-json\/wp\/v2\/product"}],"about":[{"href":"https:\/\/www.cocoamachinery.com\/es\/wp-json\/wp\/v2\/types\/product"}],"replies":[{"embeddable":true,"href":"https:\/\/www.cocoamachinery.com\/es\/wp-json\/wp\/v2\/comments?post=1715"}],"version-history":[{"count":4,"href":"https:\/\/www.cocoamachinery.com\/es\/wp-json\/wp\/v2\/product\/1715\/revisions"}],"predecessor-version":[{"id":2953,"href":"https:\/\/www.cocoamachinery.com\/es\/wp-json\/wp\/v2\/product\/1715\/revisions\/2953"}],"wp:featuredmedia":[{"embeddable":true,"href":"https:\/\/www.cocoamachinery.com\/es\/wp-json\/wp\/v2\/media\/2949"}],"wp:attachment":[{"href":"https:\/\/www.cocoamachinery.com\/es\/wp-json\/wp\/v2\/media?parent=1715"}],"wp:term":[{"taxonomy":"product_cat","embeddable":true,"href":"https:\/\/www.cocoamachinery.com\/es\/wp-json\/wp\/v2\/product_cat?post=1715"},{"taxonomy":"product_tag","embeddable":true,"href":"https:\/\/www.cocoamachinery.com\/es\/wp-json\/wp\/v2\/product_tag?post=1715"}],"curies":[{"name":"wp","href":"https:\/\/api.w.org\/{rel}","templated":true}]}}