{"id":1711,"date":"2022-03-03T11:07:36","date_gmt":"2022-03-03T11:07:36","guid":{"rendered":"https:\/\/www.cocoamachinery.com\/?post_type=product&#038;p=1711"},"modified":"2025-06-11T15:48:36","modified_gmt":"2025-06-11T07:48:36","slug":"cocoa-oil-press-extraction-machine","status":"publish","type":"product","link":"https:\/\/www.cocoamachinery.com\/es\/product\/cocoa-oil-press-extraction-machine\/","title":{"rendered":"55-60Mpa m\u00e1quina de extracci\u00f3n de prensa de aceite de cacao Industrial"},"content":{"rendered":"<p>En <strong>prensa de aceite de cacao<\/strong> es un equipo hidr\u00e1ulico de extracci\u00f3n de aceite con un funcionamiento sencillo y un alto rendimiento de aceite. Es adecuado para el trabajo continuo a alta temperatura y alta presi\u00f3n, con alta velocidad y alta presi\u00f3n. La prensa de aceite de cacao es un equipo importante en la l\u00ednea de procesamiento de cacao.<\/p>\n<h3><strong>Principio de funcionamiento de la m\u00e1quina de extracci\u00f3n de aceite de cacao en grano:<\/strong><\/h3>\n<p>Se compone de base, columna, placa superior, prensado y mandrinado, bandeja receptora de aceite, sistema hidr\u00e1ulico (fuente de alimentaci\u00f3n principal), sistema el\u00e9ctrico y otras piezas.<\/p>\n<p>La m\u00e1quina extractora de aceite de cacao adopta el principio de propulsi\u00f3n continua y presurizaci\u00f3n progresiva, de modo que la presi\u00f3n de la c\u00e1mara de prensado aumenta r\u00e1pidamente, y el aceite se separa por fisi\u00f3n de una sola vez. Poner el l\u00edquido de cacao en el taladro de prensado, empujar hacia arriba por la fuerza del pist\u00f3n del cilindro de aceite, el aceite de cacao fluye fuera de la brecha de aceite del taladro de prensado, y va al barril de almacenamiento de aceite a trav\u00e9s de la placa de conexi\u00f3n de aceite. El prensado es estable, y el prensado se agota de una sola vez.<\/p>\n<figure id=\"attachment_2959\" aria-describedby=\"caption-attachment-2959\" style=\"width: 600px\" class=\"wp-caption alignnone\"><img fetchpriority=\"high\" decoding=\"async\" class=\"wp-image-2959 size-full\" src=\"https:\/\/www.cocoamachinery.com\/wp-content\/uploads\/2022\/03\/5-2.jpg\" alt=\"M\u00e1quina de extracci\u00f3n de aceite de cacao en grano Industrial\" width=\"600\" height=\"600\" srcset=\"https:\/\/www.cocoamachinery.com\/wp-content\/uploads\/2022\/03\/5-2.jpg 600w, https:\/\/www.cocoamachinery.com\/wp-content\/uploads\/2022\/03\/5-2-300x300.jpg 300w, https:\/\/www.cocoamachinery.com\/wp-content\/uploads\/2022\/03\/5-2-150x150.jpg 150w, https:\/\/www.cocoamachinery.com\/wp-content\/uploads\/2022\/03\/5-2-12x12.jpg 12w, https:\/\/www.cocoamachinery.com\/wp-content\/uploads\/2022\/03\/5-2-100x100.jpg 100w\" sizes=\"(max-width: 600px) 100vw, 600px\" \/><figcaption id=\"caption-attachment-2959\" class=\"wp-caption-text\">M\u00e1quina de extracci\u00f3n de aceite de cacao en grano Industrial<\/figcaption><\/figure>\n<h3><strong>Caracter\u00edsticas de la m\u00e1quina de prensa de aceite de cacao:<\/strong><\/h3>\n<ul>\n<li>Sistema de control totalmente autom\u00e1tico, control autom\u00e1tico de la temperatura de precalentamiento, control autom\u00e1tico de la presi\u00f3n del sistema hidr\u00e1ulico<\/li>\n<li>Adoptar la estaci\u00f3n de bomba hidr\u00e1ulica avanzada del mundo, velocidad r\u00e1pida, alta presi\u00f3n y resistencia a altas temperaturas. .<\/li>\n<li>En el proceso de prensado, los granos de cacao se estresan uniformemente, el rendimiento de aceite es alto, y la tasa de exprimido puede alcanzar 90-92%, y el beneficio econ\u00f3mico es alto.<\/li>\n<li>Sistema de control de temperatura por infrarrojos, control autom\u00e1tico de la temperatura de prensado y del agua.<\/li>\n<li>Diversos dispositivos del sistema de filtraci\u00f3n fina aumentan la presi\u00f3n de filtraci\u00f3n del aceite, la filtraci\u00f3n autom\u00e1tica y la pureza del aceite.<\/li>\n<li>El filtrado y el prensado del aceite se realizan simult\u00e1neamente, lo que mejora enormemente la velocidad de filtrado del aceite.<\/li>\n<li>La m\u00e1quina de extracci\u00f3n de aceite de cacao en grano est\u00e1 hecha de acero de alta calidad, las piezas grandes y peque\u00f1as est\u00e1n cromadas, son fuertes y duraderas.<\/li>\n<\/ul>\n<h3><strong>Par\u00e1metros de la m\u00e1quina de prensado de aceite de cacao<\/strong><\/h3>\n<table>\n<tbody>\n<tr>\n<td width=\"66\">Modelo<\/td>\n<td width=\"47\">Material Caja (mm)<\/td>\n<td width=\"47\">Cada carga<\/p>\n<p>(kg)<\/td>\n<td width=\"66\">Presi\u00f3n del sistema<\/p>\n<p>(MPa)<\/td>\n<td width=\"47\">Presi\u00f3n de trabajo<\/p>\n<p>(T)<\/td>\n<td width=\"56\">Presi\u00f3n del material<\/p>\n<p>(MPa)<\/td>\n<td width=\"56\">Motor<\/p>\n<p>(kw)<\/td>\n<td width=\"85\">L\u00edmite<\/p>\n<p>dimensi\u00f3n (mm)<\/td>\n<td width=\"66\">Total<\/p>\n<p>peso (kg)<\/td>\n<\/tr>\n<tr>\n<td width=\"66\">LGYZL-230<\/td>\n<td width=\"47\">230<\/td>\n<td width=\"47\">8<\/td>\n<td width=\"66\">60<\/td>\n<td width=\"47\">170<\/td>\n<td width=\"56\">40.9<\/td>\n<td width=\"56\">2<\/td>\n<td width=\"85\">1000*970*1420<\/td>\n<td width=\"66\">1050<\/td>\n<\/tr>\n<tr>\n<td width=\"66\">LGYZL-250<\/td>\n<td width=\"47\">248<\/td>\n<td width=\"47\">10<\/td>\n<td width=\"66\">60<\/td>\n<td width=\"47\">180<\/td>\n<td width=\"56\">37.1<\/td>\n<td width=\"56\">2.2<\/td>\n<td width=\"85\">1000*960*1430<\/td>\n<td width=\"66\">1250<\/td>\n<\/tr>\n<tr>\n<td width=\"66\">LGYZL-260<\/td>\n<td width=\"47\">260<\/td>\n<td width=\"47\">13<\/td>\n<td width=\"66\">60<\/td>\n<td width=\"47\">227<\/td>\n<td width=\"56\">42.9<\/td>\n<td width=\"56\">2.6<\/td>\n<td width=\"85\">1150*980*1460<\/td>\n<td width=\"66\">1550<\/td>\n<\/tr>\n<tr>\n<td width=\"66\">LGYZL-300<\/td>\n<td width=\"47\">300<\/td>\n<td width=\"47\">17<\/td>\n<td width=\"66\">60<\/td>\n<td width=\"47\">343<\/td>\n<td width=\"56\">48.6<\/td>\n<td width=\"56\">3<\/td>\n<td width=\"85\">1180*1000*1620<\/td>\n<td width=\"66\">1760<\/td>\n<\/tr>\n<\/tbody>\n<\/table>\n<h3><strong>El proceso de extracci\u00f3n del aceite de cacao:<\/strong><\/h3>\n<ol>\n<li>Despu\u00e9s de que la prensa de aceite de cacao funciona normalmente, el motor principal empieza a prensar aceite, la aguja del man\u00f3metro apunta a 55-60mpa, la bomba deja de funcionar y el man\u00f3metro baja;<\/li>\n<li>Cuando la aguja se\u00f1ala 54mpa, la bomba empieza a funcionar autom\u00e1ticamente, y cuando alcanza 55-60mpa, la bomba se para autom\u00e1ticamente;<\/li>\n<li>Tras repetirse varias veces, el intervalo de tiempo entre el arranque y la parada es cada vez mayor. Cuando el aceite en la parte inferior del barril cae una gota cada 3-4 segundos, toda la extracci\u00f3n de aceite termina;<\/li>\n<li>Despu\u00e9s de extraer el aceite, pulse el interruptor de parada de la bomba y tire del joystick;<\/li>\n<li>Cuando haya un hueco entre la placa superior de la m\u00e1quina principal y la columna, abra la cubierta superior y pulse el joystick para detener la descarga.<\/li>\n<\/ol>\n<p><iframe title=\"Prensa hidr\u00e1ulica de aceite, M\u00e1quina prensadora de manteca de cacao\" width=\"800\" height=\"450\" src=\"https:\/\/www.youtube.com\/embed\/1vkiquQk71s?feature=oembed\" frameborder=\"0\" allow=\"accelerometer; autoplay; clipboard-write; encrypted-media; gyroscope; picture-in-picture; web-share\" referrerpolicy=\"strict-origin-when-cross-origin\" allowfullscreen><\/iframe><\/p>\n<div role=\"form\" class=\"wpcf7\" id=\"wpcf7-f1985-o1\" lang=\"en-US\" dir=\"ltr\">\n<div class=\"screen-reader-response\"><p role=\"status\" aria-live=\"polite\" aria-atomic=\"true\"><\/p> <ul><\/ul><\/div>\n<form action=\"\/es\/wp-json\/wp\/v2\/product\/1711#wpcf7-f1985-o1\" method=\"post\" class=\"wpcf7-form init\" novalidate=\"novalidate\" data-status=\"init\" data-trp-original-action=\"\/es\/wp-json\/wp\/v2\/product\/1711#wpcf7-f1985-o1\">\n<div style=\"display: none;\">\n<input type=\"hidden\" name=\"_wpcf7\" value=\"1985\" \/>\n<input type=\"hidden\" name=\"_wpcf7_version\" value=\"5.4.1\" \/>\n<input type=\"hidden\" name=\"_wpcf7_locale\" value=\"en_US\" \/>\n<input type=\"hidden\" name=\"_wpcf7_unit_tag\" value=\"wpcf7-f1985-o1\" \/>\n<input type=\"hidden\" name=\"_wpcf7_container_post\" value=\"0\" \/>\n<input type=\"hidden\" name=\"_wpcf7_posted_data_hash\" value=\"\" \/>\n<\/div>\n<div class='formdiv'>\n<span>SOLICITAR PRESUPUESTO<\/span><\/p>\n<p>Rellene este formulario para solicitar informaci\u00f3n. (campos obligatorios*)<\/p>\n<\/div>\n<div class='formdiv-left'><label> Su nombre*<br \/>\n    <span class=\"wpcf7-form-control-wrap your-name\"><input type=\"text\" name=\"your-name\" value=\"\" size=\"40\" class=\"wpcf7-form-control wpcf7-text wpcf7-validates-as-required\" aria-required=\"true\" aria-invalid=\"false\" \/><\/span> <\/label><\/p>\n<p><label> Su correo electr\u00f3nico*<br \/>\n    <span class=\"wpcf7-form-control-wrap your-email\"><input type=\"email\" name=\"your-email\" value=\"\" size=\"40\" class=\"wpcf7-form-control wpcf7-text wpcf7-email wpcf7-validates-as-required wpcf7-validates-as-email\" aria-required=\"true\" aria-invalid=\"false\" \/><\/span> <\/label><\/p>\n<p><label> Su pa\u00eds<br \/>\n    <span class=\"wpcf7-form-control-wrap your-country\"><input type=\"text\" name=\"your-country\" value=\"\" size=\"40\" class=\"wpcf7-form-control wpcf7-text\" aria-invalid=\"false\" \/><\/span> <\/label><\/p>\n<p><label> Tu tel\u00e9fono<br \/>\n    <span class=\"wpcf7-form-control-wrap tel-901\"><input type=\"tel\" name=\"tel-901\" value=\"\" size=\"40\" class=\"wpcf7-form-control wpcf7-text wpcf7-tel wpcf7-validates-as-tel\" aria-invalid=\"false\" \/><\/span> <\/label><\/p>\n<p><label> Nombre de su empresa \/ Sitio web<br \/>\n    <span class=\"wpcf7-form-control-wrap your-company\"><input type=\"text\" name=\"your-company\" value=\"\" size=\"40\" class=\"wpcf7-form-control wpcf7-text\" aria-invalid=\"false\" \/><\/span> <\/label>\n<\/div>\n<div class='formdiv-right'>\n<label> Su mensaje*<br \/>\n    <span class=\"wpcf7-form-control-wrap your-message\"><textarea name=\"your-message\" cols=\"40\" rows=\"10\" class=\"wpcf7-form-control wpcf7-textarea wpcf7-validates-as-required\" aria-required=\"true\" aria-invalid=\"false\"><\/textarea><\/span> <\/label><\/p>\n<p><input type=\"submit\" value=\"Enviar\" class=\"wpcf7-form-control wpcf7-submit\" \/>\n<\/p><\/div>\n<div style='clear:both'><\/div>\n<div class=\"wpcf7-response-output\" aria-hidden=\"true\"><\/div><input type=\"hidden\" name=\"trp-form-language\" value=\"es\"\/><\/form><\/div>\n<div style='text-align:left' class='yasr-auto-insert-visitor'><\/div>","protected":false},"excerpt":{"rendered":"<p>La prensa de aceite de cacao es una m\u00e1quina hidr\u00e1ulica de extracci\u00f3n de aceite con sistema de control autom\u00e1tico y control autom\u00e1tico de temperatura y presi\u00f3n. Es el equipo central en la producci\u00f3n de manteca de cacao y cacao en polvo.<\/p>","protected":false},"featured_media":2958,"comment_status":"open","ping_status":"closed","template":"","meta":{"yasr_overall_rating":0,"yasr_post_is_review":"","yasr_auto_insert_disabled":"","yasr_review_type":""},"product_cat":[51],"product_tag":[],"class_list":["post-1711","product","type-product","status-publish","has-post-thumbnail","hentry","product_cat-cocoa-machines"],"yoast_head":"<!-- This site is optimized with the Yoast SEO plugin v20.9 - https:\/\/yoast.com\/wordpress\/plugins\/seo\/ -->\n<title>55-60Mpa Cocoa Bean Oil Press Extraction Machine Industrial<\/title>\n<meta name=\"description\" content=\"This cocoa oil press is a hydraulic oil extraction machine for the production of cocoa butter and cocoa powder.\" \/>\n<meta name=\"robots\" content=\"index, follow, max-snippet:-1, max-image-preview:large, max-video-preview:-1\" \/>\n<link rel=\"canonical\" href=\"https:\/\/www.cocoamachinery.com\/es\/product\/cocoa-oil-press-extraction-machine\/\" \/>\n<meta property=\"og:locale\" content=\"es_ES\" \/>\n<meta property=\"og:type\" content=\"article\" \/>\n<meta property=\"og:title\" content=\"55-60Mpa Cocoa Bean Oil Press Extraction Machine Industrial\" \/>\n<meta property=\"og:description\" content=\"This cocoa oil press is a hydraulic oil extraction machine for the production of cocoa butter and cocoa powder.\" \/>\n<meta property=\"og:url\" content=\"https:\/\/www.cocoamachinery.com\/es\/product\/cocoa-oil-press-extraction-machine\/\" \/>\n<meta property=\"og:site_name\" content=\"Cocoa Machinery\" \/>\n<meta property=\"article:publisher\" content=\"https:\/\/www.facebook.com\/longernutsmachinery\/\" \/>\n<meta property=\"article:modified_time\" content=\"2025-06-11T07:48:36+00:00\" \/>\n<meta property=\"og:image\" content=\"https:\/\/www.cocoamachinery.com\/wp-content\/uploads\/2022\/03\/4-4.jpg\" \/>\n\t<meta property=\"og:image:width\" content=\"600\" \/>\n\t<meta property=\"og:image:height\" content=\"600\" \/>\n\t<meta property=\"og:image:type\" content=\"image\/jpeg\" \/>\n<meta name=\"twitter:card\" content=\"summary_large_image\" \/>\n<meta name=\"twitter:site\" content=\"@nutsmachinery\" \/>\n<meta name=\"twitter:label1\" content=\"Tiempo de lectura\" \/>\n\t<meta name=\"twitter:data1\" content=\"3 minutos\" \/>\n<script type=\"application\/ld+json\" class=\"yoast-schema-graph\">{\"@context\":\"https:\/\/schema.org\",\"@graph\":[{\"@type\":\"WebPage\",\"@id\":\"https:\/\/www.cocoamachinery.com\/product\/cocoa-oil-press-extraction-machine\/\",\"url\":\"https:\/\/www.cocoamachinery.com\/product\/cocoa-oil-press-extraction-machine\/\",\"name\":\"55-60Mpa Cocoa Bean Oil Press Extraction Machine Industrial\",\"isPartOf\":{\"@id\":\"https:\/\/www.cocoamachinery.com\/#website\"},\"datePublished\":\"2022-03-03T11:07:36+00:00\",\"dateModified\":\"2025-06-11T07:48:36+00:00\",\"description\":\"This cocoa oil press is a hydraulic oil extraction machine for the production of cocoa butter and cocoa powder.\",\"breadcrumb\":{\"@id\":\"https:\/\/www.cocoamachinery.com\/product\/cocoa-oil-press-extraction-machine\/#breadcrumb\"},\"inLanguage\":\"es\",\"potentialAction\":[{\"@type\":\"ReadAction\",\"target\":[\"https:\/\/www.cocoamachinery.com\/product\/cocoa-oil-press-extraction-machine\/\"]}]},{\"@type\":\"BreadcrumbList\",\"@id\":\"https:\/\/www.cocoamachinery.com\/product\/cocoa-oil-press-extraction-machine\/#breadcrumb\",\"itemListElement\":[{\"@type\":\"ListItem\",\"position\":1,\"name\":\"Home\",\"item\":\"https:\/\/www.cocoamachinery.com\/\"},{\"@type\":\"ListItem\",\"position\":2,\"name\":\"Product\",\"item\":\"https:\/\/www.cocoamachinery.com\/product\/\"},{\"@type\":\"ListItem\",\"position\":3,\"name\":\"55-60Mpa Cocoa Bean Oil Press Extraction Machine Industrial\"}]},{\"@type\":\"WebSite\",\"@id\":\"https:\/\/www.cocoamachinery.com\/#website\",\"url\":\"https:\/\/www.cocoamachinery.com\/\",\"name\":\"Cocoa Machinery\",\"description\":\"Cocoa Processing Solution Provider\",\"publisher\":{\"@id\":\"https:\/\/www.cocoamachinery.com\/#organization\"},\"potentialAction\":[{\"@type\":\"SearchAction\",\"target\":{\"@type\":\"EntryPoint\",\"urlTemplate\":\"https:\/\/www.cocoamachinery.com\/?s={search_term_string}\"},\"query-input\":\"required name=search_term_string\"}],\"inLanguage\":\"es\"},{\"@type\":\"Organization\",\"@id\":\"https:\/\/www.cocoamachinery.com\/#organization\",\"name\":\"Longer Food Machinery\",\"url\":\"https:\/\/www.cocoamachinery.com\/\",\"logo\":{\"@type\":\"ImageObject\",\"inLanguage\":\"es\",\"@id\":\"https:\/\/www.cocoamachinery.com\/#\/schema\/logo\/image\/\",\"url\":\"https:\/\/www.cocoamachinery.com\/wp-content\/uploads\/2024\/08\/Icon-512_512.png\",\"contentUrl\":\"https:\/\/www.cocoamachinery.com\/wp-content\/uploads\/2024\/08\/Icon-512_512.png\",\"width\":512,\"height\":512,\"caption\":\"Longer Food Machinery\"},\"image\":{\"@id\":\"https:\/\/www.cocoamachinery.com\/#\/schema\/logo\/image\/\"},\"sameAs\":[\"https:\/\/www.facebook.com\/longernutsmachinery\/\",\"https:\/\/twitter.com\/nutsmachinery\",\"https:\/\/www.pinterest.com\/nutsmachinery\/\",\"https:\/\/www.linkedin.com\/company\/longer-nuts-machinery\/\",\"https:\/\/www.youtube.com\/c\/NutsMachinery\"]},false]}<\/script>\n<!-- \/ Yoast SEO plugin. -->","yoast_head_json":{"title":"55-60Mpa Cocoa Bean Oil Press Extraction Machine Industrial","description":"This cocoa oil press is a hydraulic oil extraction machine for the production of cocoa butter and cocoa powder.","robots":{"index":"index","follow":"follow","max-snippet":"max-snippet:-1","max-image-preview":"max-image-preview:large","max-video-preview":"max-video-preview:-1"},"canonical":"https:\/\/www.cocoamachinery.com\/es\/product\/cocoa-oil-press-extraction-machine\/","og_locale":"es_ES","og_type":"article","og_title":"55-60Mpa Cocoa Bean Oil Press Extraction Machine Industrial","og_description":"This cocoa oil press is a hydraulic oil extraction machine for the production of cocoa butter and cocoa powder.","og_url":"https:\/\/www.cocoamachinery.com\/es\/product\/cocoa-oil-press-extraction-machine\/","og_site_name":"Cocoa Machinery","article_publisher":"https:\/\/www.facebook.com\/longernutsmachinery\/","article_modified_time":"2025-06-11T07:48:36+00:00","og_image":[{"width":600,"height":600,"url":"https:\/\/www.cocoamachinery.com\/wp-content\/uploads\/2022\/03\/4-4.jpg","type":"image\/jpeg"}],"twitter_card":"summary_large_image","twitter_site":"@nutsmachinery","twitter_misc":{"Tiempo de lectura":"3 minutos"},"schema":{"@context":"https:\/\/schema.org","@graph":[{"@type":"WebPage","@id":"https:\/\/www.cocoamachinery.com\/product\/cocoa-oil-press-extraction-machine\/","url":"https:\/\/www.cocoamachinery.com\/product\/cocoa-oil-press-extraction-machine\/","name":"55-60Mpa Cocoa Bean Oil Press Extraction Machine Industrial","isPartOf":{"@id":"https:\/\/www.cocoamachinery.com\/#website"},"datePublished":"2022-03-03T11:07:36+00:00","dateModified":"2025-06-11T07:48:36+00:00","description":"This cocoa oil press is a hydraulic oil extraction machine for the production of cocoa butter and cocoa powder.","breadcrumb":{"@id":"https:\/\/www.cocoamachinery.com\/product\/cocoa-oil-press-extraction-machine\/#breadcrumb"},"inLanguage":"es","potentialAction":[{"@type":"ReadAction","target":["https:\/\/www.cocoamachinery.com\/product\/cocoa-oil-press-extraction-machine\/"]}]},{"@type":"BreadcrumbList","@id":"https:\/\/www.cocoamachinery.com\/product\/cocoa-oil-press-extraction-machine\/#breadcrumb","itemListElement":[{"@type":"ListItem","position":1,"name":"Home","item":"https:\/\/www.cocoamachinery.com\/"},{"@type":"ListItem","position":2,"name":"Product","item":"https:\/\/www.cocoamachinery.com\/product\/"},{"@type":"ListItem","position":3,"name":"55-60Mpa Cocoa Bean Oil Press Extraction Machine Industrial"}]},{"@type":"WebSite","@id":"https:\/\/www.cocoamachinery.com\/#website","url":"https:\/\/www.cocoamachinery.com\/","name":"Cocoa Machinery","description":"Cocoa Processing Solution Provider","publisher":{"@id":"https:\/\/www.cocoamachinery.com\/#organization"},"potentialAction":[{"@type":"SearchAction","target":{"@type":"EntryPoint","urlTemplate":"https:\/\/www.cocoamachinery.com\/?s={search_term_string}"},"query-input":"required name=search_term_string"}],"inLanguage":"es"},{"@type":"Organization","@id":"https:\/\/www.cocoamachinery.com\/#organization","name":"Longer Food Machinery","url":"https:\/\/www.cocoamachinery.com\/","logo":{"@type":"ImageObject","inLanguage":"es","@id":"https:\/\/www.cocoamachinery.com\/#\/schema\/logo\/image\/","url":"https:\/\/www.cocoamachinery.com\/wp-content\/uploads\/2024\/08\/Icon-512_512.png","contentUrl":"https:\/\/www.cocoamachinery.com\/wp-content\/uploads\/2024\/08\/Icon-512_512.png","width":512,"height":512,"caption":"Longer Food Machinery"},"image":{"@id":"https:\/\/www.cocoamachinery.com\/#\/schema\/logo\/image\/"},"sameAs":["https:\/\/www.facebook.com\/longernutsmachinery\/","https:\/\/twitter.com\/nutsmachinery","https:\/\/www.pinterest.com\/nutsmachinery\/","https:\/\/www.linkedin.com\/company\/longer-nuts-machinery\/","https:\/\/www.youtube.com\/c\/NutsMachinery"]},false]}},"yasr_visitor_votes":{"stars_attributes":{"read_only":false,"span_bottom":false},"number_of_votes":1,"sum_votes":5},"_links":{"self":[{"href":"https:\/\/www.cocoamachinery.com\/es\/wp-json\/wp\/v2\/product\/1711","targetHints":{"allow":["GET"]}}],"collection":[{"href":"https:\/\/www.cocoamachinery.com\/es\/wp-json\/wp\/v2\/product"}],"about":[{"href":"https:\/\/www.cocoamachinery.com\/es\/wp-json\/wp\/v2\/types\/product"}],"replies":[{"embeddable":true,"href":"https:\/\/www.cocoamachinery.com\/es\/wp-json\/wp\/v2\/comments?post=1711"}],"version-history":[{"count":5,"href":"https:\/\/www.cocoamachinery.com\/es\/wp-json\/wp\/v2\/product\/1711\/revisions"}],"predecessor-version":[{"id":2957,"href":"https:\/\/www.cocoamachinery.com\/es\/wp-json\/wp\/v2\/product\/1711\/revisions\/2957"}],"wp:featuredmedia":[{"embeddable":true,"href":"https:\/\/www.cocoamachinery.com\/es\/wp-json\/wp\/v2\/media\/2958"}],"wp:attachment":[{"href":"https:\/\/www.cocoamachinery.com\/es\/wp-json\/wp\/v2\/media?parent=1711"}],"wp:term":[{"taxonomy":"product_cat","embeddable":true,"href":"https:\/\/www.cocoamachinery.com\/es\/wp-json\/wp\/v2\/product_cat?post=1711"},{"taxonomy":"product_tag","embeddable":true,"href":"https:\/\/www.cocoamachinery.com\/es\/wp-json\/wp\/v2\/product_tag?post=1711"}],"curies":[{"name":"wp","href":"https:\/\/api.w.org\/{rel}","templated":true}]}}