{"id":1703,"date":"2022-03-03T08:43:41","date_gmt":"2022-03-03T08:43:41","guid":{"rendered":"https:\/\/www.cocoamachinery.com\/?post_type=product&#038;p=1703"},"modified":"2025-03-19T07:29:59","modified_gmt":"2025-03-18T23:29:59","slug":"commercial-cocoa-bean-roaster","status":"publish","type":"product","link":"https:\/\/www.cocoamachinery.com\/es\/product\/commercial-cocoa-bean-roaster\/","title":{"rendered":"Venta de tostadora comercial de granos de cacao"},"content":{"rendered":"<h3><strong>Introducci\u00f3n del tostador comercial de granos de cacao<\/strong><\/h3>\n<ul>\n<li>Se trata de una m\u00e1quina tostadora de cacao por lotes con control autom\u00e1tico de temperatura constante, y los productos tostados tienen un sabor puro. Ahorro de energ\u00eda, seguridad y rendimiento estable.<\/li>\n<li>M\u00e9todo de calefacci\u00f3n: calefacci\u00f3n el\u00e9ctrica, calefacci\u00f3n de gas (gas natural y gas licuado de petr\u00f3leo).<\/li>\n<li>Temperatura de calentamiento: temperatura normal -300 \u2103, la temperatura es ajustable, el control de temperatura de calentamiento el\u00e9ctrico es relativamente preciso, el tipo de gas no puede ajustar con precisi\u00f3n la temperatura.<\/li>\n<li>Capacidad: Desde un solo tambor hasta cinco tambores, la producci\u00f3n es de 100 kg a 500 kg. Cada tambor puede controlarse individualmente.<\/li>\n<li>Tensi\u00f3n del equipo: est\u00e1ndar 380V, 50HZ, alimentaci\u00f3n trif\u00e1sica, tensi\u00f3n y frecuencia personalizables.<\/li>\n<li>La parte de contacto del material es de acero inoxidable 201, y el bastidor principal es de acero al carbono. Se puede cambiar a acero inoxidable 304.<\/li>\n<\/ul>\n<figure id=\"attachment_1709\" aria-describedby=\"caption-attachment-1709\" style=\"width: 600px\" class=\"wp-caption alignnone\"><img fetchpriority=\"high\" decoding=\"async\" class=\"size-full wp-image-1709\" src=\"https:\/\/www.cocoamachinery.com\/wp-content\/uploads\/2022\/03\/2-1.jpg\" alt=\"Se vende tostadora el\u00e9ctrica de granos de cacao\" width=\"600\" height=\"600\" srcset=\"https:\/\/www.cocoamachinery.com\/wp-content\/uploads\/2022\/03\/2-1.jpg 600w, https:\/\/www.cocoamachinery.com\/wp-content\/uploads\/2022\/03\/2-1-300x300.jpg 300w, https:\/\/www.cocoamachinery.com\/wp-content\/uploads\/2022\/03\/2-1-150x150.jpg 150w, https:\/\/www.cocoamachinery.com\/wp-content\/uploads\/2022\/03\/2-1-100x100.jpg 100w\" sizes=\"(max-width: 600px) 100vw, 600px\" \/><figcaption id=\"caption-attachment-1709\" class=\"wp-caption-text\">Se vende tostadora el\u00e9ctrica de granos de cacao<\/figcaption><\/figure>\n<h3><strong>Principio de funcionamiento del tostador de cacao para la venta :<\/strong><\/h3>\n<p>Adopta el principio de tambor giratorio, conducci\u00f3n de calor y radiaci\u00f3n de calor, y utiliza electricidad o gas como fuente de calor. Durante el proceso de tostado, los granos de cacao son impulsados continuamente por el dispositivo de propulsi\u00f3n en el barril para formar un ciclo ininterrumpido, de modo que los granos de cacao se calientan uniformemente, y la calidad de tostado de los granos de cacao se garantiza de manera efectiva. La m\u00e1quina tostadora de granos de cacao tiene un alto grado de automatizaci\u00f3n y control autom\u00e1tico de la temperatura.<\/p>\n<h3><strong>Ventajas de la tostadora de granos de cacao en venta:<\/strong><\/h3>\n<ol>\n<li>El color de los granos de cacao tostados es uniforme: la estructura de jaula giratoria de malla de 360\u00b0 dentro del equipo, los granos de cacao se voltean constantemente durante el proceso de tostado y se calientan uniformemente.<\/li>\n<li>Tostado a temperatura constante para garantizar el sabor: de acuerdo con la temperatura establecida, el tostado a temperatura constante puede garantizar el sabor de los granos de cacao despu\u00e9s del tostado.<\/li>\n<li>Hay muchos tipos de fuentes de calor: el tostador de cacao puede utilizar electricidad, gas licuado y gas natural como fuentes de calor para satisfacer las necesidades de los distintos clientes.<\/li>\n<li>Alta eficiencia y ahorro de energ\u00eda: El equipo tambi\u00e9n adopta tablero de lana de roca de 5-10cm de alta calidad para el aislamiento para evitar la p\u00e9rdida de calor y mejorar la utilizaci\u00f3n del calor.<\/li>\n<li>El funcionamiento es sencillo y c\u00f3modo: el instrumento de control de temperatura puede mostrar la temperatura actual y la temperatura establecida, lo que resulta c\u00f3modo para que los usuarios la observen y la ajusten.<\/li>\n<\/ol>\n<p>Este <strong>tostadora comercial de granos de cacao<\/strong> se utiliza principalmente para tostar materiales granulares como cacahuetes, semillas de mel\u00f3n, nueces, almendras, anacardos, casta\u00f1as, avena, soja, semillas y cereales.<\/p>\n<figure id=\"attachment_1710\" aria-describedby=\"caption-attachment-1710\" style=\"width: 600px\" class=\"wp-caption alignnone\"><img decoding=\"async\" class=\"size-full wp-image-1710\" src=\"https:\/\/www.cocoamachinery.com\/wp-content\/uploads\/2022\/03\/3-1.jpg\" alt=\"Precio de f\u00e1brica de la m\u00e1quina tostadora de granos de cacao\" width=\"600\" height=\"600\" srcset=\"https:\/\/www.cocoamachinery.com\/wp-content\/uploads\/2022\/03\/3-1.jpg 600w, https:\/\/www.cocoamachinery.com\/wp-content\/uploads\/2022\/03\/3-1-300x300.jpg 300w, https:\/\/www.cocoamachinery.com\/wp-content\/uploads\/2022\/03\/3-1-150x150.jpg 150w, https:\/\/www.cocoamachinery.com\/wp-content\/uploads\/2022\/03\/3-1-100x100.jpg 100w\" sizes=\"(max-width: 600px) 100vw, 600px\" \/><figcaption id=\"caption-attachment-1710\" class=\"wp-caption-text\">Precio de f\u00e1brica de la m\u00e1quina tostadora de granos de cacao<\/figcaption><\/figure>\n<h3><strong>Par\u00e1metro del tostador de granos de cacao en venta<\/strong><\/h3>\n<table>\n<tbody>\n<tr>\n<td width=\"84\">Modelo<\/td>\n<td width=\"88\">LG-GHE1<\/td>\n<td width=\"100\">LG-GHE2<\/td>\n<td width=\"100\">LG-GHE3<\/td>\n<td width=\"100\">LG-GHE4<\/td>\n<td width=\"100\">LG-GHE5<\/td>\n<\/tr>\n<tr>\n<td width=\"84\">Dimensiones (mm)<\/td>\n<td width=\"88\">2900*1500*1650<\/td>\n<td width=\"100\">2900*2180*1650<\/td>\n<td width=\"100\">2900*3020*1650<\/td>\n<td width=\"100\">2900*3850*1650<\/td>\n<td width=\"100\">2900*4700*1650<\/td>\n<\/tr>\n<tr>\n<td width=\"84\">Producci\u00f3n (kg\/h)<\/td>\n<td width=\"88\">100-150<\/td>\n<td width=\"100\">200-300<\/td>\n<td width=\"100\">300-400<\/td>\n<td width=\"100\">400-500<\/td>\n<td width=\"100\">500-600<\/td>\n<\/tr>\n<tr>\n<td width=\"84\">Potencia (kw)<\/td>\n<td width=\"88\">23.6<\/td>\n<td width=\"100\">47.2<\/td>\n<td width=\"100\">70.8<\/td>\n<td width=\"100\">94.4<\/td>\n<td width=\"100\">118.5<\/td>\n<\/tr>\n<tr>\n<td width=\"84\">Peso (kg)<\/td>\n<td width=\"88\">700<\/td>\n<td width=\"100\">1200<\/td>\n<td width=\"100\">1600<\/td>\n<td width=\"100\">2000<\/td>\n<td width=\"100\">2400<\/td>\n<\/tr>\n<\/tbody>\n<\/table>\n<div role=\"form\" class=\"wpcf7\" id=\"wpcf7-f1985-o1\" lang=\"en-US\" dir=\"ltr\">\n<div class=\"screen-reader-response\"><p role=\"status\" aria-live=\"polite\" aria-atomic=\"true\"><\/p> <ul><\/ul><\/div>\n<form action=\"\/es\/wp-json\/wp\/v2\/product\/1703#wpcf7-f1985-o1\" method=\"post\" class=\"wpcf7-form init\" novalidate=\"novalidate\" data-status=\"init\" data-trp-original-action=\"\/es\/wp-json\/wp\/v2\/product\/1703#wpcf7-f1985-o1\">\n<div style=\"display: none;\">\n<input type=\"hidden\" name=\"_wpcf7\" value=\"1985\" \/>\n<input type=\"hidden\" name=\"_wpcf7_version\" value=\"5.4.1\" \/>\n<input type=\"hidden\" name=\"_wpcf7_locale\" value=\"en_US\" \/>\n<input type=\"hidden\" name=\"_wpcf7_unit_tag\" value=\"wpcf7-f1985-o1\" \/>\n<input type=\"hidden\" name=\"_wpcf7_container_post\" value=\"0\" \/>\n<input type=\"hidden\" name=\"_wpcf7_posted_data_hash\" value=\"\" \/>\n<\/div>\n<div class='formdiv'>\n<span>SOLICITAR PRESUPUESTO<\/span><\/p>\n<p>Rellene este formulario para solicitar informaci\u00f3n. (campos obligatorios*)<\/p>\n<\/div>\n<div class='formdiv-left'><label> Su nombre*<br \/>\n    <span class=\"wpcf7-form-control-wrap your-name\"><input type=\"text\" name=\"your-name\" value=\"\" size=\"40\" class=\"wpcf7-form-control wpcf7-text wpcf7-validates-as-required\" aria-required=\"true\" aria-invalid=\"false\" \/><\/span> <\/label><\/p>\n<p><label> Su correo electr\u00f3nico*<br \/>\n    <span class=\"wpcf7-form-control-wrap your-email\"><input type=\"email\" name=\"your-email\" value=\"\" size=\"40\" class=\"wpcf7-form-control wpcf7-text wpcf7-email wpcf7-validates-as-required wpcf7-validates-as-email\" aria-required=\"true\" aria-invalid=\"false\" \/><\/span> <\/label><\/p>\n<p><label> Su pa\u00eds<br \/>\n    <span class=\"wpcf7-form-control-wrap your-country\"><input type=\"text\" name=\"your-country\" value=\"\" size=\"40\" class=\"wpcf7-form-control wpcf7-text\" aria-invalid=\"false\" \/><\/span> <\/label><\/p>\n<p><label> Tu tel\u00e9fono<br \/>\n    <span class=\"wpcf7-form-control-wrap tel-901\"><input type=\"tel\" name=\"tel-901\" value=\"\" size=\"40\" class=\"wpcf7-form-control wpcf7-text wpcf7-tel wpcf7-validates-as-tel\" aria-invalid=\"false\" \/><\/span> <\/label><\/p>\n<p><label> Nombre de su empresa \/ Sitio web<br \/>\n    <span class=\"wpcf7-form-control-wrap your-company\"><input type=\"text\" name=\"your-company\" value=\"\" size=\"40\" class=\"wpcf7-form-control wpcf7-text\" aria-invalid=\"false\" \/><\/span> <\/label>\n<\/div>\n<div class='formdiv-right'>\n<label> Su mensaje*<br \/>\n    <span class=\"wpcf7-form-control-wrap your-message\"><textarea name=\"your-message\" cols=\"40\" rows=\"10\" class=\"wpcf7-form-control wpcf7-textarea wpcf7-validates-as-required\" aria-required=\"true\" aria-invalid=\"false\"><\/textarea><\/span> <\/label><\/p>\n<p><input type=\"submit\" value=\"Enviar\" class=\"wpcf7-form-control wpcf7-submit\" \/>\n<\/p><\/div>\n<div style='clear:both'><\/div>\n<div class=\"wpcf7-response-output\" aria-hidden=\"true\"><\/div><input type=\"hidden\" name=\"trp-form-language\" value=\"es\"\/><\/form><\/div>\n<div style='text-align:left' class='yasr-auto-insert-visitor'><\/div>","protected":false},"excerpt":{"rendered":"<p>Este tostador comercial de granos de cacao es una m\u00e1quina de tostado por lotes con tostado a temperatura constante y sabor garantizado. Dispone de calefacci\u00f3n el\u00e9ctrica y calefacci\u00f3n de gas.<\/p>","protected":false},"featured_media":1708,"comment_status":"open","ping_status":"closed","template":"","meta":{"yasr_overall_rating":0,"yasr_post_is_review":"","yasr_auto_insert_disabled":"","yasr_review_type":""},"product_cat":[51],"product_tag":[],"class_list":["post-1703","product","type-product","status-publish","has-post-thumbnail","hentry","product_cat-cocoa-machines"],"yoast_head":"<!-- This site is optimized with the Yoast SEO plugin v20.9 - https:\/\/yoast.com\/wordpress\/plugins\/seo\/ -->\n<title>Commercial Cocoa Bean Roaster for Sale - Cocoa Machinery<\/title>\n<meta name=\"description\" content=\"This cocoa bean roaster is a batch roasting machine with automatic constant temperature control, energy saving, safety and stable performance.\" \/>\n<meta name=\"robots\" content=\"index, follow, max-snippet:-1, max-image-preview:large, max-video-preview:-1\" \/>\n<link rel=\"canonical\" href=\"https:\/\/www.cocoamachinery.com\/es\/product\/commercial-cocoa-bean-roaster\/\" \/>\n<meta property=\"og:locale\" content=\"es_ES\" \/>\n<meta property=\"og:type\" content=\"article\" \/>\n<meta property=\"og:title\" content=\"Commercial Cocoa Bean Roaster for Sale - Cocoa Machinery\" \/>\n<meta property=\"og:description\" content=\"This cocoa bean roaster is a batch roasting machine with automatic constant temperature control, energy saving, safety and stable performance.\" \/>\n<meta property=\"og:url\" content=\"https:\/\/www.cocoamachinery.com\/es\/product\/commercial-cocoa-bean-roaster\/\" \/>\n<meta property=\"og:site_name\" content=\"Cocoa Machinery\" \/>\n<meta property=\"article:publisher\" content=\"https:\/\/www.facebook.com\/longernutsmachinery\/\" \/>\n<meta property=\"article:modified_time\" content=\"2025-03-18T23:29:59+00:00\" \/>\n<meta property=\"og:image\" content=\"https:\/\/www.cocoamachinery.com\/wp-content\/uploads\/2022\/03\/1-1.jpg\" \/>\n\t<meta property=\"og:image:width\" content=\"600\" \/>\n\t<meta property=\"og:image:height\" content=\"600\" \/>\n\t<meta property=\"og:image:type\" content=\"image\/jpeg\" \/>\n<meta name=\"twitter:card\" content=\"summary_large_image\" \/>\n<meta name=\"twitter:site\" content=\"@nutsmachinery\" \/>\n<meta name=\"twitter:label1\" content=\"Tiempo de lectura\" \/>\n\t<meta name=\"twitter:data1\" content=\"3 minutos\" \/>\n<script type=\"application\/ld+json\" class=\"yoast-schema-graph\">{\"@context\":\"https:\/\/schema.org\",\"@graph\":[{\"@type\":\"WebPage\",\"@id\":\"https:\/\/www.cocoamachinery.com\/product\/commercial-cocoa-bean-roaster\/\",\"url\":\"https:\/\/www.cocoamachinery.com\/product\/commercial-cocoa-bean-roaster\/\",\"name\":\"Commercial Cocoa Bean Roaster for Sale - Cocoa Machinery\",\"isPartOf\":{\"@id\":\"https:\/\/www.cocoamachinery.com\/#website\"},\"datePublished\":\"2022-03-03T08:43:41+00:00\",\"dateModified\":\"2025-03-18T23:29:59+00:00\",\"description\":\"This cocoa bean roaster is a batch roasting machine with automatic constant temperature control, energy saving, safety and stable performance.\",\"breadcrumb\":{\"@id\":\"https:\/\/www.cocoamachinery.com\/product\/commercial-cocoa-bean-roaster\/#breadcrumb\"},\"inLanguage\":\"es\",\"potentialAction\":[{\"@type\":\"ReadAction\",\"target\":[\"https:\/\/www.cocoamachinery.com\/product\/commercial-cocoa-bean-roaster\/\"]}]},{\"@type\":\"BreadcrumbList\",\"@id\":\"https:\/\/www.cocoamachinery.com\/product\/commercial-cocoa-bean-roaster\/#breadcrumb\",\"itemListElement\":[{\"@type\":\"ListItem\",\"position\":1,\"name\":\"Home\",\"item\":\"https:\/\/www.cocoamachinery.com\/\"},{\"@type\":\"ListItem\",\"position\":2,\"name\":\"Product\",\"item\":\"https:\/\/www.cocoamachinery.com\/product\/\"},{\"@type\":\"ListItem\",\"position\":3,\"name\":\"Commercial Cocoa Bean Roaster for Sale\"}]},{\"@type\":\"WebSite\",\"@id\":\"https:\/\/www.cocoamachinery.com\/#website\",\"url\":\"https:\/\/www.cocoamachinery.com\/\",\"name\":\"Cocoa Machinery\",\"description\":\"Cocoa Processing Solution Provider\",\"publisher\":{\"@id\":\"https:\/\/www.cocoamachinery.com\/#organization\"},\"potentialAction\":[{\"@type\":\"SearchAction\",\"target\":{\"@type\":\"EntryPoint\",\"urlTemplate\":\"https:\/\/www.cocoamachinery.com\/?s={search_term_string}\"},\"query-input\":\"required name=search_term_string\"}],\"inLanguage\":\"es\"},{\"@type\":\"Organization\",\"@id\":\"https:\/\/www.cocoamachinery.com\/#organization\",\"name\":\"Longer Food Machinery\",\"url\":\"https:\/\/www.cocoamachinery.com\/\",\"logo\":{\"@type\":\"ImageObject\",\"inLanguage\":\"es\",\"@id\":\"https:\/\/www.cocoamachinery.com\/#\/schema\/logo\/image\/\",\"url\":\"https:\/\/www.cocoamachinery.com\/wp-content\/uploads\/2024\/08\/Icon-512_512.png\",\"contentUrl\":\"https:\/\/www.cocoamachinery.com\/wp-content\/uploads\/2024\/08\/Icon-512_512.png\",\"width\":512,\"height\":512,\"caption\":\"Longer Food Machinery\"},\"image\":{\"@id\":\"https:\/\/www.cocoamachinery.com\/#\/schema\/logo\/image\/\"},\"sameAs\":[\"https:\/\/www.facebook.com\/longernutsmachinery\/\",\"https:\/\/twitter.com\/nutsmachinery\",\"https:\/\/www.pinterest.com\/nutsmachinery\/\",\"https:\/\/www.linkedin.com\/company\/longer-nuts-machinery\/\",\"https:\/\/www.youtube.com\/c\/NutsMachinery\"]},false]}<\/script>\n<!-- \/ Yoast SEO plugin. -->","yoast_head_json":{"title":"Commercial Cocoa Bean Roaster for Sale - Cocoa Machinery","description":"This cocoa bean roaster is a batch roasting machine with automatic constant temperature control, energy saving, safety and stable performance.","robots":{"index":"index","follow":"follow","max-snippet":"max-snippet:-1","max-image-preview":"max-image-preview:large","max-video-preview":"max-video-preview:-1"},"canonical":"https:\/\/www.cocoamachinery.com\/es\/product\/commercial-cocoa-bean-roaster\/","og_locale":"es_ES","og_type":"article","og_title":"Commercial Cocoa Bean Roaster for Sale - Cocoa Machinery","og_description":"This cocoa bean roaster is a batch roasting machine with automatic constant temperature control, energy saving, safety and stable performance.","og_url":"https:\/\/www.cocoamachinery.com\/es\/product\/commercial-cocoa-bean-roaster\/","og_site_name":"Cocoa Machinery","article_publisher":"https:\/\/www.facebook.com\/longernutsmachinery\/","article_modified_time":"2025-03-18T23:29:59+00:00","og_image":[{"width":600,"height":600,"url":"https:\/\/www.cocoamachinery.com\/wp-content\/uploads\/2022\/03\/1-1.jpg","type":"image\/jpeg"}],"twitter_card":"summary_large_image","twitter_site":"@nutsmachinery","twitter_misc":{"Tiempo de lectura":"3 minutos"},"schema":{"@context":"https:\/\/schema.org","@graph":[{"@type":"WebPage","@id":"https:\/\/www.cocoamachinery.com\/product\/commercial-cocoa-bean-roaster\/","url":"https:\/\/www.cocoamachinery.com\/product\/commercial-cocoa-bean-roaster\/","name":"Commercial Cocoa Bean Roaster for Sale - Cocoa Machinery","isPartOf":{"@id":"https:\/\/www.cocoamachinery.com\/#website"},"datePublished":"2022-03-03T08:43:41+00:00","dateModified":"2025-03-18T23:29:59+00:00","description":"This cocoa bean roaster is a batch roasting machine with automatic constant temperature control, energy saving, safety and stable performance.","breadcrumb":{"@id":"https:\/\/www.cocoamachinery.com\/product\/commercial-cocoa-bean-roaster\/#breadcrumb"},"inLanguage":"es","potentialAction":[{"@type":"ReadAction","target":["https:\/\/www.cocoamachinery.com\/product\/commercial-cocoa-bean-roaster\/"]}]},{"@type":"BreadcrumbList","@id":"https:\/\/www.cocoamachinery.com\/product\/commercial-cocoa-bean-roaster\/#breadcrumb","itemListElement":[{"@type":"ListItem","position":1,"name":"Home","item":"https:\/\/www.cocoamachinery.com\/"},{"@type":"ListItem","position":2,"name":"Product","item":"https:\/\/www.cocoamachinery.com\/product\/"},{"@type":"ListItem","position":3,"name":"Commercial Cocoa Bean Roaster for Sale"}]},{"@type":"WebSite","@id":"https:\/\/www.cocoamachinery.com\/#website","url":"https:\/\/www.cocoamachinery.com\/","name":"Cocoa Machinery","description":"Cocoa Processing Solution Provider","publisher":{"@id":"https:\/\/www.cocoamachinery.com\/#organization"},"potentialAction":[{"@type":"SearchAction","target":{"@type":"EntryPoint","urlTemplate":"https:\/\/www.cocoamachinery.com\/?s={search_term_string}"},"query-input":"required name=search_term_string"}],"inLanguage":"es"},{"@type":"Organization","@id":"https:\/\/www.cocoamachinery.com\/#organization","name":"Longer Food Machinery","url":"https:\/\/www.cocoamachinery.com\/","logo":{"@type":"ImageObject","inLanguage":"es","@id":"https:\/\/www.cocoamachinery.com\/#\/schema\/logo\/image\/","url":"https:\/\/www.cocoamachinery.com\/wp-content\/uploads\/2024\/08\/Icon-512_512.png","contentUrl":"https:\/\/www.cocoamachinery.com\/wp-content\/uploads\/2024\/08\/Icon-512_512.png","width":512,"height":512,"caption":"Longer Food Machinery"},"image":{"@id":"https:\/\/www.cocoamachinery.com\/#\/schema\/logo\/image\/"},"sameAs":["https:\/\/www.facebook.com\/longernutsmachinery\/","https:\/\/twitter.com\/nutsmachinery","https:\/\/www.pinterest.com\/nutsmachinery\/","https:\/\/www.linkedin.com\/company\/longer-nuts-machinery\/","https:\/\/www.youtube.com\/c\/NutsMachinery"]},false]}},"yasr_visitor_votes":{"stars_attributes":{"read_only":false,"span_bottom":false},"number_of_votes":1,"sum_votes":5},"_links":{"self":[{"href":"https:\/\/www.cocoamachinery.com\/es\/wp-json\/wp\/v2\/product\/1703","targetHints":{"allow":["GET"]}}],"collection":[{"href":"https:\/\/www.cocoamachinery.com\/es\/wp-json\/wp\/v2\/product"}],"about":[{"href":"https:\/\/www.cocoamachinery.com\/es\/wp-json\/wp\/v2\/types\/product"}],"replies":[{"embeddable":true,"href":"https:\/\/www.cocoamachinery.com\/es\/wp-json\/wp\/v2\/comments?post=1703"}],"version-history":[{"count":1,"href":"https:\/\/www.cocoamachinery.com\/es\/wp-json\/wp\/v2\/product\/1703\/revisions"}],"predecessor-version":[{"id":2066,"href":"https:\/\/www.cocoamachinery.com\/es\/wp-json\/wp\/v2\/product\/1703\/revisions\/2066"}],"wp:featuredmedia":[{"embeddable":true,"href":"https:\/\/www.cocoamachinery.com\/es\/wp-json\/wp\/v2\/media\/1708"}],"wp:attachment":[{"href":"https:\/\/www.cocoamachinery.com\/es\/wp-json\/wp\/v2\/media?parent=1703"}],"wp:term":[{"taxonomy":"product_cat","embeddable":true,"href":"https:\/\/www.cocoamachinery.com\/es\/wp-json\/wp\/v2\/product_cat?post=1703"},{"taxonomy":"product_tag","embeddable":true,"href":"https:\/\/www.cocoamachinery.com\/es\/wp-json\/wp\/v2\/product_tag?post=1703"}],"curies":[{"name":"wp","href":"https:\/\/api.w.org\/{rel}","templated":true}]}}