{"id":1692,"date":"2021-07-07T08:29:06","date_gmt":"2021-07-07T08:29:06","guid":{"rendered":"https:\/\/www.cocoamachinery.com\/?post_type=product&#038;p=1692"},"modified":"2025-05-23T18:37:36","modified_gmt":"2025-05-23T10:37:36","slug":"metal-separator","status":"publish","type":"product","link":"https:\/\/www.cocoamachinery.com\/es\/product\/metal-separator\/","title":{"rendered":"Separador de metales para granos de cacao"},"content":{"rendered":"<p>En <strong>separador de metales<\/strong> utiliza el principio de inducci\u00f3n electromagn\u00e9tica para detectar metales. Es un equipo de detecci\u00f3n y separaci\u00f3n de metales de alta precisi\u00f3n que puede detectar tanto metales magn\u00e9ticos como no magn\u00e9ticos. (Esta\u00f1o, acero inoxidable, etc.)<\/p>\n<p>Tiene las caracter\u00edsticas de instalaci\u00f3n sencilla, alta sensibilidad, mantenimiento c\u00f3modo, alta eficacia, estabilidad y fiabilidad.<\/p>\n<h3>Aplicaci\u00f3n del separador de metales para granos de cacao<\/h3>\n<p>La m\u00e1quina separadora de metales se utiliza principalmente para la detecci\u00f3n de art\u00edculos granulados y en polvo. Cuando estos art\u00edculos caen a trav\u00e9s de la m\u00e1quina, una vez detectadas las impurezas met\u00e1licas, el sistema activa inmediatamente el mecanismo de separaci\u00f3n para eliminar los art\u00edculos sospechosos.<\/p>\n<figure id=\"attachment_2807\" aria-describedby=\"caption-attachment-2807\" style=\"width: 600px\" class=\"wp-caption alignnone\"><img fetchpriority=\"high\" decoding=\"async\" class=\"wp-image-2807 size-full\" src=\"https:\/\/www.cocoamachinery.com\/wp-content\/uploads\/2021\/07\/metal-5.jpg\" alt=\"M\u00e1quina separadora de metales en venta\" width=\"600\" height=\"600\" srcset=\"https:\/\/www.cocoamachinery.com\/wp-content\/uploads\/2021\/07\/metal-5.jpg 600w, https:\/\/www.cocoamachinery.com\/wp-content\/uploads\/2021\/07\/metal-5-300x300.jpg 300w, https:\/\/www.cocoamachinery.com\/wp-content\/uploads\/2021\/07\/metal-5-150x150.jpg 150w, https:\/\/www.cocoamachinery.com\/wp-content\/uploads\/2021\/07\/metal-5-12x12.jpg 12w, https:\/\/www.cocoamachinery.com\/wp-content\/uploads\/2021\/07\/metal-5-100x100.jpg 100w\" sizes=\"(max-width: 600px) 100vw, 600px\" \/><figcaption id=\"caption-attachment-2807\" class=\"wp-caption-text\">M\u00e1quina separadora de metales en venta<\/figcaption><\/figure>\n<h3>Ventajas de la m\u00e1quina separadora de metales:<\/h3>\n<p>\u2460. Integra bobina de detecci\u00f3n, controlador y dispositivo de separaci\u00f3n en uno, f\u00e1cil de instalar y utilizar;<br \/>\n\u2461. Rechazar r\u00e1pidamente a trav\u00e9s del dispositivo de rechazo, que puede reducir en gran medida la p\u00e9rdida de material;<br \/>\n\u2462. La altura de instalaci\u00f3n es peque\u00f1a, f\u00e1cil de integrar;<br \/>\n\u2463. Caracter\u00edsticas del material de ensayo: seco, buena fluidez, sin fibras largas, sin conductividad el\u00e9ctrica;<br \/>\n\u2464. Temperatura del material de detecci\u00f3n: menos de 80\u2103, si la temperatura supera este rango, se pueden seleccionar opciones especiales de alta temperatura;<br \/>\n\u2465. El controlador puede instalarse a 10 m de la posici\u00f3n de detecci\u00f3n;<br \/>\n\u2466. Se utiliza principalmente para detectar materiales granulares sueltos (part\u00edculas &lt;8 mm) donde se alimenta por flujo de gravedad.<br \/>\n\u2467. Precisi\u00f3n de detecci\u00f3n: el volumen de part\u00edculas met\u00e1licas es de \u03a6 0,5mm (metal com\u00fan), que puede ajustarse seg\u00fan las condiciones reales. La mayor precisi\u00f3n puede ajustarse a \u03a6 0,3mm.<br \/>\n\u2468. Tiempo de reacci\u00f3n: de 0,5 a 5 segundos; cuanto m\u00e1s tiempo, m\u00e1s residuos se descargan.<\/p>\n<h3>Par\u00e1metros del separador de metales para granos de cacao<\/h3>\n<table>\n<tbody>\n<tr>\n<td width=\"284\">Dimensi\u00f3n<\/td>\n<td width=\"284\">700*700*1550mm<\/td>\n<\/tr>\n<tr>\n<td width=\"284\">Di\u00e1metro<\/td>\n<td width=\"284\">100 mm<\/td>\n<\/tr>\n<tr>\n<td width=\"284\">Potencia total<\/td>\n<td width=\"284\">10W<\/td>\n<\/tr>\n<tr>\n<td width=\"284\">Tensi\u00f3n<\/td>\n<td width=\"284\">220V\/50, 60Hz<\/td>\n<\/tr>\n<tr>\n<td width=\"284\">Temperatura del material de ensayo<\/td>\n<td width=\"284\">\u226480\u00b0<\/td>\n<\/tr>\n<tr>\n<td width=\"284\">Aire comprimido<\/td>\n<td width=\"284\">3~6 bar, conexi\u00f3n de tubo de aire GB de 8 mm<\/td>\n<\/tr>\n<tr>\n<td width=\"284\">Consumo de aire<\/td>\n<td width=\"284\">0,4 litros por acci\u00f3n de separaci\u00f3n<\/td>\n<\/tr>\n<tr>\n<td width=\"284\">Peso total<\/td>\n<td width=\"284\">35 kg<\/td>\n<\/tr>\n<tr>\n<td width=\"284\">Importe del tratamiento<\/td>\n<td width=\"284\">500 mil \/ hora<\/td>\n<\/tr>\n<\/tbody>\n<\/table>\n<div role=\"form\" class=\"wpcf7\" id=\"wpcf7-f1985-o1\" lang=\"en-US\" dir=\"ltr\">\n<div class=\"screen-reader-response\"><p role=\"status\" aria-live=\"polite\" aria-atomic=\"true\"><\/p> <ul><\/ul><\/div>\n<form action=\"\/es\/wp-json\/wp\/v2\/product\/1692#wpcf7-f1985-o1\" method=\"post\" class=\"wpcf7-form init\" novalidate=\"novalidate\" data-status=\"init\" data-trp-original-action=\"\/es\/wp-json\/wp\/v2\/product\/1692#wpcf7-f1985-o1\">\n<div style=\"display: none;\">\n<input type=\"hidden\" name=\"_wpcf7\" value=\"1985\" \/>\n<input type=\"hidden\" name=\"_wpcf7_version\" value=\"5.4.1\" \/>\n<input type=\"hidden\" name=\"_wpcf7_locale\" value=\"en_US\" \/>\n<input type=\"hidden\" name=\"_wpcf7_unit_tag\" value=\"wpcf7-f1985-o1\" \/>\n<input type=\"hidden\" name=\"_wpcf7_container_post\" value=\"0\" \/>\n<input type=\"hidden\" name=\"_wpcf7_posted_data_hash\" value=\"\" \/>\n<\/div>\n<div class='formdiv'>\n<span>SOLICITAR PRESUPUESTO<\/span><\/p>\n<p>Rellene este formulario para solicitar informaci\u00f3n. (campos obligatorios*)<\/p>\n<\/div>\n<div class='formdiv-left'><label> Su nombre*<br \/>\n    <span class=\"wpcf7-form-control-wrap your-name\"><input type=\"text\" name=\"your-name\" value=\"\" size=\"40\" class=\"wpcf7-form-control wpcf7-text wpcf7-validates-as-required\" aria-required=\"true\" aria-invalid=\"false\" \/><\/span> <\/label><\/p>\n<p><label> Su correo electr\u00f3nico*<br \/>\n    <span class=\"wpcf7-form-control-wrap your-email\"><input type=\"email\" name=\"your-email\" value=\"\" size=\"40\" class=\"wpcf7-form-control wpcf7-text wpcf7-email wpcf7-validates-as-required wpcf7-validates-as-email\" aria-required=\"true\" aria-invalid=\"false\" \/><\/span> <\/label><\/p>\n<p><label> Su pa\u00eds<br \/>\n    <span class=\"wpcf7-form-control-wrap your-country\"><input type=\"text\" name=\"your-country\" value=\"\" size=\"40\" class=\"wpcf7-form-control wpcf7-text\" aria-invalid=\"false\" \/><\/span> <\/label><\/p>\n<p><label> Tu tel\u00e9fono<br \/>\n    <span class=\"wpcf7-form-control-wrap tel-901\"><input type=\"tel\" name=\"tel-901\" value=\"\" size=\"40\" class=\"wpcf7-form-control wpcf7-text wpcf7-tel wpcf7-validates-as-tel\" aria-invalid=\"false\" \/><\/span> <\/label><\/p>\n<p><label> Nombre de su empresa \/ Sitio web<br \/>\n    <span class=\"wpcf7-form-control-wrap your-company\"><input type=\"text\" name=\"your-company\" value=\"\" size=\"40\" class=\"wpcf7-form-control wpcf7-text\" aria-invalid=\"false\" \/><\/span> <\/label>\n<\/div>\n<div class='formdiv-right'>\n<label> Su mensaje*<br \/>\n    <span class=\"wpcf7-form-control-wrap your-message\"><textarea name=\"your-message\" cols=\"40\" rows=\"10\" class=\"wpcf7-form-control wpcf7-textarea wpcf7-validates-as-required\" aria-required=\"true\" aria-invalid=\"false\"><\/textarea><\/span> <\/label><\/p>\n<p><input type=\"submit\" value=\"Enviar\" class=\"wpcf7-form-control wpcf7-submit\" \/>\n<\/p><\/div>\n<div style='clear:both'><\/div>\n<div class=\"wpcf7-response-output\" aria-hidden=\"true\"><\/div><input type=\"hidden\" name=\"trp-form-language\" value=\"es\"\/><\/form><\/div>\n<div style='text-align:left' class='yasr-auto-insert-visitor'><\/div>","protected":false},"excerpt":{"rendered":"<p>El separador de metales utiliza el principio de inducci\u00f3n electromagn\u00e9tica para detectar metales. Alta precisi\u00f3n, puede detectar metales magn\u00e9ticos y no magn\u00e9ticos.<\/p>","protected":false},"featured_media":2806,"comment_status":"open","ping_status":"closed","template":"","meta":{"yasr_overall_rating":0,"yasr_post_is_review":"","yasr_auto_insert_disabled":"","yasr_review_type":""},"product_cat":[51],"product_tag":[],"class_list":["post-1692","product","type-product","status-publish","has-post-thumbnail","hentry","product_cat-cocoa-machines"],"yoast_head":"<!-- This site is optimized with the Yoast SEO plugin v20.9 - https:\/\/yoast.com\/wordpress\/plugins\/seo\/ -->\n<title>Metal Separator for Cocoa Beans - Cocoa Machinery<\/title>\n<meta name=\"description\" content=\"The metal separator can detect magnetic and non-magnetic metals with high accuracy. Suitable for granular materials such as cocoa beans.\" \/>\n<meta name=\"robots\" content=\"index, follow, max-snippet:-1, max-image-preview:large, max-video-preview:-1\" \/>\n<link rel=\"canonical\" href=\"https:\/\/www.cocoamachinery.com\/es\/product\/metal-separator\/\" \/>\n<meta property=\"og:locale\" content=\"es_ES\" \/>\n<meta property=\"og:type\" content=\"article\" \/>\n<meta property=\"og:title\" content=\"Metal Separator for Cocoa Beans\" \/>\n<meta property=\"og:description\" content=\"The metal separator can detect magnetic and non-magnetic metals with high accuracy. Suitable for granular materials such as cocoa beans.\" \/>\n<meta property=\"og:url\" content=\"https:\/\/www.cocoamachinery.com\/es\/product\/metal-separator\/\" \/>\n<meta property=\"og:site_name\" content=\"Cocoa Machinery\" \/>\n<meta property=\"article:publisher\" content=\"https:\/\/www.facebook.com\/longernutsmachinery\/\" \/>\n<meta property=\"article:modified_time\" content=\"2025-05-23T10:37:36+00:00\" \/>\n<meta property=\"og:image\" content=\"https:\/\/www.cocoamachinery.com\/wp-content\/uploads\/2021\/07\/metal-1.jpg\" \/>\n\t<meta property=\"og:image:width\" content=\"600\" \/>\n\t<meta property=\"og:image:height\" content=\"600\" \/>\n\t<meta property=\"og:image:type\" content=\"image\/jpeg\" \/>\n<meta name=\"twitter:card\" content=\"summary_large_image\" \/>\n<meta name=\"twitter:title\" content=\"Metal Separator for Cocoa Beans\" \/>\n<meta name=\"twitter:description\" content=\"The metal separator can detect magnetic and non-magnetic metals with high accuracy. Suitable for granular materials such as cocoa beans.\" \/>\n<meta name=\"twitter:image\" content=\"https:\/\/www.cocoamachinery.com\/wp-content\/uploads\/2021\/07\/metal-1.jpg\" \/>\n<meta name=\"twitter:site\" content=\"@nutsmachinery\" \/>\n<meta name=\"twitter:label1\" content=\"Tiempo de lectura\" \/>\n\t<meta name=\"twitter:data1\" content=\"2 minutos\" \/>\n<script type=\"application\/ld+json\" class=\"yoast-schema-graph\">{\"@context\":\"https:\/\/schema.org\",\"@graph\":[{\"@type\":\"WebPage\",\"@id\":\"https:\/\/www.cocoamachinery.com\/product\/metal-separator\/\",\"url\":\"https:\/\/www.cocoamachinery.com\/product\/metal-separator\/\",\"name\":\"Metal Separator for Cocoa Beans - Cocoa Machinery\",\"isPartOf\":{\"@id\":\"https:\/\/www.cocoamachinery.com\/#website\"},\"datePublished\":\"2021-07-07T08:29:06+00:00\",\"dateModified\":\"2025-05-23T10:37:36+00:00\",\"description\":\"The metal separator can detect magnetic and non-magnetic metals with high accuracy. Suitable for granular materials such as cocoa beans.\",\"breadcrumb\":{\"@id\":\"https:\/\/www.cocoamachinery.com\/product\/metal-separator\/#breadcrumb\"},\"inLanguage\":\"es\",\"potentialAction\":[{\"@type\":\"ReadAction\",\"target\":[\"https:\/\/www.cocoamachinery.com\/product\/metal-separator\/\"]}]},{\"@type\":\"BreadcrumbList\",\"@id\":\"https:\/\/www.cocoamachinery.com\/product\/metal-separator\/#breadcrumb\",\"itemListElement\":[{\"@type\":\"ListItem\",\"position\":1,\"name\":\"Home\",\"item\":\"https:\/\/www.cocoamachinery.com\/\"},{\"@type\":\"ListItem\",\"position\":2,\"name\":\"Product\",\"item\":\"https:\/\/www.cocoamachinery.com\/product\/\"},{\"@type\":\"ListItem\",\"position\":3,\"name\":\"Metal Separator for Cocoa Beans\"}]},{\"@type\":\"WebSite\",\"@id\":\"https:\/\/www.cocoamachinery.com\/#website\",\"url\":\"https:\/\/www.cocoamachinery.com\/\",\"name\":\"Cocoa Machinery\",\"description\":\"Cocoa Processing Solution Provider\",\"publisher\":{\"@id\":\"https:\/\/www.cocoamachinery.com\/#organization\"},\"potentialAction\":[{\"@type\":\"SearchAction\",\"target\":{\"@type\":\"EntryPoint\",\"urlTemplate\":\"https:\/\/www.cocoamachinery.com\/?s={search_term_string}\"},\"query-input\":\"required name=search_term_string\"}],\"inLanguage\":\"es\"},{\"@type\":\"Organization\",\"@id\":\"https:\/\/www.cocoamachinery.com\/#organization\",\"name\":\"Longer Food Machinery\",\"url\":\"https:\/\/www.cocoamachinery.com\/\",\"logo\":{\"@type\":\"ImageObject\",\"inLanguage\":\"es\",\"@id\":\"https:\/\/www.cocoamachinery.com\/#\/schema\/logo\/image\/\",\"url\":\"https:\/\/www.cocoamachinery.com\/wp-content\/uploads\/2024\/08\/Icon-512_512.png\",\"contentUrl\":\"https:\/\/www.cocoamachinery.com\/wp-content\/uploads\/2024\/08\/Icon-512_512.png\",\"width\":512,\"height\":512,\"caption\":\"Longer Food Machinery\"},\"image\":{\"@id\":\"https:\/\/www.cocoamachinery.com\/#\/schema\/logo\/image\/\"},\"sameAs\":[\"https:\/\/www.facebook.com\/longernutsmachinery\/\",\"https:\/\/twitter.com\/nutsmachinery\",\"https:\/\/www.pinterest.com\/nutsmachinery\/\",\"https:\/\/www.linkedin.com\/company\/longer-nuts-machinery\/\",\"https:\/\/www.youtube.com\/c\/NutsMachinery\"]},false]}<\/script>\n<!-- \/ Yoast SEO plugin. -->","yoast_head_json":{"title":"Metal Separator for Cocoa Beans - Cocoa Machinery","description":"The metal separator can detect magnetic and non-magnetic metals with high accuracy. Suitable for granular materials such as cocoa beans.","robots":{"index":"index","follow":"follow","max-snippet":"max-snippet:-1","max-image-preview":"max-image-preview:large","max-video-preview":"max-video-preview:-1"},"canonical":"https:\/\/www.cocoamachinery.com\/es\/product\/metal-separator\/","og_locale":"es_ES","og_type":"article","og_title":"Metal Separator for Cocoa Beans","og_description":"The metal separator can detect magnetic and non-magnetic metals with high accuracy. Suitable for granular materials such as cocoa beans.","og_url":"https:\/\/www.cocoamachinery.com\/es\/product\/metal-separator\/","og_site_name":"Cocoa Machinery","article_publisher":"https:\/\/www.facebook.com\/longernutsmachinery\/","article_modified_time":"2025-05-23T10:37:36+00:00","og_image":[{"width":600,"height":600,"url":"https:\/\/www.cocoamachinery.com\/wp-content\/uploads\/2021\/07\/metal-1.jpg","type":"image\/jpeg"}],"twitter_card":"summary_large_image","twitter_title":"Metal Separator for Cocoa Beans","twitter_description":"The metal separator can detect magnetic and non-magnetic metals with high accuracy. Suitable for granular materials such as cocoa beans.","twitter_image":"https:\/\/www.cocoamachinery.com\/wp-content\/uploads\/2021\/07\/metal-1.jpg","twitter_site":"@nutsmachinery","twitter_misc":{"Tiempo de lectura":"2 minutos"},"schema":{"@context":"https:\/\/schema.org","@graph":[{"@type":"WebPage","@id":"https:\/\/www.cocoamachinery.com\/product\/metal-separator\/","url":"https:\/\/www.cocoamachinery.com\/product\/metal-separator\/","name":"Metal Separator for Cocoa Beans - Cocoa Machinery","isPartOf":{"@id":"https:\/\/www.cocoamachinery.com\/#website"},"datePublished":"2021-07-07T08:29:06+00:00","dateModified":"2025-05-23T10:37:36+00:00","description":"The metal separator can detect magnetic and non-magnetic metals with high accuracy. Suitable for granular materials such as cocoa beans.","breadcrumb":{"@id":"https:\/\/www.cocoamachinery.com\/product\/metal-separator\/#breadcrumb"},"inLanguage":"es","potentialAction":[{"@type":"ReadAction","target":["https:\/\/www.cocoamachinery.com\/product\/metal-separator\/"]}]},{"@type":"BreadcrumbList","@id":"https:\/\/www.cocoamachinery.com\/product\/metal-separator\/#breadcrumb","itemListElement":[{"@type":"ListItem","position":1,"name":"Home","item":"https:\/\/www.cocoamachinery.com\/"},{"@type":"ListItem","position":2,"name":"Product","item":"https:\/\/www.cocoamachinery.com\/product\/"},{"@type":"ListItem","position":3,"name":"Metal Separator for Cocoa Beans"}]},{"@type":"WebSite","@id":"https:\/\/www.cocoamachinery.com\/#website","url":"https:\/\/www.cocoamachinery.com\/","name":"Cocoa Machinery","description":"Cocoa Processing Solution Provider","publisher":{"@id":"https:\/\/www.cocoamachinery.com\/#organization"},"potentialAction":[{"@type":"SearchAction","target":{"@type":"EntryPoint","urlTemplate":"https:\/\/www.cocoamachinery.com\/?s={search_term_string}"},"query-input":"required name=search_term_string"}],"inLanguage":"es"},{"@type":"Organization","@id":"https:\/\/www.cocoamachinery.com\/#organization","name":"Longer Food Machinery","url":"https:\/\/www.cocoamachinery.com\/","logo":{"@type":"ImageObject","inLanguage":"es","@id":"https:\/\/www.cocoamachinery.com\/#\/schema\/logo\/image\/","url":"https:\/\/www.cocoamachinery.com\/wp-content\/uploads\/2024\/08\/Icon-512_512.png","contentUrl":"https:\/\/www.cocoamachinery.com\/wp-content\/uploads\/2024\/08\/Icon-512_512.png","width":512,"height":512,"caption":"Longer Food Machinery"},"image":{"@id":"https:\/\/www.cocoamachinery.com\/#\/schema\/logo\/image\/"},"sameAs":["https:\/\/www.facebook.com\/longernutsmachinery\/","https:\/\/twitter.com\/nutsmachinery","https:\/\/www.pinterest.com\/nutsmachinery\/","https:\/\/www.linkedin.com\/company\/longer-nuts-machinery\/","https:\/\/www.youtube.com\/c\/NutsMachinery"]},false]}},"yasr_visitor_votes":{"stars_attributes":{"read_only":false,"span_bottom":false},"number_of_votes":1,"sum_votes":5},"_links":{"self":[{"href":"https:\/\/www.cocoamachinery.com\/es\/wp-json\/wp\/v2\/product\/1692","targetHints":{"allow":["GET"]}}],"collection":[{"href":"https:\/\/www.cocoamachinery.com\/es\/wp-json\/wp\/v2\/product"}],"about":[{"href":"https:\/\/www.cocoamachinery.com\/es\/wp-json\/wp\/v2\/types\/product"}],"replies":[{"embeddable":true,"href":"https:\/\/www.cocoamachinery.com\/es\/wp-json\/wp\/v2\/comments?post=1692"}],"version-history":[{"count":3,"href":"https:\/\/www.cocoamachinery.com\/es\/wp-json\/wp\/v2\/product\/1692\/revisions"}],"predecessor-version":[{"id":2808,"href":"https:\/\/www.cocoamachinery.com\/es\/wp-json\/wp\/v2\/product\/1692\/revisions\/2808"}],"wp:featuredmedia":[{"embeddable":true,"href":"https:\/\/www.cocoamachinery.com\/es\/wp-json\/wp\/v2\/media\/2806"}],"wp:attachment":[{"href":"https:\/\/www.cocoamachinery.com\/es\/wp-json\/wp\/v2\/media?parent=1692"}],"wp:term":[{"taxonomy":"product_cat","embeddable":true,"href":"https:\/\/www.cocoamachinery.com\/es\/wp-json\/wp\/v2\/product_cat?post=1692"},{"taxonomy":"product_tag","embeddable":true,"href":"https:\/\/www.cocoamachinery.com\/es\/wp-json\/wp\/v2\/product_tag?post=1692"}],"curies":[{"name":"wp","href":"https:\/\/api.w.org\/{rel}","templated":true}]}}