{"id":1681,"date":"2021-06-30T13:12:33","date_gmt":"2021-06-30T13:12:33","guid":{"rendered":"https:\/\/www.cocoamachinery.com\/?post_type=product&#038;p=1681"},"modified":"2022-03-30T14:11:06","modified_gmt":"2022-03-30T14:11:06","slug":"cocoa-powder-grinding-machine","status":"publish","type":"product","link":"https:\/\/www.cocoamachinery.com\/es\/product\/cocoa-powder-grinding-machine\/","title":{"rendered":"100 malla de cacao en polvo m\u00e1quina de molienda para la venta"},"content":{"rendered":"<p>En <strong>m\u00e1quina trituradora de cacao en polvo<\/strong> es un equipo de pulverizaci\u00f3n fina, y el tama\u00f1o de las part\u00edculas del cacao en polvo puede alcanzar las 100 mallas. Toda la m\u00e1quina es de acero inoxidable 201. Esta m\u00e1quina necesita ser utilizado en combinaci\u00f3n con un molino de grano de cacao y una prensa de manteca de cacao para el procesamiento de cacao en polvo.<\/p>\n<figure id=\"attachment_1685\" aria-describedby=\"caption-attachment-1685\" style=\"width: 600px\" class=\"wp-caption alignleft\"><img fetchpriority=\"high\" decoding=\"async\" class=\"wp-image-1685 size-full\" src=\"https:\/\/www.cocoamachinery.com\/wp-content\/uploads\/2021\/06\/cocoa-powder-2.jpg\" alt=\"M\u00e1quina trituradora de cacao en polvo de acero inoxidable\" width=\"600\" height=\"600\" srcset=\"https:\/\/www.cocoamachinery.com\/wp-content\/uploads\/2021\/06\/cocoa-powder-2.jpg 600w, https:\/\/www.cocoamachinery.com\/wp-content\/uploads\/2021\/06\/cocoa-powder-2-300x300.jpg 300w, https:\/\/www.cocoamachinery.com\/wp-content\/uploads\/2021\/06\/cocoa-powder-2-150x150.jpg 150w, https:\/\/www.cocoamachinery.com\/wp-content\/uploads\/2021\/06\/cocoa-powder-2-100x100.jpg 100w\" sizes=\"(max-width: 600px) 100vw, 600px\" \/><figcaption id=\"caption-attachment-1685\" class=\"wp-caption-text\">M\u00e1quina trituradora de cacao en polvo de acero inoxidable<\/figcaption><\/figure>\n<h3>Proceso de producci\u00f3n del cacao en polvo:<\/h3>\n<p>Cacao en grano - Tostado - Pelado - Molienda de la salsa - Prensado del aceite - Trituraci\u00f3n de la torta de cacao - Molienda fina - Cacao en polvo<\/p>\n<p>La torta de cacao despu\u00e9s de la extracci\u00f3n de aceite es gruesa y firme, por lo que es necesario utilizar el equipo de trituraci\u00f3n para la trituraci\u00f3n gruesa, y luego utilizar la m\u00e1quina para la molienda fina.<\/p>\n<h3>Principio de funcionamiento de la m\u00e1quina trituradora de cacao en polvo:<\/h3>\n<p>Se adopta el dise\u00f1o de p\u00e9ndulo, y la velocidad puede alcanzar 3800r\/min. El material se tritura tras un cizallamiento m\u00faltiple en el p\u00e9ndulo. Finalmente, el polvo de cacao con part\u00edculas uniformes se forma a trav\u00e9s de un tamiz de malla ajustable.<br \/>\n<iframe title=\"Reproductor de v\u00eddeo YouTube\" src=\"https:\/\/www.youtube.com\/embed\/Y4U9Nxx-Bk8\" width=\"560\" height=\"315\" frameborder=\"0\" allowfullscreen=\"allowfullscreen\"><\/iframe><\/p>\n<h3>Ventajas de la m\u00e1quina de fabricaci\u00f3n de cacao en polvo para la venta<\/h3>\n<ul>\n<li>La m\u00e1quina est\u00e1 fabricada en acero inoxidable 201, y la pared interior de la carcasa est\u00e1 totalmente mecanizada para conseguir una superficie lisa.<\/li>\n<li>El efecto de trituraci\u00f3n es bueno, y los materiales se trituran bajo los efectos combinados del impacto, la fricci\u00f3n, el cizallamiento y el impacto entre materiales.<\/li>\n<li>La malla del producto acabado puede modificarse sustituyendo la criba por otra de diferente finura.<\/li>\n<li>La estructura es sencilla, robusta y estable en funcionamiento.<\/li>\n<li>Esta m\u00e1quina es adecuada para triturar diversos materiales secos y quebradizos, como pimienta, jengibre en polvo, ajo en polvo, hojas en polvo, etc.<\/li>\n<\/ul>\n<figure id=\"attachment_1686\" aria-describedby=\"caption-attachment-1686\" style=\"width: 600px\" class=\"wp-caption alignleft\"><img decoding=\"async\" class=\"size-full wp-image-1686\" src=\"https:\/\/www.cocoamachinery.com\/wp-content\/uploads\/2021\/06\/cocoa-powder-4.jpg\" alt=\"Fabricante de m\u00e1quinas para hacer cacao en polvo\" width=\"600\" height=\"600\" srcset=\"https:\/\/www.cocoamachinery.com\/wp-content\/uploads\/2021\/06\/cocoa-powder-4.jpg 600w, https:\/\/www.cocoamachinery.com\/wp-content\/uploads\/2021\/06\/cocoa-powder-4-300x300.jpg 300w, https:\/\/www.cocoamachinery.com\/wp-content\/uploads\/2021\/06\/cocoa-powder-4-150x150.jpg 150w, https:\/\/www.cocoamachinery.com\/wp-content\/uploads\/2021\/06\/cocoa-powder-4-100x100.jpg 100w\" sizes=\"(max-width: 600px) 100vw, 600px\" \/><figcaption id=\"caption-attachment-1686\" class=\"wp-caption-text\">Fabricante de m\u00e1quinas para hacer cacao en polvo<\/figcaption><\/figure>\n<h3>Par\u00e1metros de la m\u00e1quina trituradora de cacao en polvo<\/h3>\n<table>\n<tbody>\n<tr>\n<td width=\"130\">Modelo<\/td>\n<td width=\"87\">LG-S20B<\/td>\n<td width=\"87\">LG-S30B<\/td>\n<td width=\"87\">LG-S40B<\/td>\n<\/tr>\n<tr>\n<td width=\"130\">Capacidad (kg\/h)<\/td>\n<td width=\"87\">50-100<\/td>\n<td width=\"87\">50-200<\/td>\n<td width=\"87\">100-400<\/td>\n<\/tr>\n<tr>\n<td width=\"130\">Finura del polvo triturado (malla)<\/td>\n<td width=\"87\">20-120<\/td>\n<td width=\"87\">20-120<\/td>\n<td width=\"87\">20-120<\/td>\n<\/tr>\n<tr>\n<td width=\"130\">Di\u00e1metro de la cuchilla (mm)<\/td>\n<td width=\"87\">200<\/td>\n<td width=\"87\">300<\/td>\n<td width=\"87\">350<\/td>\n<\/tr>\n<tr>\n<td width=\"130\">Potencia del host (kw)<\/td>\n<td width=\"87\">4<\/td>\n<td width=\"87\">5.5<\/td>\n<td width=\"87\">11<\/td>\n<\/tr>\n<tr>\n<td width=\"130\">Dimensiones (mm)<\/td>\n<td width=\"87\">600*500*1170<\/td>\n<td width=\"87\">750*600*1370<\/td>\n<td width=\"87\">850*700*1450<\/td>\n<\/tr>\n<tr>\n<td width=\"130\">Peso (kg)<\/td>\n<td width=\"87\">140<\/td>\n<td width=\"87\">220<\/td>\n<td width=\"87\">440<\/td>\n<\/tr>\n<\/tbody>\n<\/table>\n<div role=\"form\" class=\"wpcf7\" id=\"wpcf7-f1985-o1\" lang=\"en-US\" dir=\"ltr\">\n<div class=\"screen-reader-response\"><p role=\"status\" aria-live=\"polite\" aria-atomic=\"true\"><\/p> <ul><\/ul><\/div>\n<form action=\"\/es\/wp-json\/wp\/v2\/product\/1681#wpcf7-f1985-o1\" method=\"post\" class=\"wpcf7-form init\" novalidate=\"novalidate\" data-status=\"init\" data-trp-original-action=\"\/es\/wp-json\/wp\/v2\/product\/1681#wpcf7-f1985-o1\">\n<div style=\"display: none;\">\n<input type=\"hidden\" name=\"_wpcf7\" value=\"1985\" \/>\n<input type=\"hidden\" name=\"_wpcf7_version\" value=\"5.4.1\" \/>\n<input type=\"hidden\" name=\"_wpcf7_locale\" value=\"en_US\" \/>\n<input type=\"hidden\" name=\"_wpcf7_unit_tag\" value=\"wpcf7-f1985-o1\" \/>\n<input type=\"hidden\" name=\"_wpcf7_container_post\" value=\"0\" \/>\n<input type=\"hidden\" name=\"_wpcf7_posted_data_hash\" value=\"\" \/>\n<\/div>\n<div class='formdiv'>\n<span>SOLICITAR PRESUPUESTO<\/span><\/p>\n<p>Rellene este formulario para solicitar informaci\u00f3n. (campos obligatorios*)<\/p>\n<\/div>\n<div class='formdiv-left'><label> Su nombre*<br \/>\n    <span class=\"wpcf7-form-control-wrap your-name\"><input type=\"text\" name=\"your-name\" value=\"\" size=\"40\" class=\"wpcf7-form-control wpcf7-text wpcf7-validates-as-required\" aria-required=\"true\" aria-invalid=\"false\" \/><\/span> <\/label><\/p>\n<p><label> Su correo electr\u00f3nico*<br \/>\n    <span class=\"wpcf7-form-control-wrap your-email\"><input type=\"email\" name=\"your-email\" value=\"\" size=\"40\" class=\"wpcf7-form-control wpcf7-text wpcf7-email wpcf7-validates-as-required wpcf7-validates-as-email\" aria-required=\"true\" aria-invalid=\"false\" \/><\/span> <\/label><\/p>\n<p><label> Su pa\u00eds<br \/>\n    <span class=\"wpcf7-form-control-wrap your-country\"><input type=\"text\" name=\"your-country\" value=\"\" size=\"40\" class=\"wpcf7-form-control wpcf7-text\" aria-invalid=\"false\" \/><\/span> <\/label><\/p>\n<p><label> Tu tel\u00e9fono<br \/>\n    <span class=\"wpcf7-form-control-wrap tel-901\"><input type=\"tel\" name=\"tel-901\" value=\"\" size=\"40\" class=\"wpcf7-form-control wpcf7-text wpcf7-tel wpcf7-validates-as-tel\" aria-invalid=\"false\" \/><\/span> <\/label><\/p>\n<p><label> Nombre de su empresa \/ Sitio web<br \/>\n    <span class=\"wpcf7-form-control-wrap your-company\"><input type=\"text\" name=\"your-company\" value=\"\" size=\"40\" class=\"wpcf7-form-control wpcf7-text\" aria-invalid=\"false\" \/><\/span> <\/label>\n<\/div>\n<div class='formdiv-right'>\n<label> Su mensaje*<br \/>\n    <span class=\"wpcf7-form-control-wrap your-message\"><textarea name=\"your-message\" cols=\"40\" rows=\"10\" class=\"wpcf7-form-control wpcf7-textarea wpcf7-validates-as-required\" aria-required=\"true\" aria-invalid=\"false\"><\/textarea><\/span> <\/label><\/p>\n<p><input type=\"submit\" value=\"Enviar\" class=\"wpcf7-form-control wpcf7-submit\" \/>\n<\/p><\/div>\n<div style='clear:both'><\/div>\n<div class=\"wpcf7-response-output\" aria-hidden=\"true\"><\/div><input type=\"hidden\" name=\"trp-form-language\" value=\"es\"\/><\/form><\/div>\n<div style='text-align:left' class='yasr-auto-insert-visitor'><\/div>","protected":false},"excerpt":{"rendered":"<p>La m\u00e1quina trituradora de cacao en polvo tiene un buen efecto de trituraci\u00f3n, y la finura del cacao en polvo puede alcanzar las 100 mallas. Es un equipo importante en el procesamiento de cacao en polvo.<\/p>","protected":false},"featured_media":1682,"comment_status":"open","ping_status":"closed","template":"","meta":{"yasr_overall_rating":0,"yasr_post_is_review":"","yasr_auto_insert_disabled":"","yasr_review_type":""},"product_cat":[51],"product_tag":[],"class_list":["post-1681","product","type-product","status-publish","has-post-thumbnail","hentry","product_cat-cocoa-machines"],"yoast_head":"<!-- This site is optimized with the Yoast SEO plugin v20.9 - https:\/\/yoast.com\/wordpress\/plugins\/seo\/ -->\n<title>100 Mesh Cocoa Powder Grinding Machine for Sale<\/title>\n<meta name=\"description\" content=\"The cocoa powder making machine has good crushing effect, and the fineness can reach 100 meshes. It is an important cocoa powder making machine.\" \/>\n<meta name=\"robots\" content=\"index, follow, max-snippet:-1, max-image-preview:large, max-video-preview:-1\" \/>\n<link rel=\"canonical\" href=\"https:\/\/www.cocoamachinery.com\/es\/product\/cocoa-powder-grinding-machine\/\" \/>\n<meta property=\"og:locale\" content=\"es_ES\" \/>\n<meta property=\"og:type\" content=\"article\" \/>\n<meta property=\"og:title\" content=\"100 Mesh Cocoa Powder Grinding Machine for Sale\" \/>\n<meta property=\"og:description\" content=\"The cocoa powder grinding machine has good crushing effect, and the fineness of cocoa powder can reach 100 meshes. Important cocoa powder processing equipment.\" \/>\n<meta property=\"og:url\" content=\"https:\/\/www.cocoamachinery.com\/es\/product\/cocoa-powder-grinding-machine\/\" \/>\n<meta property=\"og:site_name\" content=\"Cocoa Machinery\" \/>\n<meta property=\"article:publisher\" content=\"https:\/\/www.facebook.com\/longernutsmachinery\/\" \/>\n<meta property=\"article:modified_time\" content=\"2022-03-30T14:11:06+00:00\" \/>\n<meta property=\"og:image\" content=\"https:\/\/www.cocoamachinery.com\/wp-content\/uploads\/2021\/06\/cocoa-powder-1.jpg\" \/>\n\t<meta property=\"og:image:width\" content=\"600\" \/>\n\t<meta property=\"og:image:height\" content=\"600\" \/>\n\t<meta property=\"og:image:type\" content=\"image\/jpeg\" \/>\n<meta name=\"twitter:card\" content=\"summary_large_image\" \/>\n<meta name=\"twitter:title\" content=\"100 Mesh Cocoa Powder Grinding Machine for Sale\" \/>\n<meta name=\"twitter:description\" content=\"The cocoa powder grinding machine has good crushing effect, and the fineness of cocoa powder can reach 100 meshes. Important cocoa powder processing equipment.\" \/>\n<meta name=\"twitter:image\" content=\"https:\/\/www.cocoamachinery.com\/wp-content\/uploads\/2021\/06\/cocoa-powder-1.jpg\" \/>\n<meta name=\"twitter:site\" content=\"@nutsmachinery\" \/>\n<meta name=\"twitter:label1\" content=\"Tiempo de lectura\" \/>\n\t<meta name=\"twitter:data1\" content=\"2 minutos\" \/>\n<script type=\"application\/ld+json\" class=\"yoast-schema-graph\">{\"@context\":\"https:\/\/schema.org\",\"@graph\":[{\"@type\":\"WebPage\",\"@id\":\"https:\/\/www.cocoamachinery.com\/product\/cocoa-powder-grinding-machine\/\",\"url\":\"https:\/\/www.cocoamachinery.com\/product\/cocoa-powder-grinding-machine\/\",\"name\":\"100 Mesh Cocoa Powder Grinding Machine for Sale\",\"isPartOf\":{\"@id\":\"https:\/\/www.cocoamachinery.com\/#website\"},\"datePublished\":\"2021-06-30T13:12:33+00:00\",\"dateModified\":\"2022-03-30T14:11:06+00:00\",\"description\":\"The cocoa powder making machine has good crushing effect, and the fineness can reach 100 meshes. It is an important cocoa powder making machine.\",\"breadcrumb\":{\"@id\":\"https:\/\/www.cocoamachinery.com\/product\/cocoa-powder-grinding-machine\/#breadcrumb\"},\"inLanguage\":\"es\",\"potentialAction\":[{\"@type\":\"ReadAction\",\"target\":[\"https:\/\/www.cocoamachinery.com\/product\/cocoa-powder-grinding-machine\/\"]}]},{\"@type\":\"BreadcrumbList\",\"@id\":\"https:\/\/www.cocoamachinery.com\/product\/cocoa-powder-grinding-machine\/#breadcrumb\",\"itemListElement\":[{\"@type\":\"ListItem\",\"position\":1,\"name\":\"Home\",\"item\":\"https:\/\/www.cocoamachinery.com\/\"},{\"@type\":\"ListItem\",\"position\":2,\"name\":\"Product\",\"item\":\"https:\/\/www.cocoamachinery.com\/product\/\"},{\"@type\":\"ListItem\",\"position\":3,\"name\":\"100 Mesh Cocoa Powder Grinding Machine for Sale\"}]},{\"@type\":\"WebSite\",\"@id\":\"https:\/\/www.cocoamachinery.com\/#website\",\"url\":\"https:\/\/www.cocoamachinery.com\/\",\"name\":\"Cocoa Machinery\",\"description\":\"Cocoa Processing Solution Provider\",\"publisher\":{\"@id\":\"https:\/\/www.cocoamachinery.com\/#organization\"},\"potentialAction\":[{\"@type\":\"SearchAction\",\"target\":{\"@type\":\"EntryPoint\",\"urlTemplate\":\"https:\/\/www.cocoamachinery.com\/?s={search_term_string}\"},\"query-input\":\"required name=search_term_string\"}],\"inLanguage\":\"es\"},{\"@type\":\"Organization\",\"@id\":\"https:\/\/www.cocoamachinery.com\/#organization\",\"name\":\"Longer Food Machinery\",\"url\":\"https:\/\/www.cocoamachinery.com\/\",\"logo\":{\"@type\":\"ImageObject\",\"inLanguage\":\"es\",\"@id\":\"https:\/\/www.cocoamachinery.com\/#\/schema\/logo\/image\/\",\"url\":\"https:\/\/www.cocoamachinery.com\/wp-content\/uploads\/2024\/08\/Icon-512_512.png\",\"contentUrl\":\"https:\/\/www.cocoamachinery.com\/wp-content\/uploads\/2024\/08\/Icon-512_512.png\",\"width\":512,\"height\":512,\"caption\":\"Longer Food Machinery\"},\"image\":{\"@id\":\"https:\/\/www.cocoamachinery.com\/#\/schema\/logo\/image\/\"},\"sameAs\":[\"https:\/\/www.facebook.com\/longernutsmachinery\/\",\"https:\/\/twitter.com\/nutsmachinery\",\"https:\/\/www.pinterest.com\/nutsmachinery\/\",\"https:\/\/www.linkedin.com\/company\/longer-nuts-machinery\/\",\"https:\/\/www.youtube.com\/c\/NutsMachinery\"]},false]}<\/script>\n<!-- \/ Yoast SEO plugin. -->","yoast_head_json":{"title":"100 Mesh Cocoa Powder Grinding Machine for Sale","description":"The cocoa powder making machine has good crushing effect, and the fineness can reach 100 meshes. It is an important cocoa powder making machine.","robots":{"index":"index","follow":"follow","max-snippet":"max-snippet:-1","max-image-preview":"max-image-preview:large","max-video-preview":"max-video-preview:-1"},"canonical":"https:\/\/www.cocoamachinery.com\/es\/product\/cocoa-powder-grinding-machine\/","og_locale":"es_ES","og_type":"article","og_title":"100 Mesh Cocoa Powder Grinding Machine for Sale","og_description":"The cocoa powder grinding machine has good crushing effect, and the fineness of cocoa powder can reach 100 meshes. Important cocoa powder processing equipment.","og_url":"https:\/\/www.cocoamachinery.com\/es\/product\/cocoa-powder-grinding-machine\/","og_site_name":"Cocoa Machinery","article_publisher":"https:\/\/www.facebook.com\/longernutsmachinery\/","article_modified_time":"2022-03-30T14:11:06+00:00","og_image":[{"width":600,"height":600,"url":"https:\/\/www.cocoamachinery.com\/wp-content\/uploads\/2021\/06\/cocoa-powder-1.jpg","type":"image\/jpeg"}],"twitter_card":"summary_large_image","twitter_title":"100 Mesh Cocoa Powder Grinding Machine for Sale","twitter_description":"The cocoa powder grinding machine has good crushing effect, and the fineness of cocoa powder can reach 100 meshes. Important cocoa powder processing equipment.","twitter_image":"https:\/\/www.cocoamachinery.com\/wp-content\/uploads\/2021\/06\/cocoa-powder-1.jpg","twitter_site":"@nutsmachinery","twitter_misc":{"Tiempo de lectura":"2 minutos"},"schema":{"@context":"https:\/\/schema.org","@graph":[{"@type":"WebPage","@id":"https:\/\/www.cocoamachinery.com\/product\/cocoa-powder-grinding-machine\/","url":"https:\/\/www.cocoamachinery.com\/product\/cocoa-powder-grinding-machine\/","name":"100 Mesh Cocoa Powder Grinding Machine for Sale","isPartOf":{"@id":"https:\/\/www.cocoamachinery.com\/#website"},"datePublished":"2021-06-30T13:12:33+00:00","dateModified":"2022-03-30T14:11:06+00:00","description":"The cocoa powder making machine has good crushing effect, and the fineness can reach 100 meshes. It is an important cocoa powder making machine.","breadcrumb":{"@id":"https:\/\/www.cocoamachinery.com\/product\/cocoa-powder-grinding-machine\/#breadcrumb"},"inLanguage":"es","potentialAction":[{"@type":"ReadAction","target":["https:\/\/www.cocoamachinery.com\/product\/cocoa-powder-grinding-machine\/"]}]},{"@type":"BreadcrumbList","@id":"https:\/\/www.cocoamachinery.com\/product\/cocoa-powder-grinding-machine\/#breadcrumb","itemListElement":[{"@type":"ListItem","position":1,"name":"Home","item":"https:\/\/www.cocoamachinery.com\/"},{"@type":"ListItem","position":2,"name":"Product","item":"https:\/\/www.cocoamachinery.com\/product\/"},{"@type":"ListItem","position":3,"name":"100 Mesh Cocoa Powder Grinding Machine for Sale"}]},{"@type":"WebSite","@id":"https:\/\/www.cocoamachinery.com\/#website","url":"https:\/\/www.cocoamachinery.com\/","name":"Cocoa Machinery","description":"Cocoa Processing Solution Provider","publisher":{"@id":"https:\/\/www.cocoamachinery.com\/#organization"},"potentialAction":[{"@type":"SearchAction","target":{"@type":"EntryPoint","urlTemplate":"https:\/\/www.cocoamachinery.com\/?s={search_term_string}"},"query-input":"required name=search_term_string"}],"inLanguage":"es"},{"@type":"Organization","@id":"https:\/\/www.cocoamachinery.com\/#organization","name":"Longer Food Machinery","url":"https:\/\/www.cocoamachinery.com\/","logo":{"@type":"ImageObject","inLanguage":"es","@id":"https:\/\/www.cocoamachinery.com\/#\/schema\/logo\/image\/","url":"https:\/\/www.cocoamachinery.com\/wp-content\/uploads\/2024\/08\/Icon-512_512.png","contentUrl":"https:\/\/www.cocoamachinery.com\/wp-content\/uploads\/2024\/08\/Icon-512_512.png","width":512,"height":512,"caption":"Longer Food Machinery"},"image":{"@id":"https:\/\/www.cocoamachinery.com\/#\/schema\/logo\/image\/"},"sameAs":["https:\/\/www.facebook.com\/longernutsmachinery\/","https:\/\/twitter.com\/nutsmachinery","https:\/\/www.pinterest.com\/nutsmachinery\/","https:\/\/www.linkedin.com\/company\/longer-nuts-machinery\/","https:\/\/www.youtube.com\/c\/NutsMachinery"]},false]}},"yasr_visitor_votes":{"stars_attributes":{"read_only":false,"span_bottom":false},"number_of_votes":1,"sum_votes":5},"_links":{"self":[{"href":"https:\/\/www.cocoamachinery.com\/es\/wp-json\/wp\/v2\/product\/1681","targetHints":{"allow":["GET"]}}],"collection":[{"href":"https:\/\/www.cocoamachinery.com\/es\/wp-json\/wp\/v2\/product"}],"about":[{"href":"https:\/\/www.cocoamachinery.com\/es\/wp-json\/wp\/v2\/types\/product"}],"replies":[{"embeddable":true,"href":"https:\/\/www.cocoamachinery.com\/es\/wp-json\/wp\/v2\/comments?post=1681"}],"version-history":[{"count":2,"href":"https:\/\/www.cocoamachinery.com\/es\/wp-json\/wp\/v2\/product\/1681\/revisions"}],"predecessor-version":[{"id":2063,"href":"https:\/\/www.cocoamachinery.com\/es\/wp-json\/wp\/v2\/product\/1681\/revisions\/2063"}],"wp:featuredmedia":[{"embeddable":true,"href":"https:\/\/www.cocoamachinery.com\/es\/wp-json\/wp\/v2\/media\/1682"}],"wp:attachment":[{"href":"https:\/\/www.cocoamachinery.com\/es\/wp-json\/wp\/v2\/media?parent=1681"}],"wp:term":[{"taxonomy":"product_cat","embeddable":true,"href":"https:\/\/www.cocoamachinery.com\/es\/wp-json\/wp\/v2\/product_cat?post=1681"},{"taxonomy":"product_tag","embeddable":true,"href":"https:\/\/www.cocoamachinery.com\/es\/wp-json\/wp\/v2\/product_tag?post=1681"}],"curies":[{"name":"wp","href":"https:\/\/api.w.org\/{rel}","templated":true}]}}