{"id":1621,"date":"2021-06-16T10:10:05","date_gmt":"2021-06-16T10:10:05","guid":{"rendered":"https:\/\/www.cocoamachinery.com\/?post_type=product&#038;p=1621"},"modified":"2025-11-06T14:36:22","modified_gmt":"2025-11-06T06:36:22","slug":"cocoa-butter-press-machine","status":"publish","type":"product","link":"https:\/\/www.cocoamachinery.com\/es\/product\/cocoa-butter-press-machine\/","title":{"rendered":"M\u00e1quina hidr\u00e1ulica de prensado de manteca de cacao de peque\u00f1a capacidad"},"content":{"rendered":"<h3>Introducci\u00f3n de la m\u00e1quina de prensado de manteca de cacao<\/h3>\n<p>La m\u00e1quina exprime el aceite mediante la fuerza del cilindro hidr\u00e1ulico. Prensado estable, alto rendimiento de aceite, funcionamiento sencillo y larga vida \u00fatil. La m\u00e1quina puede exprimir materiales con alto contenido de aceite, como cacahuetes, almendras, s\u00e9samo, nueces, etc.<\/p>\n<p>Piezas de acero inoxidable: bandeja de aceite, armario el\u00e9ctrico<\/p>\n<figure id=\"attachment_2671\" aria-describedby=\"caption-attachment-2671\" style=\"width: 600px\" class=\"wp-caption alignnone\"><img fetchpriority=\"high\" decoding=\"async\" class=\"wp-image-2671 size-full\" src=\"https:\/\/www.cocoamachinery.com\/wp-content\/uploads\/2021\/06\/butter-8.jpg\" alt=\"M\u00e1quina peque\u00f1a de prensado de manteca de cacao\" width=\"600\" height=\"600\" srcset=\"https:\/\/www.cocoamachinery.com\/wp-content\/uploads\/2021\/06\/butter-8.jpg 600w, https:\/\/www.cocoamachinery.com\/wp-content\/uploads\/2021\/06\/butter-8-300x300.jpg 300w, https:\/\/www.cocoamachinery.com\/wp-content\/uploads\/2021\/06\/butter-8-150x150.jpg 150w, https:\/\/www.cocoamachinery.com\/wp-content\/uploads\/2021\/06\/butter-8-100x100.jpg 100w\" sizes=\"(max-width: 600px) 100vw, 600px\" \/><figcaption id=\"caption-attachment-2671\" class=\"wp-caption-text\">M\u00e1quina peque\u00f1a de prensado de manteca de cacao<\/figcaption><\/figure>\n<h3>Principio de funcionamiento de la m\u00e1quina de prensa de manteca de cacao para la venta<\/h3>\n<p>La m\u00e1quina integra org\u00e1nicamente la estaci\u00f3n de bombeo hidr\u00e1ulico, el control el\u00e9ctrico del programa y el bastidor. Adopta el principio de propulsi\u00f3n continua y presurizaci\u00f3n gradual, de modo que la presi\u00f3n en la c\u00e1mara de prensado aumenta r\u00e1pidamente, el aceite se fisiona y se separa de una sola vez, y la temperatura y la humedad de la prensa se controlan autom\u00e1ticamente, la prensa es estable, y la prensa se agota de una sola vez.<\/p>\n<p><iframe title=\"Prensa hidr\u00e1ulica de aceite, M\u00e1quina prensadora de manteca de cacao\" width=\"800\" height=\"450\" src=\"https:\/\/www.youtube.com\/embed\/1vkiquQk71s?feature=oembed\" frameborder=\"0\" allow=\"accelerometer; autoplay; clipboard-write; encrypted-media; gyroscope; picture-in-picture; web-share\" referrerpolicy=\"strict-origin-when-cross-origin\" allowfullscreen><\/iframe><\/p>\n<h3>Caracter\u00edsticas de la m\u00e1quina prensadora hidr\u00e1ulica de cacao<\/h3>\n<ul>\n<li>La presi\u00f3n hidr\u00e1ulica aumenta r\u00e1pidamente, la p\u00e9rdida de presi\u00f3n es peque\u00f1a y el funcionamiento es estable.<\/li>\n<li>El material se somete a una tensi\u00f3n uniforme durante el proceso de exprimido, y el rendimiento de aceite es elevado.<\/li>\n<li>Fabricada con acero de alto contenido en carbono, temple de alta frecuencia y tratamiento termorresistente, tiene gran dureza, alta resistencia y larga vida \u00fatil.<\/li>\n<li>El dispositivo de la bandeja de aceite adopta un sistema de control de la temperatura de calentamiento, que puede ajustar autom\u00e1ticamente la temperatura del crudo en funci\u00f3n de la temperatura ambiente para lograr una r\u00e1pida filtraci\u00f3n fina.<\/li>\n<li>Adopta una variedad de dispositivos de sistema de filtraci\u00f3n fina, filtraci\u00f3n fina de alta eficiencia, r\u00e1pida y conveniente.<\/li>\n<\/ul>\n<figure id=\"attachment_2672\" aria-describedby=\"caption-attachment-2672\" style=\"width: 600px\" class=\"wp-caption alignnone\"><img decoding=\"async\" class=\"wp-image-2672 size-full\" src=\"https:\/\/www.cocoamachinery.com\/wp-content\/uploads\/2021\/06\/butter-9.jpg\" alt=\"M\u00e1quina hidr\u00e1ulica de prensado de cacao\" width=\"600\" height=\"600\" srcset=\"https:\/\/www.cocoamachinery.com\/wp-content\/uploads\/2021\/06\/butter-9.jpg 600w, https:\/\/www.cocoamachinery.com\/wp-content\/uploads\/2021\/06\/butter-9-300x300.jpg 300w, https:\/\/www.cocoamachinery.com\/wp-content\/uploads\/2021\/06\/butter-9-150x150.jpg 150w, https:\/\/www.cocoamachinery.com\/wp-content\/uploads\/2021\/06\/butter-9-100x100.jpg 100w\" sizes=\"(max-width: 600px) 100vw, 600px\" \/><figcaption id=\"caption-attachment-2672\" class=\"wp-caption-text\">M\u00e1quina hidr\u00e1ulica de prensado de cacao<\/figcaption><\/figure>\n<h3>Aplicaci\u00f3n de la m\u00e1quina para hacer manteca de cacao<\/h3>\n<p>Una m\u00e1quina con m\u00faltiples funciones y r\u00e1pida velocidad de prensado. Se puede exprimir diversos cultivos oleaginosos como el man\u00ed, s\u00e9samo, semillas de girasol de aceite, semillas de lino, semillas de camelia, nuez, semillas de tung, ricino, almendra y as\u00ed sucesivamente.<\/p>\n<h3>Par\u00e1metros de la prensa hidr\u00e1ulica<\/h3>\n<table>\n<tbody>\n<tr>\n<td width=\"66\">Modelo<\/td>\n<td width=\"47\">Material Caja (mm)<\/td>\n<td width=\"47\">Cada carga<\/p>\n<p>(kg)<\/td>\n<td width=\"66\">Presi\u00f3n del sistema<\/p>\n<p>(MPa)<\/td>\n<td width=\"47\">Presi\u00f3n de trabajo<\/p>\n<p>(T)<\/td>\n<td width=\"56\">Presi\u00f3n del material<\/p>\n<p>(MPa)<\/td>\n<td width=\"56\">Motor<\/p>\n<p>(kw)<\/td>\n<td width=\"85\">Dimensi\u00f3n l\u00edmite<\/p>\n<p>(mm)<\/td>\n<td width=\"66\">Peso total<\/p>\n<p>(kg)<\/td>\n<\/tr>\n<tr>\n<td width=\"66\">LGYZL-230<\/td>\n<td width=\"47\">230<\/td>\n<td width=\"47\">8<\/td>\n<td width=\"66\">60<\/td>\n<td width=\"47\">170<\/td>\n<td width=\"56\">40.9<\/td>\n<td width=\"56\">2<\/td>\n<td width=\"85\">1000*970*1420<\/td>\n<td width=\"66\">1050<\/td>\n<\/tr>\n<tr>\n<td width=\"66\">LGYZL-250<\/td>\n<td width=\"47\">248<\/td>\n<td width=\"47\">10<\/td>\n<td width=\"66\">60<\/td>\n<td width=\"47\">180<\/td>\n<td width=\"56\">37.1<\/td>\n<td width=\"56\">2.2<\/td>\n<td width=\"85\">1000*960*1430<\/td>\n<td width=\"66\">1250<\/td>\n<\/tr>\n<tr>\n<td width=\"66\">LGYZL-260<\/td>\n<td width=\"47\">260<\/td>\n<td width=\"47\">13<\/td>\n<td width=\"66\">60<\/td>\n<td width=\"47\">227<\/td>\n<td width=\"56\">42.9<\/td>\n<td width=\"56\">2.6<\/td>\n<td width=\"85\">1150*980*1460<\/td>\n<td width=\"66\">1550<\/td>\n<\/tr>\n<tr>\n<td width=\"66\">LGYZL-300<\/td>\n<td width=\"47\">300<\/td>\n<td width=\"47\">17<\/td>\n<td width=\"66\">60<\/td>\n<td width=\"47\">343<\/td>\n<td width=\"56\">48.6<\/td>\n<td width=\"56\">3<\/td>\n<td width=\"85\">1180*1000*1620<\/td>\n<td width=\"66\">1760<\/td>\n<\/tr>\n<\/tbody>\n<\/table>\n<div role=\"form\" class=\"wpcf7\" id=\"wpcf7-f1985-o1\" lang=\"en-US\" dir=\"ltr\">\n<div class=\"screen-reader-response\"><p role=\"status\" aria-live=\"polite\" aria-atomic=\"true\"><\/p> <ul><\/ul><\/div>\n<form action=\"\/es\/wp-json\/wp\/v2\/product\/1621#wpcf7-f1985-o1\" method=\"post\" class=\"wpcf7-form init\" novalidate=\"novalidate\" data-status=\"init\" data-trp-original-action=\"\/es\/wp-json\/wp\/v2\/product\/1621#wpcf7-f1985-o1\">\n<div style=\"display: none;\">\n<input type=\"hidden\" name=\"_wpcf7\" value=\"1985\" \/>\n<input type=\"hidden\" name=\"_wpcf7_version\" value=\"5.4.1\" \/>\n<input type=\"hidden\" name=\"_wpcf7_locale\" value=\"en_US\" \/>\n<input type=\"hidden\" name=\"_wpcf7_unit_tag\" value=\"wpcf7-f1985-o1\" \/>\n<input type=\"hidden\" name=\"_wpcf7_container_post\" value=\"0\" \/>\n<input type=\"hidden\" name=\"_wpcf7_posted_data_hash\" value=\"\" \/>\n<\/div>\n<div class='formdiv'>\n<span>SOLICITAR PRESUPUESTO<\/span><\/p>\n<p>Rellene este formulario para solicitar informaci\u00f3n. (campos obligatorios*)<\/p>\n<\/div>\n<div class='formdiv-left'><label> Su nombre*<br \/>\n    <span class=\"wpcf7-form-control-wrap your-name\"><input type=\"text\" name=\"your-name\" value=\"\" size=\"40\" class=\"wpcf7-form-control wpcf7-text wpcf7-validates-as-required\" aria-required=\"true\" aria-invalid=\"false\" \/><\/span> <\/label><\/p>\n<p><label> Su correo electr\u00f3nico*<br \/>\n    <span class=\"wpcf7-form-control-wrap your-email\"><input type=\"email\" name=\"your-email\" value=\"\" size=\"40\" class=\"wpcf7-form-control wpcf7-text wpcf7-email wpcf7-validates-as-required wpcf7-validates-as-email\" aria-required=\"true\" aria-invalid=\"false\" \/><\/span> <\/label><\/p>\n<p><label> Su pa\u00eds<br \/>\n    <span class=\"wpcf7-form-control-wrap your-country\"><input type=\"text\" name=\"your-country\" value=\"\" size=\"40\" class=\"wpcf7-form-control wpcf7-text\" aria-invalid=\"false\" \/><\/span> <\/label><\/p>\n<p><label> Tu tel\u00e9fono<br \/>\n    <span class=\"wpcf7-form-control-wrap tel-901\"><input type=\"tel\" name=\"tel-901\" value=\"\" size=\"40\" class=\"wpcf7-form-control wpcf7-text wpcf7-tel wpcf7-validates-as-tel\" aria-invalid=\"false\" \/><\/span> <\/label><\/p>\n<p><label> Nombre de su empresa \/ Sitio web<br \/>\n    <span class=\"wpcf7-form-control-wrap your-company\"><input type=\"text\" name=\"your-company\" value=\"\" size=\"40\" class=\"wpcf7-form-control wpcf7-text\" aria-invalid=\"false\" \/><\/span> <\/label>\n<\/div>\n<div class='formdiv-right'>\n<label> Su mensaje*<br \/>\n    <span class=\"wpcf7-form-control-wrap your-message\"><textarea name=\"your-message\" cols=\"40\" rows=\"10\" class=\"wpcf7-form-control wpcf7-textarea wpcf7-validates-as-required\" aria-required=\"true\" aria-invalid=\"false\"><\/textarea><\/span> <\/label><\/p>\n<p><input type=\"submit\" value=\"Enviar\" class=\"wpcf7-form-control wpcf7-submit\" \/>\n<\/p><\/div>\n<div style='clear:both'><\/div>\n<div class=\"wpcf7-response-output\" aria-hidden=\"true\"><\/div><input type=\"hidden\" name=\"trp-form-language\" value=\"es\"\/><\/form><\/div>\n<div style='text-align:left' class='yasr-auto-insert-visitor'><\/div>","protected":false},"excerpt":{"rendered":"<p>La m\u00e1quina de prensado de manteca de cacao es una prensa hidr\u00e1ulica, de alta presi\u00f3n, la tasa de aceite es alta, aceite puro. Es un equipo necesario para hacer manteca de cacao y cacao en polvo.<\/p>","protected":false},"featured_media":2673,"comment_status":"open","ping_status":"closed","template":"","meta":{"yasr_overall_rating":0,"yasr_post_is_review":"","yasr_auto_insert_disabled":"","yasr_review_type":""},"product_cat":[51],"product_tag":[],"class_list":["post-1621","product","type-product","status-publish","has-post-thumbnail","hentry","product_cat-cocoa-machines"],"yoast_head":"<!-- This site is optimized with the Yoast SEO plugin v20.9 - https:\/\/yoast.com\/wordpress\/plugins\/seo\/ -->\n<title>Hydraulic Cocoa Butter Press Machine Small Capacity<\/title>\n<meta name=\"description\" content=\"The cocoa butter press machine has high pressure and high oil output rate. It is a key equipment in the processing of cocoa powder.\" \/>\n<meta name=\"robots\" content=\"index, follow, max-snippet:-1, max-image-preview:large, max-video-preview:-1\" \/>\n<link rel=\"canonical\" href=\"https:\/\/www.cocoamachinery.com\/es\/product\/cocoa-butter-press-machine\/\" \/>\n<meta property=\"og:locale\" content=\"es_ES\" \/>\n<meta property=\"og:type\" content=\"article\" \/>\n<meta property=\"og:title\" content=\"Hydraulic Cocoa Butter Press Machine Small Capacity\" \/>\n<meta property=\"og:description\" content=\"The cocoa butter press machine has high pressure and high oil output rate. It is a key equipment in the processing of cocoa powder.\" \/>\n<meta property=\"og:url\" content=\"https:\/\/www.cocoamachinery.com\/es\/product\/cocoa-butter-press-machine\/\" \/>\n<meta property=\"og:site_name\" content=\"Cocoa Machinery\" \/>\n<meta property=\"article:publisher\" content=\"https:\/\/www.facebook.com\/longernutsmachinery\/\" \/>\n<meta property=\"article:modified_time\" content=\"2025-11-06T06:36:22+00:00\" \/>\n<meta property=\"og:image\" content=\"https:\/\/www.cocoamachinery.com\/wp-content\/uploads\/2021\/06\/butter-7.jpg\" \/>\n\t<meta property=\"og:image:width\" content=\"600\" \/>\n\t<meta property=\"og:image:height\" content=\"600\" \/>\n\t<meta property=\"og:image:type\" content=\"image\/jpeg\" \/>\n<meta name=\"twitter:card\" content=\"summary_large_image\" \/>\n<meta name=\"twitter:site\" content=\"@nutsmachinery\" \/>\n<meta name=\"twitter:label1\" content=\"Tiempo de lectura\" \/>\n\t<meta name=\"twitter:data1\" content=\"2 minutos\" \/>\n<script type=\"application\/ld+json\" class=\"yoast-schema-graph\">{\"@context\":\"https:\/\/schema.org\",\"@graph\":[{\"@type\":\"WebPage\",\"@id\":\"https:\/\/www.cocoamachinery.com\/product\/cocoa-butter-press-machine\/\",\"url\":\"https:\/\/www.cocoamachinery.com\/product\/cocoa-butter-press-machine\/\",\"name\":\"Hydraulic Cocoa Butter Press Machine Small Capacity\",\"isPartOf\":{\"@id\":\"https:\/\/www.cocoamachinery.com\/#website\"},\"datePublished\":\"2021-06-16T10:10:05+00:00\",\"dateModified\":\"2025-11-06T06:36:22+00:00\",\"description\":\"The cocoa butter press machine has high pressure and high oil output rate. It is a key equipment in the processing of cocoa powder.\",\"breadcrumb\":{\"@id\":\"https:\/\/www.cocoamachinery.com\/product\/cocoa-butter-press-machine\/#breadcrumb\"},\"inLanguage\":\"es\",\"potentialAction\":[{\"@type\":\"ReadAction\",\"target\":[\"https:\/\/www.cocoamachinery.com\/product\/cocoa-butter-press-machine\/\"]}]},{\"@type\":\"BreadcrumbList\",\"@id\":\"https:\/\/www.cocoamachinery.com\/product\/cocoa-butter-press-machine\/#breadcrumb\",\"itemListElement\":[{\"@type\":\"ListItem\",\"position\":1,\"name\":\"Home\",\"item\":\"https:\/\/www.cocoamachinery.com\/\"},{\"@type\":\"ListItem\",\"position\":2,\"name\":\"Product\",\"item\":\"https:\/\/www.cocoamachinery.com\/product\/\"},{\"@type\":\"ListItem\",\"position\":3,\"name\":\"Hydraulic Cocoa Butter Press Machine Small Capacity\"}]},{\"@type\":\"WebSite\",\"@id\":\"https:\/\/www.cocoamachinery.com\/#website\",\"url\":\"https:\/\/www.cocoamachinery.com\/\",\"name\":\"Cocoa Machinery\",\"description\":\"Cocoa Processing Solution Provider\",\"publisher\":{\"@id\":\"https:\/\/www.cocoamachinery.com\/#organization\"},\"potentialAction\":[{\"@type\":\"SearchAction\",\"target\":{\"@type\":\"EntryPoint\",\"urlTemplate\":\"https:\/\/www.cocoamachinery.com\/?s={search_term_string}\"},\"query-input\":\"required name=search_term_string\"}],\"inLanguage\":\"es\"},{\"@type\":\"Organization\",\"@id\":\"https:\/\/www.cocoamachinery.com\/#organization\",\"name\":\"Longer Food Machinery\",\"url\":\"https:\/\/www.cocoamachinery.com\/\",\"logo\":{\"@type\":\"ImageObject\",\"inLanguage\":\"es\",\"@id\":\"https:\/\/www.cocoamachinery.com\/#\/schema\/logo\/image\/\",\"url\":\"https:\/\/www.cocoamachinery.com\/wp-content\/uploads\/2024\/08\/Icon-512_512.png\",\"contentUrl\":\"https:\/\/www.cocoamachinery.com\/wp-content\/uploads\/2024\/08\/Icon-512_512.png\",\"width\":512,\"height\":512,\"caption\":\"Longer Food Machinery\"},\"image\":{\"@id\":\"https:\/\/www.cocoamachinery.com\/#\/schema\/logo\/image\/\"},\"sameAs\":[\"https:\/\/www.facebook.com\/longernutsmachinery\/\",\"https:\/\/twitter.com\/nutsmachinery\",\"https:\/\/www.pinterest.com\/nutsmachinery\/\",\"https:\/\/www.linkedin.com\/company\/longer-nuts-machinery\/\",\"https:\/\/www.youtube.com\/c\/NutsMachinery\"]},false]}<\/script>\n<!-- \/ Yoast SEO plugin. -->","yoast_head_json":{"title":"Hydraulic Cocoa Butter Press Machine Small Capacity","description":"The cocoa butter press machine has high pressure and high oil output rate. It is a key equipment in the processing of cocoa powder.","robots":{"index":"index","follow":"follow","max-snippet":"max-snippet:-1","max-image-preview":"max-image-preview:large","max-video-preview":"max-video-preview:-1"},"canonical":"https:\/\/www.cocoamachinery.com\/es\/product\/cocoa-butter-press-machine\/","og_locale":"es_ES","og_type":"article","og_title":"Hydraulic Cocoa Butter Press Machine Small Capacity","og_description":"The cocoa butter press machine has high pressure and high oil output rate. It is a key equipment in the processing of cocoa powder.","og_url":"https:\/\/www.cocoamachinery.com\/es\/product\/cocoa-butter-press-machine\/","og_site_name":"Cocoa Machinery","article_publisher":"https:\/\/www.facebook.com\/longernutsmachinery\/","article_modified_time":"2025-11-06T06:36:22+00:00","og_image":[{"width":600,"height":600,"url":"https:\/\/www.cocoamachinery.com\/wp-content\/uploads\/2021\/06\/butter-7.jpg","type":"image\/jpeg"}],"twitter_card":"summary_large_image","twitter_site":"@nutsmachinery","twitter_misc":{"Tiempo de lectura":"2 minutos"},"schema":{"@context":"https:\/\/schema.org","@graph":[{"@type":"WebPage","@id":"https:\/\/www.cocoamachinery.com\/product\/cocoa-butter-press-machine\/","url":"https:\/\/www.cocoamachinery.com\/product\/cocoa-butter-press-machine\/","name":"Hydraulic Cocoa Butter Press Machine Small Capacity","isPartOf":{"@id":"https:\/\/www.cocoamachinery.com\/#website"},"datePublished":"2021-06-16T10:10:05+00:00","dateModified":"2025-11-06T06:36:22+00:00","description":"The cocoa butter press machine has high pressure and high oil output rate. It is a key equipment in the processing of cocoa powder.","breadcrumb":{"@id":"https:\/\/www.cocoamachinery.com\/product\/cocoa-butter-press-machine\/#breadcrumb"},"inLanguage":"es","potentialAction":[{"@type":"ReadAction","target":["https:\/\/www.cocoamachinery.com\/product\/cocoa-butter-press-machine\/"]}]},{"@type":"BreadcrumbList","@id":"https:\/\/www.cocoamachinery.com\/product\/cocoa-butter-press-machine\/#breadcrumb","itemListElement":[{"@type":"ListItem","position":1,"name":"Home","item":"https:\/\/www.cocoamachinery.com\/"},{"@type":"ListItem","position":2,"name":"Product","item":"https:\/\/www.cocoamachinery.com\/product\/"},{"@type":"ListItem","position":3,"name":"Hydraulic Cocoa Butter Press Machine Small Capacity"}]},{"@type":"WebSite","@id":"https:\/\/www.cocoamachinery.com\/#website","url":"https:\/\/www.cocoamachinery.com\/","name":"Cocoa Machinery","description":"Cocoa Processing Solution Provider","publisher":{"@id":"https:\/\/www.cocoamachinery.com\/#organization"},"potentialAction":[{"@type":"SearchAction","target":{"@type":"EntryPoint","urlTemplate":"https:\/\/www.cocoamachinery.com\/?s={search_term_string}"},"query-input":"required name=search_term_string"}],"inLanguage":"es"},{"@type":"Organization","@id":"https:\/\/www.cocoamachinery.com\/#organization","name":"Longer Food Machinery","url":"https:\/\/www.cocoamachinery.com\/","logo":{"@type":"ImageObject","inLanguage":"es","@id":"https:\/\/www.cocoamachinery.com\/#\/schema\/logo\/image\/","url":"https:\/\/www.cocoamachinery.com\/wp-content\/uploads\/2024\/08\/Icon-512_512.png","contentUrl":"https:\/\/www.cocoamachinery.com\/wp-content\/uploads\/2024\/08\/Icon-512_512.png","width":512,"height":512,"caption":"Longer Food Machinery"},"image":{"@id":"https:\/\/www.cocoamachinery.com\/#\/schema\/logo\/image\/"},"sameAs":["https:\/\/www.facebook.com\/longernutsmachinery\/","https:\/\/twitter.com\/nutsmachinery","https:\/\/www.pinterest.com\/nutsmachinery\/","https:\/\/www.linkedin.com\/company\/longer-nuts-machinery\/","https:\/\/www.youtube.com\/c\/NutsMachinery"]},false]}},"yasr_visitor_votes":{"stars_attributes":{"read_only":false,"span_bottom":false},"number_of_votes":2,"sum_votes":10},"_links":{"self":[{"href":"https:\/\/www.cocoamachinery.com\/es\/wp-json\/wp\/v2\/product\/1621","targetHints":{"allow":["GET"]}}],"collection":[{"href":"https:\/\/www.cocoamachinery.com\/es\/wp-json\/wp\/v2\/product"}],"about":[{"href":"https:\/\/www.cocoamachinery.com\/es\/wp-json\/wp\/v2\/types\/product"}],"replies":[{"embeddable":true,"href":"https:\/\/www.cocoamachinery.com\/es\/wp-json\/wp\/v2\/comments?post=1621"}],"version-history":[{"count":6,"href":"https:\/\/www.cocoamachinery.com\/es\/wp-json\/wp\/v2\/product\/1621\/revisions"}],"predecessor-version":[{"id":1625,"href":"https:\/\/www.cocoamachinery.com\/es\/wp-json\/wp\/v2\/product\/1621\/revisions\/1625"}],"wp:featuredmedia":[{"embeddable":true,"href":"https:\/\/www.cocoamachinery.com\/es\/wp-json\/wp\/v2\/media\/2673"}],"wp:attachment":[{"href":"https:\/\/www.cocoamachinery.com\/es\/wp-json\/wp\/v2\/media?parent=1621"}],"wp:term":[{"taxonomy":"product_cat","embeddable":true,"href":"https:\/\/www.cocoamachinery.com\/es\/wp-json\/wp\/v2\/product_cat?post=1621"},{"taxonomy":"product_tag","embeddable":true,"href":"https:\/\/www.cocoamachinery.com\/es\/wp-json\/wp\/v2\/product_tag?post=1621"}],"curies":[{"name":"wp","href":"https:\/\/api.w.org\/{rel}","templated":true}]}}