{"id":1615,"date":"2021-06-16T09:28:54","date_gmt":"2021-06-16T09:28:54","guid":{"rendered":"https:\/\/www.cocoamachinery.com\/?post_type=product&#038;p=1615"},"modified":"2023-10-21T13:58:22","modified_gmt":"2023-10-21T05:58:22","slug":"cocoa-bean-peeling-machine","status":"publish","type":"product","link":"https:\/\/www.cocoamachinery.com\/es\/product\/cocoa-bean-peeling-machine\/","title":{"rendered":"M\u00e1quina peladora autom\u00e1tica de granos de cacao 300-500 KG\/H"},"content":{"rendered":"<h3>Introducci\u00f3n de la m\u00e1quina peladora de granos de cacao<\/h3>\n<p>Esta m\u00e1quina se utiliza principalmente para el pelado de granos de cacao tostado, y tiene las caracter\u00edsticas de estructura razonable, alta eficiencia, ahorro de energ\u00eda y uso conveniente. Los plumines de cacao producidos son hermosos y consumen menos material.<\/p>\n<p><strong>Estructura:<\/strong> Se compone principalmente de tolva, criba vibratoria de alimentaci\u00f3n, mecanismo de rodillos de caucho, estructura vibratoria de cribado, etc.<\/p>\n<figure id=\"attachment_1617\" aria-describedby=\"caption-attachment-1617\" style=\"width: 600px\" class=\"wp-caption alignleft\"><img fetchpriority=\"high\" decoding=\"async\" class=\"size-full wp-image-1617\" src=\"https:\/\/www.cocoamachinery.com\/wp-content\/uploads\/2021\/06\/peeler-3.jpg\" alt=\"M\u00e1quina peladora de granos de cacao en China \" width=\"600\" height=\"600\" srcset=\"https:\/\/www.cocoamachinery.com\/wp-content\/uploads\/2021\/06\/peeler-3.jpg 600w, https:\/\/www.cocoamachinery.com\/wp-content\/uploads\/2021\/06\/peeler-3-300x300.jpg 300w, https:\/\/www.cocoamachinery.com\/wp-content\/uploads\/2021\/06\/peeler-3-150x150.jpg 150w, https:\/\/www.cocoamachinery.com\/wp-content\/uploads\/2021\/06\/peeler-3-100x100.jpg 100w\" sizes=\"(max-width: 600px) 100vw, 600px\" \/><figcaption id=\"caption-attachment-1617\" class=\"wp-caption-text\">M\u00e1quina peladora de granos de cacao en China<\/figcaption><\/figure>\n<h3>Principio de funcionamiento de la peladora de granos de cacao para la venta:<\/h3>\n<p>Los granos de cacao tostados son exprimidos por tres rodillos de goma para separar la piel exterior. Durante el proceso de transporte por vibraci\u00f3n, el ventilador de baja presi\u00f3n elimina la piel exterior.<\/p>\n<h3>M\u00e1quina Peladora de Cacao Autom\u00e1tica Caracter\u00edsticas:<\/h3>\n<ul>\n<li>Especial para cacahuetes y granos de cacao.<\/li>\n<li>Alto grado de automatizaci\u00f3n, alto rendimiento.<\/li>\n<li>Poco ruido y nada de contaminaci\u00f3n.<\/li>\n<li>Pelado limpio y est\u00e9tico que consume menos material.<\/li>\n<\/ul>\n<figure id=\"attachment_1616\" aria-describedby=\"caption-attachment-1616\" style=\"width: 600px\" class=\"wp-caption alignleft\"><img decoding=\"async\" class=\"size-full wp-image-1616\" src=\"https:\/\/www.cocoamachinery.com\/wp-content\/uploads\/2021\/06\/peeler-2.jpg\" alt=\"M\u00e1quina peladora de granos de cacao de buen precio\" width=\"600\" height=\"600\" srcset=\"https:\/\/www.cocoamachinery.com\/wp-content\/uploads\/2021\/06\/peeler-2.jpg 600w, https:\/\/www.cocoamachinery.com\/wp-content\/uploads\/2021\/06\/peeler-2-300x300.jpg 300w, https:\/\/www.cocoamachinery.com\/wp-content\/uploads\/2021\/06\/peeler-2-150x150.jpg 150w, https:\/\/www.cocoamachinery.com\/wp-content\/uploads\/2021\/06\/peeler-2-100x100.jpg 100w\" sizes=\"(max-width: 600px) 100vw, 600px\" \/><figcaption id=\"caption-attachment-1616\" class=\"wp-caption-text\">M\u00e1quina peladora de granos de cacao de buen precio<\/figcaption><\/figure>\n<h3>Par\u00e1metros de la m\u00e1quina peladora de granos de cacao<\/h3>\n<table>\n<tbody>\n<tr>\n<td width=\"162\">Modelo<\/td>\n<td width=\"93\">LG-BQ200A<\/td>\n<\/tr>\n<tr>\n<td>Potencia<\/td>\n<td>1,5kw+0,75kw<\/td>\n<\/tr>\n<tr>\n<td>Tensi\u00f3n<\/td>\n<td>380V\/50HZ<\/td>\n<\/tr>\n<tr>\n<td>Capacidad<\/td>\n<td>300-500 kg\/h<\/td>\n<\/tr>\n<tr>\n<td>Dimensi\u00f3n<\/td>\n<td>1800*750*1300mm<\/td>\n<\/tr>\n<tr>\n<td>Peso<\/td>\n<td>550 kg<\/td>\n<\/tr>\n<\/tbody>\n<\/table>\n<h3>Manual de instrucciones de la m\u00e1quina peladora de cacao:<\/h3>\n<ol>\n<li>Los granos de cacao procesados no deben contener piedras ni otros restos.<\/li>\n<li>La distancia entre los tres rodillos de goma debe ajustarse adecuadamente en funci\u00f3n del tama\u00f1o de las habas de cacao para reducir el \u00edndice de da\u00f1os.<\/li>\n<li>Al poner en marcha el ventilador, las habas de cacao son estrujadas por el mecanismo de rodillos de goma para separar la piel exterior, y el ventilador centr\u00edfugo aspira la piel rota.<\/li>\n<\/ol>\n<div role=\"form\" class=\"wpcf7\" id=\"wpcf7-f1985-o1\" lang=\"en-US\" dir=\"ltr\">\n<div class=\"screen-reader-response\"><p role=\"status\" aria-live=\"polite\" aria-atomic=\"true\"><\/p> <ul><\/ul><\/div>\n<form action=\"\/es\/wp-json\/wp\/v2\/product\/1615#wpcf7-f1985-o1\" method=\"post\" class=\"wpcf7-form init\" novalidate=\"novalidate\" data-status=\"init\" data-trp-original-action=\"\/es\/wp-json\/wp\/v2\/product\/1615#wpcf7-f1985-o1\">\n<div style=\"display: none;\">\n<input type=\"hidden\" name=\"_wpcf7\" value=\"1985\" \/>\n<input type=\"hidden\" name=\"_wpcf7_version\" value=\"5.4.1\" \/>\n<input type=\"hidden\" name=\"_wpcf7_locale\" value=\"en_US\" \/>\n<input type=\"hidden\" name=\"_wpcf7_unit_tag\" value=\"wpcf7-f1985-o1\" \/>\n<input type=\"hidden\" name=\"_wpcf7_container_post\" value=\"0\" \/>\n<input type=\"hidden\" name=\"_wpcf7_posted_data_hash\" value=\"\" \/>\n<\/div>\n<div class='formdiv'>\n<span>SOLICITAR PRESUPUESTO<\/span><\/p>\n<p>Rellene este formulario para solicitar informaci\u00f3n. (campos obligatorios*)<\/p>\n<\/div>\n<div class='formdiv-left'><label> Su nombre*<br \/>\n    <span class=\"wpcf7-form-control-wrap your-name\"><input type=\"text\" name=\"your-name\" value=\"\" size=\"40\" class=\"wpcf7-form-control wpcf7-text wpcf7-validates-as-required\" aria-required=\"true\" aria-invalid=\"false\" \/><\/span> <\/label><\/p>\n<p><label> Su correo electr\u00f3nico*<br \/>\n    <span class=\"wpcf7-form-control-wrap your-email\"><input type=\"email\" name=\"your-email\" value=\"\" size=\"40\" class=\"wpcf7-form-control wpcf7-text wpcf7-email wpcf7-validates-as-required wpcf7-validates-as-email\" aria-required=\"true\" aria-invalid=\"false\" \/><\/span> <\/label><\/p>\n<p><label> Su pa\u00eds<br \/>\n    <span class=\"wpcf7-form-control-wrap your-country\"><input type=\"text\" name=\"your-country\" value=\"\" size=\"40\" class=\"wpcf7-form-control wpcf7-text\" aria-invalid=\"false\" \/><\/span> <\/label><\/p>\n<p><label> Tu tel\u00e9fono<br \/>\n    <span class=\"wpcf7-form-control-wrap tel-901\"><input type=\"tel\" name=\"tel-901\" value=\"\" size=\"40\" class=\"wpcf7-form-control wpcf7-text wpcf7-tel wpcf7-validates-as-tel\" aria-invalid=\"false\" \/><\/span> <\/label><\/p>\n<p><label> Nombre de su empresa \/ Sitio web<br \/>\n    <span class=\"wpcf7-form-control-wrap your-company\"><input type=\"text\" name=\"your-company\" value=\"\" size=\"40\" class=\"wpcf7-form-control wpcf7-text\" aria-invalid=\"false\" \/><\/span> <\/label>\n<\/div>\n<div class='formdiv-right'>\n<label> Su mensaje*<br \/>\n    <span class=\"wpcf7-form-control-wrap your-message\"><textarea name=\"your-message\" cols=\"40\" rows=\"10\" class=\"wpcf7-form-control wpcf7-textarea wpcf7-validates-as-required\" aria-required=\"true\" aria-invalid=\"false\"><\/textarea><\/span> <\/label><\/p>\n<p><input type=\"submit\" value=\"Enviar\" class=\"wpcf7-form-control wpcf7-submit\" \/>\n<\/p><\/div>\n<div style='clear:both'><\/div>\n<div class=\"wpcf7-response-output\" aria-hidden=\"true\"><\/div><input type=\"hidden\" name=\"trp-form-language\" value=\"es\"\/><\/form><\/div>\n<div style='text-align:left' class='yasr-auto-insert-visitor'><\/div>","protected":false},"excerpt":{"rendered":"<p>La m\u00e1quina peladora de granos de cacao puede exprimir los granos tostados para convertirlos en pepitas de cacao y, a continuaci\u00f3n, retirar la piel. Alta eficiencia, menor consumo de material, en l\u00ednea con la seguridad alimentaria y el saneamiento. Es un equipo profesional de procesamiento de granos de cacao.<\/p>","protected":false},"featured_media":1618,"comment_status":"open","ping_status":"closed","template":"","meta":{"yasr_overall_rating":0,"yasr_post_is_review":"","yasr_auto_insert_disabled":"","yasr_review_type":""},"product_cat":[51],"product_tag":[],"class_list":["post-1615","product","type-product","status-publish","has-post-thumbnail","hentry","product_cat-cocoa-machines"],"yoast_head":"<!-- This site is optimized with the Yoast SEO plugin v20.9 - https:\/\/yoast.com\/wordpress\/plugins\/seo\/ -->\n<title>Automatic Cocoa Bean Peeling Machine 300-500 KG\/H<\/title>\n<meta name=\"description\" content=\"Cocoa bean peeling machine is fully automatic, fast crushing and high peeling rate. It is a professional cocoa bean processing equipment.\" \/>\n<meta name=\"robots\" content=\"index, follow, max-snippet:-1, max-image-preview:large, max-video-preview:-1\" \/>\n<link rel=\"canonical\" href=\"https:\/\/www.cocoamachinery.com\/es\/product\/cocoa-bean-peeling-machine\/\" \/>\n<meta property=\"og:locale\" content=\"es_ES\" \/>\n<meta property=\"og:type\" content=\"article\" \/>\n<meta property=\"og:title\" content=\"Automatic Cocoa Bean Peeling Machine 300-500 KG\/H\" \/>\n<meta property=\"og:description\" content=\"Cocoa bean peeling machine is fully automatic, fast crushing and high peeling rate. It is a professional cocoa bean processing equipment.\" \/>\n<meta property=\"og:url\" content=\"https:\/\/www.cocoamachinery.com\/es\/product\/cocoa-bean-peeling-machine\/\" \/>\n<meta property=\"og:site_name\" content=\"Cocoa Machinery\" \/>\n<meta property=\"article:publisher\" content=\"https:\/\/www.facebook.com\/longernutsmachinery\/\" \/>\n<meta property=\"article:modified_time\" content=\"2023-10-21T05:58:22+00:00\" \/>\n<meta property=\"og:image\" content=\"https:\/\/www.cocoamachinery.com\/wp-content\/uploads\/2021\/06\/peeler-0.jpg\" \/>\n\t<meta property=\"og:image:width\" content=\"600\" \/>\n\t<meta property=\"og:image:height\" content=\"600\" \/>\n\t<meta property=\"og:image:type\" content=\"image\/jpeg\" \/>\n<meta name=\"twitter:card\" content=\"summary_large_image\" \/>\n<meta name=\"twitter:site\" content=\"@nutsmachinery\" \/>\n<meta name=\"twitter:label1\" content=\"Tiempo de lectura\" \/>\n\t<meta name=\"twitter:data1\" content=\"2 minutos\" \/>\n<script type=\"application\/ld+json\" class=\"yoast-schema-graph\">{\"@context\":\"https:\/\/schema.org\",\"@graph\":[{\"@type\":\"WebPage\",\"@id\":\"https:\/\/www.cocoamachinery.com\/product\/cocoa-bean-peeling-machine\/\",\"url\":\"https:\/\/www.cocoamachinery.com\/product\/cocoa-bean-peeling-machine\/\",\"name\":\"Automatic Cocoa Bean Peeling Machine 300-500 KG\/H\",\"isPartOf\":{\"@id\":\"https:\/\/www.cocoamachinery.com\/#website\"},\"datePublished\":\"2021-06-16T09:28:54+00:00\",\"dateModified\":\"2023-10-21T05:58:22+00:00\",\"description\":\"Cocoa bean peeling machine is fully automatic, fast crushing and high peeling rate. It is a professional cocoa bean processing equipment.\",\"breadcrumb\":{\"@id\":\"https:\/\/www.cocoamachinery.com\/product\/cocoa-bean-peeling-machine\/#breadcrumb\"},\"inLanguage\":\"es\",\"potentialAction\":[{\"@type\":\"ReadAction\",\"target\":[\"https:\/\/www.cocoamachinery.com\/product\/cocoa-bean-peeling-machine\/\"]}]},{\"@type\":\"BreadcrumbList\",\"@id\":\"https:\/\/www.cocoamachinery.com\/product\/cocoa-bean-peeling-machine\/#breadcrumb\",\"itemListElement\":[{\"@type\":\"ListItem\",\"position\":1,\"name\":\"Home\",\"item\":\"https:\/\/www.cocoamachinery.com\/\"},{\"@type\":\"ListItem\",\"position\":2,\"name\":\"Product\",\"item\":\"https:\/\/www.cocoamachinery.com\/product\/\"},{\"@type\":\"ListItem\",\"position\":3,\"name\":\"Automatic Cocoa Bean Peeling Machine 300-500 KG\/H\"}]},{\"@type\":\"WebSite\",\"@id\":\"https:\/\/www.cocoamachinery.com\/#website\",\"url\":\"https:\/\/www.cocoamachinery.com\/\",\"name\":\"Cocoa Machinery\",\"description\":\"Cocoa Processing Solution Provider\",\"publisher\":{\"@id\":\"https:\/\/www.cocoamachinery.com\/#organization\"},\"potentialAction\":[{\"@type\":\"SearchAction\",\"target\":{\"@type\":\"EntryPoint\",\"urlTemplate\":\"https:\/\/www.cocoamachinery.com\/?s={search_term_string}\"},\"query-input\":\"required name=search_term_string\"}],\"inLanguage\":\"es\"},{\"@type\":\"Organization\",\"@id\":\"https:\/\/www.cocoamachinery.com\/#organization\",\"name\":\"Longer Food Machinery\",\"url\":\"https:\/\/www.cocoamachinery.com\/\",\"logo\":{\"@type\":\"ImageObject\",\"inLanguage\":\"es\",\"@id\":\"https:\/\/www.cocoamachinery.com\/#\/schema\/logo\/image\/\",\"url\":\"https:\/\/www.cocoamachinery.com\/wp-content\/uploads\/2024\/08\/Icon-512_512.png\",\"contentUrl\":\"https:\/\/www.cocoamachinery.com\/wp-content\/uploads\/2024\/08\/Icon-512_512.png\",\"width\":512,\"height\":512,\"caption\":\"Longer Food Machinery\"},\"image\":{\"@id\":\"https:\/\/www.cocoamachinery.com\/#\/schema\/logo\/image\/\"},\"sameAs\":[\"https:\/\/www.facebook.com\/longernutsmachinery\/\",\"https:\/\/twitter.com\/nutsmachinery\",\"https:\/\/www.pinterest.com\/nutsmachinery\/\",\"https:\/\/www.linkedin.com\/company\/longer-nuts-machinery\/\",\"https:\/\/www.youtube.com\/c\/NutsMachinery\"]},false]}<\/script>\n<!-- \/ Yoast SEO plugin. -->","yoast_head_json":{"title":"Automatic Cocoa Bean Peeling Machine 300-500 KG\/H","description":"Cocoa bean peeling machine is fully automatic, fast crushing and high peeling rate. It is a professional cocoa bean processing equipment.","robots":{"index":"index","follow":"follow","max-snippet":"max-snippet:-1","max-image-preview":"max-image-preview:large","max-video-preview":"max-video-preview:-1"},"canonical":"https:\/\/www.cocoamachinery.com\/es\/product\/cocoa-bean-peeling-machine\/","og_locale":"es_ES","og_type":"article","og_title":"Automatic Cocoa Bean Peeling Machine 300-500 KG\/H","og_description":"Cocoa bean peeling machine is fully automatic, fast crushing and high peeling rate. It is a professional cocoa bean processing equipment.","og_url":"https:\/\/www.cocoamachinery.com\/es\/product\/cocoa-bean-peeling-machine\/","og_site_name":"Cocoa Machinery","article_publisher":"https:\/\/www.facebook.com\/longernutsmachinery\/","article_modified_time":"2023-10-21T05:58:22+00:00","og_image":[{"width":600,"height":600,"url":"https:\/\/www.cocoamachinery.com\/wp-content\/uploads\/2021\/06\/peeler-0.jpg","type":"image\/jpeg"}],"twitter_card":"summary_large_image","twitter_site":"@nutsmachinery","twitter_misc":{"Tiempo de lectura":"2 minutos"},"schema":{"@context":"https:\/\/schema.org","@graph":[{"@type":"WebPage","@id":"https:\/\/www.cocoamachinery.com\/product\/cocoa-bean-peeling-machine\/","url":"https:\/\/www.cocoamachinery.com\/product\/cocoa-bean-peeling-machine\/","name":"Automatic Cocoa Bean Peeling Machine 300-500 KG\/H","isPartOf":{"@id":"https:\/\/www.cocoamachinery.com\/#website"},"datePublished":"2021-06-16T09:28:54+00:00","dateModified":"2023-10-21T05:58:22+00:00","description":"Cocoa bean peeling machine is fully automatic, fast crushing and high peeling rate. It is a professional cocoa bean processing equipment.","breadcrumb":{"@id":"https:\/\/www.cocoamachinery.com\/product\/cocoa-bean-peeling-machine\/#breadcrumb"},"inLanguage":"es","potentialAction":[{"@type":"ReadAction","target":["https:\/\/www.cocoamachinery.com\/product\/cocoa-bean-peeling-machine\/"]}]},{"@type":"BreadcrumbList","@id":"https:\/\/www.cocoamachinery.com\/product\/cocoa-bean-peeling-machine\/#breadcrumb","itemListElement":[{"@type":"ListItem","position":1,"name":"Home","item":"https:\/\/www.cocoamachinery.com\/"},{"@type":"ListItem","position":2,"name":"Product","item":"https:\/\/www.cocoamachinery.com\/product\/"},{"@type":"ListItem","position":3,"name":"Automatic Cocoa Bean Peeling Machine 300-500 KG\/H"}]},{"@type":"WebSite","@id":"https:\/\/www.cocoamachinery.com\/#website","url":"https:\/\/www.cocoamachinery.com\/","name":"Cocoa Machinery","description":"Cocoa Processing Solution Provider","publisher":{"@id":"https:\/\/www.cocoamachinery.com\/#organization"},"potentialAction":[{"@type":"SearchAction","target":{"@type":"EntryPoint","urlTemplate":"https:\/\/www.cocoamachinery.com\/?s={search_term_string}"},"query-input":"required name=search_term_string"}],"inLanguage":"es"},{"@type":"Organization","@id":"https:\/\/www.cocoamachinery.com\/#organization","name":"Longer Food Machinery","url":"https:\/\/www.cocoamachinery.com\/","logo":{"@type":"ImageObject","inLanguage":"es","@id":"https:\/\/www.cocoamachinery.com\/#\/schema\/logo\/image\/","url":"https:\/\/www.cocoamachinery.com\/wp-content\/uploads\/2024\/08\/Icon-512_512.png","contentUrl":"https:\/\/www.cocoamachinery.com\/wp-content\/uploads\/2024\/08\/Icon-512_512.png","width":512,"height":512,"caption":"Longer Food Machinery"},"image":{"@id":"https:\/\/www.cocoamachinery.com\/#\/schema\/logo\/image\/"},"sameAs":["https:\/\/www.facebook.com\/longernutsmachinery\/","https:\/\/twitter.com\/nutsmachinery","https:\/\/www.pinterest.com\/nutsmachinery\/","https:\/\/www.linkedin.com\/company\/longer-nuts-machinery\/","https:\/\/www.youtube.com\/c\/NutsMachinery"]},false]}},"yasr_visitor_votes":{"stars_attributes":{"read_only":false,"span_bottom":false},"number_of_votes":1,"sum_votes":5},"_links":{"self":[{"href":"https:\/\/www.cocoamachinery.com\/es\/wp-json\/wp\/v2\/product\/1615","targetHints":{"allow":["GET"]}}],"collection":[{"href":"https:\/\/www.cocoamachinery.com\/es\/wp-json\/wp\/v2\/product"}],"about":[{"href":"https:\/\/www.cocoamachinery.com\/es\/wp-json\/wp\/v2\/types\/product"}],"replies":[{"embeddable":true,"href":"https:\/\/www.cocoamachinery.com\/es\/wp-json\/wp\/v2\/comments?post=1615"}],"version-history":[{"count":1,"href":"https:\/\/www.cocoamachinery.com\/es\/wp-json\/wp\/v2\/product\/1615\/revisions"}],"predecessor-version":[{"id":2060,"href":"https:\/\/www.cocoamachinery.com\/es\/wp-json\/wp\/v2\/product\/1615\/revisions\/2060"}],"wp:featuredmedia":[{"embeddable":true,"href":"https:\/\/www.cocoamachinery.com\/es\/wp-json\/wp\/v2\/media\/1618"}],"wp:attachment":[{"href":"https:\/\/www.cocoamachinery.com\/es\/wp-json\/wp\/v2\/media?parent=1615"}],"wp:term":[{"taxonomy":"product_cat","embeddable":true,"href":"https:\/\/www.cocoamachinery.com\/es\/wp-json\/wp\/v2\/product_cat?post=1615"},{"taxonomy":"product_tag","embeddable":true,"href":"https:\/\/www.cocoamachinery.com\/es\/wp-json\/wp\/v2\/product_tag?post=1615"}],"curies":[{"name":"wp","href":"https:\/\/api.w.org\/{rel}","templated":true}]}}