{"id":1603,"date":"2021-06-15T14:15:39","date_gmt":"2021-06-15T14:15:39","guid":{"rendered":"https:\/\/www.cocoamachinery.com\/?post_type=product&#038;p=1603"},"modified":"2024-04-01T23:22:51","modified_gmt":"2024-04-01T15:22:51","slug":"cocoa-nibs-grinding-machine","status":"publish","type":"product","link":"https:\/\/www.cocoamachinery.com\/es\/product\/cocoa-nibs-grinding-machine\/","title":{"rendered":"Molino de nibs de cacao 100-200 kg\/hora"},"content":{"rendered":"<h3>Introducci\u00f3n al molino para moler nibs de cacao<\/h3>\n<p>El molinillo de cacao tiene los efectos de molienda superfina y emulsificaci\u00f3n y se puede utilizar para hacer mantequilla de cacahuete, mantequilla de s\u00e9samo, mantequilla de anacardo, mantequilla de almendras, etc. Producci\u00f3n eficiente y funcionamiento estable.<\/p>\n<p><strong>Material de equipamiento:<\/strong> El bastidor es de acero al carbono, la cubierta exterior es de acero inoxidable 202, y el estator y el rotor son de 420 materiales, que pueden personalizarse.<\/p>\n<figure id=\"attachment_1605\" aria-describedby=\"caption-attachment-1605\" style=\"width: 600px\" class=\"wp-caption alignnone\"><img fetchpriority=\"high\" decoding=\"async\" class=\"wp-image-1605 size-full\" src=\"https:\/\/www.cocoamachinery.com\/wp-content\/uploads\/2021\/06\/grinder-5.jpg\" alt=\"Molino coloidal para cacao en grano\" width=\"600\" height=\"600\" srcset=\"https:\/\/www.cocoamachinery.com\/wp-content\/uploads\/2021\/06\/grinder-5.jpg 600w, https:\/\/www.cocoamachinery.com\/wp-content\/uploads\/2021\/06\/grinder-5-300x300.jpg 300w, https:\/\/www.cocoamachinery.com\/wp-content\/uploads\/2021\/06\/grinder-5-150x150.jpg 150w, https:\/\/www.cocoamachinery.com\/wp-content\/uploads\/2021\/06\/grinder-5-100x100.jpg 100w\" sizes=\"(max-width: 600px) 100vw, 600px\" \/><figcaption id=\"caption-attachment-1605\" class=\"wp-caption-text\">Molino coloidal para cacao en grano<\/figcaption><\/figure>\n<h3>Estructura y principio de funcionamiento del molino para moler cacao<\/h3>\n<ul>\n<li>La m\u00e1quina se compone principalmente de una carcasa, un estator, un rotor, un mecanismo de ajuste, un mecanismo de refrigeraci\u00f3n y un motor.<\/li>\n<li>El molinillo de plumillas de cacao funciona con un motor el\u00e9ctrico que acciona el rotor y el estator correspondiente. Hay un peque\u00f1o espacio ajustable entre los dos cuerpos moledores.<\/li>\n<li>Cuando el material atraviesa esta brecha, se ve sometido a efectos f\u00edsicos como un fuerte cizallamiento, fricci\u00f3n, vibraci\u00f3n de alta frecuencia, etc., y se puede conseguir el efecto de trituraci\u00f3n ultrafina de una sola vez.<\/li>\n<\/ul>\n<h3>Caracter\u00edsticas del molino para nibs de cacao<\/h3>\n<p>Tiene las caracter\u00edsticas de estructura compacta, funcionamiento estable, bajo nivel de ruido, resistencia a la corrosi\u00f3n, f\u00e1cil limpieza y mantenimiento conveniente. Es el equipo m\u00e1s utilizado para la molienda en las normas internacionales.<\/p>\n<figure id=\"attachment_1606\" aria-describedby=\"caption-attachment-1606\" style=\"width: 600px\" class=\"wp-caption alignnone\"><img decoding=\"async\" class=\"size-full wp-image-1606\" src=\"https:\/\/www.cocoamachinery.com\/wp-content\/uploads\/2021\/06\/grinder-6.jpg\" alt=\"Venta de molinillo de cacao\" width=\"600\" height=\"600\" srcset=\"https:\/\/www.cocoamachinery.com\/wp-content\/uploads\/2021\/06\/grinder-6.jpg 600w, https:\/\/www.cocoamachinery.com\/wp-content\/uploads\/2021\/06\/grinder-6-300x300.jpg 300w, https:\/\/www.cocoamachinery.com\/wp-content\/uploads\/2021\/06\/grinder-6-150x150.jpg 150w, https:\/\/www.cocoamachinery.com\/wp-content\/uploads\/2021\/06\/grinder-6-100x100.jpg 100w\" sizes=\"(max-width: 600px) 100vw, 600px\" \/><figcaption id=\"caption-attachment-1606\" class=\"wp-caption-text\">Venta de molinillo de cacao<\/figcaption><\/figure>\n<h3>Aplicaci\u00f3n del molino para moler cacao<\/h3>\n<p>La m\u00e1quina de molienda es adecuada para la industria farmac\u00e9utica, la industria alimentaria, la industria qu\u00edmica, es una m\u00e1quina de molienda superfina.<\/p>\n<p>El molino para nibs de cacao se puede utilizar para todo tipo de mantequilla de cacahuete, s\u00e9samo, almendras, nueces, etc. Tambi\u00e9n se puede utilizar para moler leche de man\u00ed, leche de soja, leche de malta, esencia, aloe, pi\u00f1a, t\u00e9 de frutas, helado, mermelada, etc.<\/p>\n<h3>Par\u00e1metros del precio del molino para nibs de cacao<\/h3>\n<table>\n<tbody>\n<tr>\n<td width=\"127\">Modelo<\/td>\n<td width=\"83\">LGJMS-80<\/td>\n<td width=\"83\">LGJMS-110<\/td>\n<td width=\"83\">LGJMS-130<\/td>\n<td width=\"89\">LGJMS-180<\/td>\n<td width=\"89\">LGJMS-240<\/td>\n<td width=\"81\">LGJMS-300<\/td>\n<\/tr>\n<tr>\n<td width=\"127\">Finura (malla)<\/td>\n<td width=\"83\">80-100<\/td>\n<td width=\"83\">80-100<\/td>\n<td width=\"83\">80-100<\/td>\n<td width=\"89\">80-100<\/td>\n<td width=\"89\">80-100<\/td>\n<td width=\"81\">80-100<\/td>\n<\/tr>\n<tr>\n<td width=\"127\">Producci\u00f3n (kg\/h)<\/td>\n<td width=\"83\">70-100<\/td>\n<td width=\"83\">100-200<\/td>\n<td width=\"83\">400-600<\/td>\n<td width=\"89\">800-1000<\/td>\n<td width=\"89\">1500-2000<\/td>\n<td width=\"81\">3000-4000<\/td>\n<\/tr>\n<tr>\n<td width=\"127\">Potencia (kw)<\/td>\n<td width=\"83\">4<\/td>\n<td width=\"83\">7.5<\/td>\n<td width=\"83\">11-15<\/td>\n<td width=\"89\">18.5-22<\/td>\n<td width=\"89\">37-45<\/td>\n<td width=\"81\">75-90<\/td>\n<\/tr>\n<tr>\n<td width=\"127\">Dimensiones (mm)<\/td>\n<td width=\"83\">680*380*930<\/td>\n<td width=\"83\">750*450*1000<\/td>\n<td width=\"83\">990*450*1100<\/td>\n<td width=\"89\">1000*480*1150<\/td>\n<td width=\"89\">1330*650*1300<\/td>\n<td width=\"81\">1450*630*1420<\/td>\n<\/tr>\n<tr>\n<td width=\"127\">Peso (kg)<\/td>\n<td width=\"83\">210<\/td>\n<td width=\"83\">280<\/td>\n<td width=\"83\">400<\/td>\n<td width=\"89\">450<\/td>\n<td width=\"89\">1000<\/td>\n<td width=\"81\">1600<\/td>\n<\/tr>\n<\/tbody>\n<\/table>\n<div role=\"form\" class=\"wpcf7\" id=\"wpcf7-f1985-o1\" lang=\"en-US\" dir=\"ltr\">\n<div class=\"screen-reader-response\"><p role=\"status\" aria-live=\"polite\" aria-atomic=\"true\"><\/p> <ul><\/ul><\/div>\n<form action=\"\/es\/wp-json\/wp\/v2\/product\/1603#wpcf7-f1985-o1\" method=\"post\" class=\"wpcf7-form init\" novalidate=\"novalidate\" data-status=\"init\" data-trp-original-action=\"\/es\/wp-json\/wp\/v2\/product\/1603#wpcf7-f1985-o1\">\n<div style=\"display: none;\">\n<input type=\"hidden\" name=\"_wpcf7\" value=\"1985\" \/>\n<input type=\"hidden\" name=\"_wpcf7_version\" value=\"5.4.1\" \/>\n<input type=\"hidden\" name=\"_wpcf7_locale\" value=\"en_US\" \/>\n<input type=\"hidden\" name=\"_wpcf7_unit_tag\" value=\"wpcf7-f1985-o1\" \/>\n<input type=\"hidden\" name=\"_wpcf7_container_post\" value=\"0\" \/>\n<input type=\"hidden\" name=\"_wpcf7_posted_data_hash\" value=\"\" \/>\n<\/div>\n<div class='formdiv'>\n<span>SOLICITAR PRESUPUESTO<\/span><\/p>\n<p>Rellene este formulario para solicitar informaci\u00f3n. (campos obligatorios*)<\/p>\n<\/div>\n<div class='formdiv-left'><label> Su nombre*<br \/>\n    <span class=\"wpcf7-form-control-wrap your-name\"><input type=\"text\" name=\"your-name\" value=\"\" size=\"40\" class=\"wpcf7-form-control wpcf7-text wpcf7-validates-as-required\" aria-required=\"true\" aria-invalid=\"false\" \/><\/span> <\/label><\/p>\n<p><label> Su correo electr\u00f3nico*<br \/>\n    <span class=\"wpcf7-form-control-wrap your-email\"><input type=\"email\" name=\"your-email\" value=\"\" size=\"40\" class=\"wpcf7-form-control wpcf7-text wpcf7-email wpcf7-validates-as-required wpcf7-validates-as-email\" aria-required=\"true\" aria-invalid=\"false\" \/><\/span> <\/label><\/p>\n<p><label> Su pa\u00eds<br \/>\n    <span class=\"wpcf7-form-control-wrap your-country\"><input type=\"text\" name=\"your-country\" value=\"\" size=\"40\" class=\"wpcf7-form-control wpcf7-text\" aria-invalid=\"false\" \/><\/span> <\/label><\/p>\n<p><label> Tu tel\u00e9fono<br \/>\n    <span class=\"wpcf7-form-control-wrap tel-901\"><input type=\"tel\" name=\"tel-901\" value=\"\" size=\"40\" class=\"wpcf7-form-control wpcf7-text wpcf7-tel wpcf7-validates-as-tel\" aria-invalid=\"false\" \/><\/span> <\/label><\/p>\n<p><label> Nombre de su empresa \/ Sitio web<br \/>\n    <span class=\"wpcf7-form-control-wrap your-company\"><input type=\"text\" name=\"your-company\" value=\"\" size=\"40\" class=\"wpcf7-form-control wpcf7-text\" aria-invalid=\"false\" \/><\/span> <\/label>\n<\/div>\n<div class='formdiv-right'>\n<label> Su mensaje*<br \/>\n    <span class=\"wpcf7-form-control-wrap your-message\"><textarea name=\"your-message\" cols=\"40\" rows=\"10\" class=\"wpcf7-form-control wpcf7-textarea wpcf7-validates-as-required\" aria-required=\"true\" aria-invalid=\"false\"><\/textarea><\/span> <\/label><\/p>\n<p><input type=\"submit\" value=\"Enviar\" class=\"wpcf7-form-control wpcf7-submit\" \/>\n<\/p><\/div>\n<div style='clear:both'><\/div>\n<div class=\"wpcf7-response-output\" aria-hidden=\"true\"><\/div><input type=\"hidden\" name=\"trp-form-language\" value=\"es\"\/><\/form><\/div>\n<div style='text-align:left' class='yasr-auto-insert-visitor'><\/div>","protected":false},"excerpt":{"rendered":"<p>El molino para nibs de cacao produce licor de cacao a alta velocidad. Se puede combinar con otros equipos para producir manteca de cacao y cacao en polvo.<\/p>","protected":false},"featured_media":1614,"comment_status":"open","ping_status":"closed","template":"","meta":{"yasr_overall_rating":0,"yasr_post_is_review":"","yasr_auto_insert_disabled":"","yasr_review_type":""},"product_cat":[51],"product_tag":[],"class_list":["post-1603","product","type-product","status-publish","has-post-thumbnail","hentry","product_cat-cocoa-machines"],"yoast_head":"<!-- This site is optimized with the Yoast SEO plugin v20.9 - https:\/\/yoast.com\/wordpress\/plugins\/seo\/ -->\n<title>100 Mesh Cocoa Nibs Grinding Machine Cacao Grinder<\/title>\n<meta name=\"description\" content=\"This cocoa nibs grinding machine is an important equipment in cocoa powder and cocoa butter factories. Fast grinding speed, high fineness.\" \/>\n<meta name=\"robots\" content=\"index, follow, max-snippet:-1, max-image-preview:large, max-video-preview:-1\" \/>\n<link rel=\"canonical\" href=\"https:\/\/www.cocoamachinery.com\/es\/product\/cocoa-nibs-grinding-machine\/\" \/>\n<meta property=\"og:locale\" content=\"es_ES\" \/>\n<meta property=\"og:type\" content=\"article\" \/>\n<meta property=\"og:title\" content=\"100 Mesh Cocoa Nibs Grinding Machine Cacao Grinder\" \/>\n<meta property=\"og:description\" content=\"This cocoa nibs grinding machine is an important equipment in cocoa powder and cocoa butter factories. Fast grinding speed, high fineness.\" \/>\n<meta property=\"og:url\" content=\"https:\/\/www.cocoamachinery.com\/es\/product\/cocoa-nibs-grinding-machine\/\" \/>\n<meta property=\"og:site_name\" content=\"Cocoa Machinery\" \/>\n<meta property=\"article:publisher\" content=\"https:\/\/www.facebook.com\/longernutsmachinery\/\" \/>\n<meta property=\"article:modified_time\" content=\"2024-04-01T15:22:51+00:00\" \/>\n<meta property=\"og:image\" content=\"https:\/\/www.cocoamachinery.com\/wp-content\/uploads\/2021\/06\/grinder-4.jpg\" \/>\n\t<meta property=\"og:image:width\" content=\"600\" \/>\n\t<meta property=\"og:image:height\" content=\"600\" \/>\n\t<meta property=\"og:image:type\" content=\"image\/jpeg\" \/>\n<meta name=\"twitter:card\" content=\"summary_large_image\" \/>\n<meta name=\"twitter:site\" content=\"@nutsmachinery\" \/>\n<meta name=\"twitter:label1\" content=\"Tiempo de lectura\" \/>\n\t<meta name=\"twitter:data1\" content=\"2 minutos\" \/>\n<script type=\"application\/ld+json\" class=\"yoast-schema-graph\">{\"@context\":\"https:\/\/schema.org\",\"@graph\":[{\"@type\":\"WebPage\",\"@id\":\"https:\/\/www.cocoamachinery.com\/product\/cocoa-nibs-grinding-machine\/\",\"url\":\"https:\/\/www.cocoamachinery.com\/product\/cocoa-nibs-grinding-machine\/\",\"name\":\"100 Mesh Cocoa Nibs Grinding Machine Cacao Grinder\",\"isPartOf\":{\"@id\":\"https:\/\/www.cocoamachinery.com\/#website\"},\"datePublished\":\"2021-06-15T14:15:39+00:00\",\"dateModified\":\"2024-04-01T15:22:51+00:00\",\"description\":\"This cocoa nibs grinding machine is an important equipment in cocoa powder and cocoa butter factories. Fast grinding speed, high fineness.\",\"breadcrumb\":{\"@id\":\"https:\/\/www.cocoamachinery.com\/product\/cocoa-nibs-grinding-machine\/#breadcrumb\"},\"inLanguage\":\"es\",\"potentialAction\":[{\"@type\":\"ReadAction\",\"target\":[\"https:\/\/www.cocoamachinery.com\/product\/cocoa-nibs-grinding-machine\/\"]}]},{\"@type\":\"BreadcrumbList\",\"@id\":\"https:\/\/www.cocoamachinery.com\/product\/cocoa-nibs-grinding-machine\/#breadcrumb\",\"itemListElement\":[{\"@type\":\"ListItem\",\"position\":1,\"name\":\"Home\",\"item\":\"https:\/\/www.cocoamachinery.com\/\"},{\"@type\":\"ListItem\",\"position\":2,\"name\":\"Product\",\"item\":\"https:\/\/www.cocoamachinery.com\/product\/\"},{\"@type\":\"ListItem\",\"position\":3,\"name\":\"100 Mesh Cocoa Nibs Grinding Machine Cacao Grinder\"}]},{\"@type\":\"WebSite\",\"@id\":\"https:\/\/www.cocoamachinery.com\/#website\",\"url\":\"https:\/\/www.cocoamachinery.com\/\",\"name\":\"Cocoa Machinery\",\"description\":\"Cocoa Processing Solution Provider\",\"publisher\":{\"@id\":\"https:\/\/www.cocoamachinery.com\/#organization\"},\"potentialAction\":[{\"@type\":\"SearchAction\",\"target\":{\"@type\":\"EntryPoint\",\"urlTemplate\":\"https:\/\/www.cocoamachinery.com\/?s={search_term_string}\"},\"query-input\":\"required name=search_term_string\"}],\"inLanguage\":\"es\"},{\"@type\":\"Organization\",\"@id\":\"https:\/\/www.cocoamachinery.com\/#organization\",\"name\":\"Longer Food Machinery\",\"url\":\"https:\/\/www.cocoamachinery.com\/\",\"logo\":{\"@type\":\"ImageObject\",\"inLanguage\":\"es\",\"@id\":\"https:\/\/www.cocoamachinery.com\/#\/schema\/logo\/image\/\",\"url\":\"https:\/\/www.cocoamachinery.com\/wp-content\/uploads\/2024\/08\/Icon-512_512.png\",\"contentUrl\":\"https:\/\/www.cocoamachinery.com\/wp-content\/uploads\/2024\/08\/Icon-512_512.png\",\"width\":512,\"height\":512,\"caption\":\"Longer Food Machinery\"},\"image\":{\"@id\":\"https:\/\/www.cocoamachinery.com\/#\/schema\/logo\/image\/\"},\"sameAs\":[\"https:\/\/www.facebook.com\/longernutsmachinery\/\",\"https:\/\/twitter.com\/nutsmachinery\",\"https:\/\/www.pinterest.com\/nutsmachinery\/\",\"https:\/\/www.linkedin.com\/company\/longer-nuts-machinery\/\",\"https:\/\/www.youtube.com\/c\/NutsMachinery\"]},false]}<\/script>\n<!-- \/ Yoast SEO plugin. -->","yoast_head_json":{"title":"100 Mesh Cocoa Nibs Grinding Machine Cacao Grinder","description":"This cocoa nibs grinding machine is an important equipment in cocoa powder and cocoa butter factories. Fast grinding speed, high fineness.","robots":{"index":"index","follow":"follow","max-snippet":"max-snippet:-1","max-image-preview":"max-image-preview:large","max-video-preview":"max-video-preview:-1"},"canonical":"https:\/\/www.cocoamachinery.com\/es\/product\/cocoa-nibs-grinding-machine\/","og_locale":"es_ES","og_type":"article","og_title":"100 Mesh Cocoa Nibs Grinding Machine Cacao Grinder","og_description":"This cocoa nibs grinding machine is an important equipment in cocoa powder and cocoa butter factories. Fast grinding speed, high fineness.","og_url":"https:\/\/www.cocoamachinery.com\/es\/product\/cocoa-nibs-grinding-machine\/","og_site_name":"Cocoa Machinery","article_publisher":"https:\/\/www.facebook.com\/longernutsmachinery\/","article_modified_time":"2024-04-01T15:22:51+00:00","og_image":[{"width":600,"height":600,"url":"https:\/\/www.cocoamachinery.com\/wp-content\/uploads\/2021\/06\/grinder-4.jpg","type":"image\/jpeg"}],"twitter_card":"summary_large_image","twitter_site":"@nutsmachinery","twitter_misc":{"Tiempo de lectura":"2 minutos"},"schema":{"@context":"https:\/\/schema.org","@graph":[{"@type":"WebPage","@id":"https:\/\/www.cocoamachinery.com\/product\/cocoa-nibs-grinding-machine\/","url":"https:\/\/www.cocoamachinery.com\/product\/cocoa-nibs-grinding-machine\/","name":"100 Mesh Cocoa Nibs Grinding Machine Cacao Grinder","isPartOf":{"@id":"https:\/\/www.cocoamachinery.com\/#website"},"datePublished":"2021-06-15T14:15:39+00:00","dateModified":"2024-04-01T15:22:51+00:00","description":"This cocoa nibs grinding machine is an important equipment in cocoa powder and cocoa butter factories. Fast grinding speed, high fineness.","breadcrumb":{"@id":"https:\/\/www.cocoamachinery.com\/product\/cocoa-nibs-grinding-machine\/#breadcrumb"},"inLanguage":"es","potentialAction":[{"@type":"ReadAction","target":["https:\/\/www.cocoamachinery.com\/product\/cocoa-nibs-grinding-machine\/"]}]},{"@type":"BreadcrumbList","@id":"https:\/\/www.cocoamachinery.com\/product\/cocoa-nibs-grinding-machine\/#breadcrumb","itemListElement":[{"@type":"ListItem","position":1,"name":"Home","item":"https:\/\/www.cocoamachinery.com\/"},{"@type":"ListItem","position":2,"name":"Product","item":"https:\/\/www.cocoamachinery.com\/product\/"},{"@type":"ListItem","position":3,"name":"100 Mesh Cocoa Nibs Grinding Machine Cacao Grinder"}]},{"@type":"WebSite","@id":"https:\/\/www.cocoamachinery.com\/#website","url":"https:\/\/www.cocoamachinery.com\/","name":"Cocoa Machinery","description":"Cocoa Processing Solution Provider","publisher":{"@id":"https:\/\/www.cocoamachinery.com\/#organization"},"potentialAction":[{"@type":"SearchAction","target":{"@type":"EntryPoint","urlTemplate":"https:\/\/www.cocoamachinery.com\/?s={search_term_string}"},"query-input":"required name=search_term_string"}],"inLanguage":"es"},{"@type":"Organization","@id":"https:\/\/www.cocoamachinery.com\/#organization","name":"Longer Food Machinery","url":"https:\/\/www.cocoamachinery.com\/","logo":{"@type":"ImageObject","inLanguage":"es","@id":"https:\/\/www.cocoamachinery.com\/#\/schema\/logo\/image\/","url":"https:\/\/www.cocoamachinery.com\/wp-content\/uploads\/2024\/08\/Icon-512_512.png","contentUrl":"https:\/\/www.cocoamachinery.com\/wp-content\/uploads\/2024\/08\/Icon-512_512.png","width":512,"height":512,"caption":"Longer Food Machinery"},"image":{"@id":"https:\/\/www.cocoamachinery.com\/#\/schema\/logo\/image\/"},"sameAs":["https:\/\/www.facebook.com\/longernutsmachinery\/","https:\/\/twitter.com\/nutsmachinery","https:\/\/www.pinterest.com\/nutsmachinery\/","https:\/\/www.linkedin.com\/company\/longer-nuts-machinery\/","https:\/\/www.youtube.com\/c\/NutsMachinery"]},false]}},"yasr_visitor_votes":{"stars_attributes":{"read_only":false,"span_bottom":false},"number_of_votes":1,"sum_votes":5},"_links":{"self":[{"href":"https:\/\/www.cocoamachinery.com\/es\/wp-json\/wp\/v2\/product\/1603","targetHints":{"allow":["GET"]}}],"collection":[{"href":"https:\/\/www.cocoamachinery.com\/es\/wp-json\/wp\/v2\/product"}],"about":[{"href":"https:\/\/www.cocoamachinery.com\/es\/wp-json\/wp\/v2\/types\/product"}],"replies":[{"embeddable":true,"href":"https:\/\/www.cocoamachinery.com\/es\/wp-json\/wp\/v2\/comments?post=1603"}],"version-history":[{"count":1,"href":"https:\/\/www.cocoamachinery.com\/es\/wp-json\/wp\/v2\/product\/1603\/revisions"}],"predecessor-version":[{"id":2059,"href":"https:\/\/www.cocoamachinery.com\/es\/wp-json\/wp\/v2\/product\/1603\/revisions\/2059"}],"wp:featuredmedia":[{"embeddable":true,"href":"https:\/\/www.cocoamachinery.com\/es\/wp-json\/wp\/v2\/media\/1614"}],"wp:attachment":[{"href":"https:\/\/www.cocoamachinery.com\/es\/wp-json\/wp\/v2\/media?parent=1603"}],"wp:term":[{"taxonomy":"product_cat","embeddable":true,"href":"https:\/\/www.cocoamachinery.com\/es\/wp-json\/wp\/v2\/product_cat?post=1603"},{"taxonomy":"product_tag","embeddable":true,"href":"https:\/\/www.cocoamachinery.com\/es\/wp-json\/wp\/v2\/product_tag?post=1603"}],"curies":[{"name":"wp","href":"https:\/\/api.w.org\/{rel}","templated":true}]}}