{"id":1599,"date":"2021-06-15T13:33:09","date_gmt":"2021-06-15T13:33:09","guid":{"rendered":"https:\/\/www.cocoamachinery.com\/?post_type=product&#038;p=1599"},"modified":"2022-10-12T13:49:47","modified_gmt":"2022-10-12T13:49:47","slug":"cocoa-bean-grinding-machine","status":"publish","type":"product","link":"https:\/\/www.cocoamachinery.com\/es\/product\/cocoa-bean-grinding-machine\/","title":{"rendered":"M\u00e1quina industrial para moler granos de cacao Precio de f\u00e1brica"},"content":{"rendered":"<h3>Introducci\u00f3n de la m\u00e1quina para moler granos de cacao<\/h3>\n<p>El molino de cacao y nibs de cacao en pasta (licor de cacao) con una finura de malla de 80-100, alta eficiencia y rendimiento. El cuerpo est\u00e1 hecho de acero inoxidable de calidad alimentaria, y la m\u00e1quina es f\u00e1cil de operar, resistente a la corrosi\u00f3n, f\u00e1cil de limpiar y f\u00e1cil de mantener.<\/p>\n<figure id=\"attachment_1601\" aria-describedby=\"caption-attachment-1601\" style=\"width: 600px\" class=\"wp-caption alignleft\"><img fetchpriority=\"high\" decoding=\"async\" class=\"wp-image-1601 size-full\" src=\"https:\/\/www.cocoamachinery.com\/wp-content\/uploads\/2021\/06\/grinder-2.jpg\" alt=\"M\u00e1quina industrial para moler cacao\" width=\"600\" height=\"600\" srcset=\"https:\/\/www.cocoamachinery.com\/wp-content\/uploads\/2021\/06\/grinder-2.jpg 600w, https:\/\/www.cocoamachinery.com\/wp-content\/uploads\/2021\/06\/grinder-2-300x300.jpg 300w, https:\/\/www.cocoamachinery.com\/wp-content\/uploads\/2021\/06\/grinder-2-150x150.jpg 150w, https:\/\/www.cocoamachinery.com\/wp-content\/uploads\/2021\/06\/grinder-2-100x100.jpg 100w\" sizes=\"(max-width: 600px) 100vw, 600px\" \/><figcaption id=\"caption-attachment-1601\" class=\"wp-caption-text\">M\u00e1quina industrial para moler cacao<\/figcaption><\/figure>\n<h3>Principio de funcionamiento del molinillo de granos de cacao para la venta:<\/h3>\n<p>Bajo el movimiento relativo de alta velocidad del estator y el rotor de diferentes formas, la m\u00e1quina de mantequilla puede triturar y moler los materiales.<br \/>\nEsta m\u00e1quina tiene tres \u00e1reas, una para la molienda gruesa, otra para la molienda fina y otra para la molienda ultrafina. Mediante el ajuste de la separaci\u00f3n entre el rotor, puede alcanzar eficazmente el est\u00e1ndar requerido (la separaci\u00f3n tambi\u00e9n se puede reajustar).<\/p>\n<h3>Aplicaci\u00f3n de la m\u00e1quina industrial para moler cacao:<\/h3>\n<p>Se trata de una trituradora multifuncional para hacer mantequilla de cacahuete, mantequilla de s\u00e9samo, mantequilla de jud\u00edas, nata, mermelada, etc., y se utiliza ampliamente en muchas industrias. Se puede ajustar la finura del producto acabado y obtener resultados satisfactorios.<br \/>\nla m\u00e1quina tiene una estructura compacta, trabajo estable, poco ruido, a prueba de \u00f3xido, f\u00e1cil de limpiar y mantener.<\/p>\n<p><img decoding=\"async\" class=\"wp-image-1602 size-full\" src=\"https:\/\/www.cocoamachinery.com\/wp-content\/uploads\/2021\/06\/grinder-3.jpg\" alt=\"Precio de la m\u00e1quina trituradora de cacao JMS-130\" width=\"600\" height=\"600\" srcset=\"https:\/\/www.cocoamachinery.com\/wp-content\/uploads\/2021\/06\/grinder-3.jpg 600w, https:\/\/www.cocoamachinery.com\/wp-content\/uploads\/2021\/06\/grinder-3-300x300.jpg 300w, https:\/\/www.cocoamachinery.com\/wp-content\/uploads\/2021\/06\/grinder-3-150x150.jpg 150w, https:\/\/www.cocoamachinery.com\/wp-content\/uploads\/2021\/06\/grinder-3-100x100.jpg 100w\" sizes=\"(max-width: 600px) 100vw, 600px\" \/><\/p>\n<p>Precio de la m\u00e1quina trituradora de cacao JMS-130<\/p>\n<h3>Preguntas frecuentes sobre la m\u00e1quina de moler cacao<\/h3>\n<ul>\n<li>Material del equipo convencional: bastidor de acero al carbono, la subcontrataci\u00f3n es de acero inoxidable 202, el estator y el rotor son de material 420.<\/li>\n<li>Temperatura de salida: Para moler nueces y frijoles durante mucho tiempo, la temperatura de salida del molino coloidal es de 70 grados Celsius; la temperatura de salida del molino coloidal doble es de aproximadamente 100 grados Celsius.<\/li>\n<li>Frecuencia de sustituci\u00f3n del estator y el rotor: Los materiales de tuerca generalmente necesitan ser reemplazados despu\u00e9s de 600-700 moliendas, dependiendo de la dureza del material y la frecuencia de uso del equipo.<\/li>\n<\/ul>\n<h3>Par\u00e1metros de la m\u00e1quina para moler granos de cacao<\/h3>\n<table>\n<tbody>\n<tr>\n<td width=\"127\">Modelo<\/td>\n<td width=\"83\">LGJMS-80<\/td>\n<td width=\"83\">LGJMS-110<\/td>\n<td width=\"83\">LGJMS-130<\/td>\n<td width=\"89\">LGJMS-180<\/td>\n<td width=\"89\">LGJMS-240<\/td>\n<td width=\"81\">LGJMS-300<\/td>\n<\/tr>\n<tr>\n<td width=\"127\">Finura (malla)<\/td>\n<td width=\"83\">80-100<\/td>\n<td width=\"83\">80-100<\/td>\n<td width=\"83\">80-100<\/td>\n<td width=\"89\">80-100<\/td>\n<td width=\"89\">80-100<\/td>\n<td width=\"81\">80-100<\/td>\n<\/tr>\n<tr>\n<td width=\"127\">Producci\u00f3n (kg\/h)<\/td>\n<td width=\"83\">70-100<\/td>\n<td width=\"83\">100-200<\/td>\n<td width=\"83\">400-600<\/td>\n<td width=\"89\">800-1000<\/td>\n<td width=\"89\">1500-2000<\/td>\n<td width=\"81\">3000-4000<\/td>\n<\/tr>\n<tr>\n<td width=\"127\">Potencia (kw)<\/td>\n<td width=\"83\">4<\/td>\n<td width=\"83\">7.5<\/td>\n<td width=\"83\">11-15<\/td>\n<td width=\"89\">18.5-22<\/td>\n<td width=\"89\">37-45<\/td>\n<td width=\"81\">75-90<\/td>\n<\/tr>\n<tr>\n<td width=\"127\">Dimensiones (mm)<\/td>\n<td width=\"83\">680*380*930<\/td>\n<td width=\"83\">750*450*1000<\/td>\n<td width=\"83\">990*450*1100<\/td>\n<td width=\"89\">1000*480*1150<\/td>\n<td width=\"89\">1330*650*1300<\/td>\n<td width=\"81\">1450*630*1420<\/td>\n<\/tr>\n<tr>\n<td width=\"127\">Peso (kg)<\/td>\n<td width=\"83\">210<\/td>\n<td width=\"83\">280<\/td>\n<td width=\"83\">400<\/td>\n<td width=\"89\">450<\/td>\n<td width=\"89\">1000<\/td>\n<td width=\"81\">1600<\/td>\n<\/tr>\n<\/tbody>\n<\/table>\n<div role=\"form\" class=\"wpcf7\" id=\"wpcf7-f1985-o1\" lang=\"en-US\" dir=\"ltr\">\n<div class=\"screen-reader-response\"><p role=\"status\" aria-live=\"polite\" aria-atomic=\"true\"><\/p> <ul><\/ul><\/div>\n<form action=\"\/es\/wp-json\/wp\/v2\/product\/1599#wpcf7-f1985-o1\" method=\"post\" class=\"wpcf7-form init\" novalidate=\"novalidate\" data-status=\"init\" data-trp-original-action=\"\/es\/wp-json\/wp\/v2\/product\/1599#wpcf7-f1985-o1\">\n<div style=\"display: none;\">\n<input type=\"hidden\" name=\"_wpcf7\" value=\"1985\" \/>\n<input type=\"hidden\" name=\"_wpcf7_version\" value=\"5.4.1\" \/>\n<input type=\"hidden\" name=\"_wpcf7_locale\" value=\"en_US\" \/>\n<input type=\"hidden\" name=\"_wpcf7_unit_tag\" value=\"wpcf7-f1985-o1\" \/>\n<input type=\"hidden\" name=\"_wpcf7_container_post\" value=\"0\" \/>\n<input type=\"hidden\" name=\"_wpcf7_posted_data_hash\" value=\"\" \/>\n<\/div>\n<div class='formdiv'>\n<span>SOLICITAR PRESUPUESTO<\/span><\/p>\n<p>Rellene este formulario para solicitar informaci\u00f3n. (campos obligatorios*)<\/p>\n<\/div>\n<div class='formdiv-left'><label> Su nombre*<br \/>\n    <span class=\"wpcf7-form-control-wrap your-name\"><input type=\"text\" name=\"your-name\" value=\"\" size=\"40\" class=\"wpcf7-form-control wpcf7-text wpcf7-validates-as-required\" aria-required=\"true\" aria-invalid=\"false\" \/><\/span> <\/label><\/p>\n<p><label> Su correo electr\u00f3nico*<br \/>\n    <span class=\"wpcf7-form-control-wrap your-email\"><input type=\"email\" name=\"your-email\" value=\"\" size=\"40\" class=\"wpcf7-form-control wpcf7-text wpcf7-email wpcf7-validates-as-required wpcf7-validates-as-email\" aria-required=\"true\" aria-invalid=\"false\" \/><\/span> <\/label><\/p>\n<p><label> Su pa\u00eds<br \/>\n    <span class=\"wpcf7-form-control-wrap your-country\"><input type=\"text\" name=\"your-country\" value=\"\" size=\"40\" class=\"wpcf7-form-control wpcf7-text\" aria-invalid=\"false\" \/><\/span> <\/label><\/p>\n<p><label> Tu tel\u00e9fono<br \/>\n    <span class=\"wpcf7-form-control-wrap tel-901\"><input type=\"tel\" name=\"tel-901\" value=\"\" size=\"40\" class=\"wpcf7-form-control wpcf7-text wpcf7-tel wpcf7-validates-as-tel\" aria-invalid=\"false\" \/><\/span> <\/label><\/p>\n<p><label> Nombre de su empresa \/ Sitio web<br \/>\n    <span class=\"wpcf7-form-control-wrap your-company\"><input type=\"text\" name=\"your-company\" value=\"\" size=\"40\" class=\"wpcf7-form-control wpcf7-text\" aria-invalid=\"false\" \/><\/span> <\/label>\n<\/div>\n<div class='formdiv-right'>\n<label> Su mensaje*<br \/>\n    <span class=\"wpcf7-form-control-wrap your-message\"><textarea name=\"your-message\" cols=\"40\" rows=\"10\" class=\"wpcf7-form-control wpcf7-textarea wpcf7-validates-as-required\" aria-required=\"true\" aria-invalid=\"false\"><\/textarea><\/span> <\/label><\/p>\n<p><input type=\"submit\" value=\"Enviar\" class=\"wpcf7-form-control wpcf7-submit\" \/>\n<\/p><\/div>\n<div style='clear:both'><\/div>\n<div class=\"wpcf7-response-output\" aria-hidden=\"true\"><\/div><input type=\"hidden\" name=\"trp-form-language\" value=\"es\"\/><\/form><\/div>\n<div style='text-align:left' class='yasr-auto-insert-visitor'><\/div>","protected":false},"excerpt":{"rendered":"<p>La m\u00e1quina para moler granos de cacao tiene un tama\u00f1o peque\u00f1o, resistencia a la corrosi\u00f3n, finura ajustable del producto acabado y amplia aplicaci\u00f3n. La molino de cacao es un equipo de procesamiento de cacao necesario en la industria.<\/p>","protected":false},"featured_media":1613,"comment_status":"open","ping_status":"closed","template":"","meta":{"yasr_overall_rating":0,"yasr_post_is_review":"","yasr_auto_insert_disabled":"","yasr_review_type":""},"product_cat":[51],"product_tag":[],"class_list":["post-1599","product","type-product","status-publish","has-post-thumbnail","hentry","product_cat-cocoa-machines"],"yoast_head":"<!-- This site is optimized with the Yoast SEO plugin v20.9 - https:\/\/yoast.com\/wordpress\/plugins\/seo\/ -->\n<title>Industrial Cocoa Bean Grinding Machine Factory Price<\/title>\n<meta name=\"description\" content=\"This cocoa bean grinding machine has fast crushing speed and high paste fineness, which is the best choice for cocoa powder factories.\" \/>\n<meta name=\"robots\" content=\"index, follow, max-snippet:-1, max-image-preview:large, max-video-preview:-1\" \/>\n<link rel=\"canonical\" href=\"https:\/\/www.cocoamachinery.com\/es\/product\/cocoa-bean-grinding-machine\/\" \/>\n<meta property=\"og:locale\" content=\"es_ES\" \/>\n<meta property=\"og:type\" content=\"article\" \/>\n<meta property=\"og:title\" content=\"Industrial Cocoa Bean Grinding Machine Factory Price\" \/>\n<meta property=\"og:description\" content=\"This cocoa bean grinding machine has fast crushing speed and high paste fineness, which is the best choice for cocoa powder factories.\" \/>\n<meta property=\"og:url\" content=\"https:\/\/www.cocoamachinery.com\/es\/product\/cocoa-bean-grinding-machine\/\" \/>\n<meta property=\"og:site_name\" content=\"Cocoa Machinery\" \/>\n<meta property=\"article:publisher\" content=\"https:\/\/www.facebook.com\/longernutsmachinery\/\" \/>\n<meta property=\"article:modified_time\" content=\"2022-10-12T13:49:47+00:00\" \/>\n<meta property=\"og:image\" content=\"https:\/\/www.cocoamachinery.com\/wp-content\/uploads\/2021\/06\/grinder-0.jpg\" \/>\n\t<meta property=\"og:image:width\" content=\"600\" \/>\n\t<meta property=\"og:image:height\" content=\"600\" \/>\n\t<meta property=\"og:image:type\" content=\"image\/jpeg\" \/>\n<meta name=\"twitter:card\" content=\"summary_large_image\" \/>\n<meta name=\"twitter:site\" content=\"@nutsmachinery\" \/>\n<meta name=\"twitter:label1\" content=\"Tiempo de lectura\" \/>\n\t<meta name=\"twitter:data1\" content=\"2 minutos\" \/>\n<script type=\"application\/ld+json\" class=\"yoast-schema-graph\">{\"@context\":\"https:\/\/schema.org\",\"@graph\":[{\"@type\":\"WebPage\",\"@id\":\"https:\/\/www.cocoamachinery.com\/product\/cocoa-bean-grinding-machine\/\",\"url\":\"https:\/\/www.cocoamachinery.com\/product\/cocoa-bean-grinding-machine\/\",\"name\":\"Industrial Cocoa Bean Grinding Machine Factory Price\",\"isPartOf\":{\"@id\":\"https:\/\/www.cocoamachinery.com\/#website\"},\"datePublished\":\"2021-06-15T13:33:09+00:00\",\"dateModified\":\"2022-10-12T13:49:47+00:00\",\"description\":\"This cocoa bean grinding machine has fast crushing speed and high paste fineness, which is the best choice for cocoa powder factories.\",\"breadcrumb\":{\"@id\":\"https:\/\/www.cocoamachinery.com\/product\/cocoa-bean-grinding-machine\/#breadcrumb\"},\"inLanguage\":\"es\",\"potentialAction\":[{\"@type\":\"ReadAction\",\"target\":[\"https:\/\/www.cocoamachinery.com\/product\/cocoa-bean-grinding-machine\/\"]}]},{\"@type\":\"BreadcrumbList\",\"@id\":\"https:\/\/www.cocoamachinery.com\/product\/cocoa-bean-grinding-machine\/#breadcrumb\",\"itemListElement\":[{\"@type\":\"ListItem\",\"position\":1,\"name\":\"Home\",\"item\":\"https:\/\/www.cocoamachinery.com\/\"},{\"@type\":\"ListItem\",\"position\":2,\"name\":\"Product\",\"item\":\"https:\/\/www.cocoamachinery.com\/product\/\"},{\"@type\":\"ListItem\",\"position\":3,\"name\":\"Industrial Cocoa Bean Grinding Machine Factory Price\"}]},{\"@type\":\"WebSite\",\"@id\":\"https:\/\/www.cocoamachinery.com\/#website\",\"url\":\"https:\/\/www.cocoamachinery.com\/\",\"name\":\"Cocoa Machinery\",\"description\":\"Cocoa Processing Solution Provider\",\"publisher\":{\"@id\":\"https:\/\/www.cocoamachinery.com\/#organization\"},\"potentialAction\":[{\"@type\":\"SearchAction\",\"target\":{\"@type\":\"EntryPoint\",\"urlTemplate\":\"https:\/\/www.cocoamachinery.com\/?s={search_term_string}\"},\"query-input\":\"required name=search_term_string\"}],\"inLanguage\":\"es\"},{\"@type\":\"Organization\",\"@id\":\"https:\/\/www.cocoamachinery.com\/#organization\",\"name\":\"Longer Food Machinery\",\"url\":\"https:\/\/www.cocoamachinery.com\/\",\"logo\":{\"@type\":\"ImageObject\",\"inLanguage\":\"es\",\"@id\":\"https:\/\/www.cocoamachinery.com\/#\/schema\/logo\/image\/\",\"url\":\"https:\/\/www.cocoamachinery.com\/wp-content\/uploads\/2024\/08\/Icon-512_512.png\",\"contentUrl\":\"https:\/\/www.cocoamachinery.com\/wp-content\/uploads\/2024\/08\/Icon-512_512.png\",\"width\":512,\"height\":512,\"caption\":\"Longer Food Machinery\"},\"image\":{\"@id\":\"https:\/\/www.cocoamachinery.com\/#\/schema\/logo\/image\/\"},\"sameAs\":[\"https:\/\/www.facebook.com\/longernutsmachinery\/\",\"https:\/\/twitter.com\/nutsmachinery\",\"https:\/\/www.pinterest.com\/nutsmachinery\/\",\"https:\/\/www.linkedin.com\/company\/longer-nuts-machinery\/\",\"https:\/\/www.youtube.com\/c\/NutsMachinery\"]},false]}<\/script>\n<!-- \/ Yoast SEO plugin. -->","yoast_head_json":{"title":"Industrial Cocoa Bean Grinding Machine Factory Price","description":"This cocoa bean grinding machine has fast crushing speed and high paste fineness, which is the best choice for cocoa powder factories.","robots":{"index":"index","follow":"follow","max-snippet":"max-snippet:-1","max-image-preview":"max-image-preview:large","max-video-preview":"max-video-preview:-1"},"canonical":"https:\/\/www.cocoamachinery.com\/es\/product\/cocoa-bean-grinding-machine\/","og_locale":"es_ES","og_type":"article","og_title":"Industrial Cocoa Bean Grinding Machine Factory Price","og_description":"This cocoa bean grinding machine has fast crushing speed and high paste fineness, which is the best choice for cocoa powder factories.","og_url":"https:\/\/www.cocoamachinery.com\/es\/product\/cocoa-bean-grinding-machine\/","og_site_name":"Cocoa Machinery","article_publisher":"https:\/\/www.facebook.com\/longernutsmachinery\/","article_modified_time":"2022-10-12T13:49:47+00:00","og_image":[{"width":600,"height":600,"url":"https:\/\/www.cocoamachinery.com\/wp-content\/uploads\/2021\/06\/grinder-0.jpg","type":"image\/jpeg"}],"twitter_card":"summary_large_image","twitter_site":"@nutsmachinery","twitter_misc":{"Tiempo de lectura":"2 minutos"},"schema":{"@context":"https:\/\/schema.org","@graph":[{"@type":"WebPage","@id":"https:\/\/www.cocoamachinery.com\/product\/cocoa-bean-grinding-machine\/","url":"https:\/\/www.cocoamachinery.com\/product\/cocoa-bean-grinding-machine\/","name":"Industrial Cocoa Bean Grinding Machine Factory Price","isPartOf":{"@id":"https:\/\/www.cocoamachinery.com\/#website"},"datePublished":"2021-06-15T13:33:09+00:00","dateModified":"2022-10-12T13:49:47+00:00","description":"This cocoa bean grinding machine has fast crushing speed and high paste fineness, which is the best choice for cocoa powder factories.","breadcrumb":{"@id":"https:\/\/www.cocoamachinery.com\/product\/cocoa-bean-grinding-machine\/#breadcrumb"},"inLanguage":"es","potentialAction":[{"@type":"ReadAction","target":["https:\/\/www.cocoamachinery.com\/product\/cocoa-bean-grinding-machine\/"]}]},{"@type":"BreadcrumbList","@id":"https:\/\/www.cocoamachinery.com\/product\/cocoa-bean-grinding-machine\/#breadcrumb","itemListElement":[{"@type":"ListItem","position":1,"name":"Home","item":"https:\/\/www.cocoamachinery.com\/"},{"@type":"ListItem","position":2,"name":"Product","item":"https:\/\/www.cocoamachinery.com\/product\/"},{"@type":"ListItem","position":3,"name":"Industrial Cocoa Bean Grinding Machine Factory Price"}]},{"@type":"WebSite","@id":"https:\/\/www.cocoamachinery.com\/#website","url":"https:\/\/www.cocoamachinery.com\/","name":"Cocoa Machinery","description":"Cocoa Processing Solution Provider","publisher":{"@id":"https:\/\/www.cocoamachinery.com\/#organization"},"potentialAction":[{"@type":"SearchAction","target":{"@type":"EntryPoint","urlTemplate":"https:\/\/www.cocoamachinery.com\/?s={search_term_string}"},"query-input":"required name=search_term_string"}],"inLanguage":"es"},{"@type":"Organization","@id":"https:\/\/www.cocoamachinery.com\/#organization","name":"Longer Food Machinery","url":"https:\/\/www.cocoamachinery.com\/","logo":{"@type":"ImageObject","inLanguage":"es","@id":"https:\/\/www.cocoamachinery.com\/#\/schema\/logo\/image\/","url":"https:\/\/www.cocoamachinery.com\/wp-content\/uploads\/2024\/08\/Icon-512_512.png","contentUrl":"https:\/\/www.cocoamachinery.com\/wp-content\/uploads\/2024\/08\/Icon-512_512.png","width":512,"height":512,"caption":"Longer Food Machinery"},"image":{"@id":"https:\/\/www.cocoamachinery.com\/#\/schema\/logo\/image\/"},"sameAs":["https:\/\/www.facebook.com\/longernutsmachinery\/","https:\/\/twitter.com\/nutsmachinery","https:\/\/www.pinterest.com\/nutsmachinery\/","https:\/\/www.linkedin.com\/company\/longer-nuts-machinery\/","https:\/\/www.youtube.com\/c\/NutsMachinery"]},false]}},"yasr_visitor_votes":{"stars_attributes":{"read_only":false,"span_bottom":false},"number_of_votes":2,"sum_votes":9},"_links":{"self":[{"href":"https:\/\/www.cocoamachinery.com\/es\/wp-json\/wp\/v2\/product\/1599","targetHints":{"allow":["GET"]}}],"collection":[{"href":"https:\/\/www.cocoamachinery.com\/es\/wp-json\/wp\/v2\/product"}],"about":[{"href":"https:\/\/www.cocoamachinery.com\/es\/wp-json\/wp\/v2\/types\/product"}],"replies":[{"embeddable":true,"href":"https:\/\/www.cocoamachinery.com\/es\/wp-json\/wp\/v2\/comments?post=1599"}],"version-history":[{"count":1,"href":"https:\/\/www.cocoamachinery.com\/es\/wp-json\/wp\/v2\/product\/1599\/revisions"}],"predecessor-version":[{"id":2058,"href":"https:\/\/www.cocoamachinery.com\/es\/wp-json\/wp\/v2\/product\/1599\/revisions\/2058"}],"wp:featuredmedia":[{"embeddable":true,"href":"https:\/\/www.cocoamachinery.com\/es\/wp-json\/wp\/v2\/media\/1613"}],"wp:attachment":[{"href":"https:\/\/www.cocoamachinery.com\/es\/wp-json\/wp\/v2\/media?parent=1599"}],"wp:term":[{"taxonomy":"product_cat","embeddable":true,"href":"https:\/\/www.cocoamachinery.com\/es\/wp-json\/wp\/v2\/product_cat?post=1599"},{"taxonomy":"product_tag","embeddable":true,"href":"https:\/\/www.cocoamachinery.com\/es\/wp-json\/wp\/v2\/product_tag?post=1599"}],"curies":[{"name":"wp","href":"https:\/\/api.w.org\/{rel}","templated":true}]}}