{"id":1590,"date":"2025-05-16T13:02:47","date_gmt":"2025-05-16T05:02:47","guid":{"rendered":"https:\/\/www.cocoamachinery.com\/?post_type=product&#038;p=1590"},"modified":"2025-06-12T07:57:52","modified_gmt":"2025-06-11T23:57:52","slug":"cocoa-bean-roasting-machine","status":"publish","type":"product","link":"https:\/\/www.cocoamachinery.com\/es\/product\/cocoa-bean-roasting-machine\/","title":{"rendered":"M\u00e1quina tostadora industrial de granos de cacao 500 KG\/H"},"content":{"rendered":"<h3>Introducci\u00f3n de la m\u00e1quina tostadora de granos de cacao<\/h3>\n<p>Se trata de un tostador de cinta de malla que combina las funciones de tostado y enfriamiento, y adopta una tecnolog\u00eda de tostado con control de temperatura en dos etapas para garantizar el sabor de los granos de cacao tostados. Despu\u00e9s del tostado, el contenido de humedad de los granos de cacao se reduce, el sabor es m\u00e1s crujiente y es m\u00e1s f\u00e1cil de aventar.<\/p>\n<p>El m\u00e9todo de calentamiento del tostador es generalmente calefacci\u00f3n el\u00e9ctrica y calefacci\u00f3n de gas. El equipo tiene un alto grado de automatizaci\u00f3n, alto aprovechamiento del calor, calentamiento uniforme, ahorro de energ\u00eda y conservaci\u00f3n del calor.<\/p>\n<h3>Estructura del tostador de granos de cacao en venta<\/h3>\n<p>La m\u00e1quina tostadora industrial se compone de un elevador, una cinta transportadora, un dispositivo de calentamiento y un dispositivo de enfriamiento. La temperatura de tostado es de hasta 240\u2103, lo que satisface diferentes requisitos de procesamiento, y la temperatura de los granos de cacao tostados puede enfriarse r\u00e1pidamente a 80\u2103. La tolva en la parte delantera del equipo est\u00e1 equipada con un deflector para controlar el espesor de la capa de material. La selecci\u00f3n del grosor de la capa de material adecuado seg\u00fan los diferentes materiales puede garantizar eficazmente la penetraci\u00f3n uniforme del aire caliente.<\/p>\n<figure id=\"attachment_2789\" aria-describedby=\"caption-attachment-2789\" style=\"width: 600px\" class=\"wp-caption alignnone\"><img fetchpriority=\"high\" decoding=\"async\" class=\"wp-image-2789 size-full\" src=\"https:\/\/www.cocoamachinery.com\/wp-content\/uploads\/2021\/06\/cocoa-roaster2.jpg\" alt=\"M\u00e1quina tostadora de granos de cacao 500 KG\/H\" width=\"600\" height=\"600\" srcset=\"https:\/\/www.cocoamachinery.com\/wp-content\/uploads\/2021\/06\/cocoa-roaster2.jpg 600w, https:\/\/www.cocoamachinery.com\/wp-content\/uploads\/2021\/06\/cocoa-roaster2-300x300.jpg 300w, https:\/\/www.cocoamachinery.com\/wp-content\/uploads\/2021\/06\/cocoa-roaster2-150x150.jpg 150w, https:\/\/www.cocoamachinery.com\/wp-content\/uploads\/2021\/06\/cocoa-roaster2-12x12.jpg 12w, https:\/\/www.cocoamachinery.com\/wp-content\/uploads\/2021\/06\/cocoa-roaster2-100x100.jpg 100w\" sizes=\"(max-width: 600px) 100vw, 600px\" \/><figcaption id=\"caption-attachment-2789\" class=\"wp-caption-text\">M\u00e1quina tostadora de granos de cacao 500 KG\/H<\/figcaption><\/figure>\n<h3>\u00c1mbito de aplicaci\u00f3n de la m\u00e1quina tostadora industrial de cacao<\/h3>\n<p>Se utiliza principalmente para tostar cacahuetes, granos de cacahuete blanco, almendras, anacardos, pistachos y otros frutos secos; pipas de girasol, pipas de calabaza y pipas de mel\u00f3n y otros materiales granulados.<\/p>\n<h3>Ventajas de los equipos de tostado de granos de cacao<\/h3>\n<ul>\n<li>Sin da\u00f1os ni roturas: La estructura de transporte de la cinta de malla hace que los materiales se muevan suavemente, eliminando la fricci\u00f3n de rodadura entre los materiales.<\/li>\n<li>Tostado uniforme y color uniforme: El sistema de circulaci\u00f3n de aire caliente utiliza m\u00faltiples ventiladores de circulaci\u00f3n, que se distribuyen uniformemente en la c\u00e1mara del horno hacia arriba para garantizar el efecto de horneado.<\/li>\n<li>Tostado a temperatura constante: adopta un termostato y un sensor de temperatura para controlar la temperatura de forma inteligente y precisa. Precisi\u00f3n de control de temperatura \u00b13\u2103.<\/li>\n<li>Alta eficiencia, bajo consumo de energ\u00eda: equipado con tecnolog\u00eda de calefacci\u00f3n directa de alta eficiencia, la tasa de utilizaci\u00f3n de energ\u00eda es tan alta como 65%.<\/li>\n<li>Dise\u00f1o modular: El equipo adopta un dise\u00f1o de 6 segmentos y 7 m\u00f3dulos, f\u00e1cil de transportar y desmontar.<\/li>\n<li>F\u00e1cil limpieza: dise\u00f1o inteligente del sistema de limpieza, equipado con un sistema de purificaci\u00f3n de aire, dotado de m\u00faltiples medidas de protecci\u00f3n de seguridad, para garantizar plenamente su producci\u00f3n y la seguridad alimentaria.<br \/>\nDise\u00f1o de purificaci\u00f3n del aire: El puerto de suministro de aire del equipo est\u00e1 equipado con un filtro primario para filtrar eficazmente el polvo y los mosquitos en el aire, garantizar la seguridad alimentaria y cumplir con los requisitos de gesti\u00f3n de HACCP.<\/li>\n<li>Funcionamiento sencillo: El medidor puede mostrar la temperatura actual y ajustar la temperatura para una f\u00e1cil observaci\u00f3n y ajuste.<\/li>\n<\/ul>\n<figure id=\"attachment_2791\" aria-describedby=\"caption-attachment-2791\" style=\"width: 600px\" class=\"wp-caption alignnone\"><img decoding=\"async\" class=\"wp-image-2791 size-full\" src=\"https:\/\/www.cocoamachinery.com\/wp-content\/uploads\/2021\/06\/3-1.jpg\" alt=\"Venta de tostadora industrial de cacao\" width=\"600\" height=\"600\" srcset=\"https:\/\/www.cocoamachinery.com\/wp-content\/uploads\/2021\/06\/3-1.jpg 600w, https:\/\/www.cocoamachinery.com\/wp-content\/uploads\/2021\/06\/3-1-300x300.jpg 300w, https:\/\/www.cocoamachinery.com\/wp-content\/uploads\/2021\/06\/3-1-150x150.jpg 150w, https:\/\/www.cocoamachinery.com\/wp-content\/uploads\/2021\/06\/3-1-12x12.jpg 12w, https:\/\/www.cocoamachinery.com\/wp-content\/uploads\/2021\/06\/3-1-100x100.jpg 100w\" sizes=\"(max-width: 600px) 100vw, 600px\" \/><figcaption id=\"caption-attachment-2791\" class=\"wp-caption-text\">Venta de tostadora industrial de cacao<\/figcaption><\/figure>\n<h3>Par\u00e1metros de la m\u00e1quina tostadora industrial de granos de cacao<\/h3>\n<table>\n<tbody>\n<tr>\n<td width=\"187\">Modelo<\/td>\n<td width=\"150\">GKLK1402AG<\/td>\n<\/tr>\n<tr>\n<td width=\"187\">Calefacci\u00f3n<\/td>\n<td width=\"150\">Gas<\/td>\n<\/tr>\n<tr>\n<td width=\"187\">Potencia del ventilador de circulaci\u00f3n<\/td>\n<td width=\"150\">11*2kw<\/td>\n<\/tr>\n<tr>\n<td width=\"187\">Potencia de transmisi\u00f3n<\/td>\n<td width=\"150\">180w<\/td>\n<\/tr>\n<tr>\n<td width=\"187\">Potencia del ventilador de refrigeraci\u00f3n<\/td>\n<td width=\"150\">5,5 kW<\/td>\n<\/tr>\n<tr>\n<td width=\"187\">Potencia del quemador<\/td>\n<td width=\"150\">200.000 kcal*2<\/td>\n<\/tr>\n<tr>\n<td width=\"187\">Consumo de gas<\/td>\n<td width=\"150\">20-24m\u00b3\/h<\/td>\n<\/tr>\n<tr>\n<td width=\"187\">Capacidad<\/td>\n<td width=\"150\">500 kg\/h<\/td>\n<\/tr>\n<tr>\n<td width=\"187\">Dimensi\u00f3n<\/td>\n<td width=\"150\">9960*3790*3550mm<\/td>\n<\/tr>\n<tr>\n<td width=\"187\">Peso<\/td>\n<td width=\"150\">10.000 kg<\/td>\n<\/tr>\n<\/tbody>\n<\/table>\n<div role=\"form\" class=\"wpcf7\" id=\"wpcf7-f1985-o1\" lang=\"en-US\" dir=\"ltr\">\n<div class=\"screen-reader-response\"><p role=\"status\" aria-live=\"polite\" aria-atomic=\"true\"><\/p> <ul><\/ul><\/div>\n<form action=\"\/es\/wp-json\/wp\/v2\/product\/1590#wpcf7-f1985-o1\" method=\"post\" class=\"wpcf7-form init\" novalidate=\"novalidate\" data-status=\"init\" data-trp-original-action=\"\/es\/wp-json\/wp\/v2\/product\/1590#wpcf7-f1985-o1\">\n<div style=\"display: none;\">\n<input type=\"hidden\" name=\"_wpcf7\" value=\"1985\" \/>\n<input type=\"hidden\" name=\"_wpcf7_version\" value=\"5.4.1\" \/>\n<input type=\"hidden\" name=\"_wpcf7_locale\" value=\"en_US\" \/>\n<input type=\"hidden\" name=\"_wpcf7_unit_tag\" value=\"wpcf7-f1985-o1\" \/>\n<input type=\"hidden\" name=\"_wpcf7_container_post\" value=\"0\" \/>\n<input type=\"hidden\" name=\"_wpcf7_posted_data_hash\" value=\"\" \/>\n<\/div>\n<div class='formdiv'>\n<span>SOLICITAR PRESUPUESTO<\/span><\/p>\n<p>Rellene este formulario para solicitar informaci\u00f3n. (campos obligatorios*)<\/p>\n<\/div>\n<div class='formdiv-left'><label> Su nombre*<br \/>\n    <span class=\"wpcf7-form-control-wrap your-name\"><input type=\"text\" name=\"your-name\" value=\"\" size=\"40\" class=\"wpcf7-form-control wpcf7-text wpcf7-validates-as-required\" aria-required=\"true\" aria-invalid=\"false\" \/><\/span> <\/label><\/p>\n<p><label> Su correo electr\u00f3nico*<br \/>\n    <span class=\"wpcf7-form-control-wrap your-email\"><input type=\"email\" name=\"your-email\" value=\"\" size=\"40\" class=\"wpcf7-form-control wpcf7-text wpcf7-email wpcf7-validates-as-required wpcf7-validates-as-email\" aria-required=\"true\" aria-invalid=\"false\" \/><\/span> <\/label><\/p>\n<p><label> Su pa\u00eds<br \/>\n    <span class=\"wpcf7-form-control-wrap your-country\"><input type=\"text\" name=\"your-country\" value=\"\" size=\"40\" class=\"wpcf7-form-control wpcf7-text\" aria-invalid=\"false\" \/><\/span> <\/label><\/p>\n<p><label> Tu tel\u00e9fono<br \/>\n    <span class=\"wpcf7-form-control-wrap tel-901\"><input type=\"tel\" name=\"tel-901\" value=\"\" size=\"40\" class=\"wpcf7-form-control wpcf7-text wpcf7-tel wpcf7-validates-as-tel\" aria-invalid=\"false\" \/><\/span> <\/label><\/p>\n<p><label> Nombre de su empresa \/ Sitio web<br \/>\n    <span class=\"wpcf7-form-control-wrap your-company\"><input type=\"text\" name=\"your-company\" value=\"\" size=\"40\" class=\"wpcf7-form-control wpcf7-text\" aria-invalid=\"false\" \/><\/span> <\/label>\n<\/div>\n<div class='formdiv-right'>\n<label> Su mensaje*<br \/>\n    <span class=\"wpcf7-form-control-wrap your-message\"><textarea name=\"your-message\" cols=\"40\" rows=\"10\" class=\"wpcf7-form-control wpcf7-textarea wpcf7-validates-as-required\" aria-required=\"true\" aria-invalid=\"false\"><\/textarea><\/span> <\/label><\/p>\n<p><input type=\"submit\" value=\"Enviar\" class=\"wpcf7-form-control wpcf7-submit\" \/>\n<\/p><\/div>\n<div style='clear:both'><\/div>\n<div class=\"wpcf7-response-output\" aria-hidden=\"true\"><\/div><input type=\"hidden\" name=\"trp-form-language\" value=\"es\"\/><\/form><\/div>\n<div style='text-align:left' class='yasr-auto-insert-visitor'><\/div>","protected":false},"excerpt":{"rendered":"<p>La m\u00e1quina tostadora de granos de cacao adopta un tostado a temperatura constante, una alta tasa de utilizaci\u00f3n del calor y un tostado uniforme. Es adecuada para tostar diversos frutos secos, como almendras, anacardos, cacahuetes, avellanas, etc.<\/p>","protected":false},"featured_media":2790,"comment_status":"open","ping_status":"closed","template":"","meta":{"yasr_overall_rating":0,"yasr_post_is_review":"","yasr_auto_insert_disabled":"","yasr_review_type":""},"product_cat":[51],"product_tag":[],"class_list":["post-1590","product","type-product","status-publish","has-post-thumbnail","hentry","product_cat-cocoa-machines"],"yoast_head":"<!-- This site is optimized with the Yoast SEO plugin v20.9 - https:\/\/yoast.com\/wordpress\/plugins\/seo\/ -->\n<title>Industrial Cocoa Bean Roasting Machine 500 KG\/H<\/title>\n<meta name=\"description\" content=\"The cocoa bean roasting machine has high heat utilization rate and even roasting. It can roast almonds, cashew nuts, peanuts, etc.\" \/>\n<meta name=\"robots\" content=\"index, follow, max-snippet:-1, max-image-preview:large, max-video-preview:-1\" \/>\n<link rel=\"canonical\" href=\"https:\/\/www.cocoamachinery.com\/es\/product\/cocoa-bean-roasting-machine\/\" \/>\n<meta property=\"og:locale\" content=\"es_ES\" \/>\n<meta property=\"og:type\" content=\"article\" \/>\n<meta property=\"og:title\" content=\"Industrial Cocoa Bean Roasting Machine 500 KG\/H\" \/>\n<meta property=\"og:description\" content=\"The cocoa bean roasting machine has high heat utilization rate and even roasting. It can roast almonds, cashew nuts, peanuts, etc.\" \/>\n<meta property=\"og:url\" content=\"https:\/\/www.cocoamachinery.com\/es\/product\/cocoa-bean-roasting-machine\/\" \/>\n<meta property=\"og:site_name\" content=\"Cocoa Machinery\" \/>\n<meta property=\"article:publisher\" content=\"https:\/\/www.facebook.com\/longernutsmachinery\/\" \/>\n<meta property=\"article:modified_time\" content=\"2025-06-11T23:57:52+00:00\" \/>\n<meta property=\"og:image\" content=\"https:\/\/www.cocoamachinery.com\/wp-content\/uploads\/2021\/06\/cocoa-roaster.jpg\" \/>\n\t<meta property=\"og:image:width\" content=\"600\" \/>\n\t<meta property=\"og:image:height\" content=\"600\" \/>\n\t<meta property=\"og:image:type\" content=\"image\/jpeg\" \/>\n<meta name=\"twitter:card\" content=\"summary_large_image\" \/>\n<meta name=\"twitter:site\" content=\"@nutsmachinery\" \/>\n<meta name=\"twitter:label1\" content=\"Tiempo de lectura\" \/>\n\t<meta name=\"twitter:data1\" content=\"3 minutos\" \/>\n<script type=\"application\/ld+json\" class=\"yoast-schema-graph\">{\"@context\":\"https:\/\/schema.org\",\"@graph\":[{\"@type\":\"WebPage\",\"@id\":\"https:\/\/www.cocoamachinery.com\/product\/cocoa-bean-roasting-machine\/\",\"url\":\"https:\/\/www.cocoamachinery.com\/product\/cocoa-bean-roasting-machine\/\",\"name\":\"Industrial Cocoa Bean Roasting Machine 500 KG\/H\",\"isPartOf\":{\"@id\":\"https:\/\/www.cocoamachinery.com\/#website\"},\"datePublished\":\"2025-05-16T05:02:47+00:00\",\"dateModified\":\"2025-06-11T23:57:52+00:00\",\"description\":\"The cocoa bean roasting machine has high heat utilization rate and even roasting. It can roast almonds, cashew nuts, peanuts, etc.\",\"breadcrumb\":{\"@id\":\"https:\/\/www.cocoamachinery.com\/product\/cocoa-bean-roasting-machine\/#breadcrumb\"},\"inLanguage\":\"es\",\"potentialAction\":[{\"@type\":\"ReadAction\",\"target\":[\"https:\/\/www.cocoamachinery.com\/product\/cocoa-bean-roasting-machine\/\"]}]},{\"@type\":\"BreadcrumbList\",\"@id\":\"https:\/\/www.cocoamachinery.com\/product\/cocoa-bean-roasting-machine\/#breadcrumb\",\"itemListElement\":[{\"@type\":\"ListItem\",\"position\":1,\"name\":\"Home\",\"item\":\"https:\/\/www.cocoamachinery.com\/\"},{\"@type\":\"ListItem\",\"position\":2,\"name\":\"Product\",\"item\":\"https:\/\/www.cocoamachinery.com\/product\/\"},{\"@type\":\"ListItem\",\"position\":3,\"name\":\"Industrial Cocoa Bean Roasting Machine 500 KG\/H\"}]},{\"@type\":\"WebSite\",\"@id\":\"https:\/\/www.cocoamachinery.com\/#website\",\"url\":\"https:\/\/www.cocoamachinery.com\/\",\"name\":\"Cocoa Machinery\",\"description\":\"Cocoa Processing Solution Provider\",\"publisher\":{\"@id\":\"https:\/\/www.cocoamachinery.com\/#organization\"},\"potentialAction\":[{\"@type\":\"SearchAction\",\"target\":{\"@type\":\"EntryPoint\",\"urlTemplate\":\"https:\/\/www.cocoamachinery.com\/?s={search_term_string}\"},\"query-input\":\"required name=search_term_string\"}],\"inLanguage\":\"es\"},{\"@type\":\"Organization\",\"@id\":\"https:\/\/www.cocoamachinery.com\/#organization\",\"name\":\"Longer Food Machinery\",\"url\":\"https:\/\/www.cocoamachinery.com\/\",\"logo\":{\"@type\":\"ImageObject\",\"inLanguage\":\"es\",\"@id\":\"https:\/\/www.cocoamachinery.com\/#\/schema\/logo\/image\/\",\"url\":\"https:\/\/www.cocoamachinery.com\/wp-content\/uploads\/2024\/08\/Icon-512_512.png\",\"contentUrl\":\"https:\/\/www.cocoamachinery.com\/wp-content\/uploads\/2024\/08\/Icon-512_512.png\",\"width\":512,\"height\":512,\"caption\":\"Longer Food Machinery\"},\"image\":{\"@id\":\"https:\/\/www.cocoamachinery.com\/#\/schema\/logo\/image\/\"},\"sameAs\":[\"https:\/\/www.facebook.com\/longernutsmachinery\/\",\"https:\/\/twitter.com\/nutsmachinery\",\"https:\/\/www.pinterest.com\/nutsmachinery\/\",\"https:\/\/www.linkedin.com\/company\/longer-nuts-machinery\/\",\"https:\/\/www.youtube.com\/c\/NutsMachinery\"]},false]}<\/script>\n<!-- \/ Yoast SEO plugin. -->","yoast_head_json":{"title":"Industrial Cocoa Bean Roasting Machine 500 KG\/H","description":"The cocoa bean roasting machine has high heat utilization rate and even roasting. It can roast almonds, cashew nuts, peanuts, etc.","robots":{"index":"index","follow":"follow","max-snippet":"max-snippet:-1","max-image-preview":"max-image-preview:large","max-video-preview":"max-video-preview:-1"},"canonical":"https:\/\/www.cocoamachinery.com\/es\/product\/cocoa-bean-roasting-machine\/","og_locale":"es_ES","og_type":"article","og_title":"Industrial Cocoa Bean Roasting Machine 500 KG\/H","og_description":"The cocoa bean roasting machine has high heat utilization rate and even roasting. It can roast almonds, cashew nuts, peanuts, etc.","og_url":"https:\/\/www.cocoamachinery.com\/es\/product\/cocoa-bean-roasting-machine\/","og_site_name":"Cocoa Machinery","article_publisher":"https:\/\/www.facebook.com\/longernutsmachinery\/","article_modified_time":"2025-06-11T23:57:52+00:00","og_image":[{"width":600,"height":600,"url":"https:\/\/www.cocoamachinery.com\/wp-content\/uploads\/2021\/06\/cocoa-roaster.jpg","type":"image\/jpeg"}],"twitter_card":"summary_large_image","twitter_site":"@nutsmachinery","twitter_misc":{"Tiempo de lectura":"3 minutos"},"schema":{"@context":"https:\/\/schema.org","@graph":[{"@type":"WebPage","@id":"https:\/\/www.cocoamachinery.com\/product\/cocoa-bean-roasting-machine\/","url":"https:\/\/www.cocoamachinery.com\/product\/cocoa-bean-roasting-machine\/","name":"Industrial Cocoa Bean Roasting Machine 500 KG\/H","isPartOf":{"@id":"https:\/\/www.cocoamachinery.com\/#website"},"datePublished":"2025-05-16T05:02:47+00:00","dateModified":"2025-06-11T23:57:52+00:00","description":"The cocoa bean roasting machine has high heat utilization rate and even roasting. It can roast almonds, cashew nuts, peanuts, etc.","breadcrumb":{"@id":"https:\/\/www.cocoamachinery.com\/product\/cocoa-bean-roasting-machine\/#breadcrumb"},"inLanguage":"es","potentialAction":[{"@type":"ReadAction","target":["https:\/\/www.cocoamachinery.com\/product\/cocoa-bean-roasting-machine\/"]}]},{"@type":"BreadcrumbList","@id":"https:\/\/www.cocoamachinery.com\/product\/cocoa-bean-roasting-machine\/#breadcrumb","itemListElement":[{"@type":"ListItem","position":1,"name":"Home","item":"https:\/\/www.cocoamachinery.com\/"},{"@type":"ListItem","position":2,"name":"Product","item":"https:\/\/www.cocoamachinery.com\/product\/"},{"@type":"ListItem","position":3,"name":"Industrial Cocoa Bean Roasting Machine 500 KG\/H"}]},{"@type":"WebSite","@id":"https:\/\/www.cocoamachinery.com\/#website","url":"https:\/\/www.cocoamachinery.com\/","name":"Cocoa Machinery","description":"Cocoa Processing Solution Provider","publisher":{"@id":"https:\/\/www.cocoamachinery.com\/#organization"},"potentialAction":[{"@type":"SearchAction","target":{"@type":"EntryPoint","urlTemplate":"https:\/\/www.cocoamachinery.com\/?s={search_term_string}"},"query-input":"required name=search_term_string"}],"inLanguage":"es"},{"@type":"Organization","@id":"https:\/\/www.cocoamachinery.com\/#organization","name":"Longer Food Machinery","url":"https:\/\/www.cocoamachinery.com\/","logo":{"@type":"ImageObject","inLanguage":"es","@id":"https:\/\/www.cocoamachinery.com\/#\/schema\/logo\/image\/","url":"https:\/\/www.cocoamachinery.com\/wp-content\/uploads\/2024\/08\/Icon-512_512.png","contentUrl":"https:\/\/www.cocoamachinery.com\/wp-content\/uploads\/2024\/08\/Icon-512_512.png","width":512,"height":512,"caption":"Longer Food Machinery"},"image":{"@id":"https:\/\/www.cocoamachinery.com\/#\/schema\/logo\/image\/"},"sameAs":["https:\/\/www.facebook.com\/longernutsmachinery\/","https:\/\/twitter.com\/nutsmachinery","https:\/\/www.pinterest.com\/nutsmachinery\/","https:\/\/www.linkedin.com\/company\/longer-nuts-machinery\/","https:\/\/www.youtube.com\/c\/NutsMachinery"]},false]}},"yasr_visitor_votes":{"stars_attributes":{"read_only":false,"span_bottom":false},"number_of_votes":2,"sum_votes":10},"_links":{"self":[{"href":"https:\/\/www.cocoamachinery.com\/es\/wp-json\/wp\/v2\/product\/1590","targetHints":{"allow":["GET"]}}],"collection":[{"href":"https:\/\/www.cocoamachinery.com\/es\/wp-json\/wp\/v2\/product"}],"about":[{"href":"https:\/\/www.cocoamachinery.com\/es\/wp-json\/wp\/v2\/types\/product"}],"replies":[{"embeddable":true,"href":"https:\/\/www.cocoamachinery.com\/es\/wp-json\/wp\/v2\/comments?post=1590"}],"version-history":[{"count":5,"href":"https:\/\/www.cocoamachinery.com\/es\/wp-json\/wp\/v2\/product\/1590\/revisions"}],"predecessor-version":[{"id":1596,"href":"https:\/\/www.cocoamachinery.com\/es\/wp-json\/wp\/v2\/product\/1590\/revisions\/1596"}],"wp:featuredmedia":[{"embeddable":true,"href":"https:\/\/www.cocoamachinery.com\/es\/wp-json\/wp\/v2\/media\/2790"}],"wp:attachment":[{"href":"https:\/\/www.cocoamachinery.com\/es\/wp-json\/wp\/v2\/media?parent=1590"}],"wp:term":[{"taxonomy":"product_cat","embeddable":true,"href":"https:\/\/www.cocoamachinery.com\/es\/wp-json\/wp\/v2\/product_cat?post=1590"},{"taxonomy":"product_tag","embeddable":true,"href":"https:\/\/www.cocoamachinery.com\/es\/wp-json\/wp\/v2\/product_tag?post=1590"}],"curies":[{"name":"wp","href":"https:\/\/api.w.org\/{rel}","templated":true}]}}